{"id":5,"date":"2024-04-08T14:56:07","date_gmt":"2024-04-08T11:56:07","guid":{"rendered":"https:\/\/blogi.eoppimispalvelut.fi\/alykkaatliikuntareitit\/?page_id=5"},"modified":"2024-12-09T15:57:34","modified_gmt":"2024-12-09T13:57:34","slug":"etusivu","status":"publish","type":"page","link":"https:\/\/blogi.eoppimispalvelut.fi\/alykkaatliikuntareitit\/","title":{"rendered":"Etusivu"},"content":{"rendered":"<p>[et_pb_section fb_built=&#8221;1&#8243; fullwidth=&#8221;on&#8221; _builder_version=&#8221;4.24.3&#8243; _module_preset=&#8221;default&#8221; custom_margin=&#8221;||-16px|||&#8221; global_colors_info=&#8221;{}&#8221;][et_pb_fullwidth_menu _builder_version=&#8221;4.24.3&#8243; _module_preset=&#8221;default&#8221; menu_font=&#8221;|600|||||||&#8221; menu_text_color=&#8221;#0C71C3&#8243; menu_font_size=&#8221;16px&#8221; text_orientation=&#8221;center&#8221; min_height=&#8221;40px&#8221; custom_padding=&#8221;||0px|||&#8221; global_colors_info=&#8221;{}&#8221;][\/et_pb_fullwidth_menu][\/et_pb_section][et_pb_section fb_built=&#8221;1&#8243; _builder_version=&#8221;4.20.4&#8243; _module_preset=&#8221;default&#8221; custom_padding=&#8221;0px|||||&#8221; global_colors_info=&#8221;{}&#8221;][et_pb_row _builder_version=&#8221;4.20.4&#8243; _module_preset=&#8221;default&#8221; width=&#8221;100%&#8221; custom_padding=&#8221;7px|||||&#8221; global_colors_info=&#8221;{}&#8221;][et_pb_column type=&#8221;4_4&#8243; _builder_version=&#8221;4.20.4&#8243; _module_preset=&#8221;default&#8221; global_colors_info=&#8221;{}&#8221;][et_pb_image src=&#8221;https:\/\/blogi.eoppimispalvelut.fi\/alykkaatliikuntareitit\/files\/2024\/04\/logot.png&#8221; title_text=&#8221;logot&#8221; _builder_version=&#8221;4.20.4&#8243; _module_preset=&#8221;default&#8221; width=&#8221;61%&#8221; module_alignment=&#8221;left&#8221; global_colors_info=&#8221;{}&#8221;][\/et_pb_image][\/et_pb_column][\/et_pb_row][\/et_pb_section][et_pb_section fb_built=&#8221;1&#8243; admin_label=&#8221;section&#8221; _builder_version=&#8221;4.16&#8243; custom_margin=&#8221;-113px|||||&#8221; global_colors_info=&#8221;{}&#8221;][et_pb_row column_structure=&#8221;1_2,1_2&#8243; admin_label=&#8221;row&#8221; _builder_version=&#8221;4.16&#8243; background_size=&#8221;initial&#8221; background_position=&#8221;top_left&#8221; background_repeat=&#8221;repeat&#8221; custom_padding=&#8221;6px|||||&#8221; global_colors_info=&#8221;{}&#8221;][et_pb_column type=&#8221;1_2&#8243; _builder_version=&#8221;4.16&#8243; custom_padding=&#8221;|||&#8221; global_colors_info=&#8221;{}&#8221; custom_padding__hover=&#8221;|||&#8221;][et_pb_image src=&#8221;https:\/\/blogi.eoppimispalvelut.fi\/alykkaatliikuntareitit\/files\/2024\/12\/karttakuva.png&#8221; title_text=&#8221;karttakuva&#8221; align=&#8221;center&#8221; _builder_version=&#8221;4.27.2&#8243; _module_preset=&#8221;default&#8221; width=&#8221;100%&#8221; hover_enabled=&#8221;0&#8243; global_colors_info=&#8221;{}&#8221; sticky_enabled=&#8221;0&#8243;][\/et_pb_image][\/et_pb_column][et_pb_column type=&#8221;1_2&#8243; _builder_version=&#8221;4.16&#8243; custom_padding=&#8221;|||&#8221; global_colors_info=&#8221;{}&#8221; custom_padding__hover=&#8221;|||&#8221;][et_pb_blurb title=&#8221;Rovaniemen \u00e4lykk\u00e4\u00e4t liikuntareitit&#8221; use_icon=&#8221;on&#8221; _builder_version=&#8221;4.20.4&#8243; _module_preset=&#8221;default&#8221; header_level=&#8221;h2&#8243; global_colors_info=&#8221;{}&#8221;]<\/p>\n<p><span>Rovaniemen J\u00e4tk\u00e4nkynttil\u00e4n ja vanhan sillan v\u00e4liselle alueelle ja alueen l\u00e4heisyyteen suunnitellaan \u00e4lykk\u00e4it\u00e4 ratkaisuja innostamaan asukkaita ja matkailijoita liikkumaan.<\/span><\/p>\n<p>Suunnittelemme <span>yhdess\u00e4 alueen toimijoiden ja asukkaiden kanssa yhteis\u00f6llisesti kest\u00e4v\u00e4\u00e4 kaupunkikehitt\u00e4mist\u00e4 ja turvallista kaupunkiymp\u00e4rist\u00f6\u00e4, jonka urbaanit ja interaktiiviset toiminnot edist\u00e4v\u00e4t kaupungin elinvoimaa, ty\u00f6llisyytt\u00e4 sek\u00e4 hyvinvointia, matkailun n\u00e4k\u00f6kulmaa eli yritysten kannattavaa toimintaa unohtamatta.<\/span><\/p>\n<p>[\/et_pb_blurb][et_pb_blurb use_icon=&#8221;on&#8221; _builder_version=&#8221;4.24.3&#8243; _module_preset=&#8221;default&#8221; text_orientation=&#8221;center&#8221; width=&#8221;78%&#8221; global_colors_info=&#8221;{}&#8221;]<\/p>\n<p><img loading=\"lazy\" decoding=\"async\" src=\"https:\/\/blogi.eoppimispalvelut.fi\/alykkaatliikuntareitit\/files\/2024\/04\/SustainableDevelopmentGoals_FI_RGB-03-300x300.jpg\" width=\"134\" height=\"134\" alt=\"\" class=\"wp-image-60 alignnone size-medium\" srcset=\"https:\/\/blogi.eoppimispalvelut.fi\/alykkaatliikuntareitit\/files\/2024\/04\/SustainableDevelopmentGoals_FI_RGB-03-300x300.jpg 300w, https:\/\/blogi.eoppimispalvelut.fi\/alykkaatliikuntareitit\/files\/2024\/04\/SustainableDevelopmentGoals_FI_RGB-03-150x150.jpg 150w, https:\/\/blogi.eoppimispalvelut.fi\/alykkaatliikuntareitit\/files\/2024\/04\/SustainableDevelopmentGoals_FI_RGB-03.jpg 426w\" sizes=\"(max-width: 134px) 100vw, 134px\" \/> <img loading=\"lazy\" decoding=\"async\" src=\"https:\/\/blogi.eoppimispalvelut.fi\/alykkaatliikuntareitit\/files\/2024\/04\/SustainableDevelopmentGoals_FI_RGB-11-300x300.jpg\" width=\"134\" height=\"134\" alt=\"\" class=\"wp-image-61 alignnone size-medium\" srcset=\"https:\/\/blogi.eoppimispalvelut.fi\/alykkaatliikuntareitit\/files\/2024\/04\/SustainableDevelopmentGoals_FI_RGB-11-300x300.jpg 300w, https:\/\/blogi.eoppimispalvelut.fi\/alykkaatliikuntareitit\/files\/2024\/04\/SustainableDevelopmentGoals_FI_RGB-11-150x150.jpg 150w, https:\/\/blogi.eoppimispalvelut.fi\/alykkaatliikuntareitit\/files\/2024\/04\/SustainableDevelopmentGoals_FI_RGB-11.jpg 426w\" sizes=\"(max-width: 134px) 100vw, 134px\" \/><\/p>\n<p>[\/et_pb_blurb][\/et_pb_column][\/et_pb_row][et_pb_row column_structure=&#8221;1_2,1_2&#8243; _builder_version=&#8221;4.20.4&#8243; _module_preset=&#8221;default&#8221; global_colors_info=&#8221;{}&#8221;][et_pb_column type=&#8221;1_2&#8243; _builder_version=&#8221;4.20.4&#8243; _module_preset=&#8221;default&#8221; global_colors_info=&#8221;{}&#8221;][et_pb_blurb title=&#8221;Siltojen lenkin tarinareitti&#8221; url=&#8221;https:\/\/blogi.eoppimispalvelut.fi\/alykkaatliikuntareitit\/tarinoita-rovaniemen-jokirannasta\/&#8221; image=&#8221;https:\/\/blogi.eoppimispalvelut.fi\/alykkaatliikuntareitit\/files\/2024\/06\/tmp_1718362355121.jpg&#8221; alt=&#8221;Seepiakuva jokirannasta, J\u00e4tk\u00e4nkynttil\u00e4nsillasta ja reitille piirretty hahmo vanhahtavassa asussa, vasen jalka k\u00e4\u00e4ntyneen\u00e4 sis\u00e4\u00e4np\u00e4in. &#8221; image_icon_width=&#8221;96%&#8221; _builder_version=&#8221;4.27.0&#8243; _module_preset=&#8221;default&#8221; header_level=&#8221;h3&#8243; custom_padding=&#8221;5px|10px|10px|10px|false|false&#8221; border_radii=&#8221;on|5px|5px|5px|5px&#8221; border_width_all=&#8221;3px&#8221; border_color_all=&#8221;#0C71C3&#8243; box_shadow_style=&#8221;preset1&#8243; global_colors_info=&#8221;{}&#8221;]<\/p>\n<p><strong><a href=\"https:\/\/blogi.eoppimispalvelut.fi\/alykkaatliikuntareitit\/tarinoita-rovaniemen-jokirannasta\/\">Tarinoita Rovaniemen jokirannasta \u2013 kuuntele, katsele ja k\u00e4vele<\/a>\u00a0<\/strong><\/p>\n<p>Rovaniemen J\u00e4tk\u00e4nkynttil\u00e4 sillan ja vanhan rautatiesillan v\u00e4liselle alueelle mahtuu monta tarinaa! Legendaarinen N\u00e4tti-Jussi kuljettaa meid\u00e4t ajassa taaksep\u00e4in tyypillisell\u00e4 tyylill\u00e4\u00e4n. Olemme rakentamassa siltojen v\u00e4liselle alueelle tarinareitin, joka etenee qr- koodit lukemalla.<\/p>\n<p>Tarinan on k\u00e4sikirjoittanut Esko Janhunen ja tarinan kertojana on Marko Syysmaa. \u00c4\u00e4niteknikko Kaisa Vuolo.<\/p>\n<p>Tarina kannustaa liikkumaan ymp\u00e4ri siltojen lenkki\u00e4 ja kuuntelemaan tarinan kokonaisuudessaan. Se samalla tarjoaa kulttuurihistoriallista tietoa Rovaniemelt\u00e4 mielenkiintoisessa ja nykyaikaisessa muodossa.<\/p>\n<p><span style=\"color: #999999\">Kuva: Henna Huotarinen<\/span><\/p>\n<p>[\/et_pb_blurb][\/et_pb_column][et_pb_column type=&#8221;1_2&#8243; _builder_version=&#8221;4.20.4&#8243; _module_preset=&#8221;default&#8221; global_colors_info=&#8221;{}&#8221;][et_pb_blurb title=&#8221;Talvitapahtuma Lumen lumoa&#8221; image=&#8221;https:\/\/blogi.eoppimispalvelut.fi\/alykkaatliikuntareitit\/files\/2024\/04\/talvenlumoa-7-2-scaled.jpg&#8221; image_icon_width=&#8221;80%&#8221; _builder_version=&#8221;4.24.3&#8243; _module_preset=&#8221;default&#8221; header_level=&#8221;h3&#8243; custom_padding=&#8221;5px|10px|10px|10px|false|false&#8221; border_radii=&#8221;on|5px|5px|5px|5px&#8221; border_width_all=&#8221;3px&#8221; border_color_all=&#8221;#0C71C3&#8243; box_shadow_style=&#8221;preset1&#8243; global_colors_info=&#8221;{}&#8221;]<\/p>\n<p>J\u00e4rjestimme talvitapahtuman Lumen lumoa 24.2.2024. Tapahtumassa asukkaat ja matkailijat p\u00e4\u00e4siv\u00e4t kokeilemaan lumenveistoa, luistelemaan Rovaniemen vanhalla torilla, tutustumaan talvipy\u00f6r\u00e4ilyyn, lumikenk\u00e4ilem\u00e4\u00e4n ja potkukelkkailemaan.<\/p>\n<p>Tapahtuma toteutettiin yhteisty\u00f6ss\u00e4 <span class=\"OYPEnA text-decoration-none text-strikethrough-none\">Rovaniemen keskikaupungin asukasyhdistyksen, Safartican, Urheiluhullun, Empathy Business &#8211; hankkeen, Rovaniemen Taitoluistelijoiden ja Kest\u00e4v\u00e4 urheilu ja liikunta- hankkeen kanssa.\u00a0<\/span><\/p>\n<p><span style=\"color: #999999\">Kuva: Tuuli Nivala<\/span><\/p>\n<p>[\/et_pb_blurb][\/et_pb_column][\/et_pb_row][et_pb_row column_structure=&#8221;1_2,1_2&#8243; _builder_version=&#8221;4.20.4&#8243; _module_preset=&#8221;default&#8221; global_colors_info=&#8221;{}&#8221;][et_pb_column type=&#8221;1_2&#8243; _builder_version=&#8221;4.20.4&#8243; _module_preset=&#8221;default&#8221; global_colors_info=&#8221;{}&#8221;][et_pb_blurb title=&#8221;Yhteisty\u00f6tilaisuus 23.8. matkailu-, hyvinvointi- ja liikuntatoimijoiden kanssa&#8221; image=&#8221;https:\/\/blogi.eoppimispalvelut.fi\/alykkaatliikuntareitit\/files\/2024\/04\/Rovaniemi_kuunsilta-1_LapinMateriaalipankki_TerhiTuovinen-scaled.jpg&#8221; image_icon_width=&#8221;80%&#8221; _builder_version=&#8221;4.24.3&#8243; _module_preset=&#8221;default&#8221; header_level=&#8221;h3&#8243; image_icon_custom_padding=&#8221;0px||0px||false|false&#8221; custom_margin=&#8221;0px||||false|false&#8221; custom_padding=&#8221;5px|10px|10px|10px|false|false&#8221; border_radii=&#8221;on|5px|5px|5px|5px&#8221; border_width_all=&#8221;3px&#8221; border_color_all=&#8221;#0C71C3&#8243; box_shadow_style=&#8221;preset1&#8243; global_colors_info=&#8221;{}&#8221;]<\/p>\n<p>23.8. 2024 olemme j\u00e4rjest\u00e4m\u00e4ss\u00e4 ideointisessiota Rovaniemen matkailu-, hyvinvointi-, liikuntatoimijoiden kanssa.<\/p>\n<ul>\n<li>Mit\u00e4 alueemme tarjoaa matkailijoille liikunnan ja hyvinvoinnin n\u00e4k\u00f6kulmasta?<\/li>\n<li>Miten yhteisty\u00f6t\u00e4 voisi tiivist\u00e4\u00e4?<\/li>\n<li>Mit\u00e4 uusia ideoita aiheen ymp\u00e4rilt\u00e4 nousee?<\/li>\n<\/ul>\n<p><span style=\"color: #999999\">Kuva: Lapland Material Bank | Terhi Tuovinen<\/span><\/p>\n<p>[\/et_pb_blurb][\/et_pb_column][et_pb_column type=&#8221;1_2&#8243; _builder_version=&#8221;4.20.4&#8243; _module_preset=&#8221;default&#8221; global_colors_info=&#8221;{}&#8221;][et_pb_blurb title=&#8221;Asukkaiden osallistaminen&#8221; image=&#8221;https:\/\/blogi.eoppimispalvelut.fi\/alykkaatliikuntareitit\/files\/2024\/04\/Kesa_rovaniemi2_LapinMateriaalipankki-scaled.jpg&#8221; image_icon_width=&#8221;80%&#8221; _builder_version=&#8221;4.24.3&#8243; _module_preset=&#8221;default&#8221; header_level=&#8221;h3&#8243; custom_padding=&#8221;5px|10px|10px|10px|false|false&#8221; border_radii=&#8221;on|5px|5px|5px|5px&#8221; border_width_all=&#8221;3px&#8221; border_color_all=&#8221;#0C71C3&#8243; box_shadow_style=&#8221;preset1&#8243; global_colors_info=&#8221;{}&#8221;]<\/p>\n<p>Toteutamme k\u00e4ytt\u00e4j\u00e4kyselyn siltojen lenkill\u00e4 touko-kes\u00e4kuussa, elokuussa sek\u00e4 marraskuussa. Kysymme esimerkiksi:<\/p>\n<ul>\n<li>Mill\u00e4 kulkuv\u00e4lineell\u00e4 tulit alueelle?<\/li>\n<li>Mit\u00e4 teet alueella?<\/li>\n<li>Minne olet menossa?<\/li>\n<li>Mit\u00e4 kaipaat alueelle lis\u00e4\u00e4?<\/li>\n<\/ul>\n<p><span style=\"color: #999999\">Kuva: Lapland Material Bank<\/span><\/p>\n<p>[\/et_pb_blurb][\/et_pb_column][\/et_pb_row][et_pb_row column_structure=&#8221;1_2,1_2&#8243; _builder_version=&#8221;4.20.4&#8243; _module_preset=&#8221;default&#8221; global_colors_info=&#8221;{}&#8221;][et_pb_column type=&#8221;1_2&#8243; _builder_version=&#8221;4.20.4&#8243; _module_preset=&#8221;default&#8221; global_colors_info=&#8221;{}&#8221;][et_pb_blurb image=&#8221;https:\/\/blogi.eoppimispalvelut.fi\/alykkaatliikuntareitit\/files\/2024\/04\/AdobeStock_324279168-scaled.jpeg&#8221; content_max_width=&#8221;1100px&#8221; _builder_version=&#8221;4.20.4&#8243; _module_preset=&#8221;default&#8221; global_colors_info=&#8221;{}&#8221;][\/et_pb_blurb][\/et_pb_column][et_pb_column type=&#8221;1_2&#8243; _builder_version=&#8221;4.20.4&#8243; _module_preset=&#8221;default&#8221; global_colors_info=&#8221;{}&#8221;][et_pb_blurb title=&#8221;Hanke&#8221; use_icon=&#8221;on&#8221; _builder_version=&#8221;4.20.4&#8243; _module_preset=&#8221;default&#8221; global_colors_info=&#8221;{}&#8221;]<\/p>\n<p><span>Hanke: Rovaniemen \u00e4lykk\u00e4\u00e4t liikuntareitit paikallisten ja matkailijoiden hyvinvoinnin tueksi<\/span><br \/><span>Hankeaika: 1.8.2023-31.12.2024<\/span><br \/><span>Toteuttaja: Lapin ammattikorkeakoulu<\/span><br \/><span>Hankkeen kokonaisbudjetti on 100 019 euroa, josta Lapin Liiton my\u00f6nt\u00e4m\u00e4\u00e4 EARK-rahoitusta 60%, Rovaniemen kaupunki ekosysteemisopimuksesta 25% ja Lapin ammattikorkeakoulu 15%.<\/span><\/p>\n<p>[\/et_pb_blurb][\/et_pb_column][\/et_pb_row][\/et_pb_section][et_pb_section fb_built=&#8221;1&#8243; _builder_version=&#8221;4.24.3&#8243; _module_preset=&#8221;default&#8221; global_colors_info=&#8221;{}&#8221;][\/et_pb_section]<\/p>\n","protected":false},"excerpt":{"rendered":"<p>Rovaniemen J\u00e4tk\u00e4nkynttil\u00e4n ja vanhan sillan v\u00e4liselle alueelle ja alueen l\u00e4heisyyteen suunnitellaan \u00e4lykk\u00e4it\u00e4 ratkaisuja innostamaan asukkaita ja matkailijoita liikkumaan. Suunnittelemme yhdess\u00e4 alueen toimijoiden ja asukkaiden kanssa yhteis\u00f6llisesti kest\u00e4v\u00e4\u00e4 kaupunkikehitt\u00e4mist\u00e4 ja turvallista kaupunkiymp\u00e4rist\u00f6\u00e4, jonka urbaanit ja interaktiiviset toiminnot edist\u00e4v\u00e4t kaupungin elinvoimaa, ty\u00f6llisyytt\u00e4 sek\u00e4 hyvinvointia, matkailun n\u00e4k\u00f6kulmaa eli yritysten kannattavaa toimintaa unohtamatta. Tarinoita Rovaniemen jokirannasta \u2013 kuuntele, katsele [&hellip;]<\/p>\n","protected":false},"author":6208,"featured_media":0,"parent":0,"menu_order":0,"comment_status":"closed","ping_status":"closed","template":"","meta":{"_et_pb_use_builder":"on","_et_pb_old_content":"","_et_gb_content_width":"","footnotes":""},"class_list":["post-5","page","type-page","status-publish","hentry"],"_links":{"self":[{"href":"https:\/\/blogi.eoppimispalvelut.fi\/alykkaatliikuntareitit\/wp-json\/wp\/v2\/pages\/5","targetHints":{"allow":["GET"]}}],"collection":[{"href":"https:\/\/blogi.eoppimispalvelut.fi\/alykkaatliikuntareitit\/wp-json\/wp\/v2\/pages"}],"about":[{"href":"https:\/\/blogi.eoppimispalvelut.fi\/alykkaatliikuntareitit\/wp-json\/wp\/v2\/types\/page"}],"author":[{"embeddable":true,"href":"https:\/\/blogi.eoppimispalvelut.fi\/alykkaatliikuntareitit\/wp-json\/wp\/v2\/users\/6208"}],"replies":[{"embeddable":true,"href":"https:\/\/blogi.eoppimispalvelut.fi\/alykkaatliikuntareitit\/wp-json\/wp\/v2\/comments?post=5"}],"version-history":[{"count":44,"href":"https:\/\/blogi.eoppimispalvelut.fi\/alykkaatliikuntareitit\/wp-json\/wp\/v2\/pages\/5\/revisions"}],"predecessor-version":[{"id":182,"href":"https:\/\/blogi.eoppimispalvelut.fi\/alykkaatliikuntareitit\/wp-json\/wp\/v2\/pages\/5\/revisions\/182"}],"wp:attachment":[{"href":"https:\/\/blogi.eoppimispalvelut.fi\/alykkaatliikuntareitit\/wp-json\/wp\/v2\/media?parent=5"}],"curies":[{"name":"wp","href":"https:\/\/api.w.org\/{rel}","templated":true}]}}