{"id":12,"date":"2019-11-28T09:30:40","date_gmt":"2019-11-28T07:30:40","guid":{"rendered":"https:\/\/blogi.eoppimispalvelut.fi\/arcticecomarketing1\/?page_id=12"},"modified":"2019-11-28T11:11:59","modified_gmt":"2019-11-28T09:11:59","slug":"tiimimme","status":"publish","type":"page","link":"https:\/\/blogi.eoppimispalvelut.fi\/arcticecomarketing1\/tiimimme\/","title":{"rendered":"Tiimimme"},"content":{"rendered":"<p>Toimitusjohtaja Janne Pesola<\/p>\n<p>Markkinointitiimi:<br \/>\nAiju Kouva, markkinointip\u00e4\u00e4llikk\u00f6<br \/>\nKristian Skarp<br \/>\nMaria Alakunnas<\/p>\n<p>Hankintatiimi:<br \/>\nJohannes H\u00e4rk\u00f6nen, varatoimitusjohtaja<br \/>\nJanet Tran<br \/>\nElisa Rontti, hankintap\u00e4\u00e4llikk\u00f6<\/p>\n<p>Taloustiimi:<br \/>\nJanne Pesola, Tj<br \/>\nJuhani Keskitalo<br \/>\nMilla Liikavainio, talousp\u00e4\u00e4llikk\u00f6<\/p>\n<p>Hallitus<span style=\"float: none;background-color: #ffffff;color: #333333;cursor: text;font-family: 'Libre Franklin','Helvetica Neue',helvetica,arial,sans-serif;font-size: 16px;font-style: normal;font-variant: normal;font-weight: 400;letter-spacing: normal;text-align: left;text-decoration: none;text-indent: 0px;text-transform: none\">:<\/span><br \/>\nKristian Skarp, hallituksen puheenjohtaja<br \/>\nMaria Alakunnas, hallituksen varapuheenjohtaja<br \/>\n<span style=\"float: none;background-color: #ffffff;color: #333333;cursor: text;font-family: 'Libre Franklin','Helvetica Neue',helvetica,arial,sans-serif;font-size: 16px;font-style: normal;font-variant: normal;font-weight: 400;letter-spacing: normal;text-align: left;text-decoration: none;text-indent: 0px;text-transform: none\">Elisa Rontti, hallituksen j\u00e4sen<\/span><\/p>\n<p>&nbsp;<\/p>\n","protected":false},"excerpt":{"rendered":"<p>Toimitusjohtaja Janne Pesola Markkinointitiimi: Aiju Kouva, markkinointip\u00e4\u00e4llikk\u00f6 Kristian Skarp Maria Alakunnas Hankintatiimi: Johannes H\u00e4rk\u00f6nen, varatoimitusjohtaja Janet Tran Elisa Rontti, hankintap\u00e4\u00e4llikk\u00f6 Taloustiimi: Janne Pesola, Tj Juhani Keskitalo Milla Liikavainio, talousp\u00e4\u00e4llikk\u00f6 Hallitus: Kristian Skarp, hallituksen puheenjohtaja Maria Alakunnas, hallituksen varapuheenjohtaja Elisa Rontti, hallituksen j\u00e4sen &nbsp;<\/p>\n","protected":false},"author":4078,"featured_media":0,"parent":0,"menu_order":0,"comment_status":"closed","ping_status":"closed","template":"","meta":{"footnotes":""},"class_list":["post-12","page","type-page","status-publish","hentry"],"_links":{"self":[{"href":"https:\/\/blogi.eoppimispalvelut.fi\/arcticecomarketing1\/wp-json\/wp\/v2\/pages\/12","targetHints":{"allow":["GET"]}}],"collection":[{"href":"https:\/\/blogi.eoppimispalvelut.fi\/arcticecomarketing1\/wp-json\/wp\/v2\/pages"}],"about":[{"href":"https:\/\/blogi.eoppimispalvelut.fi\/arcticecomarketing1\/wp-json\/wp\/v2\/types\/page"}],"author":[{"embeddable":true,"href":"https:\/\/blogi.eoppimispalvelut.fi\/arcticecomarketing1\/wp-json\/wp\/v2\/users\/4078"}],"replies":[{"embeddable":true,"href":"https:\/\/blogi.eoppimispalvelut.fi\/arcticecomarketing1\/wp-json\/wp\/v2\/comments?post=12"}],"version-history":[{"count":7,"href":"https:\/\/blogi.eoppimispalvelut.fi\/arcticecomarketing1\/wp-json\/wp\/v2\/pages\/12\/revisions"}],"predecessor-version":[{"id":73,"href":"https:\/\/blogi.eoppimispalvelut.fi\/arcticecomarketing1\/wp-json\/wp\/v2\/pages\/12\/revisions\/73"}],"wp:attachment":[{"href":"https:\/\/blogi.eoppimispalvelut.fi\/arcticecomarketing1\/wp-json\/wp\/v2\/media?parent=12"}],"curies":[{"name":"wp","href":"https:\/\/api.w.org\/{rel}","templated":true}]}}