{"id":58,"date":"2019-11-28T10:45:23","date_gmt":"2019-11-28T08:45:23","guid":{"rendered":"https:\/\/blogi.eoppimispalvelut.fi\/arcticecomarketing1\/?page_id=58"},"modified":"2019-12-05T08:57:42","modified_gmt":"2019-12-05T06:57:42","slug":"mainosteippausten-asennus","status":"publish","type":"page","link":"https:\/\/blogi.eoppimispalvelut.fi\/arcticecomarketing1\/mainosteippausten-asennus\/","title":{"rendered":"Mainosteippausten asennus"},"content":{"rendered":"<p>Mainosteippaukset sis\u00e4lt\u00e4v\u00e4t ilmaisen asennuksen.<\/p>\n","protected":false},"excerpt":{"rendered":"<p>Mainosteippaukset sis\u00e4lt\u00e4v\u00e4t ilmaisen asennuksen.<\/p>\n","protected":false},"author":4078,"featured_media":0,"parent":0,"menu_order":0,"comment_status":"closed","ping_status":"closed","template":"","meta":{"footnotes":""},"class_list":["post-58","page","type-page","status-publish","hentry"],"_links":{"self":[{"href":"https:\/\/blogi.eoppimispalvelut.fi\/arcticecomarketing1\/wp-json\/wp\/v2\/pages\/58","targetHints":{"allow":["GET"]}}],"collection":[{"href":"https:\/\/blogi.eoppimispalvelut.fi\/arcticecomarketing1\/wp-json\/wp\/v2\/pages"}],"about":[{"href":"https:\/\/blogi.eoppimispalvelut.fi\/arcticecomarketing1\/wp-json\/wp\/v2\/types\/page"}],"author":[{"embeddable":true,"href":"https:\/\/blogi.eoppimispalvelut.fi\/arcticecomarketing1\/wp-json\/wp\/v2\/users\/4078"}],"replies":[{"embeddable":true,"href":"https:\/\/blogi.eoppimispalvelut.fi\/arcticecomarketing1\/wp-json\/wp\/v2\/comments?post=58"}],"version-history":[{"count":4,"href":"https:\/\/blogi.eoppimispalvelut.fi\/arcticecomarketing1\/wp-json\/wp\/v2\/pages\/58\/revisions"}],"predecessor-version":[{"id":88,"href":"https:\/\/blogi.eoppimispalvelut.fi\/arcticecomarketing1\/wp-json\/wp\/v2\/pages\/58\/revisions\/88"}],"wp:attachment":[{"href":"https:\/\/blogi.eoppimispalvelut.fi\/arcticecomarketing1\/wp-json\/wp\/v2\/media?parent=58"}],"curies":[{"name":"wp","href":"https:\/\/api.w.org\/{rel}","templated":true}]}}