{"id":61,"date":"2019-11-28T10:45:42","date_gmt":"2019-11-28T08:45:42","guid":{"rendered":"https:\/\/blogi.eoppimispalvelut.fi\/arcticecomarketing1\/?page_id=61"},"modified":"2019-12-05T08:58:23","modified_gmt":"2019-12-05T06:58:23","slug":"mainostaulujen-asennus","status":"publish","type":"page","link":"https:\/\/blogi.eoppimispalvelut.fi\/arcticecomarketing1\/mainostaulujen-asennus\/","title":{"rendered":"Mainostaulujen asennus"},"content":{"rendered":"<p>Mainostelineet sis\u00e4lt\u00e4v\u00e4t ilmaisen asennuksen.<\/p>\n","protected":false},"excerpt":{"rendered":"<p>Mainostelineet sis\u00e4lt\u00e4v\u00e4t ilmaisen asennuksen.<\/p>\n","protected":false},"author":4078,"featured_media":0,"parent":0,"menu_order":0,"comment_status":"closed","ping_status":"closed","template":"","meta":{"footnotes":""},"class_list":["post-61","page","type-page","status-publish","hentry"],"_links":{"self":[{"href":"https:\/\/blogi.eoppimispalvelut.fi\/arcticecomarketing1\/wp-json\/wp\/v2\/pages\/61","targetHints":{"allow":["GET"]}}],"collection":[{"href":"https:\/\/blogi.eoppimispalvelut.fi\/arcticecomarketing1\/wp-json\/wp\/v2\/pages"}],"about":[{"href":"https:\/\/blogi.eoppimispalvelut.fi\/arcticecomarketing1\/wp-json\/wp\/v2\/types\/page"}],"author":[{"embeddable":true,"href":"https:\/\/blogi.eoppimispalvelut.fi\/arcticecomarketing1\/wp-json\/wp\/v2\/users\/4078"}],"replies":[{"embeddable":true,"href":"https:\/\/blogi.eoppimispalvelut.fi\/arcticecomarketing1\/wp-json\/wp\/v2\/comments?post=61"}],"version-history":[{"count":2,"href":"https:\/\/blogi.eoppimispalvelut.fi\/arcticecomarketing1\/wp-json\/wp\/v2\/pages\/61\/revisions"}],"predecessor-version":[{"id":89,"href":"https:\/\/blogi.eoppimispalvelut.fi\/arcticecomarketing1\/wp-json\/wp\/v2\/pages\/61\/revisions\/89"}],"wp:attachment":[{"href":"https:\/\/blogi.eoppimispalvelut.fi\/arcticecomarketing1\/wp-json\/wp\/v2\/media?parent=61"}],"curies":[{"name":"wp","href":"https:\/\/api.w.org\/{rel}","templated":true}]}}