{"id":19,"date":"2025-01-22T13:46:09","date_gmt":"2025-01-22T11:46:09","guid":{"rendered":"https:\/\/blogi.eoppimispalvelut.fi\/arcticgreenclean\/?page_id=19"},"modified":"2025-03-27T10:54:18","modified_gmt":"2025-03-27T08:54:18","slug":"kiinteistopalvelut","status":"publish","type":"page","link":"https:\/\/blogi.eoppimispalvelut.fi\/arcticgreenclean\/kiinteistopalvelut\/","title":{"rendered":"Kiinteist\u00f6palvelut ja j\u00e4teastiat"},"content":{"rendered":"\n<figure class=\"wp-block-gallery alignright has-nested-images columns-default is-cropped wp-block-gallery-1 is-layout-flex wp-block-gallery-is-layout-flex\">\n<figure class=\"wp-block-image size-full\"><img loading=\"lazy\" decoding=\"async\" width=\"500\" height=\"500\" data-id=\"282\" src=\"https:\/\/blogi.eoppimispalvelut.fi\/arcticgreenclean\/files\/2025\/02\/AGC-9-1.png\" alt=\"\" class=\"wp-image-282\" srcset=\"https:\/\/blogi.eoppimispalvelut.fi\/arcticgreenclean\/files\/2025\/02\/AGC-9-1.png 500w, https:\/\/blogi.eoppimispalvelut.fi\/arcticgreenclean\/files\/2025\/02\/AGC-9-1-120x120.png 120w\" sizes=\"auto, (max-width: 500px) 100vw, 500px\" \/><\/figure>\n<\/figure>\n\n\n\n<p>Meilt\u00e4 saat kiinteist\u00f6- ja j\u00e4tehuoltopalveluiden paketit yrityksesi tarpeiden mukaan.<\/p>\n\n\n\n<p>Tarjoamme seuraavat kiinteist\u00f6palvelun paketit:<\/p>\n\n\n\n<h3 class=\"wp-block-heading\">Pronssi 1156,25\u20ac +alv 25.5% \/kk<\/h3>\n\n\n\n<ul class=\"wp-block-list\">\n<li>Lumen poisto + hiekotus 1x\/vk&nbsp;&nbsp; \/&nbsp;&nbsp;&nbsp; Nurmen leikkuu<\/li>\n\n\n\n<li>J\u00e4tteiden ker\u00e4ys kaikista astioista 2x\/kk (astiat myyd\u00e4\u00e4n erikseen)<\/li>\n<\/ul>\n\n\n\n<h3 class=\"wp-block-heading\">Kulta 1312,50\u20ac +alv 25,5% \/kk<\/h3>\n\n\n\n<ul class=\"wp-block-list\">\n<li><span style=\"color: revert;font-size: revert;font-weight: revert\">J\u00e4tteiden ker\u00e4ys kaikista astioista 4x\/kk<\/span><\/li>\n\n\n\n<li>Lumen poisto tarpeen mukaan + hiekotus&nbsp;&nbsp; \/&nbsp;&nbsp;&nbsp; Nurmen leikkuu<\/li>\n<\/ul>\n\n\n\n<h3 class=\"wp-block-heading\">Platina 1406,25\u20ac +alv 25,5% \/kk<\/h3>\n\n\n\n<ul class=\"wp-block-list\">\n<li><span style=\"color: revert;font-size: revert;font-weight: revert\">J\u00e4tteiden ker\u00e4ys kaikista astioista 8x\/kk<\/span><\/li>\n\n\n\n<li>Lumen poisto + hiekotus tarpeen mukaan<\/li>\n\n\n\n<li>Kaikki perushuollot (r\u00e4nnien puhdistus, peruskorjaukset kiinteist\u00f6\u00f6n)<\/li>\n\n\n\n<li>Kattojen lumen poisto tarpeen mukaan<\/li>\n<\/ul>\n\n\n\n<p>J\u00e4teastiat myyd\u00e4\u00e4n erikseen:<\/p>\n\n\n\n<h2 class=\"wp-block-heading\">J\u00e4teastiat:<\/h2>\n\n\n\n<ul class=\"wp-block-list\">\n<li>150L J\u00e4teastia 126,65\u20ac + alv 25,5%<\/li>\n\n\n\n<li>240L J\u00e4teastia 100\u20ac + alv 25,5% <\/li>\n\n\n\n<li>600-700L J\u00e4teastia 258,33\u20ac + alv 25,5%<\/li>\n<\/ul>\n\n\n\n<p>Toteutamme my\u00f6s paljon muita palveluja. Pyyd\u00e4 rohkeasti tarjous!<\/p>\n\n\n\n<div class=\"wp-block-buttons is-layout-flex wp-block-buttons-is-layout-flex\">\n<div class=\"wp-block-button\"><a class=\"wp-block-button__link wp-element-button\" href=\"https:\/\/blogi.eoppimispalvelut.fi\/arcticgreenclean\/ota-yhteytta\/\">Pyyd\u00e4 Tarjous<\/a><\/div>\n<\/div>\n\n\n\n<p><\/p>\n\n\n\n<figure class=\"wp-block-image\"><img loading=\"lazy\" decoding=\"async\" width=\"1729\" height=\"1449\" src=\"https:\/\/blogi.eoppimispalvelut.fi\/arcticgreenclean\/files\/2025\/01\/Nayttokuva-2025-1-29-kello-14.36.14.png\" alt=\"\" class=\"wp-image-184\" srcset=\"https:\/\/blogi.eoppimispalvelut.fi\/arcticgreenclean\/files\/2025\/01\/Nayttokuva-2025-1-29-kello-14.36.14.png 1729w, https:\/\/blogi.eoppimispalvelut.fi\/arcticgreenclean\/files\/2025\/01\/Nayttokuva-2025-1-29-kello-14.36.14-300x251.png 300w, https:\/\/blogi.eoppimispalvelut.fi\/arcticgreenclean\/files\/2025\/01\/Nayttokuva-2025-1-29-kello-14.36.14-1024x858.png 1024w, https:\/\/blogi.eoppimispalvelut.fi\/arcticgreenclean\/files\/2025\/01\/Nayttokuva-2025-1-29-kello-14.36.14-768x644.png 768w, https:\/\/blogi.eoppimispalvelut.fi\/arcticgreenclean\/files\/2025\/01\/Nayttokuva-2025-1-29-kello-14.36.14-1536x1287.png 1536w, https:\/\/blogi.eoppimispalvelut.fi\/arcticgreenclean\/files\/2025\/01\/Nayttokuva-2025-1-29-kello-14.36.14-1200x1006.png 1200w\" sizes=\"auto, (max-width: 1729px) 100vw, 1729px\" \/><\/figure>\n","protected":false},"excerpt":{"rendered":"<p>Meilt\u00e4 saat kiinteist\u00f6- ja j\u00e4tehuoltopalveluiden paketit yrityksesi tarpeiden mukaan. Tarjoamme seuraavat kiinteist\u00f6palvelun paketit: Pronssi 1156,25\u20ac +alv 25.5% \/kk Kulta 1312,50\u20ac &hellip; <a href=\"https:\/\/blogi.eoppimispalvelut.fi\/arcticgreenclean\/kiinteistopalvelut\/\" class=\"more-link\">Continue reading<span class=\"screen-reader-text\"> &#8221;Kiinteist\u00f6palvelut ja j\u00e4teastiat&#8221;<\/span><\/a><\/p>\n","protected":false},"author":48419,"featured_media":0,"parent":0,"menu_order":0,"comment_status":"closed","ping_status":"closed","template":"","meta":{"footnotes":""},"class_list":["post-19","page","type-page","status-publish","hentry"],"_links":{"self":[{"href":"https:\/\/blogi.eoppimispalvelut.fi\/arcticgreenclean\/wp-json\/wp\/v2\/pages\/19","targetHints":{"allow":["GET"]}}],"collection":[{"href":"https:\/\/blogi.eoppimispalvelut.fi\/arcticgreenclean\/wp-json\/wp\/v2\/pages"}],"about":[{"href":"https:\/\/blogi.eoppimispalvelut.fi\/arcticgreenclean\/wp-json\/wp\/v2\/types\/page"}],"author":[{"embeddable":true,"href":"https:\/\/blogi.eoppimispalvelut.fi\/arcticgreenclean\/wp-json\/wp\/v2\/users\/48419"}],"replies":[{"embeddable":true,"href":"https:\/\/blogi.eoppimispalvelut.fi\/arcticgreenclean\/wp-json\/wp\/v2\/comments?post=19"}],"version-history":[{"count":29,"href":"https:\/\/blogi.eoppimispalvelut.fi\/arcticgreenclean\/wp-json\/wp\/v2\/pages\/19\/revisions"}],"predecessor-version":[{"id":514,"href":"https:\/\/blogi.eoppimispalvelut.fi\/arcticgreenclean\/wp-json\/wp\/v2\/pages\/19\/revisions\/514"}],"wp:attachment":[{"href":"https:\/\/blogi.eoppimispalvelut.fi\/arcticgreenclean\/wp-json\/wp\/v2\/media?parent=19"}],"curies":[{"name":"wp","href":"https:\/\/api.w.org\/{rel}","templated":true}]}}