{"id":2,"date":"2025-01-22T13:17:00","date_gmt":"2025-01-22T11:17:00","guid":{"rendered":"https:\/\/blogi.eoppimispalvelut.fi\/arcticgreenclean\/?page_id=2"},"modified":"2025-02-28T10:42:00","modified_gmt":"2025-02-28T08:42:00","slug":"esimerkkisivu","status":"publish","type":"page","link":"https:\/\/blogi.eoppimispalvelut.fi\/arcticgreenclean\/","title":{"rendered":"Arktista puhtautta, vihre\u00e4ll\u00e4 syd\u00e4mell\u00e4"},"content":{"rendered":"\n<div class=\"wp-block-group is-content-justification-space-between is-nowrap is-layout-flex wp-container-core-group-is-layout-eaacdc6a wp-block-group-is-layout-flex\">\n<p>Me huolehdimme yrityksesi siivouksesta ja kiinteist\u00f6jesi kunnossapidosta. Meilt\u00e4 saat yksil\u00f6llisesti juuri sinulle tehdyn tarjouksen vastaamaan tarpeitasi. Ota rohkeasti yhteytt\u00e4 ja huomaa kuinka el\u00e4m\u00e4si helpottuu!<\/p>\n<\/div>\n\n\n\n<p><\/p>\n\n\n\n<p>Arctic Creen Clean Opy:n tarina alkoi tiiviin yst\u00e4v\u00e4porukkamme ajatuksesta luoda maailmaan lis\u00e4\u00e4 puhtautta ja vapauden tunnetta. Haluamme parantaa ty\u00f6ymp\u00e4rist\u00f6j\u00e4 niin sis\u00e4- kuin ulkotiloissa, tarjoten n\u00e4in muille yrityksille mahdollisuuden kasvaa omilla aloillaan siisteiss\u00e4 ja huolitelluissa tiloissa. Tarjoamme puhtaita ja parempia valintoja vastuullisesti ja luotettavasti.<\/p>\n\n\n\n<figure class=\"wp-block-image\"><img loading=\"lazy\" decoding=\"async\" width=\"417\" height=\"332\" src=\"https:\/\/blogi.eoppimispalvelut.fi\/arcticgreenclean\/files\/2025\/02\/Nayttokuva-2025-02-26-093137-3.png\" alt=\"\" class=\"wp-image-409\" \/><\/figure>\n\n\n\n<p><\/p>\n\n\n\n<h4 class=\"wp-block-heading\">KYSEESS\u00c4 EI OLE OIKEA YRITYS! T\u00c4M\u00c4 VIRTUAALIOPPIYRITYS ON TEHTY LIITTYEN LAPIN AMK:N OPINTOJAKSOON!<\/h4>\n\n\n\n<p><\/p>\n","protected":false},"excerpt":{"rendered":"<p>Me huolehdimme yrityksesi siivouksesta ja kiinteist\u00f6jesi kunnossapidosta. Meilt\u00e4 saat yksil\u00f6llisesti juuri sinulle tehdyn tarjouksen vastaamaan tarpeitasi. Ota rohkeasti yhteytt\u00e4 ja &hellip; <a href=\"https:\/\/blogi.eoppimispalvelut.fi\/arcticgreenclean\/\" class=\"more-link\">Continue reading<span class=\"screen-reader-text\"> &#8221;Arktista puhtautta, vihre\u00e4ll\u00e4 syd\u00e4mell\u00e4&#8221;<\/span><\/a><\/p>\n","protected":false},"author":48419,"featured_media":0,"parent":0,"menu_order":0,"comment_status":"closed","ping_status":"open","template":"","meta":{"footnotes":""},"class_list":["post-2","page","type-page","status-publish","hentry"],"_links":{"self":[{"href":"https:\/\/blogi.eoppimispalvelut.fi\/arcticgreenclean\/wp-json\/wp\/v2\/pages\/2","targetHints":{"allow":["GET"]}}],"collection":[{"href":"https:\/\/blogi.eoppimispalvelut.fi\/arcticgreenclean\/wp-json\/wp\/v2\/pages"}],"about":[{"href":"https:\/\/blogi.eoppimispalvelut.fi\/arcticgreenclean\/wp-json\/wp\/v2\/types\/page"}],"author":[{"embeddable":true,"href":"https:\/\/blogi.eoppimispalvelut.fi\/arcticgreenclean\/wp-json\/wp\/v2\/users\/48419"}],"replies":[{"embeddable":true,"href":"https:\/\/blogi.eoppimispalvelut.fi\/arcticgreenclean\/wp-json\/wp\/v2\/comments?post=2"}],"version-history":[{"count":24,"href":"https:\/\/blogi.eoppimispalvelut.fi\/arcticgreenclean\/wp-json\/wp\/v2\/pages\/2\/revisions"}],"predecessor-version":[{"id":504,"href":"https:\/\/blogi.eoppimispalvelut.fi\/arcticgreenclean\/wp-json\/wp\/v2\/pages\/2\/revisions\/504"}],"wp:attachment":[{"href":"https:\/\/blogi.eoppimispalvelut.fi\/arcticgreenclean\/wp-json\/wp\/v2\/media?parent=2"}],"curies":[{"name":"wp","href":"https:\/\/api.w.org\/{rel}","templated":true}]}}