{"id":23,"date":"2025-01-22T13:46:09","date_gmt":"2025-01-22T11:46:09","guid":{"rendered":"https:\/\/blogi.eoppimispalvelut.fi\/arcticgreenclean\/?page_id=23"},"modified":"2025-03-19T11:02:25","modified_gmt":"2025-03-19T09:02:25","slug":"henkilokunta","status":"publish","type":"page","link":"https:\/\/blogi.eoppimispalvelut.fi\/arcticgreenclean\/henkilokunta\/","title":{"rendered":"Henkil\u00f6kunta"},"content":{"rendered":"\n<figure class=\"wp-block-gallery alignright has-nested-images columns-default is-cropped wp-block-gallery-1 is-layout-flex wp-block-gallery-is-layout-flex\">\n<figure class=\"wp-block-image size-full\"><img loading=\"lazy\" decoding=\"async\" width=\"500\" height=\"500\" data-id=\"290\" src=\"https:\/\/blogi.eoppimispalvelut.fi\/arcticgreenclean\/files\/2025\/02\/AGC-9-5.png\" alt=\"\" class=\"wp-image-290\" srcset=\"https:\/\/blogi.eoppimispalvelut.fi\/arcticgreenclean\/files\/2025\/02\/AGC-9-5.png 500w, https:\/\/blogi.eoppimispalvelut.fi\/arcticgreenclean\/files\/2025\/02\/AGC-9-5-120x120.png 120w\" sizes=\"auto, (max-width: 500px) 100vw, 500px\" \/><\/figure>\n<\/figure>\n\n\n\n<h2 class=\"wp-block-heading\">Johto<\/h2>\n\n\n\n<div class=\"wp-block-group is-nowrap is-layout-flex wp-container-core-group-is-layout-ad2f72ca wp-block-group-is-layout-flex\">\n<div class=\"wp-block-media-text is-stacked-on-mobile\" style=\"grid-template-columns:25% auto\"><figure class=\"wp-block-media-text__media\"><img loading=\"lazy\" decoding=\"async\" width=\"1280\" height=\"2276\" src=\"https:\/\/blogi.eoppimispalvelut.fi\/arcticgreenclean\/files\/2025\/02\/Snapchat-1293279512-1280x2276.jpg\" alt=\"\" class=\"wp-image-300 size-full\" srcset=\"https:\/\/blogi.eoppimispalvelut.fi\/arcticgreenclean\/files\/2025\/02\/Snapchat-1293279512-1280x2276.jpg 1280w, https:\/\/blogi.eoppimispalvelut.fi\/arcticgreenclean\/files\/2025\/02\/Snapchat-1293279512-900x1600.jpg 900w, https:\/\/blogi.eoppimispalvelut.fi\/arcticgreenclean\/files\/2025\/02\/Snapchat-1293279512-768x1365.jpg 768w, https:\/\/blogi.eoppimispalvelut.fi\/arcticgreenclean\/files\/2025\/02\/Snapchat-1293279512-864x1536.jpg 864w, https:\/\/blogi.eoppimispalvelut.fi\/arcticgreenclean\/files\/2025\/02\/Snapchat-1293279512-1152x2048.jpg 1152w, https:\/\/blogi.eoppimispalvelut.fi\/arcticgreenclean\/files\/2025\/02\/Snapchat-1293279512.jpg 1296w\" sizes=\"auto, (max-width: 1280px) 100vw, 1280px\" \/><\/figure><div class=\"wp-block-media-text__content\">\n<h2 class=\"wp-block-heading\">Toimitusjohtaja<\/h2>\n\n\n\n<p>Ukko Tuomas<\/p>\n\n\n\n<p><\/p>\n<\/div><\/div>\n<\/div>\n\n\n\n<h2 class=\"wp-block-heading\"><\/h2>\n\n\n\n<div class=\"wp-block-group is-nowrap is-layout-flex wp-container-core-group-is-layout-ad2f72ca wp-block-group-is-layout-flex\">\n<div class=\"wp-block-media-text is-stacked-on-mobile\" style=\"grid-template-columns:28% auto\"><figure class=\"wp-block-media-text__media\"><img loading=\"lazy\" decoding=\"async\" width=\"229\" height=\"221\" src=\"https:\/\/blogi.eoppimispalvelut.fi\/arcticgreenclean\/files\/2025\/02\/are.png\" alt=\"\" class=\"wp-image-357 size-full\" \/><\/figure><div class=\"wp-block-media-text__content\">\n<h2 class=\"wp-block-heading\">Hallituksen puheenjohtaja<\/h2>\n\n\n\n<p>Arttu Vainio<\/p>\n<\/div><\/div>\n<\/div>\n\n\n\n<h2 class=\"wp-block-heading\"><\/h2>\n\n\n\n<h2 class=\"wp-block-heading\">Ty\u00f6ntekij\u00e4t<\/h2>\n\n\n\n<div class=\"wp-block-media-text is-stacked-on-mobile\" style=\"grid-template-columns:15% auto\"><figure class=\"wp-block-media-text__media\"><img loading=\"lazy\" decoding=\"async\" width=\"480\" height=\"640\" src=\"https:\/\/blogi.eoppimispalvelut.fi\/arcticgreenclean\/files\/2025\/02\/image0-1-rotated.jpeg\" alt=\"\" class=\"wp-image-299 size-full\" \/><\/figure><div class=\"wp-block-media-text__content\">\n<h2 class=\"wp-block-heading\">Kirjanpito<\/h2>\n\n\n\n<p>Jenni Mikkola<\/p>\n<\/div><\/div>\n\n\n\n<div class=\"wp-block-media-text is-stacked-on-mobile\" style=\"grid-template-columns:15% auto\"><figure class=\"wp-block-media-text__media\"><img loading=\"lazy\" decoding=\"async\" width=\"1280\" height=\"1707\" src=\"https:\/\/blogi.eoppimispalvelut.fi\/arcticgreenclean\/files\/2025\/03\/IMG_3239-1280x1707.jpg\" alt=\"\" class=\"wp-image-511 size-full\" srcset=\"https:\/\/blogi.eoppimispalvelut.fi\/arcticgreenclean\/files\/2025\/03\/IMG_3239-1280x1707.jpg 1280w, https:\/\/blogi.eoppimispalvelut.fi\/arcticgreenclean\/files\/2025\/03\/IMG_3239-900x1200.jpg 900w, https:\/\/blogi.eoppimispalvelut.fi\/arcticgreenclean\/files\/2025\/03\/IMG_3239-768x1024.jpg 768w, https:\/\/blogi.eoppimispalvelut.fi\/arcticgreenclean\/files\/2025\/03\/IMG_3239-1152x1536.jpg 1152w, https:\/\/blogi.eoppimispalvelut.fi\/arcticgreenclean\/files\/2025\/03\/IMG_3239-1536x2048.jpg 1536w, https:\/\/blogi.eoppimispalvelut.fi\/arcticgreenclean\/files\/2025\/03\/IMG_3239-scaled.jpg 1920w\" sizes=\"auto, (max-width: 1280px) 100vw, 1280px\" \/><\/figure><div class=\"wp-block-media-text__content\">\n<h2 class=\"wp-block-heading\">Kirjanpito<\/h2>\n\n\n\n<p>Tiia Tuulaniemi<\/p>\n<\/div><\/div>\n\n\n\n<div class=\"wp-block-media-text is-stacked-on-mobile\" style=\"grid-template-columns:15% auto\"><figure class=\"wp-block-media-text__media\"><img loading=\"lazy\" decoding=\"async\" width=\"1280\" height=\"1707\" src=\"https:\/\/blogi.eoppimispalvelut.fi\/arcticgreenclean\/files\/2025\/02\/IMG_0719-1280x1707.jpg\" alt=\"\" class=\"wp-image-301 size-full\" srcset=\"https:\/\/blogi.eoppimispalvelut.fi\/arcticgreenclean\/files\/2025\/02\/IMG_0719-1280x1707.jpg 1280w, https:\/\/blogi.eoppimispalvelut.fi\/arcticgreenclean\/files\/2025\/02\/IMG_0719-900x1200.jpg 900w, https:\/\/blogi.eoppimispalvelut.fi\/arcticgreenclean\/files\/2025\/02\/IMG_0719-768x1024.jpg 768w, https:\/\/blogi.eoppimispalvelut.fi\/arcticgreenclean\/files\/2025\/02\/IMG_0719-1152x1536.jpg 1152w, https:\/\/blogi.eoppimispalvelut.fi\/arcticgreenclean\/files\/2025\/02\/IMG_0719-1536x2048.jpg 1536w, https:\/\/blogi.eoppimispalvelut.fi\/arcticgreenclean\/files\/2025\/02\/IMG_0719-scaled.jpg 1920w\" sizes=\"auto, (max-width: 1280px) 100vw, 1280px\" \/><\/figure><div class=\"wp-block-media-text__content\">\n<h2 class=\"wp-block-heading\">Myynti ja markkinointi<\/h2>\n\n\n\n<p>Teresa Jokim\u00e4ki<\/p>\n<\/div><\/div>\n\n\n\n<div class=\"wp-block-media-text is-stacked-on-mobile\" style=\"grid-template-columns:15% auto\"><figure class=\"wp-block-media-text__media\"><img loading=\"lazy\" decoding=\"async\" width=\"1280\" height=\"1707\" src=\"https:\/\/blogi.eoppimispalvelut.fi\/arcticgreenclean\/files\/2025\/02\/IMG_3802-1280x1707.jpeg\" alt=\"\" class=\"wp-image-302 size-full\" srcset=\"https:\/\/blogi.eoppimispalvelut.fi\/arcticgreenclean\/files\/2025\/02\/IMG_3802-1280x1707.jpeg 1280w, https:\/\/blogi.eoppimispalvelut.fi\/arcticgreenclean\/files\/2025\/02\/IMG_3802-900x1200.jpeg 900w, https:\/\/blogi.eoppimispalvelut.fi\/arcticgreenclean\/files\/2025\/02\/IMG_3802-768x1024.jpeg 768w, https:\/\/blogi.eoppimispalvelut.fi\/arcticgreenclean\/files\/2025\/02\/IMG_3802-1152x1536.jpeg 1152w, https:\/\/blogi.eoppimispalvelut.fi\/arcticgreenclean\/files\/2025\/02\/IMG_3802-1536x2048.jpeg 1536w, https:\/\/blogi.eoppimispalvelut.fi\/arcticgreenclean\/files\/2025\/02\/IMG_3802-scaled.jpeg 1920w\" sizes=\"auto, (max-width: 1280px) 100vw, 1280px\" \/><\/figure><div class=\"wp-block-media-text__content\">\n<h2 class=\"wp-block-heading\">Myynti ja markkinointi<\/h2>\n\n\n\n<p>Veronica Ulkuniemi<\/p>\n<\/div><\/div>\n\n\n\n<div class=\"wp-block-media-text is-stacked-on-mobile\" style=\"grid-template-columns:15% auto\"><figure class=\"wp-block-media-text__media\"><img loading=\"lazy\" decoding=\"async\" width=\"664\" height=\"1182\" src=\"https:\/\/blogi.eoppimispalvelut.fi\/arcticgreenclean\/files\/2025\/02\/D1ADF49B-3C75-405F-84D6-A0DB901BA173_1_105_c.jpeg\" alt=\"\" class=\"wp-image-296 size-full\" \/><\/figure><div class=\"wp-block-media-text__content\">\n<h2 class=\"wp-block-heading\">Myynti ja markkinointi<\/h2>\n\n\n\n<p>Herman Iivari<\/p>\n<\/div><\/div>\n\n\n\n<div class=\"wp-block-media-text is-stacked-on-mobile\" style=\"grid-template-columns:15% auto\"><figure class=\"wp-block-media-text__media\"><img loading=\"lazy\" decoding=\"async\" width=\"1280\" height=\"1707\" src=\"https:\/\/blogi.eoppimispalvelut.fi\/arcticgreenclean\/files\/2025\/02\/torsti-1280x1707.jpg\" alt=\"\" class=\"wp-image-304 size-full\" srcset=\"https:\/\/blogi.eoppimispalvelut.fi\/arcticgreenclean\/files\/2025\/02\/torsti-1280x1707.jpg 1280w, https:\/\/blogi.eoppimispalvelut.fi\/arcticgreenclean\/files\/2025\/02\/torsti-900x1200.jpg 900w, https:\/\/blogi.eoppimispalvelut.fi\/arcticgreenclean\/files\/2025\/02\/torsti-768x1024.jpg 768w, https:\/\/blogi.eoppimispalvelut.fi\/arcticgreenclean\/files\/2025\/02\/torsti-1152x1536.jpg 1152w, https:\/\/blogi.eoppimispalvelut.fi\/arcticgreenclean\/files\/2025\/02\/torsti-1536x2048.jpg 1536w, https:\/\/blogi.eoppimispalvelut.fi\/arcticgreenclean\/files\/2025\/02\/torsti-scaled.jpg 1920w\" sizes=\"auto, (max-width: 1280px) 100vw, 1280px\" \/><\/figure><div class=\"wp-block-media-text__content\">\n<h2 class=\"wp-block-heading\">Myynti ja markkinointi<\/h2>\n\n\n\n<p>Kalle Puranen<\/p>\n<\/div><\/div>\n","protected":false},"excerpt":{"rendered":"<p>Johto Toimitusjohtaja Ukko Tuomas Hallituksen puheenjohtaja Arttu Vainio Ty\u00f6ntekij\u00e4t Kirjanpito Jenni Mikkola Kirjanpito Tiia Tuulaniemi Myynti ja markkinointi Teresa Jokim\u00e4ki &hellip; <a href=\"https:\/\/blogi.eoppimispalvelut.fi\/arcticgreenclean\/henkilokunta\/\" class=\"more-link\">Continue reading<span class=\"screen-reader-text\"> &#8221;Henkil\u00f6kunta&#8221;<\/span><\/a><\/p>\n","protected":false},"author":48419,"featured_media":0,"parent":0,"menu_order":0,"comment_status":"closed","ping_status":"closed","template":"","meta":{"footnotes":""},"class_list":["post-23","page","type-page","status-publish","hentry"],"_links":{"self":[{"href":"https:\/\/blogi.eoppimispalvelut.fi\/arcticgreenclean\/wp-json\/wp\/v2\/pages\/23","targetHints":{"allow":["GET"]}}],"collection":[{"href":"https:\/\/blogi.eoppimispalvelut.fi\/arcticgreenclean\/wp-json\/wp\/v2\/pages"}],"about":[{"href":"https:\/\/blogi.eoppimispalvelut.fi\/arcticgreenclean\/wp-json\/wp\/v2\/types\/page"}],"author":[{"embeddable":true,"href":"https:\/\/blogi.eoppimispalvelut.fi\/arcticgreenclean\/wp-json\/wp\/v2\/users\/48419"}],"replies":[{"embeddable":true,"href":"https:\/\/blogi.eoppimispalvelut.fi\/arcticgreenclean\/wp-json\/wp\/v2\/comments?post=23"}],"version-history":[{"count":26,"href":"https:\/\/blogi.eoppimispalvelut.fi\/arcticgreenclean\/wp-json\/wp\/v2\/pages\/23\/revisions"}],"predecessor-version":[{"id":512,"href":"https:\/\/blogi.eoppimispalvelut.fi\/arcticgreenclean\/wp-json\/wp\/v2\/pages\/23\/revisions\/512"}],"wp:attachment":[{"href":"https:\/\/blogi.eoppimispalvelut.fi\/arcticgreenclean\/wp-json\/wp\/v2\/media?parent=23"}],"curies":[{"name":"wp","href":"https:\/\/api.w.org\/{rel}","templated":true}]}}