{"id":340,"date":"2025-02-21T10:25:10","date_gmt":"2025-02-21T08:25:10","guid":{"rendered":"https:\/\/blogi.eoppimispalvelut.fi\/arcticgreenclean\/?page_id=340"},"modified":"2025-02-28T10:31:57","modified_gmt":"2025-02-28T08:31:57","slug":"oheistuotteet","status":"publish","type":"page","link":"https:\/\/blogi.eoppimispalvelut.fi\/arcticgreenclean\/oheistuotteet\/","title":{"rendered":"Oheistuotteet"},"content":{"rendered":"\n<h3 class=\"wp-block-heading\">Tuotepaketti 262,55\u20ac + ALV 25.5%<\/h3>\n\n\n\n<div class=\"wp-block-group is-content-justification-left is-nowrap is-layout-flex wp-container-core-group-is-layout-558b13e7 wp-block-group-is-layout-flex\">\n<ul class=\"wp-block-list\">\n<li>WC-harja<\/li>\n\n\n\n<li>Rikkalapio<\/li>\n\n\n\n<li>K\u00e4sipyyheteline<\/li>\n\n\n\n<li>WC-paperiteline<\/li>\n\n\n\n<li>Poljinsanko\/roskis                                                                      <\/li>\n\n\n\n<li>Paperikori                                                          <\/li>\n\n\n\n<li>Katuharja<\/li>\n\n\n\n<li>Tiskir\u00e4tti<\/li>\n\n\n\n<li>K\u00e4yt\u00e4v\u00e4matot<\/li>\n\n\n\n<li>Tiskiharja<\/li>\n\n\n\n<li>tiskiaine<\/li>\n\n\n\n<li>Lajitteluastiat<\/li>\n\n\n\n<li>K\u00e4sidesi<\/li>\n\n\n\n<li>Saippuapullo<\/li>\n<\/ul>\n\n\n\n<div class=\"wp-block-columns is-layout-flex wp-container-core-columns-is-layout-9d6595d7 wp-block-columns-is-layout-flex\">\n<div class=\"wp-block-column is-layout-flow wp-block-column-is-layout-flow\" style=\"flex-basis:100%\"><\/div>\n<\/div>\n\n\n\n<figure class=\"wp-block-image size-full is-resized\"><img loading=\"lazy\" decoding=\"async\" width=\"417\" height=\"332\" src=\"https:\/\/blogi.eoppimispalvelut.fi\/arcticgreenclean\/files\/2025\/02\/Nayttokuva-2025-02-26-093137-3.png\" alt=\"\" class=\"wp-image-409\" style=\"width:479px;height:auto\" \/><\/figure>\n<\/div>\n\n\n\n<h2 class=\"wp-block-heading\"><\/h2>\n\n\n\n<h2 class=\"wp-block-heading\"><\/h2>\n\n\n\n<figure class=\"wp-block-image size-full is-resized\"><img loading=\"lazy\" decoding=\"async\" width=\"1261\" height=\"717\" src=\"https:\/\/blogi.eoppimispalvelut.fi\/arcticgreenclean\/files\/2025\/02\/Nayttokuva-2025-02-26-092754.png\" alt=\"\" class=\"wp-image-382\" style=\"width:761px;height:auto\" srcset=\"https:\/\/blogi.eoppimispalvelut.fi\/arcticgreenclean\/files\/2025\/02\/Nayttokuva-2025-02-26-092754.png 1261w, https:\/\/blogi.eoppimispalvelut.fi\/arcticgreenclean\/files\/2025\/02\/Nayttokuva-2025-02-26-092754-900x512.png 900w, https:\/\/blogi.eoppimispalvelut.fi\/arcticgreenclean\/files\/2025\/02\/Nayttokuva-2025-02-26-092754-768x437.png 768w\" sizes=\"auto, (max-width: 1261px) 100vw, 1261px\" \/><\/figure>\n","protected":false},"excerpt":{"rendered":"<p>Tuotepaketti 262,55\u20ac + ALV 25.5%<\/p>\n","protected":false},"author":48419,"featured_media":0,"parent":0,"menu_order":0,"comment_status":"closed","ping_status":"closed","template":"","meta":{"footnotes":""},"class_list":["post-340","page","type-page","status-publish","hentry"],"_links":{"self":[{"href":"https:\/\/blogi.eoppimispalvelut.fi\/arcticgreenclean\/wp-json\/wp\/v2\/pages\/340","targetHints":{"allow":["GET"]}}],"collection":[{"href":"https:\/\/blogi.eoppimispalvelut.fi\/arcticgreenclean\/wp-json\/wp\/v2\/pages"}],"about":[{"href":"https:\/\/blogi.eoppimispalvelut.fi\/arcticgreenclean\/wp-json\/wp\/v2\/types\/page"}],"author":[{"embeddable":true,"href":"https:\/\/blogi.eoppimispalvelut.fi\/arcticgreenclean\/wp-json\/wp\/v2\/users\/48419"}],"replies":[{"embeddable":true,"href":"https:\/\/blogi.eoppimispalvelut.fi\/arcticgreenclean\/wp-json\/wp\/v2\/comments?post=340"}],"version-history":[{"count":20,"href":"https:\/\/blogi.eoppimispalvelut.fi\/arcticgreenclean\/wp-json\/wp\/v2\/pages\/340\/revisions"}],"predecessor-version":[{"id":494,"href":"https:\/\/blogi.eoppimispalvelut.fi\/arcticgreenclean\/wp-json\/wp\/v2\/pages\/340\/revisions\/494"}],"wp:attachment":[{"href":"https:\/\/blogi.eoppimispalvelut.fi\/arcticgreenclean\/wp-json\/wp\/v2\/media?parent=340"}],"curies":[{"name":"wp","href":"https:\/\/api.w.org\/{rel}","templated":true}]}}