{"id":35,"date":"2025-01-22T13:51:06","date_gmt":"2025-01-22T11:51:06","guid":{"rendered":"https:\/\/blogi.eoppimispalvelut.fi\/arcticgreenclean\/?page_id=35"},"modified":"2025-04-29T11:14:17","modified_gmt":"2025-04-29T08:14:17","slug":"meidan-tarina","status":"publish","type":"page","link":"https:\/\/blogi.eoppimispalvelut.fi\/arcticgreenclean\/meidan-tarina\/","title":{"rendered":"Meid\u00e4n tarina"},"content":{"rendered":"\n<figure class=\"wp-block-gallery alignright has-nested-images columns-default is-cropped wp-block-gallery-1 is-layout-flex wp-block-gallery-is-layout-flex\">\n<figure class=\"wp-block-image size-full\"><img loading=\"lazy\" decoding=\"async\" width=\"500\" height=\"500\" data-id=\"292\" src=\"https:\/\/blogi.eoppimispalvelut.fi\/arcticgreenclean\/files\/2025\/02\/AGC-9-6.png\" alt=\"\" class=\"wp-image-292\" srcset=\"https:\/\/blogi.eoppimispalvelut.fi\/arcticgreenclean\/files\/2025\/02\/AGC-9-6.png 500w, https:\/\/blogi.eoppimispalvelut.fi\/arcticgreenclean\/files\/2025\/02\/AGC-9-6-120x120.png 120w\" sizes=\"auto, (max-width: 500px) 100vw, 500px\" \/><\/figure>\n<\/figure>\n\n\n\n<h2 class=\"wp-block-heading\">Arktista puhtautta, vihre\u00e4ll\u00e4 syd\u00e4mell\u00e4<\/h2>\n\n\n\n<p>Arctic Creen Clean Opy:n tarina alkoi tiiviin yst\u00e4v\u00e4porukkamme ajatuksesta luoda maailmaan lis\u00e4\u00e4 puhtautta ja vapauden tunnetta. Haluamme parantaa ty\u00f6ymp\u00e4rist\u00f6j\u00e4 niin sis\u00e4- kuin ulkotiloissa, tarjoten n\u00e4in muille yrityksille mahdollisuuden kasvaa omilla aloillaan siisteiss\u00e4 ja huolitelluissa tiloissa. Tarjoamme puhtaita ja parempia valintoja vastuullisesti ja luotettavasti.<\/p>\n\n\n\n<p>Tehty\u00e4mme pitk\u00e4\u00e4n t\u00f6it\u00e4 eri yrityksille erilaisilla aloilla, huomasimme yhteisen tarpeen. Tarpeen t\u00e4ydest\u00e4 huolettomuudesta ja vapaudesta keskitty\u00e4 vain olennaiseen. Ajatus ja halu tarjota aidosti luotettavia ja vastuullisia puhtaanapito- ja kiinteist\u00f6nhoitopalveluja asiakasyrityksille muuttui v\u00e4hitellen intohimoksi.<\/p>\n\n\n\n<p>Henkil\u00f6st\u00f6mme monimuotoinen ja arvokas kokemus muun muassa siivous- ja kunnossapitot\u00f6ist\u00e4, taloushallinnosta ja myynnist\u00e4 antoivat meille vahvan pohjan perustaa oma yritys, joka tarjoaa ammattitaitoisia palveluja muille yrityksille.<\/p>\n\n\n\n<p>Ennen kaikkea meid\u00e4n tavoitteenamme on tarjota asiakasyrityksillemme vapauden tunnetta. Uskomme, ett\u00e4 puhdas ja hyvin hoidettu ty\u00f6ymp\u00e4rist\u00f6 ei ainoastaan paranna ty\u00f6ntekij\u00f6iden hyvinvointia, vaan my\u00f6s lis\u00e4\u00e4 tuottavuutta ja viihtyvyytt\u00e4. Uskomme, ett\u00e4 palvelumme auttavat asiakasyrityksi\u00e4 kasvamaan ja kehittym\u00e4\u00e4n entist\u00e4 paremmiksi.<\/p>\n\n\n\n<p>Vastuullisuus on toimintamme ytimess\u00e4. K\u00e4yt\u00e4mme ymp\u00e4rist\u00f6yst\u00e4v\u00e4llisi\u00e4 tuotteita ja menetelmi\u00e4, ja pyrimme jatkuvasti v\u00e4hent\u00e4m\u00e4\u00e4n ymp\u00e4rist\u00f6kuormitusta. Meille on t\u00e4rke\u00e4\u00e4, ett\u00e4 asiakkaamme voivat luottaa siihen, ett\u00e4 heid\u00e4n tilansa ovat turvallisissa ja vastuullisissa k\u00e4siss\u00e4.<\/p>\n\n\n\n<p>Olemme ylpeit\u00e4 siit\u00e4, ett\u00e4 voimme tarjota korkealaatuisia palveluita, jotka vastaavat asiakkaidemme tarpeisiin ja ylitt\u00e4v\u00e4t heid\u00e4n odotuksensa. Jokainen asiakassuhde on meille arvokas, ja pyrimme aina rakentamaan pitk\u00e4aikaisia ja luottamuksellisia suhteita.<\/p>\n\n\n\n<p><\/p>\n\n\n\n<h2 class=\"wp-block-heading\">Arktisen vaikutuksen raportointi<\/h2>\n\n\n\n<h3 class=\"wp-block-heading\">Keskeiset osat:<\/h3>\n\n\n\n<ul class=\"wp-block-list\">\n<li><strong>Datan pohjalta tehty vaikutusanalyysi<\/strong><br>Mittaa ja ymm\u00e4rr\u00e4 toimintasi vaikutukset arktisella alueella.<\/li>\n\n\n\n<li><strong>Tarinoita arktisista kest\u00e4vyyspoluista<\/strong><br>Viesti teoistasi vaikuttavalla ja kohdennetulla tavalla.<\/li>\n\n\n\n<li><strong>Julkiset vastuullisuusraportit<\/strong><br>Kerro sidosryhmille avoimesti kest\u00e4vyyteen liittyvist\u00e4 saavutuksistasi.<\/li>\n<\/ul>\n\n\n\n<p>Kaikista yll\u00e4 mainituista kohdista voit pyyt\u00e4\u00e4 lis\u00e4 tietoa s\u00e4hk\u00f6postitse!<\/p>\n\n\n\n<h3 class=\"wp-block-heading\"><strong>Tervetuloa tutustumaan palveluihimme ja kokemaan, miten voimme auttaa teit\u00e4 luomaan puhtaamman ja viihtyis\u00e4mm\u00e4n ty\u00f6ymp\u00e4rist\u00f6n!<\/strong><\/h3>\n\n\n\n<figure class=\"wp-block-image size-large\"><img loading=\"lazy\" decoding=\"async\" width=\"1280\" height=\"876\" src=\"https:\/\/blogi.eoppimispalvelut.fi\/arcticgreenclean\/files\/2025\/02\/IMG_20250219_184652-1280x876.jpg\" alt=\"\" class=\"wp-image-314\" srcset=\"https:\/\/blogi.eoppimispalvelut.fi\/arcticgreenclean\/files\/2025\/02\/IMG_20250219_184652-1280x876.jpg 1280w, https:\/\/blogi.eoppimispalvelut.fi\/arcticgreenclean\/files\/2025\/02\/IMG_20250219_184652-900x616.jpg 900w, https:\/\/blogi.eoppimispalvelut.fi\/arcticgreenclean\/files\/2025\/02\/IMG_20250219_184652-768x525.jpg 768w, https:\/\/blogi.eoppimispalvelut.fi\/arcticgreenclean\/files\/2025\/02\/IMG_20250219_184652-1536x1051.jpg 1536w, https:\/\/blogi.eoppimispalvelut.fi\/arcticgreenclean\/files\/2025\/02\/IMG_20250219_184652-2048x1401.jpg 2048w\" sizes=\"auto, (max-width: 1280px) 100vw, 1280px\" \/><\/figure>\n","protected":false},"excerpt":{"rendered":"<p>Arktista puhtautta, vihre\u00e4ll\u00e4 syd\u00e4mell\u00e4 Arctic Creen Clean Opy:n tarina alkoi tiiviin yst\u00e4v\u00e4porukkamme ajatuksesta luoda maailmaan lis\u00e4\u00e4 puhtautta ja vapauden tunnetta. &hellip; <a href=\"https:\/\/blogi.eoppimispalvelut.fi\/arcticgreenclean\/meidan-tarina\/\" class=\"more-link\">Continue reading<span class=\"screen-reader-text\"> &#8221;Meid\u00e4n tarina&#8221;<\/span><\/a><\/p>\n","protected":false},"author":48419,"featured_media":0,"parent":0,"menu_order":0,"comment_status":"closed","ping_status":"closed","template":"","meta":{"footnotes":""},"class_list":["post-35","page","type-page","status-publish","hentry"],"_links":{"self":[{"href":"https:\/\/blogi.eoppimispalvelut.fi\/arcticgreenclean\/wp-json\/wp\/v2\/pages\/35","targetHints":{"allow":["GET"]}}],"collection":[{"href":"https:\/\/blogi.eoppimispalvelut.fi\/arcticgreenclean\/wp-json\/wp\/v2\/pages"}],"about":[{"href":"https:\/\/blogi.eoppimispalvelut.fi\/arcticgreenclean\/wp-json\/wp\/v2\/types\/page"}],"author":[{"embeddable":true,"href":"https:\/\/blogi.eoppimispalvelut.fi\/arcticgreenclean\/wp-json\/wp\/v2\/users\/48419"}],"replies":[{"embeddable":true,"href":"https:\/\/blogi.eoppimispalvelut.fi\/arcticgreenclean\/wp-json\/wp\/v2\/comments?post=35"}],"version-history":[{"count":10,"href":"https:\/\/blogi.eoppimispalvelut.fi\/arcticgreenclean\/wp-json\/wp\/v2\/pages\/35\/revisions"}],"predecessor-version":[{"id":524,"href":"https:\/\/blogi.eoppimispalvelut.fi\/arcticgreenclean\/wp-json\/wp\/v2\/pages\/35\/revisions\/524"}],"wp:attachment":[{"href":"https:\/\/blogi.eoppimispalvelut.fi\/arcticgreenclean\/wp-json\/wp\/v2\/media?parent=35"}],"curies":[{"name":"wp","href":"https:\/\/api.w.org\/{rel}","templated":true}]}}