{"id":17,"date":"2020-12-01T13:41:45","date_gmt":"2020-12-01T11:41:45","guid":{"rendered":"https:\/\/blogi.eoppimispalvelut.fi\/arcticmark\/?page_id=17"},"modified":"2021-02-09T10:45:50","modified_gmt":"2021-02-09T08:45:50","slug":"tietoja-meista","status":"publish","type":"page","link":"https:\/\/blogi.eoppimispalvelut.fi\/arcticmark\/tietoja-meista\/","title":{"rendered":"Tietoja meist\u00e4"},"content":{"rendered":"<p><span style=\"color: #ffffff\">Olemme Arctic Marketing ja toimimme Napalaakson alueella. Toimenkuvaamme kuuluu asiakkaidemme markkinoinnin kehitt\u00e4minen erilaisten markkinointia tukevien v\u00e4lineiden avulla. Myymme sek\u00e4 vuokraamme mainoskalusteita, kuten telttoja, tauluja sek\u00e4 mainosjulisteita r\u00e4\u00e4t\u00e4l\u00f6ityn\u00e4 juuri yrityksenne tarpeisiin. Meilt\u00e4 voit my\u00f6s ostaa mit\u00e4 hienoimpia liikelahjoja yrityksesi logolla varustettuna.<\/span><\/p>\n<p><span style=\"color: #ffffff\">Lis\u00e4ksi meilt\u00e4 voit vuokrata jopa 12 hengelle sopivan kokoustilan, joka sijaitsee aivan Napalaakson keskustan tuntumassa. <\/span><\/p>\n<p style=\"text-align: left\"><span style=\"color: #ffffff\">Ja tietenkin meilt\u00e4 saat my\u00f6s teippaus- sek\u00e4 valokuvauspalveluita parhaalla laadulla taattuna!<\/span><\/p>\n<p><span style=\"color: #ffffff\">Yrityksess\u00e4mme toimivat henkil\u00f6t ovat jaettu kolmeen eri tiimiin. Taloustiimiin kuulluu toimitusjohtajamme Briitta Soppela, varatoimitusjohtaja Aleksi Lahtinen sek\u00e4 Eerik Kujala. Hankintatiimiss\u00e4 toimii Ella Rantala, Karoliina Kemppainen sek\u00e4 Jesse Kentt\u00e4maa. Myyntitiimin hommia hoitavat Antti Ker\u00e4nen, Vertti Mikkola sek\u00e4 Janne Hannula.\u00a0<\/span><\/p>\n<p>&nbsp;<\/p>\n<p>We are Arctic Marketing and we operate in the Arctic Valley.<\/p>\n<p>Our business includes developing marketing for our clients with several different products. We sell and rent marketing equipment, such as tents, billboards and posters tailored to your needs. From us you can also buy the finest business gifts with your company&#8217;s logo on them.<\/p>\n<p>In addition, you can rent a meeting room fit for up to 12 people, located right in the centre of Arctic Valley.<\/p>\n<p>And of course you will find taping and photography services from us with the best quality guaranteed.<\/p>\n<p>The people working in our company are separated into three teams. The finance team consists of CEO Briitta Soppela, vice president Aleksi Lahtinen and Eerik Kujala. The acquisition team includes Ella Rantala, Karoliina Kemppainen and Jesse Kentt\u00e4maa. The sales team is operated by Antti Ker\u00e4nen, Vertti Mikkola and Janne Hannula.<\/p>\n<p>&nbsp;<\/p>\n<h3><\/h3>\n","protected":false},"excerpt":{"rendered":"<p>Olemme Arctic Marketing ja toimimme Napalaakson alueella. Toimenkuvaamme kuuluu asiakkaidemme markkinoinnin kehitt\u00e4minen erilaisten markkinointia tukevien v\u00e4lineiden avulla. Myymme sek\u00e4 vuokraamme mainoskalusteita, kuten telttoja, tauluja sek\u00e4 mainosjulisteita r\u00e4\u00e4t\u00e4l\u00f6ityn\u00e4 juuri yrityksenne tarpeisiin. Meilt\u00e4 voit my\u00f6s ostaa mit\u00e4 hienoimpia liikelahjoja yrityksesi logolla varustettuna. Lis\u00e4ksi meilt\u00e4 voit vuokrata jopa 12 hengelle sopivan kokoustilan, joka sijaitsee aivan Napalaakson keskustan tuntumassa. &hellip; <\/p>\n<p class=\"link-more\"><a href=\"https:\/\/blogi.eoppimispalvelut.fi\/arcticmark\/tietoja-meista\/\" class=\"more-link\">Jatka lukemista<span class=\"screen-reader-text\"> &#8220;Tietoja meist\u00e4&#8221;<\/span><\/a><\/p>\n","protected":false},"author":4964,"featured_media":0,"parent":0,"menu_order":0,"comment_status":"closed","ping_status":"closed","template":"","meta":{"footnotes":""},"class_list":["post-17","page","type-page","status-publish","hentry"],"_links":{"self":[{"href":"https:\/\/blogi.eoppimispalvelut.fi\/arcticmark\/wp-json\/wp\/v2\/pages\/17","targetHints":{"allow":["GET"]}}],"collection":[{"href":"https:\/\/blogi.eoppimispalvelut.fi\/arcticmark\/wp-json\/wp\/v2\/pages"}],"about":[{"href":"https:\/\/blogi.eoppimispalvelut.fi\/arcticmark\/wp-json\/wp\/v2\/types\/page"}],"author":[{"embeddable":true,"href":"https:\/\/blogi.eoppimispalvelut.fi\/arcticmark\/wp-json\/wp\/v2\/users\/4964"}],"replies":[{"embeddable":true,"href":"https:\/\/blogi.eoppimispalvelut.fi\/arcticmark\/wp-json\/wp\/v2\/comments?post=17"}],"version-history":[{"count":17,"href":"https:\/\/blogi.eoppimispalvelut.fi\/arcticmark\/wp-json\/wp\/v2\/pages\/17\/revisions"}],"predecessor-version":[{"id":123,"href":"https:\/\/blogi.eoppimispalvelut.fi\/arcticmark\/wp-json\/wp\/v2\/pages\/17\/revisions\/123"}],"wp:attachment":[{"href":"https:\/\/blogi.eoppimispalvelut.fi\/arcticmark\/wp-json\/wp\/v2\/media?parent=17"}],"curies":[{"name":"wp","href":"https:\/\/api.w.org\/{rel}","templated":true}]}}