{"id":2,"date":"2020-12-01T12:34:34","date_gmt":"2020-12-01T10:34:34","guid":{"rendered":"https:\/\/blogi.eoppimispalvelut.fi\/arcticmark\/?page_id=2"},"modified":"2021-02-09T11:16:43","modified_gmt":"2021-02-09T09:16:43","slug":"esimerkkisivu","status":"publish","type":"page","link":"https:\/\/blogi.eoppimispalvelut.fi\/arcticmark\/esimerkkisivu\/","title":{"rendered":"Ota yhteytt\u00e4"},"content":{"rendered":"<p><strong>T\u00e4ll\u00e4 lomakkeella voit ottaa\u00a0 meihin yhteytt\u00e4 ja me vastaamme niin pian kuin mahdollista!<\/strong><\/p>\n<p><strong>Use this form to contact us and we will get back to you as soon as possible!<\/strong><\/p>\n","protected":false},"excerpt":{"rendered":"<p>T\u00e4ll\u00e4 lomakkeella voit ottaa\u00a0 meihin yhteytt\u00e4 ja me vastaamme niin pian kuin mahdollista! Use this form to contact us and we will get back to you as soon as possible!<\/p>\n","protected":false},"author":4930,"featured_media":0,"parent":0,"menu_order":0,"comment_status":"closed","ping_status":"open","template":"","meta":{"footnotes":""},"class_list":["post-2","page","type-page","status-publish","hentry"],"_links":{"self":[{"href":"https:\/\/blogi.eoppimispalvelut.fi\/arcticmark\/wp-json\/wp\/v2\/pages\/2","targetHints":{"allow":["GET"]}}],"collection":[{"href":"https:\/\/blogi.eoppimispalvelut.fi\/arcticmark\/wp-json\/wp\/v2\/pages"}],"about":[{"href":"https:\/\/blogi.eoppimispalvelut.fi\/arcticmark\/wp-json\/wp\/v2\/types\/page"}],"author":[{"embeddable":true,"href":"https:\/\/blogi.eoppimispalvelut.fi\/arcticmark\/wp-json\/wp\/v2\/users\/4930"}],"replies":[{"embeddable":true,"href":"https:\/\/blogi.eoppimispalvelut.fi\/arcticmark\/wp-json\/wp\/v2\/comments?post=2"}],"version-history":[{"count":4,"href":"https:\/\/blogi.eoppimispalvelut.fi\/arcticmark\/wp-json\/wp\/v2\/pages\/2\/revisions"}],"predecessor-version":[{"id":136,"href":"https:\/\/blogi.eoppimispalvelut.fi\/arcticmark\/wp-json\/wp\/v2\/pages\/2\/revisions\/136"}],"wp:attachment":[{"href":"https:\/\/blogi.eoppimispalvelut.fi\/arcticmark\/wp-json\/wp\/v2\/media?parent=2"}],"curies":[{"name":"wp","href":"https:\/\/api.w.org\/{rel}","templated":true}]}}