{"id":44,"date":"2020-12-01T14:04:34","date_gmt":"2020-12-01T12:04:34","guid":{"rendered":"https:\/\/blogi.eoppimispalvelut.fi\/arcticmark\/?page_id=44"},"modified":"2021-02-09T10:41:57","modified_gmt":"2021-02-09T08:41:57","slug":"etusivu","status":"publish","type":"page","link":"https:\/\/blogi.eoppimispalvelut.fi\/arcticmark\/","title":{"rendered":"Etusivu"},"content":{"rendered":"<h3>N\u00e4ytt\u00e4\u00e4k\u00f6 liikkeesi edusta t\u00e4lt\u00e4?<\/h3>\n<p>Does your shop&#8217;s forecourt look like this?<\/p>\n<p><img loading=\"lazy\" decoding=\"async\" class=\"\" src=\"https:\/\/s0.geograph.org.uk\/photos\/35\/69\/356982_8c5cd926.jpg\" alt=\"Market Place, Ely \u00a9 Richard Thomas cc-by-sa\/2.0 :: Geograph Britain and Ireland\" width=\"509\" height=\"342\" \/><\/p>\n<h3>Ja liikkeess\u00e4si t\u00e4lt\u00e4?<\/h3>\n<p>And in your shop like this?<\/p>\n<p><img loading=\"lazy\" decoding=\"async\" class=\"n3VNCb\" src=\"https:\/\/p1.piqsels.com\/preview\/848\/829\/240\/foyer-reception-hall-source-nuremberg-industry-building-thumbnail.jpg\" alt=\"vapaata teollisuushallissa-kuvaa | Piqsels\" width=\"513\" height=\"385\" data-noaft=\"1\" \/><\/p>\n<h3>Eik\u00f6 olisi mukavampaa, jos se n\u00e4ytt\u00e4isi esimerkiksi t\u00e4lt\u00e4?<\/h3>\n<p>Wouldn&#8217;t it be better if it looked like this instead?<\/p>\n<p><img loading=\"lazy\" decoding=\"async\" class=\"alignnone size-full wp-image-58\" src=\"https:\/\/blogi.eoppimispalvelut.fi\/arcticmark\/files\/2020\/12\/unnamed.jpg\" alt=\"\" width=\"512\" height=\"370\" \/><\/p>\n<p>&nbsp;<\/p>\n<h3>Olemme myyntiin ja markkinointiin erikoistunut yritys ja toimimme napalaakson alueella. Toiminnallamme pyrimme edist\u00e4m\u00e4\u00e4n asiakkaidemme mainontaa erilaisten mainostamista tukevien tuotteiden ja palveluiden avulla.<\/h3>\n<h3>Tutustu lis\u00e4\u00e4 tarjoamiimme tuotteisiin ja palveluihin tuotteet -sivulla ja kysy rohkeasti tarjousta yrityksellesi kustomoidusta paketista!<\/h3>\n<h3>We are a company specializing in sales and marketing and we operate at Arctic Valley. We aim to promote our customers&#8217; marketing with supporting products and services.<\/h3>\n<h3>Find out more about the products and services we offer from the products page and ask for an customized offer for your company!<\/h3>\n","protected":false},"excerpt":{"rendered":"<p>N\u00e4ytt\u00e4\u00e4k\u00f6 liikkeesi edusta t\u00e4lt\u00e4? Does your shop&#8217;s forecourt look like this? Ja liikkeess\u00e4si t\u00e4lt\u00e4? And in your shop like this? Eik\u00f6 olisi mukavampaa, jos se n\u00e4ytt\u00e4isi esimerkiksi t\u00e4lt\u00e4? Wouldn&#8217;t it be better if it looked like this instead? &nbsp; Olemme myyntiin ja markkinointiin erikoistunut yritys ja toimimme napalaakson alueella. Toiminnallamme pyrimme edist\u00e4m\u00e4\u00e4n asiakkaidemme mainontaa erilaisten &hellip; <\/p>\n<p class=\"link-more\"><a href=\"https:\/\/blogi.eoppimispalvelut.fi\/arcticmark\/\" class=\"more-link\">Jatka lukemista<span class=\"screen-reader-text\"> &#8220;Etusivu&#8221;<\/span><\/a><\/p>\n","protected":false},"author":4961,"featured_media":0,"parent":0,"menu_order":0,"comment_status":"closed","ping_status":"closed","template":"","meta":{"footnotes":""},"class_list":["post-44","page","type-page","status-publish","hentry"],"_links":{"self":[{"href":"https:\/\/blogi.eoppimispalvelut.fi\/arcticmark\/wp-json\/wp\/v2\/pages\/44","targetHints":{"allow":["GET"]}}],"collection":[{"href":"https:\/\/blogi.eoppimispalvelut.fi\/arcticmark\/wp-json\/wp\/v2\/pages"}],"about":[{"href":"https:\/\/blogi.eoppimispalvelut.fi\/arcticmark\/wp-json\/wp\/v2\/types\/page"}],"author":[{"embeddable":true,"href":"https:\/\/blogi.eoppimispalvelut.fi\/arcticmark\/wp-json\/wp\/v2\/users\/4961"}],"replies":[{"embeddable":true,"href":"https:\/\/blogi.eoppimispalvelut.fi\/arcticmark\/wp-json\/wp\/v2\/comments?post=44"}],"version-history":[{"count":9,"href":"https:\/\/blogi.eoppimispalvelut.fi\/arcticmark\/wp-json\/wp\/v2\/pages\/44\/revisions"}],"predecessor-version":[{"id":120,"href":"https:\/\/blogi.eoppimispalvelut.fi\/arcticmark\/wp-json\/wp\/v2\/pages\/44\/revisions\/120"}],"wp:attachment":[{"href":"https:\/\/blogi.eoppimispalvelut.fi\/arcticmark\/wp-json\/wp\/v2\/media?parent=44"}],"curies":[{"name":"wp","href":"https:\/\/api.w.org\/{rel}","templated":true}]}}