{"id":56,"date":"2020-12-07T10:39:01","date_gmt":"2020-12-07T08:39:01","guid":{"rendered":"https:\/\/blogi.eoppimispalvelut.fi\/arcticmark\/?page_id=56"},"modified":"2021-02-09T11:21:26","modified_gmt":"2021-02-09T09:21:26","slug":"ajankohtaista","status":"publish","type":"page","link":"https:\/\/blogi.eoppimispalvelut.fi\/arcticmark\/ajankohtaista\/","title":{"rendered":"Ajankohtaista"},"content":{"rendered":"<h3>Vuosi 2021 on saatu jo hyv\u00e4\u00e4n vauhtiin ja nyt on juuri oikea aika laittaa asiakkaidemmekin myynti luistamaan entist\u00e4 paremmin! Ota ihmeess\u00e4 yhteytt\u00e4, jotta saat kaikkien aikojen parhaimman yrityksellesi kustomoidun paketin.<\/h3>\n<h3>Year 2021 has started well and now it&#8217;s just the right time to get some more action in our customers&#8217; sales and marketing as well! Contact us so we can give you the best custom offer of all time for your company.<\/h3>\n<p>&nbsp;<\/p>\n<h3>Juuri nyt tarjoamme MM-kisojen kunniaksi pipo + tuubihuivi molemmat Suomen lipulla painatettuina hintaan 64,90\u20ac (Ovh. 75\u20ac). Jos ostat 10 tai useamman kappaletta kerralla, hinta on vain 59,90\u20ac\/kpl.<\/h3>\n<h3>Now in the honor of World Championship we offer you beanie + tube scarf both printed with Finland (or any country) flag at cost of 64,90\u20ac (Msrp. 75\u20ac). If you buy 10 or more pieces at once the prize will be 59,90\u20ac each.<\/h3>\n<p><img decoding=\"async\" class=\"n3VNCb\" src=\"https:\/\/www.jatkoaika.com\/sites\/default\/files\/styles\/iso960\/public\/media\/GettyImages-1230398333.jpg?itok=xY1mBRZN\" alt=\"Kuvahaun tulos: maailman mestaruuskisat 2021\" data-noaft=\"1\" \/><\/p>\n","protected":false},"excerpt":{"rendered":"<p>Vuosi 2021 on saatu jo hyv\u00e4\u00e4n vauhtiin ja nyt on juuri oikea aika laittaa asiakkaidemmekin myynti luistamaan entist\u00e4 paremmin! Ota ihmeess\u00e4 yhteytt\u00e4, jotta saat kaikkien aikojen parhaimman yrityksellesi kustomoidun paketin. Year 2021 has started well and now it&#8217;s just the right time to get some more action in our customers&#8217; sales and marketing as well! &hellip; <\/p>\n<p class=\"link-more\"><a href=\"https:\/\/blogi.eoppimispalvelut.fi\/arcticmark\/ajankohtaista\/\" class=\"more-link\">Jatka lukemista<span class=\"screen-reader-text\"> &#8220;Ajankohtaista&#8221;<\/span><\/a><\/p>\n","protected":false},"author":4913,"featured_media":0,"parent":0,"menu_order":0,"comment_status":"closed","ping_status":"closed","template":"","meta":{"footnotes":""},"class_list":["post-56","page","type-page","status-publish","hentry"],"_links":{"self":[{"href":"https:\/\/blogi.eoppimispalvelut.fi\/arcticmark\/wp-json\/wp\/v2\/pages\/56","targetHints":{"allow":["GET"]}}],"collection":[{"href":"https:\/\/blogi.eoppimispalvelut.fi\/arcticmark\/wp-json\/wp\/v2\/pages"}],"about":[{"href":"https:\/\/blogi.eoppimispalvelut.fi\/arcticmark\/wp-json\/wp\/v2\/types\/page"}],"author":[{"embeddable":true,"href":"https:\/\/blogi.eoppimispalvelut.fi\/arcticmark\/wp-json\/wp\/v2\/users\/4913"}],"replies":[{"embeddable":true,"href":"https:\/\/blogi.eoppimispalvelut.fi\/arcticmark\/wp-json\/wp\/v2\/comments?post=56"}],"version-history":[{"count":7,"href":"https:\/\/blogi.eoppimispalvelut.fi\/arcticmark\/wp-json\/wp\/v2\/pages\/56\/revisions"}],"predecessor-version":[{"id":139,"href":"https:\/\/blogi.eoppimispalvelut.fi\/arcticmark\/wp-json\/wp\/v2\/pages\/56\/revisions\/139"}],"wp:attachment":[{"href":"https:\/\/blogi.eoppimispalvelut.fi\/arcticmark\/wp-json\/wp\/v2\/media?parent=56"}],"curies":[{"name":"wp","href":"https:\/\/api.w.org\/{rel}","templated":true}]}}