{"id":545,"date":"2022-05-02T09:46:03","date_gmt":"2022-05-02T06:46:03","guid":{"rendered":"https:\/\/blogi.eoppimispalvelut.fi\/arcticresearchcommunity\/?page_id=545"},"modified":"2022-05-02T10:10:39","modified_gmt":"2022-05-02T07:10:39","slug":"tausta","status":"publish","type":"page","link":"https:\/\/blogi.eoppimispalvelut.fi\/arcticresearchcommunity\/tausta\/","title":{"rendered":"Tausta"},"content":{"rendered":"<p>[et_pb_section fb_built=&#8221;1&#8243; admin_label=&#8221;Landing Hero&#8221; _builder_version=&#8221;3.22&#8243; use_background_color_gradient=&#8221;on&#8221; background_color_gradient_start=&#8221;#27292d&#8221; background_color_gradient_end=&#8221;#000000&#8243; background_color_gradient_direction=&#8221;144deg&#8221; background_color_gradient_start_position=&#8221;58%&#8221; background_image=&#8221;https:\/\/blogi.eoppimispalvelut.fi\/arcticresearchcommunity\/files\/2021\/09\/coding-background-texture.jpg&#8221; background_blend=&#8221;overlay&#8221; custom_padding=&#8221;100px|0px|100px|0px&#8221; animation_style=&#8221;slide&#8221; animation_direction=&#8221;top&#8221; animation_intensity_slide=&#8221;2%&#8221; locked=&#8221;off&#8221;][et_pb_row column_structure=&#8221;3_5,2_5&#8243; _builder_version=&#8221;3.25&#8243; custom_margin=&#8221;|||&#8221; custom_width_px=&#8221;1280px&#8221;][et_pb_column type=&#8221;3_5&#8243; _builder_version=&#8221;3.25&#8243; custom_padding=&#8221;|||&#8221; custom_padding__hover=&#8221;|||&#8221;][et_pb_text _builder_version=&#8221;3.27.4&#8243; header_font=&#8221;|on|||&#8221; header_font_size=&#8221;42px&#8221; header_line_height=&#8221;1.3em&#8221; background_layout=&#8221;dark&#8221; custom_padding=&#8221;|||&#8221; header_font_size_last_edited=&#8221;off|desktop&#8221; locked=&#8221;off&#8221;]<\/p>\n<h1>Yhteisty\u00f6n tausta<\/h1>\n<p>[\/et_pb_text][et_pb_text _builder_version=&#8221;4.8.2&#8243; text_text_color=&#8221;#6fd3e2&#8243; text_font_size=&#8221;16px&#8221; text_line_height=&#8221;1.9em&#8221; custom_padding=&#8221;||0px|||&#8221; locked=&#8221;off&#8221;]<\/p>\n<p>Lapin yliopiston, Lapin AMK:n, GTK:n ja Luken yhteisty\u00f6t\u00e4 on rakennettu systemaattisesti hankkeilla 2010-luvun alusta l\u00e4htien. Yhteisty\u00f6hankkeiden mahdollistajana on ollut Lapin liiton my\u00f6nt\u00e4m\u00e4 Euroopan aluekehitysrahaston tuki.<\/p>\n<p>Yhteisty\u00f6hankkeita yhdist\u00e4\u00e4 <a href=\"#arctic-smartness\"><span style=\"color: #ffffff\">Lapin \u00e4lykk\u00e4\u00e4n erikoistumisen ohjelman toteutus ja Arctic Smartness -br\u00e4ndi<\/span><\/a>.<\/p>\n<p>[\/et_pb_text][et_pb_image src=&#8221;https:\/\/blogi.eoppimispalvelut.fi\/arcticresearchcommunity\/files\/2021\/09\/Vipuvoimaa_Eulta_2014-2020_ja_EAKR.png&#8221; alt=&#8221;Vipuvoimaa EU:lta 2014\u20132020 ja Euroopan unioni, Euroopan aluekehitysrahasto -tunnukset&#8221; title_text=&#8221;Vipuvoimaa EU:lta 2014\u20132020 ja Euroopan unioni, Euroopan aluekehitysrahasto -tunnukset&#8221; _builder_version=&#8221;4.8.2&#8243; _module_preset=&#8221;default&#8221; background_color=&#8221;#FFFFFF&#8221; width=&#8221;39%&#8221; animation_style=&#8221;slide&#8221; animation_direction=&#8221;left&#8221; animation_duration=&#8221;650ms&#8221; border_radii=&#8221;on|13px|13px|13px|13px&#8221; border_width_all=&#8221;4px&#8221; border_color_all=&#8221;#ffffff&#8221;][\/et_pb_image][\/et_pb_column][et_pb_column type=&#8221;2_5&#8243; _builder_version=&#8221;4.8.2&#8243; _module_preset=&#8221;default&#8221;][et_pb_image src=&#8221;https:\/\/blogi.eoppimispalvelut.fi\/arcticresearchcommunity\/files\/2021\/10\/ARC-grafiikka_01.png&#8221; title_text=&#8221;ARC-grafiikka_01&#8243; _builder_version=&#8221;4.8.2&#8243; _module_preset=&#8221;default&#8221;][\/et_pb_image][\/et_pb_column][\/et_pb_row][\/et_pb_section][et_pb_section fb_built=&#8221;1&#8243; _builder_version=&#8221;4.8.2&#8243; _module_preset=&#8221;default&#8221;][et_pb_row column_structure=&#8221;1_3,1_3,1_3&#8243; _builder_version=&#8221;4.8.2&#8243; _module_preset=&#8221;default&#8221;][et_pb_column type=&#8221;1_3&#8243; _builder_version=&#8221;4.8.2&#8243; _module_preset=&#8221;default&#8221;][et_pb_text _builder_version=&#8221;4.8.2&#8243; _module_preset=&#8221;default&#8221;]<\/p>\n<h6><strong>Arctic Smartness Portfolio (ASP)<\/strong><\/h6>\n<p>ASP-hankkeessa rakennettiin klusterity\u00f6n avulla maakunnan kansainv\u00e4list\u00e4 yhteisty\u00f6t\u00e4. <a href=\"https:\/\/arcticsmartness.fi\/klusterit\/\" target=\"_blank\" rel=\"noopener noreferrer\">Lapin \u00e4lykk\u00e4\u00e4n erikoistumisen klustereita<\/a> kehitettiin kohti kansainv\u00e4listymist\u00e4 ja vahvistettiin kansainv\u00e4lisen rahoituksen hankintaa Lappiin.<\/p>\n<p><strong>Toteuttajat<\/strong>: Lapin liitto, Luonnonvarakeskus (Luke), Geologian tutkimuskeskus (GTK), Kemin Digipolis Oy, ProAgria, Lapin ammattikorkeakoulu, Lapin yliopisto ja Rovaniemen Kehitys Oy.<\/p>\n<p><strong>Hankeaika<\/strong>: 2.7.\u201331.12.2015<\/p>\n<p>[\/et_pb_text][\/et_pb_column][et_pb_column type=&#8221;1_3&#8243; _builder_version=&#8221;4.8.2&#8243; _module_preset=&#8221;default&#8221;][et_pb_text _builder_version=&#8221;4.8.2&#8243; _module_preset=&#8221;default&#8221;]<\/p>\n<h6><strong>Arctic Smartness Excellence (ASE)<\/strong><\/h6>\n<p>ASE-hanke jatkokehitti yritysl\u00e4ht\u00f6ist\u00e4 klusteritoimintaa. Lis\u00e4ksi hanke vahvisti klustereiden sek\u00e4 korkeakoulujen ja tutkimuslaitosten yhteisty\u00f6t\u00e4.<\/p>\n<p>Hankkeessa rakennettiin perusta maakunnalliselle tutkimuksen ja kehitt\u00e4misen osaamiskeskittym\u00e4lle<\/p>\n<p><strong>Toteuttajat<\/strong>: Lapin yliopisto, Lapin liitto, Luonnonvarakeskus (Luke), Geologian tutkimuskeskus (GTK), Kemin Digipolis Oy, ProAgria, Lapin ammattikorkeakoulu ja Rovaniemen Kehitys Oy.<\/p>\n<p><strong>Hankeaika<\/strong>: 13.2.2016\u201315.3.2018<\/p>\n<p>[\/et_pb_text][\/et_pb_column][et_pb_column type=&#8221;1_3&#8243; _builder_version=&#8221;4.8.2&#8243; _module_preset=&#8221;default&#8221;][et_pb_text _builder_version=&#8221;4.8.2&#8243; _module_preset=&#8221;default&#8221;]<\/p>\n<h6><strong>Arctic Smartness RDI Excellence (ASR)<\/strong><\/h6>\n<p><a href=\"http:\/\/arcticsmartness.fi\/ASR\">ASR-hanke<\/a> k\u00e4ynnisti Lapin maakunnallisen TKI-osaamiskeskittym\u00e4n toiminnan toden teolla. Lis\u00e4ksi hankkeessa kehitettiin Arktiset kehitt\u00e4misymp\u00e4rist\u00f6t -klusteria edelleen osaamiskeskittym\u00e4n yritysrajapinnaksi. Hanke my\u00f6s kansainv\u00e4listi osaamiskeskittym\u00e4n toimintaa luomalla sille verkostoja, n\u00e4kyvyytt\u00e4 ja uskottavuutta EU-tasolla. ASR:n sisarhankkeena toimi <a href=\"http:\/\/arcticsmartness.fi\/ASG\">ASG<\/a>.<\/p>\n<p><strong>Toteuttajat<\/strong>: Lapin yliopisto, Lapin ammattikorkeakoulu, Luonnonvarakeskus (Luke) ja Geologian tutkimuskeskus (GTK).<\/p>\n<p><strong>Hankeaika<\/strong>: 1.9.2018\u201331.10.2021<\/p>\n<p>[\/et_pb_text][\/et_pb_column][\/et_pb_row][\/et_pb_section][et_pb_section fb_built=&#8221;1&#8243; _builder_version=&#8221;4.8.2&#8243; _module_preset=&#8221;default&#8221; background_color=&#8221;#f2f2f2&#8243;][et_pb_row column_structure=&#8221;3_4,1_4&#8243; _builder_version=&#8221;4.8.2&#8243; _module_preset=&#8221;default&#8221;][et_pb_column type=&#8221;3_4&#8243; _builder_version=&#8221;4.8.2&#8243; _module_preset=&#8221;default&#8221;][et_pb_text module_id=&#8221;arctic-smartness&#8221; _builder_version=&#8221;4.8.2&#8243; _module_preset=&#8221;default&#8221;]<\/p>\n<h2>Arctic Smartness<\/h2>\n<p>[\/et_pb_text][et_pb_text _builder_version=&#8221;4.8.2&#8243; _module_preset=&#8221;default&#8221;]<\/p>\n<div class=\"elementor-element elementor-element-5cc2231 elementor-widget elementor-widget-text-editor\" data-id=\"5cc2231\" data-element_type=\"widget\" data-widget_type=\"text-editor.default\">\n<div class=\"elementor-widget-container\">\n<div class=\"elementor-text-editor elementor-clearfix\">\n<p>\u00c4lyk\u00e4st\u00e4 erikoistumista on toteutettu ruohonjuuritasolla Lapissa Arctic Smartness -br\u00e4ndin alla. Kuuden <a href=\"https:\/\/arcticsmartness.fi\/klusterit\/\">Arctic Smartness -klusterin<\/a> avulla Lappi pystyy hy\u00f6dynt\u00e4m\u00e4\u00e4n alueellista osaamista ja rajat ylitt\u00e4vi\u00e4 strategisia kumppanuuksia parhaalla mahdollisella tavalla. Kaikki kuusi klusteria toteuttavat uusia paikallisia ja eurooppalaisia aloitteita ja projekteja luoden kasvualustan alueen taloudelliselle kehitykselle.<\/p>\n<\/div>\n<\/div>\n<\/div>\n<p>[\/et_pb_text][et_pb_text _builder_version=&#8221;4.8.2&#8243; _module_preset=&#8221;default&#8221;]<\/p>\n<p><a href=\"http:\/\/arcticsmartness.fi\">Lue lis\u00e4\u00e4 Arctic Smartnessista ja Lapin \u00e4lykk\u00e4\u00e4st\u00e4 erikoistumisesta &gt;<\/a><\/p>\n<p>[\/et_pb_text][\/et_pb_column][et_pb_column type=&#8221;1_4&#8243; _builder_version=&#8221;4.8.2&#8243; _module_preset=&#8221;default&#8221;][et_pb_image src=&#8221;https:\/\/blogi.eoppimispalvelut.fi\/arcticresearchcommunity\/files\/2021\/10\/Arctic_Smartness_Lapland_Above_Ordinary.png&#8221; alt=&#8221;Arctic Smartness Lapland Above ordinary -tunnus&#8221; title_text=&#8221;Arctic Smartness Lapland Above ordinary -tunnus&#8221; url=&#8221;http:\/\/arcticsmartness.fi&#8221; url_new_window=&#8221;on&#8221; _builder_version=&#8221;4.8.2&#8243; _module_preset=&#8221;default&#8221;][\/et_pb_image][\/et_pb_column][\/et_pb_row][\/et_pb_section]<\/p>\n","protected":false},"excerpt":{"rendered":"<p>Yhteisty\u00f6n tausta Lapin yliopiston, Lapin AMK:n, GTK:n ja Luken yhteisty\u00f6t\u00e4 on rakennettu systemaattisesti hankkeilla 2010-luvun alusta l\u00e4htien. Yhteisty\u00f6hankkeiden mahdollistajana on ollut Lapin liiton my\u00f6nt\u00e4m\u00e4 Euroopan aluekehitysrahaston tuki. Yhteisty\u00f6hankkeita yhdist\u00e4\u00e4 Lapin \u00e4lykk\u00e4\u00e4n erikoistumisen ohjelman toteutus ja Arctic Smartness -br\u00e4ndi. Arctic Smartness Portfolio (ASP) ASP-hankkeessa rakennettiin klusterity\u00f6n avulla maakunnan kansainv\u00e4list\u00e4 yhteisty\u00f6t\u00e4. Lapin \u00e4lykk\u00e4\u00e4n erikoistumisen klustereita kehitettiin kohti [&hellip;]<\/p>\n","protected":false},"author":5301,"featured_media":0,"parent":0,"menu_order":0,"comment_status":"closed","ping_status":"closed","template":"","meta":{"_et_pb_use_builder":"on","_et_pb_old_content":"","_et_gb_content_width":"","footnotes":""},"class_list":["post-545","page","type-page","status-publish","hentry"],"_links":{"self":[{"href":"https:\/\/blogi.eoppimispalvelut.fi\/arcticresearchcommunity\/wp-json\/wp\/v2\/pages\/545","targetHints":{"allow":["GET"]}}],"collection":[{"href":"https:\/\/blogi.eoppimispalvelut.fi\/arcticresearchcommunity\/wp-json\/wp\/v2\/pages"}],"about":[{"href":"https:\/\/blogi.eoppimispalvelut.fi\/arcticresearchcommunity\/wp-json\/wp\/v2\/types\/page"}],"author":[{"embeddable":true,"href":"https:\/\/blogi.eoppimispalvelut.fi\/arcticresearchcommunity\/wp-json\/wp\/v2\/users\/5301"}],"replies":[{"embeddable":true,"href":"https:\/\/blogi.eoppimispalvelut.fi\/arcticresearchcommunity\/wp-json\/wp\/v2\/comments?post=545"}],"version-history":[{"count":6,"href":"https:\/\/blogi.eoppimispalvelut.fi\/arcticresearchcommunity\/wp-json\/wp\/v2\/pages\/545\/revisions"}],"predecessor-version":[{"id":581,"href":"https:\/\/blogi.eoppimispalvelut.fi\/arcticresearchcommunity\/wp-json\/wp\/v2\/pages\/545\/revisions\/581"}],"wp:attachment":[{"href":"https:\/\/blogi.eoppimispalvelut.fi\/arcticresearchcommunity\/wp-json\/wp\/v2\/media?parent=545"}],"curies":[{"name":"wp","href":"https:\/\/api.w.org\/{rel}","templated":true}]}}