{"id":556,"date":"2022-05-02T09:50:09","date_gmt":"2022-05-02T06:50:09","guid":{"rendered":"https:\/\/blogi.eoppimispalvelut.fi\/arcticresearchcommunity\/?page_id=556"},"modified":"2023-09-14T09:11:50","modified_gmt":"2023-09-14T06:11:50","slug":"yritysyhteistyo","status":"publish","type":"page","link":"https:\/\/blogi.eoppimispalvelut.fi\/arcticresearchcommunity\/yritysyhteistyo\/","title":{"rendered":"Yritysyhteisty\u00f6"},"content":{"rendered":"<p>[et_pb_section fb_built=&#8221;1&#8243; admin_label=&#8221;Landing Hero&#8221; _builder_version=&#8221;4.20.4&#8243; background_blend=&#8221;overlay&#8221; custom_padding=&#8221;100px|0px|100px|0px&#8221; animation_style=&#8221;slide&#8221; animation_direction=&#8221;top&#8221; animation_intensity_slide=&#8221;2%&#8221; hover_enabled=&#8221;0&#8243; locked=&#8221;off&#8221; global_colors_info=&#8221;{}&#8221; background_enable_image=&#8221;off&#8221; background_color=&#8221;#333333&#8243; sticky_enabled=&#8221;0&#8243;][et_pb_row column_structure=&#8221;3_5,2_5&#8243; _builder_version=&#8221;4.16&#8243; custom_margin=&#8221;|||&#8221; custom_width_px=&#8221;1280px&#8221; global_colors_info=&#8221;{}&#8221;][et_pb_column type=&#8221;3_5&#8243; _builder_version=&#8221;4.16&#8243; custom_padding=&#8221;|||&#8221; global_colors_info=&#8221;{}&#8221; custom_padding__hover=&#8221;|||&#8221;][et_pb_text _builder_version=&#8221;4.16&#8243; header_font=&#8221;|on|||&#8221; header_font_size=&#8221;42px&#8221; header_line_height=&#8221;1.3em&#8221; background_layout=&#8221;dark&#8221; custom_padding=&#8221;|||&#8221; header_font_size_last_edited=&#8221;off|desktop&#8221; locked=&#8221;off&#8221; global_colors_info=&#8221;{}&#8221;]<\/p>\n<h1>Yritysyhteisty\u00f6<\/h1>\n<p>[\/et_pb_text][et_pb_text _builder_version=&#8221;4.16&#8243; text_text_color=&#8221;#6fd3e2&#8243; text_font_size=&#8221;16px&#8221; text_line_height=&#8221;1.9em&#8221; custom_padding=&#8221;||1px|||&#8221; locked=&#8221;off&#8221; global_colors_info=&#8221;{}&#8221;]<\/p>\n<p>Arctic Research Communityn yhten\u00e4 tavoitteena on organisaatioiden yhteisty\u00f6ll\u00e4 mahdollistaa entist\u00e4 laajemmat ja paremmat TKI-palvelut elinkeinoel\u00e4m\u00e4lle.<\/p>\n<p>Yhteisty\u00f6n yritysrajapintana toimii <span style=\"color: #ffffff\"><a href=\"#arktiset-kehittamisymparistot\" style=\"color: #ffffff\">Arktiset kehitt\u00e4misymp\u00e4rist\u00f6t -klusteri<\/a><\/span>.<\/p>\n<p>[\/et_pb_text][\/et_pb_column][et_pb_column type=&#8221;2_5&#8243; _builder_version=&#8221;4.16&#8243; _module_preset=&#8221;default&#8221; global_colors_info=&#8221;{}&#8221;][et_pb_image src=&#8221;https:\/\/blogi.eoppimispalvelut.fi\/arcticresearchcommunity\/files\/2021\/10\/Arktiset-kehittamisymparistot_valkoinen.png&#8221; alt=&#8221;Arktiset kehitt\u00e4misymp\u00e4rist\u00f6t -klusterin tunnus&#8221; title_text=&#8221;Arktiset kehitt\u00e4misymp\u00e4rist\u00f6t -klusteri&#8221; _builder_version=&#8221;4.16&#8243; _module_preset=&#8221;default&#8221; width=&#8221;73%&#8221; global_colors_info=&#8221;{}&#8221;][\/et_pb_image][\/et_pb_column][\/et_pb_row][\/et_pb_section][et_pb_section fb_built=&#8221;1&#8243; _builder_version=&#8221;4.16&#8243; _module_preset=&#8221;default&#8221; global_colors_info=&#8221;{}&#8221;][et_pb_row column_structure=&#8221;1_3,2_3&#8243; _builder_version=&#8221;4.16&#8243; _module_preset=&#8221;default&#8221; global_colors_info=&#8221;{}&#8221;][et_pb_column type=&#8221;1_3&#8243; _builder_version=&#8221;4.16&#8243; _module_preset=&#8221;default&#8221; global_colors_info=&#8221;{}&#8221;][et_pb_text module_id=&#8221;arktiset-kehittamisymparistot&#8221; _builder_version=&#8221;4.16&#8243; _module_preset=&#8221;default&#8221; global_colors_info=&#8221;{}&#8221;]<\/p>\n<h1>Arktiset kehitt\u00e4misymp\u00e4rist\u00f6t -klusteri<\/h1>\n<p>[\/et_pb_text][et_pb_image src=&#8221;https:\/\/blogi.eoppimispalvelut.fi\/arcticresearchcommunity\/files\/2021\/10\/Ardico-lumiukko.png&#8221; _builder_version=&#8221;4.16&#8243; _module_preset=&#8221;default&#8221; global_colors_info=&#8221;{}&#8221;][\/et_pb_image][\/et_pb_column][et_pb_column type=&#8221;2_3&#8243; _builder_version=&#8221;4.16&#8243; _module_preset=&#8221;default&#8221; global_colors_info=&#8221;{}&#8221;][et_pb_text _builder_version=&#8221;4.16&#8243; _module_preset=&#8221;default&#8221; global_colors_info=&#8221;{}&#8221;]<\/p>\n<div class=\"elementor-column elementor-col-50 elementor-inner-column elementor-element elementor-element-b6ee5bd\" data-id=\"b6ee5bd\" data-element_type=\"column\">\n<div class=\"elementor-column-wrap elementor-element-populated\">\n<div class=\"elementor-widget-wrap\">\n<div class=\"elementor-element elementor-element-9d21216 elementor-widget elementor-widget-text-editor\" data-id=\"9d21216\" data-element_type=\"widget\" data-widget_type=\"text-editor.default\">\n<div class=\"elementor-widget-container\">\n<div class=\"elementor-text-editor elementor-clearfix\">\n<p>Arktiset kehitt\u00e4misymp\u00e4rist\u00f6t -klusterin tarkoituksena on koota Lapissa toimivat TKI-ymp\u00e4rist\u00f6t ja asiantuntijapalvelut yhteen niin, ett\u00e4 ne ovat paremmin elinkeinoel\u00e4m\u00e4n ja tutkimuksen saatavilla.<\/p>\n<p>Klusterin tavoitteena on<\/p>\n<ul>\n<li>edist\u00e4\u00e4 maakunnan elinkeinoel\u00e4m\u00e4n kehittymist\u00e4 korkealaatuisen tutkimus- ja kehitystoiminnan avulla sek\u00e4<\/li>\n<li>lis\u00e4\u00e4 yritysten investointeja tuotekehitykseen ja kansainv\u00e4listymiseen.<\/li>\n<\/ul>\n<div class=\"elementor-column elementor-col-50 elementor-inner-column elementor-element elementor-element-b6ee5bd\" data-id=\"b6ee5bd\" data-element_type=\"column\">\n<div class=\"elementor-column-wrap elementor-element-populated\">\n<div class=\"elementor-widget-wrap\">\n<div class=\"elementor-element elementor-element-9d21216 elementor-widget elementor-widget-text-editor\" data-id=\"9d21216\" data-element_type=\"widget\" data-widget_type=\"text-editor.default\">\n<div class=\"elementor-widget-container\">\n<div class=\"elementor-text-editor elementor-clearfix\">Klusterin palveluportaali <a href=\"http:\/\/www.ardico.fi\" target=\"_blank\" rel=\"noopener noreferrer\">Ardico.fi<\/a> kokoaa yhteen lappilaisia TKI-asiantuntijapalveluita ja kehitt\u00e4misymp\u00e4rist\u00f6j\u00e4.<\/div>\n<\/div>\n<\/div>\n<\/div>\n<\/div>\n<\/div>\n<\/div>\n<\/div>\n<\/div>\n<\/div>\n<\/div>\n<\/div>\n<p>[\/et_pb_text][et_pb_button button_url=&#8221;https:\/\/arcticsmartness.fi\/arktiset-kehittamisymparistot\/&#8221; url_new_window=&#8221;on&#8221; button_text=&#8221;Lue lis\u00e4\u00e4 klusterista&#8221; _builder_version=&#8221;4.16&#8243; _module_preset=&#8221;default&#8221; custom_button=&#8221;on&#8221; button_text_size=&#8221;13px&#8221; button_text_color=&#8221;#000000&#8243; button_border_width=&#8221;2px&#8221; button_border_radius=&#8221;5px&#8221; button_font=&#8221;||||||||&#8221; button_use_icon=&#8221;off&#8221; global_colors_info=&#8221;{}&#8221;][\/et_pb_button][et_pb_toggle title=&#8221;Lis\u00e4tietoa klusteritoiminnasta Lapissa&#8221; _builder_version=&#8221;4.16&#8243; _module_preset=&#8221;default&#8221; global_colors_info=&#8221;{}&#8221;]<strong>Klusteritoiminnan tarkoituksena on luoda kasvu- ja innovaatiomahdollisuuksia lappilaisille pk-yrityksille.<\/strong><\/p>\n<p>Klusterin ytimess\u00e4 ovat yritykset, ja mukana verkostossa voi olla esim.<\/p>\n<ul>\n<li>tutkimus- ja koulutusorganisaatioita,<\/li>\n<li>elinkeinoel\u00e4m\u00e4n tukipalveluita,<\/li>\n<li>kehitt\u00e4misorganisaatioita,<\/li>\n<li>yksityisi\u00e4 ja julkisia rahoittajia,<\/li>\n<li>kansallisia ja kansainv\u00e4lisi\u00e4 kumppaneita sek\u00e4<\/li>\n<li>kaupunki, kunta tai maakunta, jossa klusteri sijaitsee.<\/li>\n<\/ul>\n<p>Lapissa \u00e4lykk\u00e4\u00e4n erikoistumisen Arctic Smartness -klusterit edist\u00e4v\u00e4t eri yritysten ja verkoston muiden toimijoiden yhteisty\u00f6t\u00e4 ja kehitt\u00e4v\u00e4t uusia alueellisia arvoketjuja:<\/p>\n<ul>\n<li><strong><a href=\"https:\/\/arcticsmartness.fi\/arktinen-teollisuus-kiertotalous\/\">Arktinen teollisuus ja kiertotalous<\/a><\/strong><\/li>\n<li><a href=\"https:\/\/arcticsmartness.fi\/arktinen-maaseutuverkosto\/\"><strong>Arktinen \u00e4lyk\u00e4s maaseutuverkosto<\/strong><\/a><\/li>\n<li><a href=\"https:\/\/arcticsmartness.fi\/arktiset-kehittamisymparistot\/\"><strong>Arktiset kehitt\u00e4misymp\u00e4rist\u00f6t<\/strong><\/a><\/li>\n<li><a href=\"https:\/\/arcticsmartness.fi\/arktinen-muotoilu\/\"><strong>Arktinen muotoilu<\/strong><\/a><\/li>\n<li><a href=\"https:\/\/arcticsmartness.fi\/arktinen-turvallisuus\/\"><strong>Arktinen turvallisuus<\/strong><\/a><\/li>\n<li><strong><a href=\"https:\/\/arcticsmartness.fi\/arktinen-matkailuekosysteemi\/\">Arktinen matkailuekosysteemi<\/a><\/strong><\/li>\n<\/ul>\n<p>[\/et_pb_toggle][\/et_pb_column][\/et_pb_row][\/et_pb_section]<\/p>\n","protected":false},"excerpt":{"rendered":"<p>Yritysyhteisty\u00f6Arctic Research Communityn yhten\u00e4 tavoitteena on organisaatioiden yhteisty\u00f6ll\u00e4 mahdollistaa entist\u00e4 laajemmat ja paremmat TKI-palvelut elinkeinoel\u00e4m\u00e4lle. Yhteisty\u00f6n yritysrajapintana toimii Arktiset kehitt\u00e4misymp\u00e4rist\u00f6t -klusteri.Arktiset kehitt\u00e4misymp\u00e4rist\u00f6t -klusteri Arktiset kehitt\u00e4misymp\u00e4rist\u00f6t -klusterin tarkoituksena on koota Lapissa toimivat TKI-ymp\u00e4rist\u00f6t ja asiantuntijapalvelut yhteen niin, ett\u00e4 ne ovat paremmin elinkeinoel\u00e4m\u00e4n ja tutkimuksen saatavilla. Klusterin tavoitteena on edist\u00e4\u00e4 maakunnan elinkeinoel\u00e4m\u00e4n kehittymist\u00e4 korkealaatuisen tutkimus- ja kehitystoiminnan [&hellip;]<\/p>\n","protected":false},"author":5301,"featured_media":0,"parent":0,"menu_order":0,"comment_status":"closed","ping_status":"closed","template":"","meta":{"_et_pb_use_builder":"on","_et_pb_old_content":"","_et_gb_content_width":"","footnotes":""},"class_list":["post-556","page","type-page","status-publish","hentry"],"_links":{"self":[{"href":"https:\/\/blogi.eoppimispalvelut.fi\/arcticresearchcommunity\/wp-json\/wp\/v2\/pages\/556","targetHints":{"allow":["GET"]}}],"collection":[{"href":"https:\/\/blogi.eoppimispalvelut.fi\/arcticresearchcommunity\/wp-json\/wp\/v2\/pages"}],"about":[{"href":"https:\/\/blogi.eoppimispalvelut.fi\/arcticresearchcommunity\/wp-json\/wp\/v2\/types\/page"}],"author":[{"embeddable":true,"href":"https:\/\/blogi.eoppimispalvelut.fi\/arcticresearchcommunity\/wp-json\/wp\/v2\/users\/5301"}],"replies":[{"embeddable":true,"href":"https:\/\/blogi.eoppimispalvelut.fi\/arcticresearchcommunity\/wp-json\/wp\/v2\/comments?post=556"}],"version-history":[{"count":10,"href":"https:\/\/blogi.eoppimispalvelut.fi\/arcticresearchcommunity\/wp-json\/wp\/v2\/pages\/556\/revisions"}],"predecessor-version":[{"id":617,"href":"https:\/\/blogi.eoppimispalvelut.fi\/arcticresearchcommunity\/wp-json\/wp\/v2\/pages\/556\/revisions\/617"}],"wp:attachment":[{"href":"https:\/\/blogi.eoppimispalvelut.fi\/arcticresearchcommunity\/wp-json\/wp\/v2\/media?parent=556"}],"curies":[{"name":"wp","href":"https:\/\/api.w.org\/{rel}","templated":true}]}}