{"id":120,"date":"2025-01-29T11:11:18","date_gmt":"2025-01-29T09:11:18","guid":{"rendered":"https:\/\/blogi.eoppimispalvelut.fi\/arcticrewo\/?page_id=120"},"modified":"2025-02-26T10:00:47","modified_gmt":"2025-02-26T08:00:47","slug":"tyovaatteet-ulos","status":"publish","type":"page","link":"https:\/\/blogi.eoppimispalvelut.fi\/arcticrewo\/tyovaatteet-ulos\/","title":{"rendered":"TY\u00d6VAATTEET ULOS"},"content":{"rendered":"\n<figure class=\"wp-block-image size-large is-resized\"><img loading=\"lazy\" decoding=\"async\" width=\"500\" height=\"500\" src=\"https:\/\/blogi.eoppimispalvelut.fi\/arcticrewo\/files\/2025\/02\/TYOVAATTEET-SISALLE-1-2.png\" alt=\"\" class=\"wp-image-234\" style=\"width:541px;height:auto\" srcset=\"https:\/\/blogi.eoppimispalvelut.fi\/arcticrewo\/files\/2025\/02\/TYOVAATTEET-SISALLE-1-2.png 500w, https:\/\/blogi.eoppimispalvelut.fi\/arcticrewo\/files\/2025\/02\/TYOVAATTEET-SISALLE-1-2-120x120.png 120w, https:\/\/blogi.eoppimispalvelut.fi\/arcticrewo\/files\/2025\/02\/TYOVAATTEET-SISALLE-1-2-100x100.png 100w\" sizes=\"auto, (max-width: 500px) 100vw, 500px\" \/><\/figure>\n\n\n\n<figure class=\"wp-block-image size-large is-resized\"><img loading=\"lazy\" decoding=\"async\" width=\"500\" height=\"500\" src=\"https:\/\/blogi.eoppimispalvelut.fi\/arcticrewo\/files\/2025\/02\/TYOVAATTEET-SISALLE-2-2.png\" alt=\"\" class=\"wp-image-236\" style=\"width:547px;height:auto\" srcset=\"https:\/\/blogi.eoppimispalvelut.fi\/arcticrewo\/files\/2025\/02\/TYOVAATTEET-SISALLE-2-2.png 500w, https:\/\/blogi.eoppimispalvelut.fi\/arcticrewo\/files\/2025\/02\/TYOVAATTEET-SISALLE-2-2-120x120.png 120w, https:\/\/blogi.eoppimispalvelut.fi\/arcticrewo\/files\/2025\/02\/TYOVAATTEET-SISALLE-2-2-100x100.png 100w\" sizes=\"auto, (max-width: 500px) 100vw, 500px\" \/><\/figure>\n\n\n\n<figure class=\"wp-block-image size-full is-resized\"><img loading=\"lazy\" decoding=\"async\" width=\"500\" height=\"500\" src=\"https:\/\/blogi.eoppimispalvelut.fi\/arcticrewo\/files\/2025\/02\/TYOVAATTEET-SISALLE-3-2.png\" alt=\"\" class=\"wp-image-239\" style=\"width:577px;height:auto\" srcset=\"https:\/\/blogi.eoppimispalvelut.fi\/arcticrewo\/files\/2025\/02\/TYOVAATTEET-SISALLE-3-2.png 500w, https:\/\/blogi.eoppimispalvelut.fi\/arcticrewo\/files\/2025\/02\/TYOVAATTEET-SISALLE-3-2-120x120.png 120w, https:\/\/blogi.eoppimispalvelut.fi\/arcticrewo\/files\/2025\/02\/TYOVAATTEET-SISALLE-3-2-100x100.png 100w\" sizes=\"auto, (max-width: 500px) 100vw, 500px\" \/><\/figure>\n\n\n\n<p>Etk\u00f6 l\u00f6yt\u00e4nyt itsellesi sopivaa tuotetta? Ota meihin yhteytt\u00e4 ja kerro tarpeistasi, niin r\u00e4\u00e4t\u00e4l\u00f6imme juuri sinun yrityksellesi sopivan paketin.<\/p>\n","protected":false},"excerpt":{"rendered":"<p>Etk\u00f6 l\u00f6yt\u00e4nyt itsellesi sopivaa tuotetta? Ota meihin yhteytt\u00e4 ja kerro tarpeistasi, niin r\u00e4\u00e4t\u00e4l\u00f6imme juuri sinun yrityksellesi sopivan paketin.<\/p>\n","protected":false},"author":48414,"featured_media":0,"parent":0,"menu_order":0,"comment_status":"closed","ping_status":"closed","template":"","meta":{"footnotes":""},"class_list":["post-120","page","type-page","status-publish","hentry"],"_links":{"self":[{"href":"https:\/\/blogi.eoppimispalvelut.fi\/arcticrewo\/wp-json\/wp\/v2\/pages\/120","targetHints":{"allow":["GET"]}}],"collection":[{"href":"https:\/\/blogi.eoppimispalvelut.fi\/arcticrewo\/wp-json\/wp\/v2\/pages"}],"about":[{"href":"https:\/\/blogi.eoppimispalvelut.fi\/arcticrewo\/wp-json\/wp\/v2\/types\/page"}],"author":[{"embeddable":true,"href":"https:\/\/blogi.eoppimispalvelut.fi\/arcticrewo\/wp-json\/wp\/v2\/users\/48414"}],"replies":[{"embeddable":true,"href":"https:\/\/blogi.eoppimispalvelut.fi\/arcticrewo\/wp-json\/wp\/v2\/comments?post=120"}],"version-history":[{"count":9,"href":"https:\/\/blogi.eoppimispalvelut.fi\/arcticrewo\/wp-json\/wp\/v2\/pages\/120\/revisions"}],"predecessor-version":[{"id":264,"href":"https:\/\/blogi.eoppimispalvelut.fi\/arcticrewo\/wp-json\/wp\/v2\/pages\/120\/revisions\/264"}],"wp:attachment":[{"href":"https:\/\/blogi.eoppimispalvelut.fi\/arcticrewo\/wp-json\/wp\/v2\/media?parent=120"}],"curies":[{"name":"wp","href":"https:\/\/api.w.org\/{rel}","templated":true}]}}