{"id":127,"date":"2025-01-29T11:15:18","date_gmt":"2025-01-29T09:15:18","guid":{"rendered":"https:\/\/blogi.eoppimispalvelut.fi\/arcticrewo\/?page_id=127"},"modified":"2025-02-26T09:59:04","modified_gmt":"2025-02-26T07:59:04","slug":"tyovaatteet-sisalle","status":"publish","type":"page","link":"https:\/\/blogi.eoppimispalvelut.fi\/arcticrewo\/tyovaatteet-sisalle\/","title":{"rendered":"TY\u00d6VAATTEET SIS\u00c4LLE"},"content":{"rendered":"\n<figure class=\"wp-block-image size-full is-resized\"><img loading=\"lazy\" decoding=\"async\" width=\"500\" height=\"500\" src=\"https:\/\/blogi.eoppimispalvelut.fi\/arcticrewo\/files\/2025\/02\/TYOVAATTEET-SISALLE-8.png\" alt=\"\" class=\"wp-image-232\" style=\"width:505px;height:auto\" srcset=\"https:\/\/blogi.eoppimispalvelut.fi\/arcticrewo\/files\/2025\/02\/TYOVAATTEET-SISALLE-8.png 500w, https:\/\/blogi.eoppimispalvelut.fi\/arcticrewo\/files\/2025\/02\/TYOVAATTEET-SISALLE-8-120x120.png 120w, https:\/\/blogi.eoppimispalvelut.fi\/arcticrewo\/files\/2025\/02\/TYOVAATTEET-SISALLE-8-100x100.png 100w\" sizes=\"auto, (max-width: 500px) 100vw, 500px\" \/><\/figure>\n\n\n\n<figure class=\"wp-block-image size-full is-resized\"><img loading=\"lazy\" decoding=\"async\" width=\"500\" height=\"500\" src=\"https:\/\/blogi.eoppimispalvelut.fi\/arcticrewo\/files\/2025\/02\/TYOVAATTEET-SISALLE-8-1.png\" alt=\"\" class=\"wp-image-249\" style=\"width:498px;height:auto\" srcset=\"https:\/\/blogi.eoppimispalvelut.fi\/arcticrewo\/files\/2025\/02\/TYOVAATTEET-SISALLE-8-1.png 500w, https:\/\/blogi.eoppimispalvelut.fi\/arcticrewo\/files\/2025\/02\/TYOVAATTEET-SISALLE-8-1-120x120.png 120w, https:\/\/blogi.eoppimispalvelut.fi\/arcticrewo\/files\/2025\/02\/TYOVAATTEET-SISALLE-8-1-100x100.png 100w\" sizes=\"auto, (max-width: 500px) 100vw, 500px\" \/><\/figure>\n\n\n\n<p>Etk\u00f6 l\u00f6yt\u00e4nyt itsellesi sopivaa tuotetta? Ota meihin yhteytt\u00e4 ja kerro tarpeistasi, niin r\u00e4\u00e4t\u00e4l\u00f6imme juuri sinun yrityksellesi sopivan paketin.<\/p>\n","protected":false},"excerpt":{"rendered":"<p>Etk\u00f6 l\u00f6yt\u00e4nyt itsellesi sopivaa tuotetta? Ota meihin yhteytt\u00e4 ja kerro tarpeistasi, niin r\u00e4\u00e4t\u00e4l\u00f6imme juuri sinun yrityksellesi sopivan paketin.<\/p>\n","protected":false},"author":48414,"featured_media":0,"parent":0,"menu_order":0,"comment_status":"closed","ping_status":"closed","template":"","meta":{"footnotes":""},"class_list":["post-127","page","type-page","status-publish","hentry"],"_links":{"self":[{"href":"https:\/\/blogi.eoppimispalvelut.fi\/arcticrewo\/wp-json\/wp\/v2\/pages\/127","targetHints":{"allow":["GET"]}}],"collection":[{"href":"https:\/\/blogi.eoppimispalvelut.fi\/arcticrewo\/wp-json\/wp\/v2\/pages"}],"about":[{"href":"https:\/\/blogi.eoppimispalvelut.fi\/arcticrewo\/wp-json\/wp\/v2\/types\/page"}],"author":[{"embeddable":true,"href":"https:\/\/blogi.eoppimispalvelut.fi\/arcticrewo\/wp-json\/wp\/v2\/users\/48414"}],"replies":[{"embeddable":true,"href":"https:\/\/blogi.eoppimispalvelut.fi\/arcticrewo\/wp-json\/wp\/v2\/comments?post=127"}],"version-history":[{"count":8,"href":"https:\/\/blogi.eoppimispalvelut.fi\/arcticrewo\/wp-json\/wp\/v2\/pages\/127\/revisions"}],"predecessor-version":[{"id":262,"href":"https:\/\/blogi.eoppimispalvelut.fi\/arcticrewo\/wp-json\/wp\/v2\/pages\/127\/revisions\/262"}],"wp:attachment":[{"href":"https:\/\/blogi.eoppimispalvelut.fi\/arcticrewo\/wp-json\/wp\/v2\/media?parent=127"}],"curies":[{"name":"wp","href":"https:\/\/api.w.org\/{rel}","templated":true}]}}