{"id":131,"date":"2025-01-29T11:16:47","date_gmt":"2025-01-29T09:16:47","guid":{"rendered":"https:\/\/blogi.eoppimispalvelut.fi\/arcticrewo\/?page_id=131"},"modified":"2025-02-21T13:22:58","modified_gmt":"2025-02-21T11:22:58","slug":"toimistoon","status":"publish","type":"page","link":"https:\/\/blogi.eoppimispalvelut.fi\/arcticrewo\/toimistoon\/","title":{"rendered":"TOIMISTOON"},"content":{"rendered":"\n<figure class=\"wp-block-image size-full is-resized\"><img loading=\"lazy\" decoding=\"async\" width=\"500\" height=\"500\" src=\"https:\/\/blogi.eoppimispalvelut.fi\/arcticrewo\/files\/2025\/02\/TYOVAATTEET-SISALLE-4-1.png\" alt=\"\" class=\"wp-image-241\" style=\"width:500px;height:auto\" srcset=\"https:\/\/blogi.eoppimispalvelut.fi\/arcticrewo\/files\/2025\/02\/TYOVAATTEET-SISALLE-4-1.png 500w, https:\/\/blogi.eoppimispalvelut.fi\/arcticrewo\/files\/2025\/02\/TYOVAATTEET-SISALLE-4-1-120x120.png 120w, https:\/\/blogi.eoppimispalvelut.fi\/arcticrewo\/files\/2025\/02\/TYOVAATTEET-SISALLE-4-1-100x100.png 100w\" sizes=\"auto, (max-width: 500px) 100vw, 500px\" \/><\/figure>\n\n\n\n<figure class=\"wp-block-image size-full is-resized\"><img loading=\"lazy\" decoding=\"async\" width=\"500\" height=\"500\" src=\"https:\/\/blogi.eoppimispalvelut.fi\/arcticrewo\/files\/2025\/02\/TYOVAATTEET-SISALLE-5-1.png\" alt=\"\" class=\"wp-image-243\" style=\"width:503px;height:auto\" srcset=\"https:\/\/blogi.eoppimispalvelut.fi\/arcticrewo\/files\/2025\/02\/TYOVAATTEET-SISALLE-5-1.png 500w, https:\/\/blogi.eoppimispalvelut.fi\/arcticrewo\/files\/2025\/02\/TYOVAATTEET-SISALLE-5-1-120x120.png 120w, https:\/\/blogi.eoppimispalvelut.fi\/arcticrewo\/files\/2025\/02\/TYOVAATTEET-SISALLE-5-1-100x100.png 100w\" sizes=\"auto, (max-width: 500px) 100vw, 500px\" \/><\/figure>\n\n\n\n<p>Etk\u00f6 l\u00f6yt\u00e4nyt itsellesi sopivaa tuotetta? Ota meihin yhteytt\u00e4 ja kerro tarpeistasi, niin r\u00e4\u00e4t\u00e4l\u00f6imme juuri sinun yrityksellesi sopivan paketin.<\/p>\n","protected":false},"excerpt":{"rendered":"<p>Etk\u00f6 l\u00f6yt\u00e4nyt itsellesi sopivaa tuotetta? Ota meihin yhteytt\u00e4 ja kerro tarpeistasi, niin r\u00e4\u00e4t\u00e4l\u00f6imme juuri sinun yrityksellesi sopivan paketin.<\/p>\n","protected":false},"author":48414,"featured_media":0,"parent":0,"menu_order":0,"comment_status":"closed","ping_status":"closed","template":"","meta":{"footnotes":""},"class_list":["post-131","page","type-page","status-publish","hentry"],"_links":{"self":[{"href":"https:\/\/blogi.eoppimispalvelut.fi\/arcticrewo\/wp-json\/wp\/v2\/pages\/131","targetHints":{"allow":["GET"]}}],"collection":[{"href":"https:\/\/blogi.eoppimispalvelut.fi\/arcticrewo\/wp-json\/wp\/v2\/pages"}],"about":[{"href":"https:\/\/blogi.eoppimispalvelut.fi\/arcticrewo\/wp-json\/wp\/v2\/types\/page"}],"author":[{"embeddable":true,"href":"https:\/\/blogi.eoppimispalvelut.fi\/arcticrewo\/wp-json\/wp\/v2\/users\/48414"}],"replies":[{"embeddable":true,"href":"https:\/\/blogi.eoppimispalvelut.fi\/arcticrewo\/wp-json\/wp\/v2\/comments?post=131"}],"version-history":[{"count":5,"href":"https:\/\/blogi.eoppimispalvelut.fi\/arcticrewo\/wp-json\/wp\/v2\/pages\/131\/revisions"}],"predecessor-version":[{"id":244,"href":"https:\/\/blogi.eoppimispalvelut.fi\/arcticrewo\/wp-json\/wp\/v2\/pages\/131\/revisions\/244"}],"wp:attachment":[{"href":"https:\/\/blogi.eoppimispalvelut.fi\/arcticrewo\/wp-json\/wp\/v2\/media?parent=131"}],"curies":[{"name":"wp","href":"https:\/\/api.w.org\/{rel}","templated":true}]}}