{"id":26,"date":"2025-01-22T14:12:53","date_gmt":"2025-01-22T12:12:53","guid":{"rendered":"https:\/\/blogi.eoppimispalvelut.fi\/arcticrewo\/?page_id=26"},"modified":"2025-03-19T08:21:21","modified_gmt":"2025-03-19T06:21:21","slug":"etusivu","status":"publish","type":"page","link":"https:\/\/blogi.eoppimispalvelut.fi\/arcticrewo\/","title":{"rendered":"Etusivu"},"content":{"rendered":"\n<p>Olemme Napalaaksossa toimiva ty\u00f6vaateyritys. Meilt\u00e4 voit ostaa yritykseesi monipuolisesti ty\u00f6vaatteita oman yrityksesi logolla ja nimell\u00e4 varustettuna. Tarjoamme ty\u00f6vaatteita sopuhintaan ja meid\u00e4n tiloissamme onnistuu my\u00f6s vaatteiden pesu ja korjaus.<\/p>\n\n\n\n<p>Vaatteemme on valmistettu kotimaassa ekologisista materiaaleista ja vastuullisia tuotantoketjuja hy\u00f6dynt\u00e4en.<\/p>\n\n\n\n<figure class=\"wp-block-image size-full\"><img loading=\"lazy\" decoding=\"async\" width=\"500\" height=\"500\" src=\"https:\/\/blogi.eoppimispalvelut.fi\/arcticrewo\/files\/2025\/01\/logov3.png\" alt=\"\" class=\"wp-image-62\" srcset=\"https:\/\/blogi.eoppimispalvelut.fi\/arcticrewo\/files\/2025\/01\/logov3.png 500w, https:\/\/blogi.eoppimispalvelut.fi\/arcticrewo\/files\/2025\/01\/logov3-120x120.png 120w, https:\/\/blogi.eoppimispalvelut.fi\/arcticrewo\/files\/2025\/01\/logov3-100x100.png 100w\" sizes=\"auto, (max-width: 500px) 100vw, 500px\" \/><\/figure>\n","protected":false},"excerpt":{"rendered":"<p>Olemme Napalaaksossa toimiva ty\u00f6vaateyritys. Meilt\u00e4 voit ostaa yritykseesi monipuolisesti ty\u00f6vaatteita oman yrityksesi logolla ja nimell\u00e4 varustettuna. Tarjoamme ty\u00f6vaatteita sopuhintaan ja meid\u00e4n tiloissamme onnistuu my\u00f6s vaatteiden pesu ja korjaus. Vaatteemme on valmistettu kotimaassa ekologisista materiaaleista ja vastuullisia tuotantoketjuja hy\u00f6dynt\u00e4en.<\/p>\n","protected":false},"author":48414,"featured_media":0,"parent":0,"menu_order":0,"comment_status":"closed","ping_status":"closed","template":"","meta":{"footnotes":""},"class_list":["post-26","page","type-page","status-publish","hentry"],"_links":{"self":[{"href":"https:\/\/blogi.eoppimispalvelut.fi\/arcticrewo\/wp-json\/wp\/v2\/pages\/26","targetHints":{"allow":["GET"]}}],"collection":[{"href":"https:\/\/blogi.eoppimispalvelut.fi\/arcticrewo\/wp-json\/wp\/v2\/pages"}],"about":[{"href":"https:\/\/blogi.eoppimispalvelut.fi\/arcticrewo\/wp-json\/wp\/v2\/types\/page"}],"author":[{"embeddable":true,"href":"https:\/\/blogi.eoppimispalvelut.fi\/arcticrewo\/wp-json\/wp\/v2\/users\/48414"}],"replies":[{"embeddable":true,"href":"https:\/\/blogi.eoppimispalvelut.fi\/arcticrewo\/wp-json\/wp\/v2\/comments?post=26"}],"version-history":[{"count":12,"href":"https:\/\/blogi.eoppimispalvelut.fi\/arcticrewo\/wp-json\/wp\/v2\/pages\/26\/revisions"}],"predecessor-version":[{"id":324,"href":"https:\/\/blogi.eoppimispalvelut.fi\/arcticrewo\/wp-json\/wp\/v2\/pages\/26\/revisions\/324"}],"wp:attachment":[{"href":"https:\/\/blogi.eoppimispalvelut.fi\/arcticrewo\/wp-json\/wp\/v2\/media?parent=26"}],"curies":[{"name":"wp","href":"https:\/\/api.w.org\/{rel}","templated":true}]}}