{"id":15,"date":"2021-11-22T15:37:51","date_gmt":"2021-11-22T13:37:51","guid":{"rendered":"https:\/\/blogi.eoppimispalvelut.fi\/arcticvalleymarketing\/?page_id=15"},"modified":"2022-02-05T13:53:35","modified_gmt":"2022-02-05T11:53:35","slug":"tuotteet-ja-palvelut","status":"publish","type":"page","link":"https:\/\/blogi.eoppimispalvelut.fi\/arcticvalleymarketing\/tuotteet-ja-palvelut\/","title":{"rendered":""},"content":{"rendered":"<p>[et_pb_section fb_built=&#8221;1&#8243; admin_label=&#8221;section&#8221; _builder_version=&#8221;3.22&#8243;][et_pb_row make_equal=&#8221;on&#8221; admin_label=&#8221;row&#8221; _builder_version=&#8221;4.8.2&#8243; background_size=&#8221;initial&#8221; background_position=&#8221;top_left&#8221; background_repeat=&#8221;repeat&#8221; width=&#8221;60%&#8221; width_tablet=&#8221;&#8221; width_phone=&#8221;80%&#8221; width_last_edited=&#8221;on|tablet&#8221; module_alignment=&#8221;center&#8221;][et_pb_column type=&#8221;4_4&#8243; _builder_version=&#8221;3.25&#8243; custom_padding=&#8221;|||&#8221; custom_padding__hover=&#8221;|||&#8221;][et_pb_text admin_label=&#8221;Text&#8221; _builder_version=&#8221;4.8.2&#8243; background_size=&#8221;initial&#8221; background_position=&#8221;top_left&#8221; background_repeat=&#8221;repeat&#8221; hover_enabled=&#8221;0&#8243; sticky_enabled=&#8221;0&#8243;]<\/p>\n<h1 style=\"text-align: center\"><strong>Tuotteet ja palvelut<\/strong><\/h1>\n<p>&nbsp;<\/p>\n<p style=\"text-align: center\">Yrityksemme tarjoaa monipuolisesti erilaisia mainontaan, markkinointiin, painatukseen sek\u00e4 liikelahjoihin pohjautuvia tuotteita ja palveluita, unohtamattakaan yritysilmett\u00e4 sek\u00e4 nettisivuja. Mahdollisuuksia l\u00f6ytyy niin valmiiden pakettien kuin juuri teid\u00e4n tarpeisiinne r\u00e4\u00e4t\u00e4l\u00f6ityjen palveluidenkin saralta.<\/p>\n<p><img loading=\"lazy\" decoding=\"async\" class=\" wp-image-137 aligncenter\" src=\"https:\/\/blogi.eoppimispalvelut.fi\/arcticvalleymarketing\/files\/2021\/11\/AVM-nettisivut-300x300.png\" alt=\"\" width=\"176\" height=\"176\" \/><\/p>\n<p style=\"text-align: center\"><strong>Markkinointi, markkinoinnin koulutukset sek\u00e4 konsultointi<\/strong> ovat yksi palvelukokonaisuuksistamme. N\u00e4iden osalta tarjoamme asiakkaallemme uusinta markkinoinnin osaamista ja pohdimme kuinka voisimme hy\u00f6dynt\u00e4\u00e4 sit\u00e4 juuri teid\u00e4n yrityksess\u00e4nne. Erilaiset koulutukset ja konsultoinnit ovat pienempi\u00e4 kokonaisuuksia ja ne j\u00e4rjestet\u00e4\u00e4n aina yrityksen tai yksityishenkil\u00f6n tarpeiden mukaisesti.<\/p>\n<p>&nbsp;<\/p>\n<p style=\"text-align: center\"><strong>Markkinatutkimus<\/strong> 699,00\u20ac + alv. (24%)<\/p>\n<p style=\"text-align: center\"><strong>Markkinointikampanja<\/strong> 749,00\u20ac + alv. (24%)<\/p>\n<p style=\"text-align: center\"><strong>Markkinoinnin koulutus<\/strong> 150,00\u20ac + alv. (24%)<\/p>\n<p><img loading=\"lazy\" decoding=\"async\" class=\" wp-image-142 aligncenter\" src=\"https:\/\/blogi.eoppimispalvelut.fi\/arcticvalleymarketing\/files\/2021\/11\/AVM-nettisivut-1-300x300.png\" alt=\"\" width=\"171\" height=\"171\" \/><\/p>\n<p style=\"text-align: center\"><strong>Uudelleenbr\u00e4nd\u00e4yksen<\/strong> avulla voimme luoda yrityksellenne uuden modernin ulkoasun yrityksen omien ideoiden ja arvojen pohjalta. Uudelleenbr\u00e4nd\u00e4ys pit\u00e4\u00e4 sis\u00e4ll\u00e4\u00e4n esimerkiksi yrityksen imagon, sloganin, logon sek\u00e4 ulkoasun. My\u00f6s nettisivut lukeutuvat t\u00e4h\u00e4n kategoriaan. Onnistuneen br\u00e4ndin ja br\u00e4ndin\u00e4kyvyyden saavuttaminen on yritykselle erityisen t\u00e4rke\u00e4\u00e4, eik\u00e4 sen roolia tule v\u00e4h\u00e4tell\u00e4.<\/p>\n<p>&nbsp;<\/p>\n<p style=\"text-align: center\"><strong>Yritysilmeen p\u00e4ivitys<\/strong>, peruspaketti 590,00\u20ac + alv. (24%)<\/p>\n<p style=\"text-align: center\"><strong>Nettisivupaketti, perus<\/strong> 590,00\u20ac + alv. (24%)<\/p>\n<p style=\"text-align: center\"><strong>Nettisivupaketti, kattava<\/strong> 890,00\u20ac + alv. (24%)<\/p>\n<p><img loading=\"lazy\" decoding=\"async\" class=\" wp-image-143 aligncenter\" src=\"https:\/\/blogi.eoppimispalvelut.fi\/arcticvalleymarketing\/files\/2021\/11\/AVM-nettisivut-2-300x300.png\" alt=\"\" width=\"167\" height=\"167\" \/><\/p>\n<p style=\"text-align: center\">Yrityksen n\u00e4kyvyyden kannalta <strong>mainonta<\/strong> on avainsana. Tarjoammekin yrityksellenne kohderyhmien mukaista n\u00e4kyvyytt\u00e4 pohtimalla tarvittavat toiminta-alustat ja mainonnan keinot. Mainonta voidaan toteuttaa digitoteutuksena esimerkiksi sosiaalisessa mediassa tai perinteisen\u00e4 konkreettisena versiona esimerkiksi mainoslappusin.<\/p>\n<p>&nbsp;<\/p>\n<p style=\"text-align: center\"><strong>Sosiaalisen median paketti<\/strong> 449,00\u20ac + alv. (24%)<\/p>\n<p><img loading=\"lazy\" decoding=\"async\" class=\" wp-image-145 aligncenter\" src=\"https:\/\/blogi.eoppimispalvelut.fi\/arcticvalleymarketing\/files\/2021\/11\/AVM-nettisivut-3-300x300.png\" alt=\"\" width=\"171\" height=\"171\" \/><\/p>\n<p style=\"text-align: center\">Palveluidemme lis\u00e4ksi tarjoamme monipuolisia, konkreettisia <strong>liikelahjatuotteita<\/strong> asiakkaillemme. Liikelahjapohjissa vain taivas on rajana. Voimme tarjota esimerkiksi erilaisia pientuotteita kuten avaimenperi\u00e4 ja kyni\u00e4 tai erilaisia tuotepaketteja vaihtelevin kokonaisuuksin &#8211; kysy niin tarjoamme.<\/p>\n<p><img loading=\"lazy\" decoding=\"async\" class=\" wp-image-148 aligncenter\" src=\"https:\/\/blogi.eoppimispalvelut.fi\/arcticvalleymarketing\/files\/2021\/11\/AVM-nettisivut-4-300x300.png\" alt=\"\" width=\"170\" height=\"170\" \/><\/p>\n<p style=\"text-align: center\">Suurin etumme on se, ett\u00e4 voimme tarjota juuri teid\u00e4n yrityksenne tarpeisiin <strong>kustomoituja palvelu- ja tuotekokonaisuuksia<\/strong>. Siisp\u00e4 kerro meille mit\u00e4 olette vailla, niin luomme juuri teille sopivan pakettikokonaisuuden. Olipa tarpeenne sitten pieni\u00e4 tai suuria, me huolehdimme.<\/p>\n<p>&nbsp;<\/p>\n<p style=\"text-align: center\"><strong>Need a service in English? Feel free to contact us!<\/strong><\/p>\n<p>[\/et_pb_text][\/et_pb_column][\/et_pb_row][\/et_pb_section]<\/p>\n","protected":false},"excerpt":{"rendered":"<p>Tuotteet ja palvelut &nbsp; Yrityksemme tarjoaa monipuolisesti erilaisia mainontaan, markkinointiin, painatukseen sek\u00e4 liikelahjoihin pohjautuvia tuotteita ja palveluita, unohtamattakaan yritysilmett\u00e4 sek\u00e4 nettisivuja. Mahdollisuuksia l\u00f6ytyy niin valmiiden pakettien kuin juuri teid\u00e4n tarpeisiinne r\u00e4\u00e4t\u00e4l\u00f6ityjen palveluidenkin saralta. Markkinointi, markkinoinnin koulutukset sek\u00e4 konsultointi ovat yksi palvelukokonaisuuksistamme. N\u00e4iden osalta tarjoamme asiakkaallemme uusinta markkinoinnin osaamista ja pohdimme kuinka voisimme hy\u00f6dynt\u00e4\u00e4 sit\u00e4 juuri [&hellip;]<\/p>\n","protected":false},"author":8797,"featured_media":0,"parent":0,"menu_order":0,"comment_status":"closed","ping_status":"closed","template":"","meta":{"_et_pb_use_builder":"on","_et_pb_old_content":"<h1 style=\"text-align: center\"><strong>Tuotteet ja palvelut<\/strong><\/h1>\r\n<p style=\"text-align: center\">Yrityksemme tarjoaa monipuolisesti erilaisia mainontaan, markkinointiin, painatukseen sek\u00e4 liikelahjoihin pohjautuvia tuotteita ja palveluita. Mahdollisuuksia l\u00f6ytyy niin valmiiden pakettien kuin juuri teid\u00e4n tarpeisiinne r\u00e4\u00e4t\u00e4l\u00f6ityjen palveluidenkin saralta.<\/p>\r\n<img class=\" wp-image-137 aligncenter\" src=\"https:\/\/blogi.eoppimispalvelut.fi\/arcticvalleymarketing\/files\/2021\/11\/AVM-nettisivut-300x300.png\" alt=\"\" width=\"176\" height=\"176\" \/>\r\n<p style=\"text-align: center\"><strong>Markkinointi, markkinoinnin koulutukset sek\u00e4 konsultointi<\/strong> ovat yksi palvelukokonaisuuksistamme. N\u00e4iden osalta tarjoamme asiakkaallemme uusinta markkinoinnin osaamista ja pohdimme kuinka voisimme hy\u00f6dynt\u00e4\u00e4 sit\u00e4 juuri teid\u00e4n yrityksess\u00e4nne. Erilaiset koulutukset ja konsultoinnit ovat pienempi\u00e4 kokonaisuuksia ja ne j\u00e4rjestet\u00e4\u00e4n aina yrityksen tai yksityishenkil\u00f6n tarpeiden mukaisesti. Koulutuskokonaisuuksia voidaan tarjota esimerkiksi koko henkil\u00f6kunnalle tai vastaavasti vain yksitt\u00e4isille ihmisille.<\/p>\r\n<img class=\" wp-image-142 aligncenter\" src=\"https:\/\/blogi.eoppimispalvelut.fi\/arcticvalleymarketing\/files\/2021\/11\/AVM-nettisivut-1-300x300.png\" alt=\"\" width=\"171\" height=\"171\" \/>\r\n\r\n<strong>Uudelleenbr\u00e4nd\u00e4yksen<\/strong> avulla voimme luoda yrityksellenne uuden modernin ulkoasun yrityksen omien ideoiden ja arvojen pohjalta. Uudelleenbr\u00e4nd\u00e4ys pit\u00e4\u00e4 sis\u00e4ll\u00e4\u00e4n esimerkiksi yrityksen imagon, sloganin, logon sek\u00e4 ulkoasun. Onnistuneen br\u00e4ndin ja br\u00e4ndin\u00e4kyvyyden saavuttaminen on yritykselle erityisen t\u00e4rke\u00e4\u00e4, eik\u00e4 sen roolia tule v\u00e4h\u00e4tell\u00e4.\r\n\r\n<img class=\" wp-image-143 aligncenter\" src=\"https:\/\/blogi.eoppimispalvelut.fi\/arcticvalleymarketing\/files\/2021\/11\/AVM-nettisivut-2-300x300.png\" alt=\"\" width=\"167\" height=\"167\" \/>\r\n\r\nYrityksen n\u00e4kyvyyden kannalta <strong>mainonta<\/strong> on avainsana. Tarjoammekin yrityksellenne kohdetyhmien mukaista n\u00e4kyvyytt\u00e4 pohtimalla tarvittavat toiminta-alustat ja mainonnan keinot. Mainonta voidaan toteuttaa digitoteutuksena esimerkiksi sosiaalisessa mediassa tai perinteisen\u00e4 konkreettisena versiona esimerkiksi mainoslappusin.\r\n\r\n<img class=\" wp-image-145 aligncenter\" src=\"https:\/\/blogi.eoppimispalvelut.fi\/arcticvalleymarketing\/files\/2021\/11\/AVM-nettisivut-3-300x300.png\" alt=\"\" width=\"171\" height=\"171\" \/>\r\n\r\nPalveluidemme lis\u00e4ksi tarjoamme monipuolisia, konkreettisia <strong>liikelahjatuotteita<\/strong> asiakkaillemme. Liikelahjapohjissa vain taivas on rajana. Voimme tarjota esimerkiksi erilaisia pientuotteita kuten avaimenperi\u00e4 ja kyni\u00e4 tai erilaisia tuotepaketteja erilaisin kokonaisuuksin - kysy niin tarjoamme.\r\n\r\n<img class=\" wp-image-148 aligncenter\" src=\"https:\/\/blogi.eoppimispalvelut.fi\/arcticvalleymarketing\/files\/2021\/11\/AVM-nettisivut-4-300x300.png\" alt=\"\" width=\"170\" height=\"170\" \/>\r\n\r\nSuurin etumme on se, ett\u00e4 voimme tarjota juuri teid\u00e4n yrityksenne tarpeisiin <strong>kustomoituja palvelu- ja tuotekokonaisuuksia<\/strong>. Siisp\u00e4 kerro meille mit\u00e4 olette vailla, niin luomme juuri teille sopivan pakettikokonaisuuden. Olipa tarpeenne sitten pieni\u00e4 tai suuria, me huolehdimme.","_et_gb_content_width":"","footnotes":""},"class_list":["post-15","page","type-page","status-publish","hentry"],"_links":{"self":[{"href":"https:\/\/blogi.eoppimispalvelut.fi\/arcticvalleymarketing\/wp-json\/wp\/v2\/pages\/15","targetHints":{"allow":["GET"]}}],"collection":[{"href":"https:\/\/blogi.eoppimispalvelut.fi\/arcticvalleymarketing\/wp-json\/wp\/v2\/pages"}],"about":[{"href":"https:\/\/blogi.eoppimispalvelut.fi\/arcticvalleymarketing\/wp-json\/wp\/v2\/types\/page"}],"author":[{"embeddable":true,"href":"https:\/\/blogi.eoppimispalvelut.fi\/arcticvalleymarketing\/wp-json\/wp\/v2\/users\/8797"}],"replies":[{"embeddable":true,"href":"https:\/\/blogi.eoppimispalvelut.fi\/arcticvalleymarketing\/wp-json\/wp\/v2\/comments?post=15"}],"version-history":[{"count":32,"href":"https:\/\/blogi.eoppimispalvelut.fi\/arcticvalleymarketing\/wp-json\/wp\/v2\/pages\/15\/revisions"}],"predecessor-version":[{"id":334,"href":"https:\/\/blogi.eoppimispalvelut.fi\/arcticvalleymarketing\/wp-json\/wp\/v2\/pages\/15\/revisions\/334"}],"wp:attachment":[{"href":"https:\/\/blogi.eoppimispalvelut.fi\/arcticvalleymarketing\/wp-json\/wp\/v2\/media?parent=15"}],"curies":[{"name":"wp","href":"https:\/\/api.w.org\/{rel}","templated":true}]}}