{"id":176,"date":"2021-11-29T19:11:43","date_gmt":"2021-11-29T17:11:43","guid":{"rendered":"https:\/\/blogi.eoppimispalvelut.fi\/arcticvalleymarketing\/?page_id=176"},"modified":"2021-11-29T19:16:23","modified_gmt":"2021-11-29T17:16:23","slug":"tietosuojaseloste","status":"publish","type":"page","link":"https:\/\/blogi.eoppimispalvelut.fi\/arcticvalleymarketing\/tietosuojaseloste\/","title":{"rendered":"Tietosuojaseloste"},"content":{"rendered":"<p>[et_pb_section admin_label=&#8221;section&#8221;]<br \/>\n\t\t\t[et_pb_row admin_label=&#8221;row&#8221;]<br \/>\n\t\t\t\t[et_pb_column type=&#8221;4_4&#8243;][et_pb_text admin_label=&#8221;Text&#8221;]<\/p>\n<ol>\n<li><span style=\"color: #000000\"><strong>\u00a0Rekisterinpit\u00e4j\u00e4<\/strong><\/span><\/li>\n<\/ol>\n<p><span style=\"color: #000000\">Arctic Valley Marketing Oy<\/span><\/p>\n<p><span style=\"color: #000000\">J\u00e4n\u00f6polku 7, 96500 Napalaakso<\/span><\/p>\n<p><span style=\"color: #000000\">Y-tunnus 6516166\u20135<\/span><\/p>\n<ol start=\"2\">\n<li><span style=\"color: #000000\"><strong> Rekisterist\u00e4 vastaava yhteyshenkil\u00f6<\/strong><\/span><\/li>\n<\/ol>\n<p><span style=\"color: #000000\">Janita Honkanen<\/span><\/p>\n<p><span style=\"color: #000000\">janita.honkanen@edu.lapinamk.fi<\/span><\/p>\n<p><span style=\"color: #000000\">0442542718.<\/span><\/p>\n<ol start=\"3\">\n<li><span style=\"color: #000000\"><strong> Rekisterin nimi<\/strong><\/span><\/li>\n<\/ol>\n<p><span style=\"color: #000000\">Asiakas- ja markkinointirekisteri.<\/span><\/p>\n<ol start=\"4\">\n<li><span style=\"color: #000000\"><strong> Oikeusperuste ja henkil\u00f6tietojen k\u00e4sittelyn tarkoitus<\/strong><\/span><\/li>\n<\/ol>\n<p><span style=\"color: #000000\">EU:n yleisen tietosuoja-asetuksen mukainen oikeusperuste henkil\u00f6tietojen k\u00e4sittelylle on<\/span><\/p>\n<ul>\n<li><span style=\"color: #000000\">Markkinointi<\/span><\/li>\n<li><span style=\"color: #000000\">Asiakasanalysointi<\/span><\/li>\n<li><span style=\"color: #000000\">Tuotteiden ja palvelujen tarjoaminen ja toimittaminen<\/span><\/li>\n<li><span style=\"color: #000000\">Palvelujen tuottaminen ja personointi<\/span><\/li>\n<li><span style=\"color: #000000\">Liiketoiminnan kehitt\u00e4minen ja suunnitteleminen<\/span><\/li>\n<\/ul>\n<ol start=\"5\">\n<li><span style=\"color: #000000\"><strong> Rekisterin tietosis\u00e4lt\u00f6<\/strong><\/span><\/li>\n<\/ol>\n<p><span style=\"color: #000000\">Rekisteriin tallennettavia tietoja ovat:\u00a0henkil\u00f6n nimi, asema, yritys\/organisaatio, yhteystiedot (puhelinnumero, s\u00e4hk\u00f6postiosoite, osoite), www-sivustojen osoitteet, verkkoyhteyden IP-osoite, tunnukset\/profiilit sosiaalisen median palveluissa, tiedot tilatuista palveluista ja niiden muutoksista, laskutustiedot, muut asiakassuhteeseen ja tilattuihin palveluihin liittyv\u00e4t tiedot.<\/span><\/p>\n<p><span style=\"color: #000000\">Jos rekister\u00f6ityjen ryhmi\u00e4 on useita (esim. asiakasrekisteri ja markkinointirekisteri), listaa ne sek\u00e4 niiden tietosis\u00e4lt\u00f6 p\u00e4\u00e4piirteiss\u00e4\u00e4n.<\/span><\/p>\n<p><span style=\"color: #000000\">Kerro t\u00e4ss\u00e4 my\u00f6s tietojen s\u00e4ilytysaika, mik\u00e4li mahdollista. Kerro my\u00f6s, jos tiedot esimerkiksi anonymioinaan tietyn ajan kuluttua.<\/span><\/p>\n<p><span style=\"color: #000000\">Verkkosivuston vierailijoiden IP-osoitteita ja palvelun toiminnoille v\u00e4ltt\u00e4m\u00e4tt\u00f6mi\u00e4 ev\u00e4steit\u00e4 k\u00e4sitell\u00e4\u00e4n oikeutetun edun perusteella mm. tietoturvasta huolehtimiseksi ja sivuston vierailijoiden tilastotietojen keruuta varten niiss\u00e4 tapauksissa, kun niiden voidaan katsoa olevan henkil\u00f6tietoja. Kolmansien osapuolten ev\u00e4steille pyydet\u00e4\u00e4n tarvittaessa suostumus erikseen.<\/span><\/p>\n<ol start=\"6\">\n<li><span style=\"color: #000000\"><strong> S\u00e4\u00e4nn\u00f6nmukaiset tietol\u00e4hteet<\/strong><\/span><\/li>\n<\/ol>\n<p><span style=\"color: #000000\">Rekisteriin tallennettavat tiedot saadaan asiakkaalta mm. www-lomakkeilla l\u00e4hetetyist\u00e4 viesteist\u00e4, s\u00e4hk\u00f6postitse, puhelimitse, sosiaalisen median palvelujen kautta, sopimuksista, asiakastapaamisista ja muista tilanteista, joissa asiakas luovuttaa tietojaan.<\/span><\/p>\n<p><span style=\"color: #000000\">Yritysten ja muiden organisaatioiden yhteyshenkil\u00f6iden tietoja voidaan ker\u00e4t\u00e4 my\u00f6s julkisista l\u00e4hteist\u00e4 kuten verkkosivuilta, hakemistopalveluista ja muilta yrityksilt\u00e4.<\/span><\/p>\n<ol start=\"7\">\n<li><span style=\"color: #000000\"><strong> Tietojen s\u00e4\u00e4nn\u00f6nmukaiset luovutukset ja tietojen siirto EU:n tai ETA:n ulkopuolelle<\/strong><\/span><\/li>\n<\/ol>\n<p><span style=\"color: #000000\">Tietoja ei luovuteta s\u00e4\u00e4nn\u00f6nmukaisesti muille tahoille. Tietoja voidaan julkaista silt\u00e4 osin kuin niin on sovittu asiakkaan kanssa.<\/span><\/p>\n<p><span style=\"color: #000000\">Tietoja voidaan siirt\u00e4\u00e4 rekisterinpit\u00e4j\u00e4n toimesta my\u00f6s EU:n tai ETA:n ulkopuolelle.\u00a0Tietoja ei siirret\u00e4 Yhdysvaltoihin ilman rekister\u00f6ityjen nimenomaista suostumusta.<\/span><\/p>\n<p><span style=\"color: #000000\">Mik\u00e4li luovutat henkil\u00f6tietoja eri tahoille, kerro t\u00e4ss\u00e4 mahdolliset vastaanottajat tai vastaanottajaryhm\u00e4t (my\u00f6s henkil\u00f6tietojen k\u00e4sittelij\u00e4t\/alihankkijat), niihin liittyv\u00e4t henkil\u00f6tietojen k\u00e4sittelyn tarkoitukset sek\u00e4 siirtoperusteet, jos tietoja siirret\u00e4\u00e4n EU:n ulkopuolelle.<\/span><\/p>\n<ol start=\"8\">\n<li><span style=\"color: #000000\"><strong>Rekisterin suojauksen periaatteet<\/strong><\/span><\/li>\n<\/ol>\n<p><span style=\"color: #000000\">Rekisterin k\u00e4sittelyss\u00e4 noudatetaan huolellisuutta ja tietoj\u00e4rjestelmien avulla k\u00e4sitelt\u00e4v\u00e4t tiedot suojataan asianmukaisesti. Kun rekisteritietoja s\u00e4ilytet\u00e4\u00e4n Internet-palvelimilla, niiden laitteiston fyysisest\u00e4 ja digitaalisesta tietoturvasta huolehditaan asiaankuuluvasti. Rekisterinpit\u00e4j\u00e4 huolehtii siit\u00e4, ett\u00e4 tallennettuja tietoja sek\u00e4 palvelimien k\u00e4ytt\u00f6oikeuksia ja muita henkil\u00f6tietojen turvallisuuden kannalta kriittisi\u00e4 tietoja k\u00e4sitell\u00e4\u00e4n luottamuksellisesti ja vain niiden ty\u00f6ntekij\u00f6iden toimesta, joiden ty\u00f6nkuvaan se kuuluu.<\/span><\/p>\n<ol start=\"9\">\n<li><span style=\"color: #000000\"><strong> Tarkastusoikeus ja oikeus vaatia tiedon korjaamista<\/strong><\/span><\/li>\n<\/ol>\n<p><span style=\"color: #000000\">Jokaisella rekisteriss\u00e4 olevalla henkil\u00f6ll\u00e4 on oikeus tarkistaa rekisteriin tallennetut tietonsa ja vaatia mahdollisen virheellisen tiedon korjaamista tai puutteellisen tiedon t\u00e4ydent\u00e4mist\u00e4. Mik\u00e4li henkil\u00f6 haluaa tarkistaa h\u00e4nest\u00e4 tallennetut tiedot tai vaatia niihin oikaisua, pyynt\u00f6 tulee\u00a0l\u00e4hett\u00e4\u00e4 kirjallisesti\u00a0rekisterinpit\u00e4j\u00e4lle. Rekisterinpit\u00e4j\u00e4 voi pyyt\u00e4\u00e4 tarvittaessa pyynn\u00f6n esitt\u00e4j\u00e4\u00e4 todistamaan henkil\u00f6llisyytens\u00e4. Rekisterinpit\u00e4j\u00e4 vastaa asiakkaalle EU:n tietosuoja-asetuksessa s\u00e4\u00e4detyss\u00e4 ajassa (p\u00e4\u00e4s\u00e4\u00e4nt\u00f6isesti kuukauden kuluessa).<\/span><\/p>\n<ol start=\"10\">\n<li><span style=\"color: #000000\"><strong> Muut henkil\u00f6tietojen k\u00e4sittelyyn liittyv\u00e4t oikeudet<\/strong><\/span><\/li>\n<\/ol>\n<p><span style=\"color: #000000\">Rekisteriss\u00e4 olevalla henkil\u00f6ll\u00e4 on oikeus pyyt\u00e4\u00e4 h\u00e4nt\u00e4 koskevien henkil\u00f6tietojen poistamiseen rekisterist\u00e4 (&#8220;oikeus tulla unohdetuksi&#8221;). Niin ik\u00e4\u00e4n rekister\u00f6idyill\u00e4 on muut\u00a0<a style=\"color: #000000\" href=\"http:\/\/eur-lex.europa.eu\/legal-content\/FI\/TXT\/?uri=CELEX%3A32016R0679#d1e2144-1-1\">EU:n yleisen tietosuoja-asetuksen mukaiset oikeudet<\/a>\u00a0kuten henkil\u00f6tietojen k\u00e4sittelyn rajoittaminen tietyiss\u00e4 tilanteissa. Pyynn\u00f6t tulee\u00a0l\u00e4hett\u00e4\u00e4 kirjallisesti\u00a0rekisterinpit\u00e4j\u00e4lle. Rekisterinpit\u00e4j\u00e4 voi pyyt\u00e4\u00e4 tarvittaessa pyynn\u00f6n esitt\u00e4j\u00e4\u00e4 todistamaan henkil\u00f6llisyytens\u00e4. Rekisterinpit\u00e4j\u00e4 vastaa asiakkaalle EU:n tietosuoja-asetuksessa s\u00e4\u00e4detyss\u00e4 ajassa (p\u00e4\u00e4s\u00e4\u00e4nt\u00f6isesti kuukauden kuluessa).<\/span>[\/et_pb_text][\/et_pb_column]<br \/>\n\t\t\t[\/et_pb_row]<br \/>\n\t\t[\/et_pb_section]<\/p>\n","protected":false},"excerpt":{"rendered":"<p>\u00a0Rekisterinpit\u00e4j\u00e4 Arctic Valley Marketing Oy J\u00e4n\u00f6polku 7, 96500 Napalaakso Y-tunnus 6516166\u20135 Rekisterist\u00e4 vastaava yhteyshenkil\u00f6 Janita Honkanen janita.honkanen@edu.lapinamk.fi 0442542718. Rekisterin nimi Asiakas- ja markkinointirekisteri. Oikeusperuste ja henkil\u00f6tietojen k\u00e4sittelyn tarkoitus EU:n yleisen tietosuoja-asetuksen mukainen oikeusperuste henkil\u00f6tietojen k\u00e4sittelylle on Markkinointi Asiakasanalysointi Tuotteiden ja palvelujen tarjoaminen ja toimittaminen Palvelujen tuottaminen ja personointi Liiketoiminnan kehitt\u00e4minen ja suunnitteleminen Rekisterin tietosis\u00e4lt\u00f6 Rekisteriin [&hellip;]<\/p>\n","protected":false},"author":8797,"featured_media":0,"parent":0,"menu_order":0,"comment_status":"closed","ping_status":"closed","template":"","meta":{"_et_pb_use_builder":"on","_et_pb_old_content":"<ol>\r\n \t<li><span style=\"color: #000000\"><strong>\u00a0Rekisterinpit\u00e4j\u00e4<\/strong><\/span><\/li>\r\n<\/ol>\r\n<span style=\"color: #000000\">Arctic Valley Marketing Oy<\/span>\r\n\r\n<span style=\"color: #000000\">J\u00e4n\u00f6polku 7, 96500 Napalaakso<\/span>\r\n\r\n<span style=\"color: #000000\">Y-tunnus 6516166\u20135<\/span>\r\n<ol start=\"2\">\r\n \t<li><span style=\"color: #000000\"><strong> Rekisterist\u00e4 vastaava yhteyshenkil\u00f6<\/strong><\/span><\/li>\r\n<\/ol>\r\n<span style=\"color: #000000\">Janita Honkanen<\/span>\r\n\r\n<span style=\"color: #000000\">janita.honkanen@edu.lapinamk.fi<\/span>\r\n\r\n<span style=\"color: #000000\">0442542718.<\/span>\r\n<ol start=\"3\">\r\n \t<li><span style=\"color: #000000\"><strong> Rekisterin nimi<\/strong><\/span><\/li>\r\n<\/ol>\r\n<span style=\"color: #000000\">Asiakas- ja markkinointirekisteri.<\/span>\r\n<ol start=\"4\">\r\n \t<li><span style=\"color: #000000\"><strong> Oikeusperuste ja henkil\u00f6tietojen k\u00e4sittelyn tarkoitus<\/strong><\/span><\/li>\r\n<\/ol>\r\n<span style=\"color: #000000\">EU:n yleisen tietosuoja-asetuksen mukainen oikeusperuste henkil\u00f6tietojen k\u00e4sittelylle on<\/span>\r\n<ul>\r\n \t<li><span style=\"color: #000000\">Markkinointi<\/span><\/li>\r\n \t<li><span style=\"color: #000000\">Asiakasanalysointi<\/span><\/li>\r\n \t<li><span style=\"color: #000000\">Tuotteiden ja palvelujen tarjoaminen ja toimittaminen<\/span><\/li>\r\n \t<li><span style=\"color: #000000\">Palvelujen tuottaminen ja personointi<\/span><\/li>\r\n \t<li><span style=\"color: #000000\">Liiketoiminnan kehitt\u00e4minen ja suunnitteleminen<\/span><\/li>\r\n<\/ul>\r\n<ol start=\"5\">\r\n \t<li><span style=\"color: #000000\"><strong> Rekisterin tietosis\u00e4lt\u00f6<\/strong><\/span><\/li>\r\n<\/ol>\r\n<span style=\"color: #000000\">Rekisteriin tallennettavia tietoja ovat:\u00a0henkil\u00f6n nimi, asema, yritys\/organisaatio, yhteystiedot (puhelinnumero, s\u00e4hk\u00f6postiosoite, osoite), www-sivustojen osoitteet, verkkoyhteyden IP-osoite, tunnukset\/profiilit sosiaalisen median palveluissa, tiedot tilatuista palveluista ja niiden muutoksista, laskutustiedot, muut asiakassuhteeseen ja tilattuihin palveluihin liittyv\u00e4t tiedot.<\/span>\r\n\r\n<span style=\"color: #000000\">Jos rekister\u00f6ityjen ryhmi\u00e4 on useita (esim. asiakasrekisteri ja markkinointirekisteri), listaa ne sek\u00e4 niiden tietosis\u00e4lt\u00f6 p\u00e4\u00e4piirteiss\u00e4\u00e4n.<\/span>\r\n\r\n<span style=\"color: #000000\">Kerro t\u00e4ss\u00e4 my\u00f6s tietojen s\u00e4ilytysaika, mik\u00e4li mahdollista. Kerro my\u00f6s, jos tiedot esimerkiksi anonymioinaan tietyn ajan kuluttua.<\/span>\r\n\r\n<span style=\"color: #000000\">Verkkosivuston vierailijoiden IP-osoitteita ja palvelun toiminnoille v\u00e4ltt\u00e4m\u00e4tt\u00f6mi\u00e4 ev\u00e4steit\u00e4 k\u00e4sitell\u00e4\u00e4n oikeutetun edun perusteella mm. tietoturvasta huolehtimiseksi ja sivuston vierailijoiden tilastotietojen keruuta varten niiss\u00e4 tapauksissa, kun niiden voidaan katsoa olevan henkil\u00f6tietoja. Kolmansien osapuolten ev\u00e4steille pyydet\u00e4\u00e4n tarvittaessa suostumus erikseen.<\/span>\r\n<ol start=\"6\">\r\n \t<li><span style=\"color: #000000\"><strong> S\u00e4\u00e4nn\u00f6nmukaiset tietol\u00e4hteet<\/strong><\/span><\/li>\r\n<\/ol>\r\n<span style=\"color: #000000\">Rekisteriin tallennettavat tiedot saadaan asiakkaalta mm. www-lomakkeilla l\u00e4hetetyist\u00e4 viesteist\u00e4, s\u00e4hk\u00f6postitse, puhelimitse, sosiaalisen median palvelujen kautta, sopimuksista, asiakastapaamisista ja muista tilanteista, joissa asiakas luovuttaa tietojaan.<\/span>\r\n\r\n<span style=\"color: #000000\">Yritysten ja muiden organisaatioiden yhteyshenkil\u00f6iden tietoja voidaan ker\u00e4t\u00e4 my\u00f6s julkisista l\u00e4hteist\u00e4 kuten verkkosivuilta, hakemistopalveluista ja muilta yrityksilt\u00e4.<\/span>\r\n<ol start=\"7\">\r\n \t<li><span style=\"color: #000000\"><strong> Tietojen s\u00e4\u00e4nn\u00f6nmukaiset luovutukset ja tietojen siirto EU:n tai ETA:n ulkopuolelle<\/strong><\/span><\/li>\r\n<\/ol>\r\n<span style=\"color: #000000\">Tietoja ei luovuteta s\u00e4\u00e4nn\u00f6nmukaisesti muille tahoille. Tietoja voidaan julkaista silt\u00e4 osin kuin niin on sovittu asiakkaan kanssa.<\/span>\r\n\r\n<span style=\"color: #000000\">Tietoja voidaan siirt\u00e4\u00e4 rekisterinpit\u00e4j\u00e4n toimesta my\u00f6s EU:n tai ETA:n ulkopuolelle.\u00a0Tietoja ei siirret\u00e4 Yhdysvaltoihin ilman rekister\u00f6ityjen nimenomaista suostumusta.<\/span>\r\n\r\n<span style=\"color: #000000\">Mik\u00e4li luovutat henkil\u00f6tietoja eri tahoille, kerro t\u00e4ss\u00e4 mahdolliset vastaanottajat tai vastaanottajaryhm\u00e4t (my\u00f6s henkil\u00f6tietojen k\u00e4sittelij\u00e4t\/alihankkijat), niihin liittyv\u00e4t henkil\u00f6tietojen k\u00e4sittelyn tarkoitukset sek\u00e4 siirtoperusteet, jos tietoja siirret\u00e4\u00e4n EU:n ulkopuolelle.<\/span>\r\n<ol start=\"8\">\r\n \t<li><span style=\"color: #000000\"><strong>Rekisterin suojauksen periaatteet<\/strong><\/span><\/li>\r\n<\/ol>\r\n<span style=\"color: #000000\">Rekisterin k\u00e4sittelyss\u00e4 noudatetaan huolellisuutta ja tietoj\u00e4rjestelmien avulla k\u00e4sitelt\u00e4v\u00e4t tiedot suojataan asianmukaisesti. Kun rekisteritietoja s\u00e4ilytet\u00e4\u00e4n Internet-palvelimilla, niiden laitteiston fyysisest\u00e4 ja digitaalisesta tietoturvasta huolehditaan asiaankuuluvasti. Rekisterinpit\u00e4j\u00e4 huolehtii siit\u00e4, ett\u00e4 tallennettuja tietoja sek\u00e4 palvelimien k\u00e4ytt\u00f6oikeuksia ja muita henkil\u00f6tietojen turvallisuuden kannalta kriittisi\u00e4 tietoja k\u00e4sitell\u00e4\u00e4n luottamuksellisesti ja vain niiden ty\u00f6ntekij\u00f6iden toimesta, joiden ty\u00f6nkuvaan se kuuluu.<\/span>\r\n<ol start=\"9\">\r\n \t<li><span style=\"color: #000000\"><strong> Tarkastusoikeus ja oikeus vaatia tiedon korjaamista<\/strong><\/span><\/li>\r\n<\/ol>\r\n<span style=\"color: #000000\">Jokaisella rekisteriss\u00e4 olevalla henkil\u00f6ll\u00e4 on oikeus tarkistaa rekisteriin tallennetut tietonsa ja vaatia mahdollisen virheellisen tiedon korjaamista tai puutteellisen tiedon t\u00e4ydent\u00e4mist\u00e4. Mik\u00e4li henkil\u00f6 haluaa tarkistaa h\u00e4nest\u00e4 tallennetut tiedot tai vaatia niihin oikaisua, pyynt\u00f6 tulee\u00a0l\u00e4hett\u00e4\u00e4 kirjallisesti\u00a0rekisterinpit\u00e4j\u00e4lle. Rekisterinpit\u00e4j\u00e4 voi pyyt\u00e4\u00e4 tarvittaessa pyynn\u00f6n esitt\u00e4j\u00e4\u00e4 todistamaan henkil\u00f6llisyytens\u00e4. Rekisterinpit\u00e4j\u00e4 vastaa asiakkaalle EU:n tietosuoja-asetuksessa s\u00e4\u00e4detyss\u00e4 ajassa (p\u00e4\u00e4s\u00e4\u00e4nt\u00f6isesti kuukauden kuluessa).<\/span>\r\n<ol start=\"10\">\r\n \t<li><span style=\"color: #000000\"><strong> Muut henkil\u00f6tietojen k\u00e4sittelyyn liittyv\u00e4t oikeudet<\/strong><\/span><\/li>\r\n<\/ol>\r\n<span style=\"color: #000000\">Rekisteriss\u00e4 olevalla henkil\u00f6ll\u00e4 on oikeus pyyt\u00e4\u00e4 h\u00e4nt\u00e4 koskevien henkil\u00f6tietojen poistamiseen rekisterist\u00e4 (\"oikeus tulla unohdetuksi\"). Niin ik\u00e4\u00e4n rekister\u00f6idyill\u00e4 on muut\u00a0<a style=\"color: #000000\" href=\"http:\/\/eur-lex.europa.eu\/legal-content\/FI\/TXT\/?uri=CELEX%3A32016R0679#d1e2144-1-1\">EU:n yleisen tietosuoja-asetuksen mukaiset oikeudet<\/a>\u00a0kuten henkil\u00f6tietojen k\u00e4sittelyn rajoittaminen tietyiss\u00e4 tilanteissa. Pyynn\u00f6t tulee\u00a0l\u00e4hett\u00e4\u00e4 kirjallisesti\u00a0rekisterinpit\u00e4j\u00e4lle. Rekisterinpit\u00e4j\u00e4 voi pyyt\u00e4\u00e4 tarvittaessa pyynn\u00f6n esitt\u00e4j\u00e4\u00e4 todistamaan henkil\u00f6llisyytens\u00e4. Rekisterinpit\u00e4j\u00e4 vastaa asiakkaalle EU:n tietosuoja-asetuksessa s\u00e4\u00e4detyss\u00e4 ajassa (p\u00e4\u00e4s\u00e4\u00e4nt\u00f6isesti kuukauden kuluessa).<\/span>","_et_gb_content_width":"","footnotes":""},"class_list":["post-176","page","type-page","status-publish","hentry"],"_links":{"self":[{"href":"https:\/\/blogi.eoppimispalvelut.fi\/arcticvalleymarketing\/wp-json\/wp\/v2\/pages\/176","targetHints":{"allow":["GET"]}}],"collection":[{"href":"https:\/\/blogi.eoppimispalvelut.fi\/arcticvalleymarketing\/wp-json\/wp\/v2\/pages"}],"about":[{"href":"https:\/\/blogi.eoppimispalvelut.fi\/arcticvalleymarketing\/wp-json\/wp\/v2\/types\/page"}],"author":[{"embeddable":true,"href":"https:\/\/blogi.eoppimispalvelut.fi\/arcticvalleymarketing\/wp-json\/wp\/v2\/users\/8797"}],"replies":[{"embeddable":true,"href":"https:\/\/blogi.eoppimispalvelut.fi\/arcticvalleymarketing\/wp-json\/wp\/v2\/comments?post=176"}],"version-history":[{"count":2,"href":"https:\/\/blogi.eoppimispalvelut.fi\/arcticvalleymarketing\/wp-json\/wp\/v2\/pages\/176\/revisions"}],"predecessor-version":[{"id":181,"href":"https:\/\/blogi.eoppimispalvelut.fi\/arcticvalleymarketing\/wp-json\/wp\/v2\/pages\/176\/revisions\/181"}],"wp:attachment":[{"href":"https:\/\/blogi.eoppimispalvelut.fi\/arcticvalleymarketing\/wp-json\/wp\/v2\/media?parent=176"}],"curies":[{"name":"wp","href":"https:\/\/api.w.org\/{rel}","templated":true}]}}