{"id":2,"date":"2021-11-12T14:04:08","date_gmt":"2021-11-12T12:04:08","guid":{"rendered":"https:\/\/blogi.eoppimispalvelut.fi\/arcticvalleymarketing\/?page_id=2"},"modified":"2021-12-27T13:55:17","modified_gmt":"2021-12-27T11:55:17","slug":"esimerkkisivu","status":"publish","type":"page","link":"https:\/\/blogi.eoppimispalvelut.fi\/arcticvalleymarketing\/","title":{"rendered":""},"content":{"rendered":"<p>[et_pb_section fb_built=&#8221;1&#8243; admin_label=&#8221;section&#8221; _builder_version=&#8221;4.8.2&#8243; module_alignment=&#8221;center&#8221; min_height=&#8221;1153.8px&#8221; custom_margin=&#8221;||-1px|||&#8221; custom_padding=&#8221;||0px|||&#8221;][et_pb_row make_equal=&#8221;on&#8221; admin_label=&#8221;row&#8221; _builder_version=&#8221;4.8.2&#8243; background_size=&#8221;initial&#8221; background_position=&#8221;top_left&#8221; background_repeat=&#8221;repeat&#8221; width=&#8221;60%&#8221; width_tablet=&#8221;&#8221; width_phone=&#8221;80%&#8221; width_last_edited=&#8221;on|phone&#8221; module_alignment=&#8221;center&#8221; min_height=&#8221;1114.8px&#8221; custom_padding=&#8221;||91px|||&#8221; module_alignment_tablet=&#8221;&#8221; module_alignment_phone=&#8221;center&#8221; module_alignment_last_edited=&#8221;on|desktop&#8221;][et_pb_column type=&#8221;4_4&#8243; _builder_version=&#8221;3.25&#8243; custom_padding=&#8221;|||&#8221; custom_padding__hover=&#8221;|||&#8221;][et_pb_text admin_label=&#8221;Text&#8221; _builder_version=&#8221;4.8.2&#8243; background_size=&#8221;initial&#8221; background_position=&#8221;top_left&#8221; background_repeat=&#8221;repeat&#8221; hover_enabled=&#8221;0&#8243; sticky_enabled=&#8221;0&#8243;]<\/p>\n<h1><img loading=\"lazy\" decoding=\"async\" class=\"wp-image-168 aligncenter\" src=\"https:\/\/blogi.eoppimispalvelut.fi\/arcticvalleymarketing\/files\/2021\/11\/avmnakymatonrajaus-300x172.png\" alt=\"\" width=\"323\" height=\"185\" srcset=\"https:\/\/blogi.eoppimispalvelut.fi\/arcticvalleymarketing\/files\/2021\/11\/avmnakymatonrajaus-300x172.png 300w, https:\/\/blogi.eoppimispalvelut.fi\/arcticvalleymarketing\/files\/2021\/11\/avmnakymatonrajaus.png 376w\" sizes=\"(max-width: 323px) 100vw, 323px\" \/><\/h1>\n<h1>\u00a0<\/h1>\n<h1 class=\"entry-title main_title\" style=\"text-align: center\"><strong>Asiantuntevaa ja vastuullista markkinointia<\/strong><\/h1>\n<p style=\"text-align: center;padding-left: 40px\"><img loading=\"lazy\" decoding=\"async\" class=\" wp-image-54 aligncenter\" src=\"https:\/\/blogi.eoppimispalvelut.fi\/arcticvalleymarketing\/files\/2021\/11\/Kopio-Arctic-Valley-Marketing-logo-1-300x300.png\" alt=\"\" width=\"140\" height=\"140\" \/><strong>Me<\/strong>, <em>Arctic Valley Marketing Opy,<\/em> olemme tuore markkinointialan yritys, joka tarjoaa juuri asiakkaidemme tarpeisiin r\u00e4\u00e4t\u00e4l\u00f6ityj\u00e4 palveluita myynnin, markkinoinnin, painatuksen sek\u00e4 liikelahjojen saralla. Olipa yrityksesi vailla pienemp\u00e4\u00e4 muutosta taikka koko yritysilmeen laajaa p\u00e4ivityst\u00e4, meill\u00e4 se hoituu vaivattomasti. Tarjoamme asiakkaillemme lis\u00e4ksi koulutuksia ja konsultointeja, joista osa on suunnattu my\u00f6s yksityishenkil\u00f6ille.<img loading=\"lazy\" decoding=\"async\" class=\" wp-image-55 aligncenter\" src=\"https:\/\/blogi.eoppimispalvelut.fi\/arcticvalleymarketing\/files\/2021\/11\/Kopio-Arctic-Valley-Marketing-logo-2-300x300.png\" alt=\"\" width=\"142\" height=\"142\" \/><strong>Arvomaailmaamme<\/strong> kuuluu erityisesti ymp\u00e4rist\u00f6yst\u00e4v\u00e4llisyys, asiakasl\u00e4ht\u00f6isyys sek\u00e4 digitaalisen toimintaymp\u00e4rist\u00f6n painotus toiminnassanne. Kaikki materiamme on tarkkaan hankittua ja suosimme ty\u00f6nteossamme digitaalisia alustoja. N\u00e4in ollen teemme ymp\u00e4rist\u00f6lle palveluksen olemalla samaan aikaan yksi arktisen alueen modernein markkinointiosaaja. Asiakaskohtaamisissa kuuntelemme ja otamme huomioon juuri jokaisen omalaatuiset tarpeet &#8211; n\u00e4in yrityksenne saa juuri sit\u00e4, mit\u00e4 tarvitsettekin.<img loading=\"lazy\" decoding=\"async\" class=\" wp-image-56 aligncenter\" src=\"https:\/\/blogi.eoppimispalvelut.fi\/arcticvalleymarketing\/files\/2021\/11\/Kopio-Arctic-Valley-Marketing-logo-3-300x300.png\" alt=\"\" width=\"148\" height=\"148\" \/><strong>Osaamisalueemme<\/strong> koostuu monipuolisesti erilaisista myyntiin ja markkinointiin liittyvist\u00e4 kokemuksista. Ty\u00f6ntekij\u00e4mme muodostavatkin yhdess\u00e4 laajan kirjon erilaista osaamista aina myynnist\u00e4 ja markkinoinnista digiosaamiseen ja graafiseen suunnitteluun. N\u00e4m\u00e4 ovatkin suuri etu ja avaintekij\u00e4 liiketoimintamme menestymisen kannalta, jossa digitalisaatioon mukautuminen on yksi suurimmista painopisteist\u00e4mme.<\/p>\n<p>[\/et_pb_text][\/et_pb_column][\/et_pb_row][\/et_pb_section]<\/p>\n","protected":false},"excerpt":{"rendered":"<p>\u00a0 Asiantuntevaa ja vastuullista markkinointia Me, Arctic Valley Marketing Opy, olemme tuore markkinointialan yritys, joka tarjoaa juuri asiakkaidemme tarpeisiin r\u00e4\u00e4t\u00e4l\u00f6ityj\u00e4 palveluita myynnin, markkinoinnin, painatuksen sek\u00e4 liikelahjojen saralla. Olipa yrityksesi vailla pienemp\u00e4\u00e4 muutosta taikka koko yritysilmeen laajaa p\u00e4ivityst\u00e4, meill\u00e4 se hoituu vaivattomasti. Tarjoamme asiakkaillemme lis\u00e4ksi koulutuksia ja konsultointeja, joista osa on suunnattu my\u00f6s yksityishenkil\u00f6ille.Arvomaailmaamme kuuluu erityisesti [&hellip;]<\/p>\n","protected":false},"author":8797,"featured_media":0,"parent":0,"menu_order":0,"comment_status":"closed","ping_status":"open","template":"","meta":{"_et_pb_use_builder":"on","_et_pb_old_content":"<h1 class=\"entry-title main_title\" style=\"text-align: center\"><strong>AVM \u2013 Asiantuntevaa ja vastuullista markkinointia<\/strong><\/h1>\r\n<p style=\"text-align: center\"><img class=\" wp-image-54 aligncenter\" src=\"https:\/\/blogi.eoppimispalvelut.fi\/arcticvalleymarketing\/files\/2021\/11\/Kopio-Arctic-Valley-Marketing-logo-1-300x300.png\" alt=\"\" width=\"140\" height=\"140\" \/><strong>Me<\/strong>, <em>Arctic Valley Marketing Oy<\/em> olemme tuore markkinointialan yritys, joka tarjoaa juuri asiakkaidemme tarpeisiin r\u00e4\u00e4t\u00e4l\u00f6ityj\u00e4 palveluita myynnin, markkinoinnin, painatuksen sek\u00e4 liikelahjojen parissa. Olipa yrityksesi vailla pienemp\u00e4\u00e4 muutosta taikka koko yritysilmeen laajaa p\u00e4ivityst\u00e4, meill\u00e4 se hoituu vaivattomasti. Tarjoamme asiakkaillemme lis\u00e4ksi koulutuksia ja konsultointeja, joista osa on suunnattu my\u00f6s yksityishenkil\u00f6ille.<img class=\" wp-image-55 aligncenter\" src=\"https:\/\/blogi.eoppimispalvelut.fi\/arcticvalleymarketing\/files\/2021\/11\/Kopio-Arctic-Valley-Marketing-logo-2-300x300.png\" alt=\"\" width=\"142\" height=\"142\" \/><strong>Arvomaailmaamme<\/strong> kuuluu erityisesti ymp\u00e4rist\u00f6yst\u00e4v\u00e4llisyys, asiakasl\u00e4ht\u00f6isyys sek\u00e4 digitaalisen toimintaymp\u00e4rist\u00f6n painotus toiminnassanne. Kaikki materiamme on tarkkaan hankittua ja suosimme yhteisty\u00f6ss\u00e4 sek\u00e4 ty\u00f6nteossamme digitaalisia alustoja. N\u00e4in ollen teemme ymp\u00e4rist\u00f6lle palveluksen olemalla samaan aikaan yksi arktisen alueen modernein markkinointiosaaja. Asiakaskohtaamisissa kuuntelemme ja otamme huomioon juuri jokaisen omalaatuiset tarpeet - n\u00e4in yrityksenne saa juuri sit\u00e4, mit\u00e4 tarvitsettekin.<img class=\" wp-image-56 aligncenter\" src=\"https:\/\/blogi.eoppimispalvelut.fi\/arcticvalleymarketing\/files\/2021\/11\/Kopio-Arctic-Valley-Marketing-logo-3-300x300.png\" alt=\"\" width=\"148\" height=\"148\" \/><strong>Osaamisalueemme<\/strong> koostuu monipuolisesti erilaisista myyntiin ja markkinointiin liittyvist\u00e4 teht\u00e4vist\u00e4. Ty\u00f6ntekij\u00e4mme muodostavatkin yhdess\u00e4 laajan kirjon erilaista osaamista aina myynnist\u00e4 ja markkinoinnista digiosaamiseen ja graafiseen suunnitteluun. N\u00e4m\u00e4 ovatkin suuri etu ja avaintekij\u00e4 liiketoimintamme menestymisen kannalta, jossa digitalisaatioon mukautuminen on yksi suurimmista painopisteist\u00e4mme.<\/p>","_et_gb_content_width":"","footnotes":""},"class_list":["post-2","page","type-page","status-publish","hentry"],"_links":{"self":[{"href":"https:\/\/blogi.eoppimispalvelut.fi\/arcticvalleymarketing\/wp-json\/wp\/v2\/pages\/2","targetHints":{"allow":["GET"]}}],"collection":[{"href":"https:\/\/blogi.eoppimispalvelut.fi\/arcticvalleymarketing\/wp-json\/wp\/v2\/pages"}],"about":[{"href":"https:\/\/blogi.eoppimispalvelut.fi\/arcticvalleymarketing\/wp-json\/wp\/v2\/types\/page"}],"author":[{"embeddable":true,"href":"https:\/\/blogi.eoppimispalvelut.fi\/arcticvalleymarketing\/wp-json\/wp\/v2\/users\/8797"}],"replies":[{"embeddable":true,"href":"https:\/\/blogi.eoppimispalvelut.fi\/arcticvalleymarketing\/wp-json\/wp\/v2\/comments?post=2"}],"version-history":[{"count":71,"href":"https:\/\/blogi.eoppimispalvelut.fi\/arcticvalleymarketing\/wp-json\/wp\/v2\/pages\/2\/revisions"}],"predecessor-version":[{"id":322,"href":"https:\/\/blogi.eoppimispalvelut.fi\/arcticvalleymarketing\/wp-json\/wp\/v2\/pages\/2\/revisions\/322"}],"wp:attachment":[{"href":"https:\/\/blogi.eoppimispalvelut.fi\/arcticvalleymarketing\/wp-json\/wp\/v2\/media?parent=2"}],"curies":[{"name":"wp","href":"https:\/\/api.w.org\/{rel}","templated":true}]}}