{"id":71,"date":"2021-11-23T15:42:31","date_gmt":"2021-11-23T13:42:31","guid":{"rendered":"https:\/\/blogi.eoppimispalvelut.fi\/arcticvalleymarketing\/?page_id=71"},"modified":"2021-12-26T16:24:16","modified_gmt":"2021-12-26T14:24:16","slug":"yhteystiedot","status":"publish","type":"page","link":"https:\/\/blogi.eoppimispalvelut.fi\/arcticvalleymarketing\/yhteystiedot\/","title":{"rendered":""},"content":{"rendered":"<p>[et_pb_section fb_built=&#8221;1&#8243; admin_label=&#8221;section&#8221; _builder_version=&#8221;4.8.2&#8243;][et_pb_row admin_label=&#8221;row&#8221; _builder_version=&#8221;4.8.2&#8243; background_size=&#8221;initial&#8221; background_position=&#8221;top_left&#8221; background_repeat=&#8221;repeat&#8221; hover_enabled=&#8221;0&#8243; make_equal=&#8221;on&#8221; width=&#8221;60%&#8221; width_last_edited=&#8221;on|phone&#8221; sticky_enabled=&#8221;0&#8243; width_phone=&#8221;80%&#8221; module_alignment=&#8221;center&#8221;][et_pb_column type=&#8221;4_4&#8243; _builder_version=&#8221;3.25&#8243; custom_padding=&#8221;|||&#8221; custom_padding__hover=&#8221;|||&#8221;][et_pb_text admin_label=&#8221;Text&#8221; _builder_version=&#8221;4.8.2&#8243; background_size=&#8221;initial&#8221; background_position=&#8221;top_left&#8221; background_repeat=&#8221;repeat&#8221;]<\/p>\n<h1 style=\"text-align: center\"><strong>Ota meihin yhteytt\u00e4<\/strong><\/h1>\n<p><img loading=\"lazy\" decoding=\"async\" class=\"wp-image-61 aligncenter\" src=\"https:\/\/blogi.eoppimispalvelut.fi\/arcticvalleymarketing\/files\/2021\/11\/Kopio-Arctic-Valley-Marketing-logo-4-300x300.png\" alt=\"\" width=\"140\" height=\"140\" \/><\/p>\n<p style=\"text-align: center\">Ota meihin yhteytt\u00e4 ja hoidamme yrityksesi tarpeet kuntoon!<\/p>\n<p style=\"text-align: center\"><span style=\"color: #2b2b2b\"><strong>arcticvalleymarketing@napalaakso.fi<\/strong><\/span><\/p>\n<p style=\"text-align: center\"><span style=\"color: #2b2b2b\"><strong>J\u00e4n\u00f6polku 7, 96500 Napalaakso<\/strong><\/span><\/p>\n<p style=\"text-align: center\"><span style=\"color: #2b2b2b\"><strong>Y-tunnus: 6516166\u20135<\/strong><\/span><\/p>\n<p style=\"text-align: center\">Alla olevan yhteydenottolomakkeen avulla voit kysy\u00e4 yksityiskohtaisia tarjouksia tai mielt\u00e4 askarruttavia kysymyksi\u00e4. Vastaamme viestiisi mahdollisimman pian!<\/p>\n<p>[\/et_pb_text][\/et_pb_column][\/et_pb_row][\/et_pb_section]<\/p>\n","protected":false},"excerpt":{"rendered":"<p>Ota meihin yhteytt\u00e4 Ota meihin yhteytt\u00e4 ja hoidamme yrityksesi tarpeet kuntoon! arcticvalleymarketing@napalaakso.fi J\u00e4n\u00f6polku 7, 96500 Napalaakso Y-tunnus: 6516166\u20135 Alla olevan yhteydenottolomakkeen avulla voit kysy\u00e4 yksityiskohtaisia tarjouksia tai mielt\u00e4 askarruttavia kysymyksi\u00e4. Vastaamme viestiisi mahdollisimman pian!<\/p>\n","protected":false},"author":8797,"featured_media":0,"parent":0,"menu_order":0,"comment_status":"closed","ping_status":"closed","template":"","meta":{"_et_pb_use_builder":"on","_et_pb_old_content":"","_et_gb_content_width":"","footnotes":""},"class_list":["post-71","page","type-page","status-publish","hentry"],"_links":{"self":[{"href":"https:\/\/blogi.eoppimispalvelut.fi\/arcticvalleymarketing\/wp-json\/wp\/v2\/pages\/71","targetHints":{"allow":["GET"]}}],"collection":[{"href":"https:\/\/blogi.eoppimispalvelut.fi\/arcticvalleymarketing\/wp-json\/wp\/v2\/pages"}],"about":[{"href":"https:\/\/blogi.eoppimispalvelut.fi\/arcticvalleymarketing\/wp-json\/wp\/v2\/types\/page"}],"author":[{"embeddable":true,"href":"https:\/\/blogi.eoppimispalvelut.fi\/arcticvalleymarketing\/wp-json\/wp\/v2\/users\/8797"}],"replies":[{"embeddable":true,"href":"https:\/\/blogi.eoppimispalvelut.fi\/arcticvalleymarketing\/wp-json\/wp\/v2\/comments?post=71"}],"version-history":[{"count":25,"href":"https:\/\/blogi.eoppimispalvelut.fi\/arcticvalleymarketing\/wp-json\/wp\/v2\/pages\/71\/revisions"}],"predecessor-version":[{"id":270,"href":"https:\/\/blogi.eoppimispalvelut.fi\/arcticvalleymarketing\/wp-json\/wp\/v2\/pages\/71\/revisions\/270"}],"wp:attachment":[{"href":"https:\/\/blogi.eoppimispalvelut.fi\/arcticvalleymarketing\/wp-json\/wp\/v2\/media?parent=71"}],"curies":[{"name":"wp","href":"https:\/\/api.w.org\/{rel}","templated":true}]}}