{"id":42,"date":"2019-02-18T11:27:46","date_gmt":"2019-02-18T09:27:46","guid":{"rendered":"https:\/\/blogi.eoppimispalvelut.fi\/arctisen\/?page_id=42"},"modified":"2024-09-30T13:29:20","modified_gmt":"2024-09-30T10:29:20","slug":"readings","status":"publish","type":"page","link":"https:\/\/blogi.eoppimispalvelut.fi\/arctisen\/readings\/","title":{"rendered":"Interesting readings"},"content":{"rendered":"<h4>Project results &#8211; reports<\/h4>\n<p><a href=\"http:\/\/urn.fi\/URN:ISBN:978-952-6620-39-8\" target=\"_blank\" rel=\"noopener noreferrer\">Looking at Arctic tourism through the lens of cultural sensitivity : ARCTISEN \u2013 a transnational baseline report<\/a><br \/>\nAuthors: Kjell O. Olsen, Mette S. Abildgaard, Camilla Brattland, Daniela Chimirri, Cecilia De Bernardi, Johnny Edmonds, Bryan S. R. Grimwood, Chris E. Hurst, Emily H\u00f6ckert, Kari J\u00e6ger, Outi Kugapi, R. Harvey Lemelin, Monika L\u00fcthje, Nuccio Mazzullo, Dieter K. M\u00fcller, Carina Ren, Ritva Saari, Lateisha Ugwuegbula &amp; Arvid Viken<\/p>\n<p><a href=\"http:\/\/urn.fi\/URN:ISBN:978-952-6620-45-9\" target=\"_blank\" rel=\"noopener noreferrer\">Toward culturally sensitive tourism &#8211; Report from Greenland<\/a><br \/>\nAuthors: Carina Ren, Daniela Chimirri &amp; Mette S. Abildgaard<\/p>\n<p><a href=\"http:\/\/urn.fi\/URN:ISBN:978-952-337-207-8\" target=\"_blank\" rel=\"noopener noreferrer\">Cultural sensitivity and tourism &#8211; Report from Northern Norway<\/a><br \/>\nAuthors: Camilla Brattland, Kari J\u00e6ger, Kjell Olsen, Elle Mari Dunfjell Oskal, Arvid Viken<\/p>\n<p><a href=\"http:\/\/urn.fi\/URN:ISBN:978-952-337-208-5\" target=\"_blank\" rel=\"noopener noreferrer\">Reflections on culturally sensitive tourism &#8211; The case of Sweden<\/a><br \/>\nAuthors: Dieter K. M\u00fcller &amp; Cecilia de Bernardi<\/p>\n<p><a href=\"http:\/\/urn.fi\/URN:ISBN:978-952-337-209-2\" target=\"_blank\" rel=\"noopener noreferrer\">Toward culturally sensitive tourism &#8211; Report from Finnish Lapland<\/a> \/ <a href=\"http:\/\/urn.fi\/URN:ISBN:978-952-6620-42-8\" target=\"_blank\" rel=\"noopener noreferrer\">Kohti kulttuurisensitiivist\u00e4 matkailua: Suomen Lappi<\/a><br \/>\nAuthors: Outi Kugapi, Emily H\u00f6ckert, Monika Luthje, Nuccio Mazzullo &amp; Ritva Saari<\/p>\n<p><a href=\"http:\/\/urn.fi\/URN:ISBN:978-952-337-211-5\" target=\"_blank\" rel=\"noopener noreferrer\">Existing Guidelines and Certificates for Culturally Sensitive Tourism in Canada<\/a><br \/>\nAuthors: Chris E. Hurst, Lateisha Ugwuegbula, Bryan S.R. Grimwood &amp; Harvey R. Lemelin<\/p>\n<h4>Articles in newspapers etc<\/h4>\n<p><a href=\"https:\/\/www.rcinet.ca\/eye-on-the-arctic-special-reports\/how-not-to-promote-arctic-tourism-why-finlands-indigenous-sami-say-marketing-their-region-needs-to-change\/\" target=\"_blank\" rel=\"noopener\">How not to promote Arctic tourism.\u00a0Why Finland&#8217;s Indigenous Sami say marketing their region needs to change.<\/a> Article by Eil\u00eds Quinn in Eye on the Arctic.<\/p>\n<p><a href=\"https:\/\/www.nationalgeographic.com\/travel\/features\/changing-indigneous-cultural-tourism-in-arctic-sapmi-region\/\" target=\"_blank\" rel=\"noopener\">Stereotypes have fueled a tourism boom in Europe&#8217;s icy North. Can things change?<\/a> Article by Karen Gardiner in National Geographic.<\/p>\n<h4>Academic publications<\/h4>\n<p>Bj\u00f6rn, E. &amp; L\u00fcthje, M. (in press). Envisioning posthumanist cultural tourism: Indigenous sociomaterial practices of teaching tourists about local cultures. In X. Matteucci &amp; S. Moretti (eds.),\u00a0<i>The future of cultural tourism<\/i>. Bristol: Channel View Publications. (Publication in April 2025.)<\/p>\n<p>Hurst, C., Grimwood, S. R., Lemelin, R.H. &amp; Stinson, M. J. (2020). Conceptualizing cultural sensitivity in tourism: a systematic literature review. Tourism Recreation Research. <a href=\"https:\/\/doi.org\/10.1080\/02508281.2020.1816362\">https:\/\/doi.org\/10.1080\/02508281.2020.1816362<\/a><\/p>\n<p>Kugapi, O., &amp; H\u00f6ckert, E. (2020). Affective entanglements with travelling mittens. Tourism Geographies. <a href=\"https:\/\/doi.org\/10.1080\/14616688.2020.1801824\" target=\"_blank\" rel=\"noopener noreferrer\">https:\/\/doi.org\/10.1080\/14616688.2020.1801824<\/a><\/p>\n<p>L\u00fcthje, M. (2023). Kulttuurisensitiivisyyden paikalliset k\u00e4yt\u00e4nn\u00f6t matkailuliiketoiminnassa [Local practices of cultural sensitivity in tourism business]. In S. Veijola (ed.),\u00a0<i>Matkailunkest\u00e4v\u00e4 Suomi? Vastuullinen suunnittelu kulttuuri- ja luontoymp\u00e4rist\u00f6iss\u00e4<\/i>\u00a0[<i>Tourism planning for future:<\/i>\u00a0<i>Responsible planning in culture-nature environments in Finland<\/i>] (pp. 275\u2212312). Tietolipas 283. Helsinki: The Finnish Literature Society SKS.<\/p>\n<p>L\u00fcthje, M., H\u00f6ckert, E. &amp; Kugapi, O. (2024). Pathways to culturally sensitive tourism policies and practices. In R. Butler &amp; A. Carr (eds.),\u00a0<i>The<\/i>\u00a0<i>Routledge handbook of tourism and Indigenous peoples\u00a0<\/i>(pp. 327\u2212339).<i>\u00a0<\/i>London: Routledge.<\/p>\n<p>Ren, C. (2024). &#8220;Are we not all Indigenous?&#8221; Negotiating Indigeneity in Greenladic tourism. In R. Butler &amp; A. Carr (eds.),\u00a0<i>The<\/i>\u00a0<i>Routledge handbook of tourism and Indigenous peoples\u00a0<\/i>(pp. 11\u221219).<i>\u00a0<\/i>London: Routledge.<\/p>\n<p>Ren, C., J\u00f3hannesson, G.T., Kramvig, B., Pashkevich, A. &amp; H\u00f6ckert, E. (2020). 20 years of research on Arctic and Indigenous cultures in Nordic tourism: a review and future research agenda. Scandinavian Journal of Hospitality and Tourism.\u00a0<a class=\"external-link-new-window\" title=\"Opens internal link in current window\" href=\"https:\/\/doi.org\/10.1080\/15022250.2020.1830433\">https:\/\/doi.org\/10.1080\/15022250.2020.1830433<\/a><\/p>\n<p>Saari, R., H\u00f6ckert, E., L\u00fcthje, M., Kugapi, O., &amp; Mazzullo, N. (2020). Cultural sensitivity in S\u00e1mi tourism: A systematic literature review in the Finnish context. Matkailututkimus, 16(1), 93-110. <a href=\"https:\/\/doi.org\/10.33351\/mt.88061\" target=\"_blank\" rel=\"noopener noreferrer\">https:\/\/doi.org\/10.33351\/mt.88061<\/a><\/p>\n<p>Viken, A. (2024). Tourism appropriation. &#8220;Taking&#8221; land and culture in S\u00e1mi areas.In R. Butler &amp; A. Carr (eds.),\u00a0<i>The<\/i>\u00a0<i>Routledge handbook of tourism and Indigenous peoples\u00a0<\/i>(pp. 250\u2212262).<i>\u00a0<\/i>London: Routledge.<\/p>\n","protected":false},"excerpt":{"rendered":"<p>Project results &#8211; reports Looking at Arctic tourism through the lens of cultural sensitivity : ARCTISEN \u2013 a transnational baseline report Authors: Kjell O. Olsen, Mette S. Abildgaard, Camilla Brattland, Daniela Chimirri, Cecilia De Bernardi, Johnny Edmonds, Bryan S. R. Grimwood, Chris E. Hurst, Emily H\u00f6ckert, Kari J\u00e6ger, Outi Kugapi, R. Harvey Lemelin, Monika L\u00fcthje, &hellip; <\/p>\n<p><a class=\"more-link btn\" href=\"https:\/\/blogi.eoppimispalvelut.fi\/arctisen\/readings\/\">Jatka lukemista<\/a><\/p>\n","protected":false},"author":3256,"featured_media":0,"parent":0,"menu_order":0,"comment_status":"open","ping_status":"closed","template":"","meta":{"footnotes":""},"class_list":["post-42","page","type-page","status-publish","hentry","nodate","item-wrap"],"_links":{"self":[{"href":"https:\/\/blogi.eoppimispalvelut.fi\/arctisen\/wp-json\/wp\/v2\/pages\/42","targetHints":{"allow":["GET"]}}],"collection":[{"href":"https:\/\/blogi.eoppimispalvelut.fi\/arctisen\/wp-json\/wp\/v2\/pages"}],"about":[{"href":"https:\/\/blogi.eoppimispalvelut.fi\/arctisen\/wp-json\/wp\/v2\/types\/page"}],"author":[{"embeddable":true,"href":"https:\/\/blogi.eoppimispalvelut.fi\/arctisen\/wp-json\/wp\/v2\/users\/3256"}],"replies":[{"embeddable":true,"href":"https:\/\/blogi.eoppimispalvelut.fi\/arctisen\/wp-json\/wp\/v2\/comments?post=42"}],"version-history":[{"count":14,"href":"https:\/\/blogi.eoppimispalvelut.fi\/arctisen\/wp-json\/wp\/v2\/pages\/42\/revisions"}],"predecessor-version":[{"id":855,"href":"https:\/\/blogi.eoppimispalvelut.fi\/arctisen\/wp-json\/wp\/v2\/pages\/42\/revisions\/855"}],"wp:attachment":[{"href":"https:\/\/blogi.eoppimispalvelut.fi\/arctisen\/wp-json\/wp\/v2\/media?parent=42"}],"curies":[{"name":"wp","href":"https:\/\/api.w.org\/{rel}","templated":true}]}}