{"id":1185,"date":"2021-04-26T14:41:34","date_gmt":"2021-04-26T11:41:34","guid":{"rendered":"https:\/\/blogi.eoppimispalvelut.fi\/arjenituja\/?page_id=1185"},"modified":"2023-09-11T13:04:19","modified_gmt":"2023-09-11T10:04:19","slug":"yhteystiedot","status":"publish","type":"page","link":"https:\/\/blogi.eoppimispalvelut.fi\/arjenituja\/yhteystiedot\/","title":{"rendered":"Yhteystiedot"},"content":{"rendered":"\n<p><a href=\"https:\/\/www.luchyvinvointi.fi\/\">\t\t<meta http-equiv=\"refresh\" content=\"0; url=https:\/\/www.luchyvinvointi.fi\/\">\r\n\t\tPlease wait while you are redirected...or <a href=\"https:\/\/www.luchyvinvointi.fi\/\">Click Here<\/a> if you do not want to wait.\r\n<\/a><\/p>\n\n\n<p><a href=\"https:\/\/i0.wp.com\/blogi.eoppimispalvelut.fi\/arjenituja\/files\/2021\/08\/Pilvet.jpg?ssl=1\"><img data-recalc-dims=\"1\" loading=\"lazy\" decoding=\"async\" data-attachment-id=\"1426\" data-permalink=\"https:\/\/blogi.eoppimispalvelut.fi\/arjenituja\/yhteystiedot\/pilvet\/\" data-orig-file=\"https:\/\/i0.wp.com\/blogi.eoppimispalvelut.fi\/arjenituja\/files\/2021\/08\/Pilvet.jpg?fit=640%2C254&amp;ssl=1\" data-orig-size=\"640,254\" data-comments-opened=\"1\" data-image-meta=\"{&quot;aperture&quot;:&quot;0&quot;,&quot;credit&quot;:&quot;&quot;,&quot;camera&quot;:&quot;&quot;,&quot;caption&quot;:&quot;&quot;,&quot;created_timestamp&quot;:&quot;0&quot;,&quot;copyright&quot;:&quot;&quot;,&quot;focal_length&quot;:&quot;0&quot;,&quot;iso&quot;:&quot;0&quot;,&quot;shutter_speed&quot;:&quot;0&quot;,&quot;title&quot;:&quot;&quot;,&quot;orientation&quot;:&quot;0&quot;}\" data-image-title=\"Pilvet\" data-image-description=\"\" data-image-caption=\"\" data-medium-file=\"https:\/\/i0.wp.com\/blogi.eoppimispalvelut.fi\/arjenituja\/files\/2021\/08\/Pilvet.jpg?fit=600%2C238&amp;ssl=1\" data-large-file=\"https:\/\/i0.wp.com\/blogi.eoppimispalvelut.fi\/arjenituja\/files\/2021\/08\/Pilvet.jpg?fit=525%2C208&amp;ssl=1\" class=\"alignnone size-full wp-image-1426\" src=\"https:\/\/i0.wp.com\/blogi.eoppimispalvelut.fi\/arjenituja\/files\/2021\/08\/Pilvet.jpg?resize=525%2C208&#038;ssl=1\" alt=\"Kuvassa sininen taivas, jolla valkoisia pilvi\u00e4.\" width=\"525\" height=\"208\" \/><\/a><\/p>\n<p>Yhteystiedot -sivujemme kautta voit tutustua enemm\u00e4n meihin <a href=\"https:\/\/blogi.eoppimispalvelut.fi\/arjenituja\/tutustu-meihin\/\">hyvinvointipalveluiden ty\u00f6ntekij\u00f6ihin<\/a> sek\u00e4 l\u00f6yd\u00e4t ohjeet ajanvaraukseen niin <a href=\"https:\/\/blogi.eoppimispalvelut.fi\/arjenituja\/ajanvaraus-kuraattoreille\/\">kuraattoreille<\/a> kuin <a href=\"https:\/\/blogi.eoppimispalvelut.fi\/arjenituja\/liikunta-ja-hyvinvointi\/\">hyvinvointiohjaajalle<\/a>.<\/p>\n<p>Sivuille on my\u00f6s koottu <a href=\"https:\/\/blogi.eoppimispalvelut.fi\/arjenituja\/miten-voimme-auttaa-sinua\/\">esimerkkej\u00e4 aiheista<\/a>, joissa opiskelijat yleens\u00e4 ottavat meihin yhteytt\u00e4.<\/p>","protected":false},"excerpt":{"rendered":"<p>Yhteystiedot -sivujemme kautta voit tutustua enemm\u00e4n meihin hyvinvointipalveluiden ty\u00f6ntekij\u00f6ihin sek\u00e4 l\u00f6yd\u00e4t ohjeet ajanvaraukseen niin kuraattoreille kuin hyvinvointiohjaajalle. Sivuille on my\u00f6s koottu esimerkkej\u00e4 aiheista, joissa opiskelijat yleens\u00e4 ottavat meihin yhteytt\u00e4.<\/p>\n","protected":false},"author":4413,"featured_media":0,"parent":0,"menu_order":0,"comment_status":"closed","ping_status":"closed","template":"","meta":{"jetpack_post_was_ever_published":false,"footnotes":""},"class_list":["post-1185","page","type-page","status-publish","hentry"],"jetpack_sharing_enabled":true,"jetpack_shortlink":"https:\/\/wp.me\/P6W2Dk-j7","jetpack-related-posts":[{"id":1420,"url":"https:\/\/blogi.eoppimispalvelut.fi\/arjenituja\/tutustu-meihin\/","url_meta":{"origin":1185,"position":0},"title":"Tutustu meihin","author":"Maija T\u00f6rm\u00e4nen","date":"27.8.2021","format":false,"excerpt":"Hyvinvointipalveluiden ty\u00f6ntekij\u00e4t Korkeakoulukuraattorit Heidi Haapala \"Moi! Min\u00e4 olen Heidi. Vapaa-ajallani remontoin perheeni kanssa Muonionjoen rannassa olevaa taloa ja mietin, miten m\u00e4ntymets\u00e4\u00e4 kasvatetaan. Nautin erityisesti talvesta: lumesta ja pakkasesta, hiljaisuudesta ja pimeydest\u00e4.\u00a0 Rakastan luovaa tekemist\u00e4: musiikin kuuntelemista ja laulamista sek\u00e4 maalaamista, piirt\u00e4mist\u00e4, neulomista, virkkaamista ja kasvimaalla kuokkimista. Projekteja on kesken aina\u2026","rel":"","context":"Similar post","block_context":{"text":"Similar post","link":""},"img":{"alt_text":"","src":"https:\/\/i0.wp.com\/blogi.eoppimispalvelut.fi\/arjenituja\/files\/2022\/01\/Mika.jpg?resize=350%2C200&ssl=1","width":350,"height":200,"srcset":"https:\/\/i0.wp.com\/blogi.eoppimispalvelut.fi\/arjenituja\/files\/2022\/01\/Mika.jpg?resize=350%2C200&ssl=1 1x, https:\/\/i0.wp.com\/blogi.eoppimispalvelut.fi\/arjenituja\/files\/2022\/01\/Mika.jpg?resize=525%2C300&ssl=1 1.5x"},"classes":[]},{"id":457,"url":"https:\/\/blogi.eoppimispalvelut.fi\/arjenituja\/","url_meta":{"origin":1185,"position":1},"title":"Tervetuloa Arjen ituihin!","author":"Marko Meht\u00e4l\u00e4","date":"12.6.2018","format":false,"excerpt":"Omasta hyvinvoinnista huolehtimisella ja opiskelukyvyn yll\u00e4pit\u00e4misell\u00e4 on t\u00e4rke\u00e4 rooli niin opiskelussa kuin oppimisessakin. Arjen idut on Lapin korkeakoulujen hyvinvointipalveluiden vinkkipankki opiskelijoille. L\u00f6yd\u00e4t meid\u00e4t my\u00f6s Instagramista @lapinkorkeakoulukuraattorit. TULEVAT TAPAHTUMAT KURAATTOREIDEN NEUVONTA JA AJANVARAUS Korkeakoulun kuraattoreilta saat ohjausta ja neuvontaa erilaisissa opiskeluun ja hyvinvointiin liittyviss\u00e4 kysymyksiss\u00e4. Voit j\u00e4tt\u00e4\u00e4 yhteydenottopyynn\u00f6n s\u00e4hk\u00f6postitse: kuraattorit@luc.fi Kirjoita\u2026","rel":"","context":"Similar post","block_context":{"text":"Similar post","link":""},"img":{"alt_text":"Kuvassa nainen pitelee edess\u00e4\u00e4n, kaksin k\u00e4sin, s\u00e4detikkua.","src":"https:\/\/i0.wp.com\/blogi.eoppimispalvelut.fi\/arjenituja\/files\/2017\/01\/sparkler-677774_1280-600x400.jpg?resize=350%2C200&ssl=1","width":350,"height":200,"srcset":"https:\/\/i0.wp.com\/blogi.eoppimispalvelut.fi\/arjenituja\/files\/2017\/01\/sparkler-677774_1280-600x400.jpg?resize=350%2C200&ssl=1 1x, https:\/\/i0.wp.com\/blogi.eoppimispalvelut.fi\/arjenituja\/files\/2017\/01\/sparkler-677774_1280-600x400.jpg?resize=525%2C300&ssl=1 1.5x"},"classes":[]}],"_links":{"self":[{"href":"https:\/\/blogi.eoppimispalvelut.fi\/arjenituja\/wp-json\/wp\/v2\/pages\/1185","targetHints":{"allow":["GET"]}}],"collection":[{"href":"https:\/\/blogi.eoppimispalvelut.fi\/arjenituja\/wp-json\/wp\/v2\/pages"}],"about":[{"href":"https:\/\/blogi.eoppimispalvelut.fi\/arjenituja\/wp-json\/wp\/v2\/types\/page"}],"author":[{"embeddable":true,"href":"https:\/\/blogi.eoppimispalvelut.fi\/arjenituja\/wp-json\/wp\/v2\/users\/4413"}],"replies":[{"embeddable":true,"href":"https:\/\/blogi.eoppimispalvelut.fi\/arjenituja\/wp-json\/wp\/v2\/comments?post=1185"}],"version-history":[{"count":25,"href":"https:\/\/blogi.eoppimispalvelut.fi\/arjenituja\/wp-json\/wp\/v2\/pages\/1185\/revisions"}],"predecessor-version":[{"id":2590,"href":"https:\/\/blogi.eoppimispalvelut.fi\/arjenituja\/wp-json\/wp\/v2\/pages\/1185\/revisions\/2590"}],"wp:attachment":[{"href":"https:\/\/blogi.eoppimispalvelut.fi\/arjenituja\/wp-json\/wp\/v2\/media?parent=1185"}],"curies":[{"name":"wp","href":"https:\/\/api.w.org\/{rel}","templated":true}]}}