{"id":1379,"date":"2021-08-26T12:24:32","date_gmt":"2021-08-26T09:24:32","guid":{"rendered":"https:\/\/blogi.eoppimispalvelut.fi\/arjenituja\/?page_id=1379"},"modified":"2023-09-11T13:11:59","modified_gmt":"2023-09-11T10:11:59","slug":"ajanvaraus-kuraattoreille","status":"publish","type":"page","link":"https:\/\/blogi.eoppimispalvelut.fi\/arjenituja\/ajanvaraus-kuraattoreille\/","title":{"rendered":"Yhteydenotto kuraattoripalveluihin"},"content":{"rendered":"\n<p><a href=\"https:\/\/www.luchyvinvointi.fi\/\">\t\t<meta http-equiv=\"refresh\" content=\"0; url=https:\/\/www.luchyvinvointi.fi\/\">\r\n\t\tPlease wait while you are redirected...or <a href=\"https:\/\/www.luchyvinvointi.fi\/\">Click Here<\/a> if you do not want to wait.\r\n<\/a><\/p>\n\n\n<p>Kurattoreilta saat ohjausta ja neuvontaa erilaisissa opiskeluun ja hyvinvointiin liittyviss\u00e4 kysymyksiss\u00e4.<\/p>\n<p>Toimi n\u00e4in:<\/p>\n<p>1) J\u00e4t\u00e4 yhteydenottopyynt\u00f6 s\u00e4hk\u00f6postitse:<\/p>\n<p style=\"padding-left: 40px\">kuraattorit@luc.fi<\/p>\n<p>2) Kirjoita otsikoksi soittopyynt\u00f6 ja viestiin oma nimesi ja puhelinnumerosi. Yhteydenoton syyt\u00e4 ei tarvitse kirjoittaa.<\/p>\n<p>Kuraattori soittaa sinulle noin viiden arkip\u00e4iv\u00e4n kuluessa yhteydenotostasi. Tavoittelemme sinua puhelimitse pari kertaa.<\/p>\n<p>Puhelinkeskustelussa k\u00e4ymme l\u00e4pi tilannettasi ja mietimme yhdess\u00e4 ratkaisuja asioittesi edist\u00e4miseksi. Yhteydenoton kautta saat my\u00f6s ajanvarauksen kuraattorille.<\/p>\n<p><strong>Ajanvaraus- ja neuvontapalvelumme on suljettu 3.7. &#8211; 6.8.2023.<\/strong> <br \/>Voit j\u00e4tt\u00e4\u00e4 soittopyynt\u00f6si my\u00f6s edell\u00e4 mainitulla ajalla, mutta k\u00e4sittelemme soittopyynt\u00f6j\u00e4 taas 7.8. alkaen.\u00a0<\/p>\n\n\n<p>Ajan varaamisen j\u00e4lkeen:<br>Muistathan perua tai siirt\u00e4\u00e4 aikaasi, jos se ei sovikaan sinulle. <br>Tapaamisen voimme vaihtaa k\u00e4tev\u00e4sti et\u00e4yhteydeksi tai puheluksi, jos et p\u00e4\u00e4sek\u00e4\u00e4n kampukselle. Toivomme sinun my\u00f6s ilmoittavan, jos my\u00f6h\u00e4styt tapaamisesta.  <br>Ja jos jostain syyst\u00e4 unohdit sopimasi ajan, voit aina sopia uuden! :)<\/p>\n","protected":false},"excerpt":{"rendered":"<p>Kurattoreilta saat ohjausta ja neuvontaa erilaisissa opiskeluun ja hyvinvointiin liittyviss\u00e4 kysymyksiss\u00e4. Toimi n\u00e4in: 1) J\u00e4t\u00e4 yhteydenottopyynt\u00f6 s\u00e4hk\u00f6postitse: kuraattorit@luc.fi 2) Kirjoita otsikoksi soittopyynt\u00f6 ja viestiin oma nimesi ja puhelinnumerosi. Yhteydenoton syyt\u00e4 &hellip; <\/p>\n<p class=\"link-more\"><a href=\"https:\/\/blogi.eoppimispalvelut.fi\/arjenituja\/ajanvaraus-kuraattoreille\/\" class=\"more-link\">Jatka lukemista<span class=\"screen-reader-text\"> &#8220;Yhteydenotto kuraattoripalveluihin&#8221;<\/span><\/a><\/p>\n","protected":false},"author":1612,"featured_media":0,"parent":0,"menu_order":0,"comment_status":"closed","ping_status":"closed","template":"","meta":{"jetpack_post_was_ever_published":false,"footnotes":""},"class_list":["post-1379","page","type-page","status-publish","hentry"],"jetpack_sharing_enabled":true,"jetpack_shortlink":"https:\/\/wp.me\/P6W2Dk-mf","jetpack-related-posts":[{"id":457,"url":"https:\/\/blogi.eoppimispalvelut.fi\/arjenituja\/","url_meta":{"origin":1379,"position":0},"title":"Tervetuloa Arjen ituihin!","author":"Marko Meht\u00e4l\u00e4","date":"12.6.2018","format":false,"excerpt":"Omasta hyvinvoinnista huolehtimisella ja opiskelukyvyn yll\u00e4pit\u00e4misell\u00e4 on t\u00e4rke\u00e4 rooli niin opiskelussa kuin oppimisessakin. Arjen idut on Lapin korkeakoulujen hyvinvointipalveluiden vinkkipankki opiskelijoille. L\u00f6yd\u00e4t meid\u00e4t my\u00f6s Instagramista @lapinkorkeakoulukuraattorit. TULEVAT TAPAHTUMAT KURAATTOREIDEN NEUVONTA JA AJANVARAUS Korkeakoulun kuraattoreilta saat ohjausta ja neuvontaa erilaisissa opiskeluun ja hyvinvointiin liittyviss\u00e4 kysymyksiss\u00e4. Voit j\u00e4tt\u00e4\u00e4 yhteydenottopyynn\u00f6n s\u00e4hk\u00f6postitse: kuraattorit@luc.fi Kirjoita\u2026","rel":"","context":"Similar post","block_context":{"text":"Similar post","link":""},"img":{"alt_text":"Kuvassa nainen pitelee edess\u00e4\u00e4n, kaksin k\u00e4sin, s\u00e4detikkua.","src":"https:\/\/i0.wp.com\/blogi.eoppimispalvelut.fi\/arjenituja\/files\/2017\/01\/sparkler-677774_1280-600x400.jpg?resize=350%2C200&ssl=1","width":350,"height":200,"srcset":"https:\/\/i0.wp.com\/blogi.eoppimispalvelut.fi\/arjenituja\/files\/2017\/01\/sparkler-677774_1280-600x400.jpg?resize=350%2C200&ssl=1 1x, https:\/\/i0.wp.com\/blogi.eoppimispalvelut.fi\/arjenituja\/files\/2017\/01\/sparkler-677774_1280-600x400.jpg?resize=525%2C300&ssl=1 1.5x"},"classes":[]},{"id":863,"url":"https:\/\/blogi.eoppimispalvelut.fi\/arjenituja\/stressaako\/","url_meta":{"origin":1379,"position":1},"title":"STRESSAAKO?","author":"Maija T\u00f6rm\u00e4nen","date":"23.6.2020","format":false,"excerpt":"Kun mik\u00e4\u00e4n ei kiinnosta, opiskeluinto on lopahtanut ja el\u00e4m\u00e4st\u00e4 puuttuu ilo. Turhauttaa, v\u00e4sytt\u00e4\u00e4, ahdistaa ja tuntuu yksin\u00e4iselt\u00e4. Uni ei tule ja nukkuminen on katkonaista. Ajatuksissa py\u00f6rii ep\u00e4ily omasta p\u00e4rj\u00e4\u00e4misest\u00e4. N\u00e4m\u00e4 ja monet muutkin tuntemukset ja oireet voivat viitata siihen, ett\u00e4 on aika pys\u00e4hty\u00e4 tarkastelemaan omaa tilannetta. Mik\u00e4 meit\u00e4 stressaa? Opiskeluun\u2026","rel":"","context":"Similar post","block_context":{"text":"Similar post","link":""},"img":{"alt_text":"","src":"https:\/\/i0.wp.com\/blogi.eoppimispalvelut.fi\/arjenituja\/files\/2017\/01\/animal-1349031_1920-600x376.jpg?resize=350%2C200&ssl=1","width":350,"height":200,"srcset":"https:\/\/i0.wp.com\/blogi.eoppimispalvelut.fi\/arjenituja\/files\/2017\/01\/animal-1349031_1920-600x376.jpg?resize=350%2C200&ssl=1 1x, https:\/\/i0.wp.com\/blogi.eoppimispalvelut.fi\/arjenituja\/files\/2017\/01\/animal-1349031_1920-600x376.jpg?resize=525%2C300&ssl=1 1.5x"},"classes":[]},{"id":1349,"url":"https:\/\/blogi.eoppimispalvelut.fi\/arjenituja\/liikunta-ja-hyvinvointi\/","url_meta":{"origin":1379,"position":2},"title":"Liikunta ja hyvinvointi","author":"Maria Sipil\u00e4","date":"25.8.2021","format":false,"excerpt":"Liikkuminen auttaa palautumaan, lis\u00e4\u00e4 voimavaroja ja saa meid\u00e4t voimaan hyvin. Toisinaan liikkeelle l\u00e4ht\u00f6 voi kuitenkin tuntua hankalalta. Tukea tai uusia ideoita omaan liikkumiseesi voit kysy\u00e4 hyvinvointiohjaajaltamme.\u00a0 Mika auttaa ja neuvoo liikunnan aloittamiseen, kokonaisvaltaiseen fyysiseen hyvinvointiin sek\u00e4 jaksamiseen liittyviss\u00e4 asioissa. Varaa oma henkil\u00f6kohtainen ohjausaikasi: Puh.\u00a0 +358 40 182 6341 S.posti mika.vettainen@ulapland.fi\u2026","rel":"","context":"Similar post","block_context":{"text":"Similar post","link":""},"img":{"alt_text":"","src":"https:\/\/i0.wp.com\/blogi.eoppimispalvelut.fi\/arjenituja\/files\/2016\/12\/bubble-1305738_1920-600x400.jpg?resize=350%2C200&ssl=1","width":350,"height":200,"srcset":"https:\/\/i0.wp.com\/blogi.eoppimispalvelut.fi\/arjenituja\/files\/2016\/12\/bubble-1305738_1920-600x400.jpg?resize=350%2C200&ssl=1 1x, https:\/\/i0.wp.com\/blogi.eoppimispalvelut.fi\/arjenituja\/files\/2016\/12\/bubble-1305738_1920-600x400.jpg?resize=525%2C300&ssl=1 1.5x"},"classes":[]},{"id":858,"url":"https:\/\/blogi.eoppimispalvelut.fi\/arjenituja\/voimavarojen-tankkaus\/","url_meta":{"origin":1379,"position":3},"title":"VOIMAVAROJEN TANKKAUS","author":"Maija T\u00f6rm\u00e4nen","date":"23.6.2020","format":false,"excerpt":"Vanha sanonta \u201dty\u00f6 ei tekem\u00e4ll\u00e4\u00a0 lopu\u201d, on itse asiassa ihan totta t\u00e4n\u00e4kin p\u00e4iv\u00e4n\u00e4. Mielest\u00e4mme ty\u00f6skentelyyn, niin kuin opiskeluunkin, tulisi ottaa mukaan kest\u00e4v\u00e4n kehityksen ajatusta. Ajatus pohjautuu siihen, ett\u00e4 tulevaisuudessa ty\u00f6urat ovat pitki\u00e4 ja joudumme todenn\u00e4k\u00f6isesti ty\u00f6skentelem\u00e4\u00e4n monen eri asian \u00e4\u00e4rell\u00e4 yht\u00e4aikaisesti. T\u00e4ll\u00f6in tarvitaan kyky\u00e4 palautua ty\u00f6st\u00e4. Suosittelemmekin pikajuoksun sijaan \u201dkest\u00e4vyysurheilua\u201d.\u2026","rel":"","context":"Similar post","block_context":{"text":"Similar post","link":""},"img":{"alt_text":"","src":"https:\/\/i0.wp.com\/blogi.eoppimispalvelut.fi\/arjenituja\/files\/2017\/01\/background-316552_1280-600x397.jpg?resize=350%2C200&ssl=1","width":350,"height":200,"srcset":"https:\/\/i0.wp.com\/blogi.eoppimispalvelut.fi\/arjenituja\/files\/2017\/01\/background-316552_1280-600x397.jpg?resize=350%2C200&ssl=1 1x, https:\/\/i0.wp.com\/blogi.eoppimispalvelut.fi\/arjenituja\/files\/2017\/01\/background-316552_1280-600x397.jpg?resize=525%2C300&ssl=1 1.5x"},"classes":[]},{"id":952,"url":"https:\/\/blogi.eoppimispalvelut.fi\/arjenituja\/materiaalipankki\/","url_meta":{"origin":1379,"position":4},"title":"MATERIAALIPANKKI","author":"Maija T\u00f6rm\u00e4nen","date":"18.8.2020","format":false,"excerpt":"Opiskelu on luovuutta ja ajattelua vaativaa puuhaa. Oppiminen taas edellytt\u00e4\u00e4 oikeanlaista vireystilaa sek\u00e4 my\u00f6s tahtoa oppia. Jos arki on kovin hektist\u00e4 tai ep\u00e4tasapainossa, ei opiskelukaan suju ja motivaatio voi k\u00e4rsi\u00e4. Moni opiskelijamme my\u00f6s ty\u00f6skentelee opintojen ohella, jolloin on t\u00e4rke\u00e4\u00e4 kiinnitt\u00e4\u00e4 huomiota my\u00f6s lepoon ja vapaa-aikaan. Opiskelijoiden uupuminen on tosiasia eik\u00e4\u2026","rel":"","context":"Similar post","block_context":{"text":"Similar post","link":""},"img":{"alt_text":"","src":"https:\/\/i0.wp.com\/blogi.eoppimispalvelut.fi\/arjenituja\/files\/2015\/09\/heart-1394204_1920-600x450.jpg?resize=350%2C200&ssl=1","width":350,"height":200,"srcset":"https:\/\/i0.wp.com\/blogi.eoppimispalvelut.fi\/arjenituja\/files\/2015\/09\/heart-1394204_1920-600x450.jpg?resize=350%2C200&ssl=1 1x, https:\/\/i0.wp.com\/blogi.eoppimispalvelut.fi\/arjenituja\/files\/2015\/09\/heart-1394204_1920-600x450.jpg?resize=525%2C300&ssl=1 1.5x"},"classes":[]},{"id":835,"url":"https:\/\/blogi.eoppimispalvelut.fi\/arjenituja\/millainen-oppija-olen\/","url_meta":{"origin":1379,"position":5},"title":"MILLAINEN OPPIJA OLEN?","author":"Maria Sipil\u00e4","date":"12.6.2020","format":false,"excerpt":"Toisinaan on hyv\u00e4 pys\u00e4hty\u00e4 pohtimaan omia k\u00e4sityksi\u00e4 ja ajatuksia oppimisesta sek\u00e4 itsest\u00e4 oppijana. Millaisena min\u00e4 ymm\u00e4rr\u00e4n oppimisen? Ajattelenko oppimista asioiden muistamisena ja ulkoa-opetteluna vai kenties tiedon rakentamisena, prosessina, jossa rakennan uutta ymm\u00e4rryst\u00e4 aiemman tiedon pohjalta? Omia k\u00e4sityksi\u00e4 ja uskomuksia tarkastellessa onkin hyv\u00e4 muistaa, ett\u00e4 ei ole yht\u00e4 oikeaa tapaa oppia,\u2026","rel":"","context":"Similar post","block_context":{"text":"Similar post","link":""},"img":{"alt_text":"","src":"https:\/\/i0.wp.com\/blogi.eoppimispalvelut.fi\/arjenituja\/files\/2020\/06\/portaat-600x400.jpg?resize=350%2C200&ssl=1","width":350,"height":200,"srcset":"https:\/\/i0.wp.com\/blogi.eoppimispalvelut.fi\/arjenituja\/files\/2020\/06\/portaat-600x400.jpg?resize=350%2C200&ssl=1 1x, https:\/\/i0.wp.com\/blogi.eoppimispalvelut.fi\/arjenituja\/files\/2020\/06\/portaat-600x400.jpg?resize=525%2C300&ssl=1 1.5x"},"classes":[]}],"_links":{"self":[{"href":"https:\/\/blogi.eoppimispalvelut.fi\/arjenituja\/wp-json\/wp\/v2\/pages\/1379","targetHints":{"allow":["GET"]}}],"collection":[{"href":"https:\/\/blogi.eoppimispalvelut.fi\/arjenituja\/wp-json\/wp\/v2\/pages"}],"about":[{"href":"https:\/\/blogi.eoppimispalvelut.fi\/arjenituja\/wp-json\/wp\/v2\/types\/page"}],"author":[{"embeddable":true,"href":"https:\/\/blogi.eoppimispalvelut.fi\/arjenituja\/wp-json\/wp\/v2\/users\/1612"}],"replies":[{"embeddable":true,"href":"https:\/\/blogi.eoppimispalvelut.fi\/arjenituja\/wp-json\/wp\/v2\/comments?post=1379"}],"version-history":[{"count":24,"href":"https:\/\/blogi.eoppimispalvelut.fi\/arjenituja\/wp-json\/wp\/v2\/pages\/1379\/revisions"}],"predecessor-version":[{"id":2595,"href":"https:\/\/blogi.eoppimispalvelut.fi\/arjenituja\/wp-json\/wp\/v2\/pages\/1379\/revisions\/2595"}],"wp:attachment":[{"href":"https:\/\/blogi.eoppimispalvelut.fi\/arjenituja\/wp-json\/wp\/v2\/media?parent=1379"}],"curies":[{"name":"wp","href":"https:\/\/api.w.org\/{rel}","templated":true}]}}