{"id":1945,"date":"2022-06-15T08:55:35","date_gmt":"2022-06-15T05:55:35","guid":{"rendered":"https:\/\/blogi.eoppimispalvelut.fi\/arjenituja\/?page_id=1945"},"modified":"2023-09-11T13:03:17","modified_gmt":"2023-09-11T10:03:17","slug":"tapahtumakalenteri-2","status":"publish","type":"page","link":"https:\/\/blogi.eoppimispalvelut.fi\/arjenituja\/tapahtumakalenteri-2\/","title":{"rendered":"Tapahtumakalenteri"},"content":{"rendered":"\n<p><a href=\"https:\/\/www.luchyvinvointi.fi\/\">\t\t<meta http-equiv=\"refresh\" content=\"0; url=https:\/\/www.luchyvinvointi.fi\/\">\r\n\t\tPlease wait while you are redirected...or <a href=\"https:\/\/www.luchyvinvointi.fi\/\">Click Here<\/a> if you do not want to wait.\r\n<\/a><\/p>\n\n\n<div  class=\"tribe-compatibility-container tribe-theme-twentyseventeen\" >\n\t<div\n\t\t class=\"tribe-common tribe-events tribe-events-view tribe-events-view--widget-events-list tribe-events-widget\" \t\tdata-js=\"tribe-events-view\"\n\t\tdata-view-rest-url=\"https:\/\/blogi.eoppimispalvelut.fi\/arjenituja\/wp-json\/tribe\/views\/v2\/html\"\n\t\tdata-view-manage-url=\"1\"\n\t\t\t\t\t\t\tdata-view-breakpoint-pointer=\"38166a91-c7a8-4c8c-8b3d-892a4389c414\"\n\t\t\t>\n\t\t<div class=\"tribe-events-widget-events-list\">\n\n\t\t\t\n\t\t\t<script data-js=\"tribe-events-view-data\" type=\"application\/json\">\n\t{\"slug\":\"widget-events-list\",\"prev_url\":\"\",\"next_url\":\"\",\"view_class\":\"Tribe\\\\Events\\\\Views\\\\V2\\\\Views\\\\Widgets\\\\Widget_List_View\",\"view_slug\":\"widget-events-list\",\"view_label\":\"View\",\"view\":null,\"should_manage_url\":true,\"id\":null,\"alias-slugs\":null,\"title\":\"Tulevat Tapahtumat \\u2013 Arjen ituja\",\"limit\":\"5\",\"no_upcoming_events\":false,\"featured_events_only\":false,\"jsonld_enable\":true,\"tribe_is_list_widget\":false,\"admin_fields\":{\"title\":{\"label\":\"Otsikko:\",\"type\":\"text\",\"parent_classes\":\"\",\"classes\":\"\",\"dependency\":\"\",\"id\":\"widget-tribe-widget-events-list--1-title\",\"name\":\"widget-tribe-widget-events-list[-1][title]\",\"options\":[],\"placeholder\":\"\",\"value\":null},\"limit\":{\"label\":\"N\\u00e4yt\\u00e4:\",\"type\":\"number\",\"default\":5,\"min\":1,\"max\":10,\"step\":1,\"parent_classes\":\"\",\"classes\":\"\",\"dependency\":\"\",\"id\":\"widget-tribe-widget-events-list--1-limit\",\"name\":\"widget-tribe-widget-events-list[-1][limit]\",\"options\":[],\"placeholder\":\"\",\"value\":null},\"no_upcoming_events\":{\"label\":\"Piilota t\\u00e4m\\u00e4 vimpain jos ei ole tulevia tapahtumia.\",\"type\":\"checkbox\",\"parent_classes\":\"\",\"classes\":\"\",\"dependency\":\"\",\"id\":\"widget-tribe-widget-events-list--1-no_upcoming_events\",\"name\":\"widget-tribe-widget-events-list[-1][no_upcoming_events]\",\"options\":[],\"placeholder\":\"\",\"value\":null},\"featured_events_only\":{\"label\":\"Rajoita vain kiinnitettyihin tapahtumiin\",\"type\":\"checkbox\",\"parent_classes\":\"\",\"classes\":\"\",\"dependency\":\"\",\"id\":\"widget-tribe-widget-events-list--1-featured_events_only\",\"name\":\"widget-tribe-widget-events-list[-1][featured_events_only]\",\"options\":[],\"placeholder\":\"\",\"value\":null},\"jsonld_enable\":{\"label\":\"Generate JSON-LD data\",\"type\":\"checkbox\",\"parent_classes\":\"\",\"classes\":\"\",\"dependency\":\"\",\"id\":\"widget-tribe-widget-events-list--1-jsonld_enable\",\"name\":\"widget-tribe-widget-events-list[-1][jsonld_enable]\",\"options\":[],\"placeholder\":\"\",\"value\":null}},\"events\":[],\"url\":\"https:\\\/\\\/blogi.eoppimispalvelut.fi\\\/arjenituja\\\/?post_type=tribe_events&eventDisplay=widget-events-list\",\"url_event_date\":false,\"bar\":{\"keyword\":\"\",\"date\":\"\"},\"today\":\"2026-04-15 00:00:00\",\"now\":\"2026-04-15 08:10:53\",\"home_url\":\"https:\\\/\\\/blogi.eoppimispalvelut.fi\\\/arjenituja\",\"rest_url\":\"https:\\\/\\\/blogi.eoppimispalvelut.fi\\\/arjenituja\\\/wp-json\\\/tribe\\\/views\\\/v2\\\/html\",\"rest_method\":\"GET\",\"rest_nonce\":\"\",\"today_url\":\"https:\\\/\\\/blogi.eoppimispalvelut.fi\\\/arjenituja\\\/?post_type=tribe_events&eventDisplay=widget-events-list&rest_route=%2Fwp%2Fv2%2Fpages%2F1945\",\"today_title\":\"Klikkaa valitaksesi t\\u00e4m\\u00e4 p\\u00e4iv\\u00e4\",\"today_label\":\"T\\u00e4n\\u00e4\\u00e4n\",\"prev_label\":\"\",\"next_label\":\"\",\"date_formats\":{\"compact\":\"Y-m-d\",\"month_and_year_compact\":\"Y-m\",\"month_and_year\":\"F Y\",\"time_range_separator\":\" - \",\"date_time_separator\":\" @ \"},\"messages\":{\"notice\":[\"Ei tulevia tapahtumia tapahtumat.\"]},\"start_of_week\":\"1\",\"header_title\":\"\",\"header_title_element\":\"h1\",\"content_title\":\"\",\"show_content_title\":false,\"breadcrumbs\":[],\"backlink\":false,\"before_events\":\"\",\"after_events\":\"\\n<!--\\nThis calendar is powered by The Events Calendar.\\nhttp:\\\/\\\/evnt.is\\\/18wn\\n-->\\n\",\"display_events_bar\":false,\"disable_event_search\":false,\"live_refresh\":true,\"ical\":{\"display_link\":true,\"link\":{\"url\":\"https:\\\/\\\/blogi.eoppimispalvelut.fi\\\/arjenituja\\\/?post_type=tribe_events&#038;eventDisplay=widget-events-list&#038;ical=1\",\"text\":\"Vie Tapahtumat\",\"title\":\"K\\u00e4yt\\u00e4 t\\u00e4t\\u00e4 jakaaksesi kalenterin tiedot Google-kalenterin, Apple iCal:in ja muiden yhteensopivien sovellusten kanssa\"}},\"container_classes\":[\"tribe-common\",\"tribe-events\",\"tribe-events-view\",\"tribe-events-view--widget-events-list\",\"tribe-events-widget\"],\"container_data\":[],\"is_past\":false,\"breakpoints\":{\"xsmall\":500,\"medium\":768,\"full\":960},\"breakpoint_pointer\":\"38166a91-c7a8-4c8c-8b3d-892a4389c414\",\"is_initial_load\":false,\"public_views\":{\"list\":{\"view_class\":\"Tribe\\\\Events\\\\Views\\\\V2\\\\Views\\\\List_View\",\"view_url\":\"https:\\\/\\\/blogi.eoppimispalvelut.fi\\\/arjenituja\\\/events\\\/lista\\\/\",\"view_label\":\"Lista\",\"aria_label\":\"Display Tapahtumat in Lista View\"},\"month\":{\"view_class\":\"Tribe\\\\Events\\\\Views\\\\V2\\\\Views\\\\Month_View\",\"view_url\":\"https:\\\/\\\/blogi.eoppimispalvelut.fi\\\/arjenituja\\\/events\\\/kuukausi\\\/\",\"view_label\":\"Kuukausi\",\"aria_label\":\"Display Tapahtumat in Kuukausi View\"},\"day\":{\"view_class\":\"Tribe\\\\Events\\\\Views\\\\V2\\\\Views\\\\Day_View\",\"view_url\":\"https:\\\/\\\/blogi.eoppimispalvelut.fi\\\/arjenituja\\\/events\\\/tanaan\\\/\",\"view_label\":\"P\\u00e4iv\\u00e4\",\"aria_label\":\"Display Tapahtumat in P\\u00e4iv\\u00e4 View\"}},\"show_latest_past\":false,\"past\":false,\"compatibility_classes\":[\"tribe-compatibility-container\",\"tribe-theme-twentyseventeen\"],\"view_more_text\":\"N\\u00e4yt\\u00e4 kalenteri\",\"view_more_title\":\"N\\u00e4yt\\u00e4 enemm\\u00e4n tapahtumat.\",\"view_more_link\":\"https:\\\/\\\/blogi.eoppimispalvelut.fi\\\/arjenituja\\\/events\\\/\",\"widget_title\":\"Tulevat tapahtumat\",\"hide_if_no_upcoming_events\":false,\"display\":[],\"subscribe_links\":{\"gcal\":{\"label\":\"Google-kalenteri\",\"single_label\":\"Lis\\u00e4\\u00e4 Google-kalenteriin\",\"visible\":true,\"block_slug\":\"hasGoogleCalendar\"},\"ical\":{\"label\":\"iCalendar\",\"single_label\":\"Lis\\u00e4\\u00e4 iCalendariin\",\"visible\":true,\"block_slug\":\"hasiCal\"},\"outlook-365\":{\"label\":\"Outlook 365\",\"single_label\":\"Outlook 365\",\"visible\":true,\"block_slug\":\"hasOutlook365\"},\"outlook-live\":{\"label\":\"Outlook Live\",\"single_label\":\"Outlook Live\",\"visible\":true,\"block_slug\":\"hasOutlookLive\"},\"ics\":{\"label\":\"Vie .ics-tiedostona\",\"single_label\":\"Vie .ics-tiedostona\",\"visible\":true,\"block_slug\":null},\"outlook-ics\":{\"label\":\"Vie Outlook .ics -tiedostoon\",\"single_label\":\"Vie Outlook .ics -tiedostoon\",\"visible\":true,\"block_slug\":null}},\"_context\":{\"slug\":\"widget-events-list\"}}<\/script>\n\n\t\t\t\t\t\t\t<header class=\"tribe-events-widget-events-list__header\">\n\t\t\t\t\t<h2 class=\"tribe-events-widget-events-list__header-title tribe-common-h6 tribe-common-h--alt\">\n\t\t\t\t\t\tTulevat tapahtumat\t\t\t\t\t<\/h2>\n\t\t\t\t<\/header>\n\t\t\t\n\t\t\t\n\t\t\t\t<div  class=\"tribe-events-header__messages tribe-events-c-messages tribe-common-b2\"  >\n\t\t\t<div class=\"tribe-events-c-messages__message tribe-events-c-messages__message--notice\" tabindex=\"0\" role=\"alert\" aria-live=\"assertive\">\n\t\t\t<svg\n\t class=\"tribe-common-c-svgicon tribe-common-c-svgicon--messages-not-found tribe-events-c-messages__message-icon-svg\" \taria-hidden=\"true\"\n\tviewBox=\"0 0 21 23\"\n\txmlns=\"http:\/\/www.w3.org\/2000\/svg\"\n>\n\t<g fill-rule=\"evenodd\">\n\t\t<path d=\"M.5 2.5h20v20H.5z\"\/>\n\t\t<path stroke-linecap=\"round\" d=\"M7.583 11.583l5.834 5.834m0-5.834l-5.834 5.834\" class=\"tribe-common-c-svgicon__svg-stroke\"\/>\n\t\t<path stroke-linecap=\"round\" d=\"M4.5.5v4m12-4v4\"\/>\n\t\t<path stroke-linecap=\"square\" d=\"M.5 7.5h20\"\/>\n\t<\/g>\n<\/svg>\n<span class=\"tribe-common-a11y-visual-hide\">\n\tNotice<\/span>\n\t\t\t\t\t\t\t<div\n\t\t\t\t\t data-key=\"0\" >\n\t\t\t\t\tEi tulevia tapahtumia tapahtumat.\t\t\t\t<\/div>\n\t\t\t\t\t<\/div>\n\t<\/div>\n\n\t\t\t\t\t<\/div>\n\t<\/div>\n<\/div>\n<script data-js='tribe-events-view-nonce-data' type='application\/json'>{\"tvn1\":\"4b06b3c74c\",\"tvn2\":\"\"}<\/script>","protected":false},"excerpt":{"rendered":"","protected":false},"author":4922,"featured_media":0,"parent":0,"menu_order":5,"comment_status":"closed","ping_status":"closed","template":"","meta":{"jetpack_post_was_ever_published":false,"footnotes":""},"class_list":["post-1945","page","type-page","status-publish","hentry"],"jetpack_sharing_enabled":true,"jetpack_shortlink":"https:\/\/wp.me\/P6W2Dk-vn","jetpack-related-posts":[{"id":1185,"url":"https:\/\/blogi.eoppimispalvelut.fi\/arjenituja\/yhteystiedot\/","url_meta":{"origin":1945,"position":0},"title":"Yhteystiedot","author":"Maija T\u00f6rm\u00e4nen","date":"26.4.2021","format":false,"excerpt":"Yhteystiedot -sivujemme kautta voit tutustua enemm\u00e4n meihin hyvinvointipalveluiden ty\u00f6ntekij\u00f6ihin sek\u00e4 l\u00f6yd\u00e4t ohjeet ajanvaraukseen niin kuraattoreille kuin hyvinvointiohjaajalle. Sivuille on my\u00f6s koottu esimerkkej\u00e4 aiheista, joissa opiskelijat yleens\u00e4 ottavat meihin yhteytt\u00e4.","rel":"","context":"Similar post","block_context":{"text":"Similar post","link":""},"img":{"alt_text":"Kuvassa sininen taivas, jolla valkoisia pilvi\u00e4.","src":"https:\/\/i0.wp.com\/blogi.eoppimispalvelut.fi\/arjenituja\/files\/2021\/08\/Pilvet.jpg?resize=350%2C200&ssl=1","width":350,"height":200,"srcset":"https:\/\/i0.wp.com\/blogi.eoppimispalvelut.fi\/arjenituja\/files\/2021\/08\/Pilvet.jpg?resize=350%2C200&ssl=1 1x, https:\/\/i0.wp.com\/blogi.eoppimispalvelut.fi\/arjenituja\/files\/2021\/08\/Pilvet.jpg?resize=525%2C300&ssl=1 1.5x"},"classes":[]},{"id":889,"url":"https:\/\/blogi.eoppimispalvelut.fi\/arjenituja\/in-english-2\/","url_meta":{"origin":1945,"position":1},"title":"IN ENGLISH","author":"Maija T\u00f6rm\u00e4nen","date":"23.6.2020","format":false,"excerpt":"Taking care of your well-being and maintaining your work ability plays an important role in both studying and learning.\u00a0 On these web pages you can find some tips for finding balance between your studies and everyday life. This site is maintained by student\u2019s well-being services of Lapland University of Applied\u2026","rel":"","context":"Similar post","block_context":{"text":"Similar post","link":""},"img":{"alt_text":"","src":"https:\/\/i0.wp.com\/blogi.eoppimispalvelut.fi\/arjenituja\/files\/2020\/06\/forest-231066__340.jpg?resize=350%2C200&ssl=1","width":350,"height":200},"classes":[]},{"id":1399,"url":"https:\/\/blogi.eoppimispalvelut.fi\/arjenituja\/miten-voimme-auttaa-sinua\/","url_meta":{"origin":1945,"position":2},"title":"Miten voimme auttaa sinua","author":"Maija T\u00f6rm\u00e4nen","date":"26.8.2021","format":false,"excerpt":"Milloin on hyv\u00e4 ottaa yhteytt\u00e4 kuraattoriin? Voit k\u00e4\u00e4nty\u00e4 kuraattorin puoleen esimerkiksi seuraavissa asioissa: jumissa olevat opinnot tai opinn\u00e4ytety\u00f6 opintoihin palaaminen pitk\u00e4n tauon j\u00e4lkeen opiskelutaidot, ajank\u00e4ytt\u00f6 ja arjen hallinta opiskeluitsetuntoon liittyv\u00e4t ongelmat, j\u00e4nnitt\u00e4minen jaksaminen ja stressi oppimisvaikeudet HUOM! Kuraattoripalveluissamme on k\u00e4yt\u00f6ss\u00e4\u00a0asiakastietoj\u00e4rjestelm\u00e4 AURA. Milloin voit k\u00e4\u00e4nty\u00e4 hyvinvointiohjaajan puoleen? Hyvinvointiohjaaja auttaa ja neuvoo\u2026","rel":"","context":"Similar post","block_context":{"text":"Similar post","link":""},"img":{"alt_text":"","src":"","width":0,"height":0},"classes":[]},{"id":1379,"url":"https:\/\/blogi.eoppimispalvelut.fi\/arjenituja\/ajanvaraus-kuraattoreille\/","url_meta":{"origin":1945,"position":3},"title":"Yhteydenotto kuraattoripalveluihin","author":"Maria Sipil\u00e4","date":"26.8.2021","format":false,"excerpt":"Kurattoreilta saat ohjausta ja neuvontaa erilaisissa opiskeluun ja hyvinvointiin liittyviss\u00e4 kysymyksiss\u00e4. Toimi n\u00e4in: 1) J\u00e4t\u00e4 yhteydenottopyynt\u00f6 s\u00e4hk\u00f6postitse: kuraattorit@luc.fi 2) Kirjoita otsikoksi soittopyynt\u00f6 ja viestiin oma nimesi ja puhelinnumerosi. Yhteydenoton syyt\u00e4 ei tarvitse kirjoittaa. Kuraattori soittaa sinulle noin viiden arkip\u00e4iv\u00e4n kuluessa yhteydenotostasi. Tavoittelemme sinua puhelimitse pari kertaa. Puhelinkeskustelussa k\u00e4ymme l\u00e4pi tilannettasi\u2026","rel":"","context":"Similar post","block_context":{"text":"Similar post","link":""},"img":{"alt_text":"","src":"","width":0,"height":0},"classes":[]},{"id":1349,"url":"https:\/\/blogi.eoppimispalvelut.fi\/arjenituja\/liikunta-ja-hyvinvointi\/","url_meta":{"origin":1945,"position":4},"title":"Liikunta ja hyvinvointi","author":"Maria Sipil\u00e4","date":"25.8.2021","format":false,"excerpt":"Liikkuminen auttaa palautumaan, lis\u00e4\u00e4 voimavaroja ja saa meid\u00e4t voimaan hyvin. Toisinaan liikkeelle l\u00e4ht\u00f6 voi kuitenkin tuntua hankalalta. Tukea tai uusia ideoita omaan liikkumiseesi voit kysy\u00e4 hyvinvointiohjaajaltamme.\u00a0 Mika auttaa ja neuvoo liikunnan aloittamiseen, kokonaisvaltaiseen fyysiseen hyvinvointiin sek\u00e4 jaksamiseen liittyviss\u00e4 asioissa. Varaa oma henkil\u00f6kohtainen ohjausaikasi: Puh.\u00a0 +358 40 182 6341 S.posti mika.vettainen@ulapland.fi\u2026","rel":"","context":"Similar post","block_context":{"text":"Similar post","link":""},"img":{"alt_text":"","src":"https:\/\/i0.wp.com\/blogi.eoppimispalvelut.fi\/arjenituja\/files\/2016\/12\/bubble-1305738_1920-600x400.jpg?resize=350%2C200&ssl=1","width":350,"height":200,"srcset":"https:\/\/i0.wp.com\/blogi.eoppimispalvelut.fi\/arjenituja\/files\/2016\/12\/bubble-1305738_1920-600x400.jpg?resize=350%2C200&ssl=1 1x, https:\/\/i0.wp.com\/blogi.eoppimispalvelut.fi\/arjenituja\/files\/2016\/12\/bubble-1305738_1920-600x400.jpg?resize=525%2C300&ssl=1 1.5x"},"classes":[]},{"id":457,"url":"https:\/\/blogi.eoppimispalvelut.fi\/arjenituja\/","url_meta":{"origin":1945,"position":5},"title":"Tervetuloa Arjen ituihin!","author":"Marko Meht\u00e4l\u00e4","date":"12.6.2018","format":false,"excerpt":"Omasta hyvinvoinnista huolehtimisella ja opiskelukyvyn yll\u00e4pit\u00e4misell\u00e4 on t\u00e4rke\u00e4 rooli niin opiskelussa kuin oppimisessakin. Arjen idut on Lapin korkeakoulujen hyvinvointipalveluiden vinkkipankki opiskelijoille. L\u00f6yd\u00e4t meid\u00e4t my\u00f6s Instagramista @lapinkorkeakoulukuraattorit. TULEVAT TAPAHTUMAT KURAATTOREIDEN NEUVONTA JA AJANVARAUS Korkeakoulun kuraattoreilta saat ohjausta ja neuvontaa erilaisissa opiskeluun ja hyvinvointiin liittyviss\u00e4 kysymyksiss\u00e4. Voit j\u00e4tt\u00e4\u00e4 yhteydenottopyynn\u00f6n s\u00e4hk\u00f6postitse: kuraattorit@luc.fi Kirjoita\u2026","rel":"","context":"Similar post","block_context":{"text":"Similar post","link":""},"img":{"alt_text":"Kuvassa nainen pitelee edess\u00e4\u00e4n, kaksin k\u00e4sin, s\u00e4detikkua.","src":"https:\/\/i0.wp.com\/blogi.eoppimispalvelut.fi\/arjenituja\/files\/2017\/01\/sparkler-677774_1280-600x400.jpg?resize=350%2C200&ssl=1","width":350,"height":200,"srcset":"https:\/\/i0.wp.com\/blogi.eoppimispalvelut.fi\/arjenituja\/files\/2017\/01\/sparkler-677774_1280-600x400.jpg?resize=350%2C200&ssl=1 1x, https:\/\/i0.wp.com\/blogi.eoppimispalvelut.fi\/arjenituja\/files\/2017\/01\/sparkler-677774_1280-600x400.jpg?resize=525%2C300&ssl=1 1.5x"},"classes":[]}],"_links":{"self":[{"href":"https:\/\/blogi.eoppimispalvelut.fi\/arjenituja\/wp-json\/wp\/v2\/pages\/1945","targetHints":{"allow":["GET"]}}],"collection":[{"href":"https:\/\/blogi.eoppimispalvelut.fi\/arjenituja\/wp-json\/wp\/v2\/pages"}],"about":[{"href":"https:\/\/blogi.eoppimispalvelut.fi\/arjenituja\/wp-json\/wp\/v2\/types\/page"}],"author":[{"embeddable":true,"href":"https:\/\/blogi.eoppimispalvelut.fi\/arjenituja\/wp-json\/wp\/v2\/users\/4922"}],"replies":[{"embeddable":true,"href":"https:\/\/blogi.eoppimispalvelut.fi\/arjenituja\/wp-json\/wp\/v2\/comments?post=1945"}],"version-history":[{"count":2,"href":"https:\/\/blogi.eoppimispalvelut.fi\/arjenituja\/wp-json\/wp\/v2\/pages\/1945\/revisions"}],"predecessor-version":[{"id":2588,"href":"https:\/\/blogi.eoppimispalvelut.fi\/arjenituja\/wp-json\/wp\/v2\/pages\/1945\/revisions\/2588"}],"wp:attachment":[{"href":"https:\/\/blogi.eoppimispalvelut.fi\/arjenituja\/wp-json\/wp\/v2\/media?parent=1945"}],"curies":[{"name":"wp","href":"https:\/\/api.w.org\/{rel}","templated":true}]}}