{"id":763,"date":"2020-06-11T15:42:26","date_gmt":"2020-06-11T12:42:26","guid":{"rendered":"https:\/\/blogi.eoppimispalvelut.fi\/arjenituja\/?page_id=763"},"modified":"2023-05-12T11:55:56","modified_gmt":"2023-05-12T08:55:56","slug":"ryhmat","status":"publish","type":"page","link":"https:\/\/blogi.eoppimispalvelut.fi\/arjenituja\/ryhmat\/","title":{"rendered":"YHDESS\u00c4 ETEENP\u00c4IN"},"content":{"rendered":"<p><a href=\"https:\/\/i0.wp.com\/blogi.eoppimispalvelut.fi\/arjenituja\/files\/2017\/01\/sparkler-677774_1280.jpg?ssl=1\"><img data-recalc-dims=\"1\" loading=\"lazy\" decoding=\"async\" data-attachment-id=\"365\" data-permalink=\"https:\/\/blogi.eoppimispalvelut.fi\/arjenituja\/ryhmat\/sparkler-677774_1280\/\" data-orig-file=\"https:\/\/i0.wp.com\/blogi.eoppimispalvelut.fi\/arjenituja\/files\/2017\/01\/sparkler-677774_1280.jpg?fit=1280%2C853&amp;ssl=1\" data-orig-size=\"1280,853\" data-comments-opened=\"1\" data-image-meta=\"{&quot;aperture&quot;:&quot;0&quot;,&quot;credit&quot;:&quot;&quot;,&quot;camera&quot;:&quot;&quot;,&quot;caption&quot;:&quot;&quot;,&quot;created_timestamp&quot;:&quot;0&quot;,&quot;copyright&quot;:&quot;&quot;,&quot;focal_length&quot;:&quot;0&quot;,&quot;iso&quot;:&quot;0&quot;,&quot;shutter_speed&quot;:&quot;0&quot;,&quot;title&quot;:&quot;&quot;,&quot;orientation&quot;:&quot;0&quot;}\" data-image-title=\"\" data-image-description=\"\" data-image-caption=\"\" data-medium-file=\"https:\/\/i0.wp.com\/blogi.eoppimispalvelut.fi\/arjenituja\/files\/2017\/01\/sparkler-677774_1280.jpg?fit=600%2C400&amp;ssl=1\" data-large-file=\"https:\/\/i0.wp.com\/blogi.eoppimispalvelut.fi\/arjenituja\/files\/2017\/01\/sparkler-677774_1280.jpg?fit=525%2C350&amp;ssl=1\" class=\"alignnone wp-image-365 size-medium\" src=\"https:\/\/i0.wp.com\/blogi.eoppimispalvelut.fi\/arjenituja\/files\/2017\/01\/sparkler-677774_1280.jpg?resize=525%2C350&#038;ssl=1\" alt=\"Kuvassa nainen pitelee edess\u00e4\u00e4n, kaksin k\u00e4sin, s\u00e4detikkua.\" width=\"525\" height=\"350\" srcset=\"https:\/\/i0.wp.com\/blogi.eoppimispalvelut.fi\/arjenituja\/files\/2017\/01\/sparkler-677774_1280.jpg?resize=600%2C400&amp;ssl=1 600w, https:\/\/i0.wp.com\/blogi.eoppimispalvelut.fi\/arjenituja\/files\/2017\/01\/sparkler-677774_1280.jpg?resize=768%2C512&amp;ssl=1 768w, https:\/\/i0.wp.com\/blogi.eoppimispalvelut.fi\/arjenituja\/files\/2017\/01\/sparkler-677774_1280.jpg?w=1280&amp;ssl=1 1280w, https:\/\/i0.wp.com\/blogi.eoppimispalvelut.fi\/arjenituja\/files\/2017\/01\/sparkler-677774_1280.jpg?resize=420%2C280&amp;ssl=1 420w, https:\/\/i0.wp.com\/blogi.eoppimispalvelut.fi\/arjenituja\/files\/2017\/01\/sparkler-677774_1280.jpg?w=1050&amp;ssl=1 1050w\" sizes=\"auto, (max-width: 525px) 100vw, 525px\" \/><\/a><\/p>\n<p style=\"margin: 0cm;margin-bottom: .0001pt;background: white\"><span class=\"lead\"><span style=\"font-size: 14.5pt;font-family: 'Helvetica',sans-serif;color: #222222\">Ryhm\u00e4mme ovat avoinna kaikille Lapin korkeakoulujen opiskelijoille. Ryhmiss\u00e4mme p\u00e4\u00e4set tapaamaan samankaltaisessa tilanteessa olevia toisia opiskelijoita. Ryhm\u00e4n ohjaajina toimivat kuraattorimme auttavat mukana olijoita aluksi tutustumaan toisiinsa ja ryhm\u00e4tapaamisten edetess\u00e4 keskusteluteemojen l\u00f6yt\u00e4misess\u00e4.\u00a0 <\/span><\/span><span style=\"color: #222222;font-family: Helvetica, sans-serif;font-size: 14.5pt\">Kokemuksia ja ajatuksia jakamalla voimme l\u00f6yt\u00e4\u00e4 yhdess\u00e4 ratkaisuja vaikealtakin tuntuviin tilanteisiin.<\/span><\/p>\n<p style=\"margin: 0cm;margin-bottom: .0001pt;background: white\">\n","protected":false},"excerpt":{"rendered":"<p>Ryhm\u00e4mme ovat avoinna kaikille Lapin korkeakoulujen opiskelijoille. Ryhmiss\u00e4mme p\u00e4\u00e4set tapaamaan samankaltaisessa tilanteessa olevia toisia opiskelijoita. Ryhm\u00e4n ohjaajina toimivat kuraattorimme auttavat mukana olijoita aluksi tutustumaan toisiinsa ja ryhm\u00e4tapaamisten edetess\u00e4 keskusteluteemojen l\u00f6yt\u00e4misess\u00e4.\u00a0 &hellip; <\/p>\n<p class=\"link-more\"><a href=\"https:\/\/blogi.eoppimispalvelut.fi\/arjenituja\/ryhmat\/\" class=\"more-link\">Jatka lukemista<span class=\"screen-reader-text\"> &#8220;YHDESS\u00c4 ETEENP\u00c4IN&#8221;<\/span><\/a><\/p>\n","protected":false},"author":1612,"featured_media":0,"parent":0,"menu_order":0,"comment_status":"closed","ping_status":"closed","template":"","meta":{"jetpack_post_was_ever_published":false,"footnotes":""},"class_list":["post-763","page","type-page","status-publish","hentry"],"jetpack_sharing_enabled":true,"jetpack_shortlink":"https:\/\/wp.me\/P6W2Dk-cj","jetpack-related-posts":[{"id":835,"url":"https:\/\/blogi.eoppimispalvelut.fi\/arjenituja\/millainen-oppija-olen\/","url_meta":{"origin":763,"position":0},"title":"MILLAINEN OPPIJA OLEN?","author":"Maria Sipil\u00e4","date":"12.6.2020","format":false,"excerpt":"Toisinaan on hyv\u00e4 pys\u00e4hty\u00e4 pohtimaan omia k\u00e4sityksi\u00e4 ja ajatuksia oppimisesta sek\u00e4 itsest\u00e4 oppijana. Millaisena min\u00e4 ymm\u00e4rr\u00e4n oppimisen? Ajattelenko oppimista asioiden muistamisena ja ulkoa-opetteluna vai kenties tiedon rakentamisena, prosessina, jossa rakennan uutta ymm\u00e4rryst\u00e4 aiemman tiedon pohjalta? Omia k\u00e4sityksi\u00e4 ja uskomuksia tarkastellessa onkin hyv\u00e4 muistaa, ett\u00e4 ei ole yht\u00e4 oikeaa tapaa oppia,\u2026","rel":"","context":"Similar post","block_context":{"text":"Similar post","link":""},"img":{"alt_text":"","src":"https:\/\/i0.wp.com\/blogi.eoppimispalvelut.fi\/arjenituja\/files\/2020\/06\/portaat-600x400.jpg?resize=350%2C200&ssl=1","width":350,"height":200,"srcset":"https:\/\/i0.wp.com\/blogi.eoppimispalvelut.fi\/arjenituja\/files\/2020\/06\/portaat-600x400.jpg?resize=350%2C200&ssl=1 1x, https:\/\/i0.wp.com\/blogi.eoppimispalvelut.fi\/arjenituja\/files\/2020\/06\/portaat-600x400.jpg?resize=525%2C300&ssl=1 1.5x"},"classes":[]},{"id":1379,"url":"https:\/\/blogi.eoppimispalvelut.fi\/arjenituja\/ajanvaraus-kuraattoreille\/","url_meta":{"origin":763,"position":1},"title":"Yhteydenotto kuraattoripalveluihin","author":"Maria Sipil\u00e4","date":"26.8.2021","format":false,"excerpt":"Kurattoreilta saat ohjausta ja neuvontaa erilaisissa opiskeluun ja hyvinvointiin liittyviss\u00e4 kysymyksiss\u00e4. Toimi n\u00e4in: 1) J\u00e4t\u00e4 yhteydenottopyynt\u00f6 s\u00e4hk\u00f6postitse: kuraattorit@luc.fi 2) Kirjoita otsikoksi soittopyynt\u00f6 ja viestiin oma nimesi ja puhelinnumerosi. Yhteydenoton syyt\u00e4 ei tarvitse kirjoittaa. Kuraattori soittaa sinulle noin viiden arkip\u00e4iv\u00e4n kuluessa yhteydenotostasi. Tavoittelemme sinua puhelimitse pari kertaa. Puhelinkeskustelussa k\u00e4ymme l\u00e4pi tilannettasi\u2026","rel":"","context":"Similar post","block_context":{"text":"Similar post","link":""},"img":{"alt_text":"","src":"","width":0,"height":0},"classes":[]},{"id":1420,"url":"https:\/\/blogi.eoppimispalvelut.fi\/arjenituja\/tutustu-meihin\/","url_meta":{"origin":763,"position":2},"title":"Tutustu meihin","author":"Maija T\u00f6rm\u00e4nen","date":"27.8.2021","format":false,"excerpt":"Hyvinvointipalveluiden ty\u00f6ntekij\u00e4t Korkeakoulukuraattorit Heidi Haapala \"Moi! Min\u00e4 olen Heidi. Vapaa-ajallani remontoin perheeni kanssa Muonionjoen rannassa olevaa taloa ja mietin, miten m\u00e4ntymets\u00e4\u00e4 kasvatetaan. Nautin erityisesti talvesta: lumesta ja pakkasesta, hiljaisuudesta ja pimeydest\u00e4.\u00a0 Rakastan luovaa tekemist\u00e4: musiikin kuuntelemista ja laulamista sek\u00e4 maalaamista, piirt\u00e4mist\u00e4, neulomista, virkkaamista ja kasvimaalla kuokkimista. Projekteja on kesken aina\u2026","rel":"","context":"Similar post","block_context":{"text":"Similar post","link":""},"img":{"alt_text":"","src":"https:\/\/i0.wp.com\/blogi.eoppimispalvelut.fi\/arjenituja\/files\/2022\/01\/Mika.jpg?resize=350%2C200&ssl=1","width":350,"height":200,"srcset":"https:\/\/i0.wp.com\/blogi.eoppimispalvelut.fi\/arjenituja\/files\/2022\/01\/Mika.jpg?resize=350%2C200&ssl=1 1x, https:\/\/i0.wp.com\/blogi.eoppimispalvelut.fi\/arjenituja\/files\/2022\/01\/Mika.jpg?resize=525%2C300&ssl=1 1.5x"},"classes":[]},{"id":457,"url":"https:\/\/blogi.eoppimispalvelut.fi\/arjenituja\/","url_meta":{"origin":763,"position":3},"title":"Tervetuloa Arjen ituihin!","author":"Marko Meht\u00e4l\u00e4","date":"12.6.2018","format":false,"excerpt":"Omasta hyvinvoinnista huolehtimisella ja opiskelukyvyn yll\u00e4pit\u00e4misell\u00e4 on t\u00e4rke\u00e4 rooli niin opiskelussa kuin oppimisessakin. Arjen idut on Lapin korkeakoulujen hyvinvointipalveluiden vinkkipankki opiskelijoille. L\u00f6yd\u00e4t meid\u00e4t my\u00f6s Instagramista @lapinkorkeakoulukuraattorit. TULEVAT TAPAHTUMAT KURAATTOREIDEN NEUVONTA JA AJANVARAUS Korkeakoulun kuraattoreilta saat ohjausta ja neuvontaa erilaisissa opiskeluun ja hyvinvointiin liittyviss\u00e4 kysymyksiss\u00e4. Voit j\u00e4tt\u00e4\u00e4 yhteydenottopyynn\u00f6n s\u00e4hk\u00f6postitse: kuraattorit@luc.fi Kirjoita\u2026","rel":"","context":"Similar post","block_context":{"text":"Similar post","link":""},"img":{"alt_text":"Kuvassa nainen pitelee edess\u00e4\u00e4n, kaksin k\u00e4sin, s\u00e4detikkua.","src":"https:\/\/i0.wp.com\/blogi.eoppimispalvelut.fi\/arjenituja\/files\/2017\/01\/sparkler-677774_1280-600x400.jpg?resize=350%2C200&ssl=1","width":350,"height":200,"srcset":"https:\/\/i0.wp.com\/blogi.eoppimispalvelut.fi\/arjenituja\/files\/2017\/01\/sparkler-677774_1280-600x400.jpg?resize=350%2C200&ssl=1 1x, https:\/\/i0.wp.com\/blogi.eoppimispalvelut.fi\/arjenituja\/files\/2017\/01\/sparkler-677774_1280-600x400.jpg?resize=525%2C300&ssl=1 1.5x"},"classes":[]},{"id":800,"url":"https:\/\/blogi.eoppimispalvelut.fi\/arjenituja\/potkua-opiskeluun\/","url_meta":{"origin":763,"position":4},"title":"POTKUA OPISKELUUN","author":"Maria Sipil\u00e4","date":"12.6.2020","format":false,"excerpt":"Oletko miettinyt, milloin olet tehokkaimmillasi? Heti aamutuimaan vai k\u00e4ynnistytk\u00f6 vasta iltap\u00e4iv\u00e4n puolella? Valitettavasti emme voi useinkaan valita ty\u00f6skentelyaikaa, mutta paljon keskittymist\u00e4 vaativat ty\u00f6t kannattaa sijoittaa p\u00e4iv\u00e4n virkeimp\u00e4\u00e4n hetkeen. Kannattaa my\u00f6s mietti\u00e4, onko kotisohva todellakin se paras paikka ty\u00f6skennell\u00e4. Nimitt\u00e4in kotona villakoirat huutavat tarttumaan imuriin, juuri nyt on t\u00e4rke\u00e4\u00e4 tiskata tiskit\u2026","rel":"","context":"Similar post","block_context":{"text":"Similar post","link":""},"img":{"alt_text":"","src":"https:\/\/i0.wp.com\/blogi.eoppimispalvelut.fi\/arjenituja\/files\/2016\/12\/adult-1852907_1920.jpg?resize=350%2C200&ssl=1","width":350,"height":200,"srcset":"https:\/\/i0.wp.com\/blogi.eoppimispalvelut.fi\/arjenituja\/files\/2016\/12\/adult-1852907_1920.jpg?resize=350%2C200&ssl=1 1x, https:\/\/i0.wp.com\/blogi.eoppimispalvelut.fi\/arjenituja\/files\/2016\/12\/adult-1852907_1920.jpg?resize=525%2C300&ssl=1 1.5x, https:\/\/i0.wp.com\/blogi.eoppimispalvelut.fi\/arjenituja\/files\/2016\/12\/adult-1852907_1920.jpg?resize=700%2C400&ssl=1 2x, https:\/\/i0.wp.com\/blogi.eoppimispalvelut.fi\/arjenituja\/files\/2016\/12\/adult-1852907_1920.jpg?resize=1050%2C600&ssl=1 3x, https:\/\/i0.wp.com\/blogi.eoppimispalvelut.fi\/arjenituja\/files\/2016\/12\/adult-1852907_1920.jpg?resize=1400%2C800&ssl=1 4x"},"classes":[]},{"id":863,"url":"https:\/\/blogi.eoppimispalvelut.fi\/arjenituja\/stressaako\/","url_meta":{"origin":763,"position":5},"title":"STRESSAAKO?","author":"Maija T\u00f6rm\u00e4nen","date":"23.6.2020","format":false,"excerpt":"Kun mik\u00e4\u00e4n ei kiinnosta, opiskeluinto on lopahtanut ja el\u00e4m\u00e4st\u00e4 puuttuu ilo. Turhauttaa, v\u00e4sytt\u00e4\u00e4, ahdistaa ja tuntuu yksin\u00e4iselt\u00e4. Uni ei tule ja nukkuminen on katkonaista. Ajatuksissa py\u00f6rii ep\u00e4ily omasta p\u00e4rj\u00e4\u00e4misest\u00e4. N\u00e4m\u00e4 ja monet muutkin tuntemukset ja oireet voivat viitata siihen, ett\u00e4 on aika pys\u00e4hty\u00e4 tarkastelemaan omaa tilannetta. Mik\u00e4 meit\u00e4 stressaa? Opiskeluun\u2026","rel":"","context":"Similar post","block_context":{"text":"Similar post","link":""},"img":{"alt_text":"","src":"https:\/\/i0.wp.com\/blogi.eoppimispalvelut.fi\/arjenituja\/files\/2017\/01\/animal-1349031_1920-600x376.jpg?resize=350%2C200&ssl=1","width":350,"height":200,"srcset":"https:\/\/i0.wp.com\/blogi.eoppimispalvelut.fi\/arjenituja\/files\/2017\/01\/animal-1349031_1920-600x376.jpg?resize=350%2C200&ssl=1 1x, https:\/\/i0.wp.com\/blogi.eoppimispalvelut.fi\/arjenituja\/files\/2017\/01\/animal-1349031_1920-600x376.jpg?resize=525%2C300&ssl=1 1.5x"},"classes":[]}],"_links":{"self":[{"href":"https:\/\/blogi.eoppimispalvelut.fi\/arjenituja\/wp-json\/wp\/v2\/pages\/763","targetHints":{"allow":["GET"]}}],"collection":[{"href":"https:\/\/blogi.eoppimispalvelut.fi\/arjenituja\/wp-json\/wp\/v2\/pages"}],"about":[{"href":"https:\/\/blogi.eoppimispalvelut.fi\/arjenituja\/wp-json\/wp\/v2\/types\/page"}],"author":[{"embeddable":true,"href":"https:\/\/blogi.eoppimispalvelut.fi\/arjenituja\/wp-json\/wp\/v2\/users\/1612"}],"replies":[{"embeddable":true,"href":"https:\/\/blogi.eoppimispalvelut.fi\/arjenituja\/wp-json\/wp\/v2\/comments?post=763"}],"version-history":[{"count":21,"href":"https:\/\/blogi.eoppimispalvelut.fi\/arjenituja\/wp-json\/wp\/v2\/pages\/763\/revisions"}],"predecessor-version":[{"id":2534,"href":"https:\/\/blogi.eoppimispalvelut.fi\/arjenituja\/wp-json\/wp\/v2\/pages\/763\/revisions\/2534"}],"wp:attachment":[{"href":"https:\/\/blogi.eoppimispalvelut.fi\/arjenituja\/wp-json\/wp\/v2\/media?parent=763"}],"curies":[{"name":"wp","href":"https:\/\/api.w.org\/{rel}","templated":true}]}}