{"id":835,"date":"2020-06-12T12:13:01","date_gmt":"2020-06-12T09:13:01","guid":{"rendered":"https:\/\/blogi.eoppimispalvelut.fi\/arjenituja\/?page_id=835"},"modified":"2023-09-11T13:14:19","modified_gmt":"2023-09-11T10:14:19","slug":"millainen-oppija-olen","status":"publish","type":"page","link":"https:\/\/blogi.eoppimispalvelut.fi\/arjenituja\/millainen-oppija-olen\/","title":{"rendered":"MILLAINEN OPPIJA OLEN?"},"content":{"rendered":"\n<p><a href=\"https:\/\/www.luchyvinvointi.fi\/\">\t\t<meta http-equiv=\"refresh\" content=\"0; url=https:\/\/www.luchyvinvointi.fi\/\">\n\t\t\t\tPlease wait while you are redirected...or <a href=\"https:\/\/www.luchyvinvointi.fi\/\">Click Here<\/a> if you do not want to wait.\n\t\t\t\t<\/a><\/p>\n\n\n<p><a href=\"https:\/\/i0.wp.com\/blogi.eoppimispalvelut.fi\/arjenituja\/files\/2020\/06\/portaat.jpg?ssl=1\"><img data-recalc-dims=\"1\" loading=\"lazy\" decoding=\"async\" data-attachment-id=\"829\" data-permalink=\"https:\/\/blogi.eoppimispalvelut.fi\/arjenituja\/portaat\/\" data-orig-file=\"https:\/\/i0.wp.com\/blogi.eoppimispalvelut.fi\/arjenituja\/files\/2020\/06\/portaat.jpg?fit=961%2C641&amp;ssl=1\" data-orig-size=\"961,641\" data-comments-opened=\"1\" data-image-meta=\"{&quot;aperture&quot;:&quot;0&quot;,&quot;credit&quot;:&quot;&quot;,&quot;camera&quot;:&quot;&quot;,&quot;caption&quot;:&quot;&quot;,&quot;created_timestamp&quot;:&quot;0&quot;,&quot;copyright&quot;:&quot;&quot;,&quot;focal_length&quot;:&quot;0&quot;,&quot;iso&quot;:&quot;0&quot;,&quot;shutter_speed&quot;:&quot;0&quot;,&quot;title&quot;:&quot;&quot;,&quot;orientation&quot;:&quot;0&quot;}\" data-image-title=\"portaat\" data-image-description=\"\" data-image-caption=\"&lt;p&gt;Kuvassa liitutauluun piirretty tikku-ukko kiipe\u00e4m\u00e4ss\u00e4 portaita.&lt;\/p&gt;\n\" data-large-file=\"https:\/\/i0.wp.com\/blogi.eoppimispalvelut.fi\/arjenituja\/files\/2020\/06\/portaat.jpg?fit=525%2C350&amp;ssl=1\" class=\"alignnone size-medium wp-image-829\" src=\"https:\/\/i0.wp.com\/blogi.eoppimispalvelut.fi\/arjenituja\/files\/2020\/06\/portaat.jpg?resize=525%2C350&#038;ssl=1\" alt=\"\" width=\"525\" height=\"350\" srcset=\"https:\/\/i0.wp.com\/blogi.eoppimispalvelut.fi\/arjenituja\/files\/2020\/06\/portaat.jpg?resize=600%2C400&amp;ssl=1 600w, https:\/\/i0.wp.com\/blogi.eoppimispalvelut.fi\/arjenituja\/files\/2020\/06\/portaat.jpg?resize=768%2C512&amp;ssl=1 768w, https:\/\/i0.wp.com\/blogi.eoppimispalvelut.fi\/arjenituja\/files\/2020\/06\/portaat.jpg?w=961&amp;ssl=1 961w\" sizes=\"auto, (max-width: 525px) 100vw, 525px\" \/><\/a><\/p>\n<p>Toisinaan on hyv\u00e4 pys\u00e4hty\u00e4 pohtimaan omia k\u00e4sityksi\u00e4 ja ajatuksia oppimisesta sek\u00e4 itsest\u00e4 oppijana. Millaisena min\u00e4 ymm\u00e4rr\u00e4n oppimisen? Ajattelenko oppimista asioiden muistamisena ja ulkoa-opetteluna vai kenties tiedon rakentamisena, prosessina, jossa rakennan uutta ymm\u00e4rryst\u00e4 aiemman tiedon pohjalta? Omia k\u00e4sityksi\u00e4 ja uskomuksia tarkastellessa onkin hyv\u00e4 muistaa, ett\u00e4 ei ole yht\u00e4 oikeaa tapaa oppia, vaan oppimiseen nivoutuu niin yksil\u00f6- kuin ymp\u00e4rist\u00f6tekij\u00f6it\u00e4kin.<\/p>\n<p>Oppimiseen liittyvien k\u00e4sitysten ja ajatusten ohella on hyv\u00e4 mietti\u00e4 v\u00e4list\u00e4 my\u00f6s itse\u00e4 oppijana. Olenko tullut ajatelleeksi, miten prosessoin tietoa tai milloin ja miss\u00e4 opin parhaiten? Mitk\u00e4 ovat vahvuuteni ja miss\u00e4 asioissa minun tulee viel\u00e4 kehitty\u00e4? Ent\u00e4p\u00e4 miten tulkitsen ep\u00e4onnistumiset ja onnistumiset? Oppimiseen liittyv\u00e4\u00e4n min\u00e4pystyvyyteen voivat vaikuttaa esimerkiksi omat voimavarat ja el\u00e4m\u00e4ntilanne, min\u00e4k\u00e4sitys sek\u00e4 aiemmat kokemukset, omat uskomukset, odotukset ja tarpeet. K\u00e4sitykseen itsest\u00e4 oppijana kannattaakin suhtautua lempe\u00e4n ymm\u00e4rt\u00e4v\u00e4sti. Toisinaan tilannekohtaisilla tekij\u00f6ill\u00e4 on suuri vaikutus omaan oppimiseen ja monissa asioissa on my\u00f6s mahdollista kehitty\u00e4. V\u00e4lill\u00e4 on hyv\u00e4 mietti\u00e4 my\u00f6s, mik\u00e4 on riitt\u00e4v\u00e4n hyv\u00e4\u00e4.<\/p>\n<h3>Taitavaa opiskelua<\/h3>\n<p>Opiskelutaidot ovat asioita, joita voi kehitt\u00e4\u00e4 oman opintopolun aikana. Kukaan ei ole sepp\u00e4 syntyess\u00e4\u00e4n ja esimerkiksi lukemisessa, kirjoittamisessa ja muistiinpanojen tekemisess\u00e4 voi kehitty\u00e4 toistojen, uusien tekniikoiden kokeilujen ja harjoittelun kautta. Lis\u00e4vinkkej\u00e4 omien opiskelutaitojen kehitt\u00e4miseen voi lukea esimerkiksi\u00a0<a href=\"https:\/\/blogi.eoppimispalvelut.fi\/monenlaisetoppijat\/opiskelijalle\/\" target=\"_blank\" rel=\"noopener noreferrer\">Monenlaiset oppijat \u2013sivustolta<\/a>\u00a0sek\u00e4 opiskelun suunnitteluun voit perehty\u00e4 t\u00e4m\u00e4n sivuston Opiskelu sujuvaksi -osiosta. Itseohjautuva oppija kykenee s\u00e4\u00e4telem\u00e4\u00e4n omaa oppimistaan, valitsemaan sopivat opiskelustrategiat sek\u00e4 tarkastelemaan ja kehitt\u00e4m\u00e4\u00e4n omaan oppimistaan. Oman opiskelun ja oppimisen tarkastelussa on hyv\u00e4 muistaa my\u00f6s kuka voi tarvittaessa auttaa tai kuka tsemppaa opintojen haasteellisissa kohdissa.<\/p>\n<h3>Motivoivaa ja tavoitteellista oppimista<\/h3>\n<p>Yhten\u00e4 eteenp\u00e4in viev\u00e4n\u00e4 tekij\u00e4n\u00e4 oppimisessa on motivaatio. Motivaatio voi olla monen tekij\u00e4n summa ja eik\u00e4 sen aina tarvitse tarkoittaa vahvaa sis\u00e4ist\u00e4, henkil\u00f6kohtaista kiinnostusta asiaan. Omaa oppimista ja uusia asioita kannattaakin l\u00e4hesty\u00e4 uteliaisuudella. Kaikki opintojaksot tai teht\u00e4v\u00e4t eiv\u00e4t v\u00e4ltt\u00e4m\u00e4tt\u00e4 synnyt\u00e4 sis\u00e4ist\u00e4 motivaatiota hetkess\u00e4 mutta anna aiheelle mahdollisuus ja mieti, miss\u00e4 mahtaisit t\u00e4t\u00e4 asiaa my\u00f6hemmin tarvita. Sopivan kokoiset ja riitt\u00e4v\u00e4n haastavat v\u00e4litavoitteet auttavat sinua saavuttamaan lopulta p\u00e4\u00e4tavoitteesi opinnoissa. Luotto omiin kykyihin kasvattaa usein kiinnostusta oppimista kohtaan.<\/p>\n<h3>Min\u00e4 ja muut<\/h3>\n<p>Oppiminen tapahtuu vuorovaikutuksessa ja usein opiskelukin voi rakentua tiimim\u00e4isest\u00e4 ty\u00f6st\u00e4. Yhdess\u00e4 opiskelussa toteutuu parhaimmillaan erilaisten n\u00e4k\u00f6kulmien huomioiminen, uusien ajatusten syntyminen, omien tulokulmien perustelu ja itsest\u00e4\u00e4nselvyyksin\u00e4 pidettyjen asioiden esilletuonti. Rakentavassa hengess\u00e4 omassa opiskelutiimiss\u00e4 voi yhdess\u00e4 muovata uutta tietoa, oppia toisilta ja my\u00f6s opettaa toisia. Opiskelukavereita kannattaa hy\u00f6dynt\u00e4\u00e4 my\u00f6s opiskelutaitojen kehitt\u00e4misess\u00e4. Sujuisiko tenttialueen kertaaminen paremmin parin kanssa tai voisiko oman kirjoituksen antaa luettavaksi yst\u00e4v\u00e4lle?<\/p>\n<p>L\u00e4hteet<\/p>\n<ul>\n<li><span style=\"font-size: 1rem\">Lonka, Kirsti 2015: Oivaltava oppiminen. Otava.\u00a0<\/span><\/li>\n<li>Tynj\u00e4l\u00e4, P\u00e4ivi 2004. Oppiminen tiedon rakentamisena. Konstruktivistisen oppimisk\u00e4sityksen perusteita. Tammi.<\/li>\n<li>Helsingin yliopisto, avoimen yliopiston\u00a0<a href=\"https:\/\/www.helsinki.fi\/fi\/avoin-yliopisto\/opiskelu\/kehity-oppijana\" target=\"_blank\" rel=\"noopener noreferrer\">Kehity oppijana -sivusto.\u00a0<\/a><\/li>\n<li><a href=\"http:\/\/www.nyyti.fi\/\" target=\"_blank\" rel=\"noopener noreferrer\">Nyyti ry:n sivusto.<\/a><\/li>\n<\/ul>","protected":false},"excerpt":{"rendered":"<p>Toisinaan on hyv\u00e4 pys\u00e4hty\u00e4 pohtimaan omia k\u00e4sityksi\u00e4 ja ajatuksia oppimisesta sek\u00e4 itsest\u00e4 oppijana. Millaisena min\u00e4 ymm\u00e4rr\u00e4n oppimisen? Ajattelenko oppimista asioiden muistamisena ja ulkoa-opetteluna vai kenties tiedon rakentamisena, prosessina, jossa rakennan &hellip; <\/p>\n<p class=\"link-more\"><a href=\"https:\/\/blogi.eoppimispalvelut.fi\/arjenituja\/millainen-oppija-olen\/\" class=\"more-link\">Jatka lukemista<span class=\"screen-reader-text\"> &#8220;MILLAINEN OPPIJA OLEN?&#8221;<\/span><\/a><\/p>\n","protected":false},"author":1612,"featured_media":0,"parent":0,"menu_order":0,"comment_status":"closed","ping_status":"closed","template":"","meta":{"footnotes":""},"class_list":["post-835","page","type-page","status-publish","hentry"],"jetpack_sharing_enabled":true,"jetpack_shortlink":"https:\/\/wp.me\/P6W2Dk-dt","jetpack-related-posts":[{"id":863,"url":"https:\/\/blogi.eoppimispalvelut.fi\/arjenituja\/stressaako\/","url_meta":{"origin":835,"position":0},"title":"STRESSAAKO?","author":"Maija T\u00f6rm\u00e4nen","date":"23.6.2020","format":false,"excerpt":"Kun mik\u00e4\u00e4n ei kiinnosta, opiskeluinto on lopahtanut ja el\u00e4m\u00e4st\u00e4 puuttuu ilo. Turhauttaa, v\u00e4sytt\u00e4\u00e4, ahdistaa ja tuntuu yksin\u00e4iselt\u00e4. Uni ei tule ja nukkuminen on katkonaista. Ajatuksissa py\u00f6rii ep\u00e4ily omasta p\u00e4rj\u00e4\u00e4misest\u00e4. N\u00e4m\u00e4 ja monet muutkin tuntemukset ja oireet voivat viitata siihen, ett\u00e4 on aika pys\u00e4hty\u00e4 tarkastelemaan omaa tilannetta. Mik\u00e4 meit\u00e4 stressaa? Opiskeluun\u2026","rel":"","context":"Similar post","block_context":{"text":"Similar post","link":""},"img":{"alt_text":"","src":"https:\/\/i0.wp.com\/blogi.eoppimispalvelut.fi\/arjenituja\/files\/2017\/01\/animal-1349031_1920-600x376.jpg?resize=350%2C200&ssl=1","width":350,"height":200,"srcset":"https:\/\/i0.wp.com\/blogi.eoppimispalvelut.fi\/arjenituja\/files\/2017\/01\/animal-1349031_1920-600x376.jpg?resize=350%2C200&ssl=1 1x, https:\/\/i0.wp.com\/blogi.eoppimispalvelut.fi\/arjenituja\/files\/2017\/01\/animal-1349031_1920-600x376.jpg?resize=525%2C300&ssl=1 1.5x"},"classes":[]},{"id":849,"url":"https:\/\/blogi.eoppimispalvelut.fi\/arjenituja\/opiskeluretriitti\/","url_meta":{"origin":835,"position":1},"title":"OPISKELURETRIITTI","author":"Maija T\u00f6rm\u00e4nen","date":"23.6.2020","format":false,"excerpt":"Opiskeluretriitti maanantaisin ja perjantaisin klo 12 - 14 Retriitti on kes\u00e4tauolla ja syksyn 2023 retriitit starttaavat ma 28.8.2023! Liity t\u00e4st\u00e4 retriittiin! (Linkki avataan noin 15 min. ennen opiskeluretriitin alkamista.) Mik\u00e4 ihmeen opiskeluretriitti? Opiskeluretriitiss\u00e4 jokainen osallistuja ty\u00f6skentelee oman oppimisteht\u00e4v\u00e4n, esseen tai tentin parissa ja retriitin vet\u00e4j\u00e4 huolehtii ty\u00f6skentelyn tauotuksesta. Retriitist\u00e4 on\u2026","rel":"","context":"Similar post","block_context":{"text":"Similar post","link":""},"img":{"alt_text":"","src":"https:\/\/i0.wp.com\/blogi.eoppimispalvelut.fi\/arjenituja\/files\/2016\/12\/books-1185628_1280-1-600x400.jpg?resize=350%2C200&ssl=1","width":350,"height":200,"srcset":"https:\/\/i0.wp.com\/blogi.eoppimispalvelut.fi\/arjenituja\/files\/2016\/12\/books-1185628_1280-1-600x400.jpg?resize=350%2C200&ssl=1 1x, https:\/\/i0.wp.com\/blogi.eoppimispalvelut.fi\/arjenituja\/files\/2016\/12\/books-1185628_1280-1-600x400.jpg?resize=525%2C300&ssl=1 1.5x"},"classes":[]},{"id":457,"url":"https:\/\/blogi.eoppimispalvelut.fi\/arjenituja\/","url_meta":{"origin":835,"position":2},"title":"Tervetuloa Arjen ituihin!","author":"Marko Meht\u00e4l\u00e4","date":"12.6.2018","format":false,"excerpt":"Omasta hyvinvoinnista huolehtimisella ja opiskelukyvyn yll\u00e4pit\u00e4misell\u00e4 on t\u00e4rke\u00e4 rooli niin opiskelussa kuin oppimisessakin. Arjen idut on Lapin korkeakoulujen hyvinvointipalveluiden vinkkipankki opiskelijoille. L\u00f6yd\u00e4t meid\u00e4t my\u00f6s Instagramista @lapinkorkeakoulukuraattorit. TULEVAT TAPAHTUMAT KURAATTOREIDEN NEUVONTA JA AJANVARAUS Korkeakoulun kuraattoreilta saat ohjausta ja neuvontaa erilaisissa opiskeluun ja hyvinvointiin liittyviss\u00e4 kysymyksiss\u00e4. Voit j\u00e4tt\u00e4\u00e4 yhteydenottopyynn\u00f6n s\u00e4hk\u00f6postitse: kuraattorit@luc.fi Kirjoita\u2026","rel":"","context":"Similar post","block_context":{"text":"Similar post","link":""},"img":{"alt_text":"Kuvassa nainen pitelee edess\u00e4\u00e4n, kaksin k\u00e4sin, s\u00e4detikkua.","src":"https:\/\/i0.wp.com\/blogi.eoppimispalvelut.fi\/arjenituja\/files\/2017\/01\/sparkler-677774_1280-600x400.jpg?resize=350%2C200&ssl=1","width":350,"height":200,"srcset":"https:\/\/i0.wp.com\/blogi.eoppimispalvelut.fi\/arjenituja\/files\/2017\/01\/sparkler-677774_1280-600x400.jpg?resize=350%2C200&ssl=1 1x, https:\/\/i0.wp.com\/blogi.eoppimispalvelut.fi\/arjenituja\/files\/2017\/01\/sparkler-677774_1280-600x400.jpg?resize=525%2C300&ssl=1 1.5x"},"classes":[]},{"id":1399,"url":"https:\/\/blogi.eoppimispalvelut.fi\/arjenituja\/miten-voimme-auttaa-sinua\/","url_meta":{"origin":835,"position":3},"title":"Miten voimme auttaa sinua","author":"Maija T\u00f6rm\u00e4nen","date":"26.8.2021","format":false,"excerpt":"Milloin on hyv\u00e4 ottaa yhteytt\u00e4 kuraattoriin? Voit k\u00e4\u00e4nty\u00e4 kuraattorin puoleen esimerkiksi seuraavissa asioissa: jumissa olevat opinnot tai opinn\u00e4ytety\u00f6 opintoihin palaaminen pitk\u00e4n tauon j\u00e4lkeen opiskelutaidot, ajank\u00e4ytt\u00f6 ja arjen hallinta opiskeluitsetuntoon liittyv\u00e4t ongelmat, j\u00e4nnitt\u00e4minen jaksaminen ja stressi oppimisvaikeudet HUOM! Kuraattoripalveluissamme on k\u00e4yt\u00f6ss\u00e4\u00a0asiakastietoj\u00e4rjestelm\u00e4 AURA. Milloin voit k\u00e4\u00e4nty\u00e4 hyvinvointiohjaajan puoleen? Hyvinvointiohjaaja auttaa ja neuvoo\u2026","rel":"","context":"Similar post","block_context":{"text":"Similar post","link":""},"img":{"alt_text":"","src":"","width":0,"height":0},"classes":[]},{"id":817,"url":"https:\/\/blogi.eoppimispalvelut.fi\/arjenituja\/riittaako-aika-muistanko-kaiken\/","url_meta":{"origin":835,"position":4},"title":"RIITT\u00c4\u00c4K\u00d6 AIKA, MUISTANKO KAIKEN?","author":"Maria Sipil\u00e4","date":"12.6.2020","format":false,"excerpt":"Kokemustemme mukaan iso osa opiskelijoista pohtii n\u00e4it\u00e4 kysymyksi\u00e4, satunnaisesti tai koko ajan. Meid\u00e4n ratkaisumme tilanteeseen on aktiivinen suunnittelu. Mit\u00e4 se tarkoittaa? K\u00e4yt\u00e4nn\u00f6ss\u00e4 ajatuksena on hallinnan tunteen lis\u00e4\u00e4mist\u00e4 omiin opintoihin n\u00e4hden. Kun tied\u00e4t mit\u00e4 teet ja milloin teet, pystyt rauhallisin mielin keskittym\u00e4\u00e4n juuri t\u00e4ll\u00e4 hetkell\u00e4 teht\u00e4viin t\u00f6ihin. Mit\u00e4 ja mihin menness\u00e4?\u2026","rel":"","context":"Similar post","block_context":{"text":"Similar post","link":""},"img":{"alt_text":"","src":"https:\/\/i0.wp.com\/blogi.eoppimispalvelut.fi\/arjenituja\/files\/2020\/06\/clock-650753_1920-600x400.jpg?resize=350%2C200&ssl=1","width":350,"height":200,"srcset":"https:\/\/i0.wp.com\/blogi.eoppimispalvelut.fi\/arjenituja\/files\/2020\/06\/clock-650753_1920-600x400.jpg?resize=350%2C200&ssl=1 1x, https:\/\/i0.wp.com\/blogi.eoppimispalvelut.fi\/arjenituja\/files\/2020\/06\/clock-650753_1920-600x400.jpg?resize=525%2C300&ssl=1 1.5x"},"classes":[]},{"id":1017,"url":"https:\/\/blogi.eoppimispalvelut.fi\/arjenituja\/tauko-kannattaa-aina\/","url_meta":{"origin":835,"position":5},"title":"TAUKO KANNATTAA AINA","author":"Maria Sipil\u00e4","date":"26.10.2020","format":false,"excerpt":"Tauko opiskelun lomassa vireyttt\u00e4\u00e4 ja auttaa keskittym\u00e4\u00e4n. Hoksauta itse\u00e4si asettamalla puhelimeesi h\u00e4lytys tauon merkiksi. Kannattaa kuitenkin siirt\u00e4\u00e4 puhelin lentokonetilaan, ettei muu puhelimen toiminta keskeyt\u00e4 ty\u00f6skentely\u00e4si. N\u00e4pp\u00e4r\u00e4 apukeino opiskelun tauottamiseen on my\u00f6s ty\u00f6terveyslaitoksen fokuskello. Kuraattoripalveluden opiskeluretriitti tarjoaa mahdollisuuden ottaa t\u00e4m\u00e4 menetelm\u00e4 haltuun. Tauon aikana kannattaa haukata vaikkapa v\u00e4lipalaa tai juoda kupponen\u2026","rel":"","context":"Similar post","block_context":{"text":"Similar post","link":""},"img":{"alt_text":"","src":"","width":0,"height":0},"classes":[]}],"_links":{"self":[{"href":"https:\/\/blogi.eoppimispalvelut.fi\/arjenituja\/wp-json\/wp\/v2\/pages\/835","targetHints":{"allow":["GET"]}}],"collection":[{"href":"https:\/\/blogi.eoppimispalvelut.fi\/arjenituja\/wp-json\/wp\/v2\/pages"}],"about":[{"href":"https:\/\/blogi.eoppimispalvelut.fi\/arjenituja\/wp-json\/wp\/v2\/types\/page"}],"author":[{"embeddable":true,"href":"https:\/\/blogi.eoppimispalvelut.fi\/arjenituja\/wp-json\/wp\/v2\/users\/1612"}],"replies":[{"embeddable":true,"href":"https:\/\/blogi.eoppimispalvelut.fi\/arjenituja\/wp-json\/wp\/v2\/comments?post=835"}],"version-history":[{"count":3,"href":"https:\/\/blogi.eoppimispalvelut.fi\/arjenituja\/wp-json\/wp\/v2\/pages\/835\/revisions"}],"predecessor-version":[{"id":2602,"href":"https:\/\/blogi.eoppimispalvelut.fi\/arjenituja\/wp-json\/wp\/v2\/pages\/835\/revisions\/2602"}],"wp:attachment":[{"href":"https:\/\/blogi.eoppimispalvelut.fi\/arjenituja\/wp-json\/wp\/v2\/media?parent=835"}],"curies":[{"name":"wp","href":"https:\/\/api.w.org\/{rel}","templated":true}]}}