{"id":869,"date":"2020-06-23T10:36:43","date_gmt":"2020-06-23T07:36:43","guid":{"rendered":"https:\/\/blogi.eoppimispalvelut.fi\/arjenituja\/?page_id=869"},"modified":"2023-09-11T13:16:21","modified_gmt":"2023-09-11T10:16:21","slug":"jannittaako","status":"publish","type":"page","link":"https:\/\/blogi.eoppimispalvelut.fi\/arjenituja\/jannittaako\/","title":{"rendered":"J\u00c4NNITT\u00c4\u00c4K\u00d6?"},"content":{"rendered":"\n<p><a href=\"https:\/\/www.luchyvinvointi.fi\/\">\t\t<meta http-equiv=\"refresh\" content=\"0; url=https:\/\/www.luchyvinvointi.fi\/\">\r\n\t\tPlease wait while you are redirected...or <a href=\"https:\/\/www.luchyvinvointi.fi\/\">Click Here<\/a> if you do not want to wait.\r\n<\/a><\/p>\n\n\n<p><a href=\"https:\/\/i0.wp.com\/blogi.eoppimispalvelut.fi\/arjenituja\/files\/2016\/12\/animal-1850186_1920.jpg?ssl=1\"><img data-recalc-dims=\"1\" loading=\"lazy\" decoding=\"async\" data-attachment-id=\"481\" data-permalink=\"https:\/\/blogi.eoppimispalvelut.fi\/arjenituja\/animal-1850186_1920\/\" data-orig-file=\"https:\/\/i0.wp.com\/blogi.eoppimispalvelut.fi\/arjenituja\/files\/2016\/12\/animal-1850186_1920.jpg?fit=1920%2C1278&amp;ssl=1\" data-orig-size=\"1920,1278\" data-comments-opened=\"1\" data-image-meta=\"{&quot;aperture&quot;:&quot;4&quot;,&quot;credit&quot;:&quot;&quot;,&quot;camera&quot;:&quot;NIKON D4S&quot;,&quot;caption&quot;:&quot;&quot;,&quot;created_timestamp&quot;:&quot;0&quot;,&quot;copyright&quot;:&quot;&quot;,&quot;focal_length&quot;:&quot;500&quot;,&quot;iso&quot;:&quot;4000&quot;,&quot;shutter_speed&quot;:&quot;0.003125&quot;,&quot;title&quot;:&quot;&quot;,&quot;orientation&quot;:&quot;0&quot;}\" data-image-title=\"\" data-image-description=\"\" data-image-caption=\"&lt;p&gt;Kuvassa kettu makaa hangella.&lt;\/p&gt;\n\" data-medium-file=\"https:\/\/i0.wp.com\/blogi.eoppimispalvelut.fi\/arjenituja\/files\/2016\/12\/animal-1850186_1920.jpg?fit=600%2C399&amp;ssl=1\" data-large-file=\"https:\/\/i0.wp.com\/blogi.eoppimispalvelut.fi\/arjenituja\/files\/2016\/12\/animal-1850186_1920.jpg?fit=525%2C349&amp;ssl=1\" class=\"size-medium wp-image-481\" src=\"https:\/\/i0.wp.com\/blogi.eoppimispalvelut.fi\/arjenituja\/files\/2016\/12\/animal-1850186_1920.jpg?resize=525%2C349&#038;ssl=1\" alt=\"\" width=\"525\" height=\"349\" srcset=\"https:\/\/i0.wp.com\/blogi.eoppimispalvelut.fi\/arjenituja\/files\/2016\/12\/animal-1850186_1920.jpg?resize=600%2C399&amp;ssl=1 600w, https:\/\/i0.wp.com\/blogi.eoppimispalvelut.fi\/arjenituja\/files\/2016\/12\/animal-1850186_1920.jpg?resize=768%2C511&amp;ssl=1 768w, https:\/\/i0.wp.com\/blogi.eoppimispalvelut.fi\/arjenituja\/files\/2016\/12\/animal-1850186_1920.jpg?resize=1280%2C852&amp;ssl=1 1280w, https:\/\/i0.wp.com\/blogi.eoppimispalvelut.fi\/arjenituja\/files\/2016\/12\/animal-1850186_1920.jpg?resize=420%2C280&amp;ssl=1 420w, https:\/\/i0.wp.com\/blogi.eoppimispalvelut.fi\/arjenituja\/files\/2016\/12\/animal-1850186_1920.jpg?w=1920&amp;ssl=1 1920w, https:\/\/i0.wp.com\/blogi.eoppimispalvelut.fi\/arjenituja\/files\/2016\/12\/animal-1850186_1920.jpg?w=1050&amp;ssl=1 1050w, https:\/\/i0.wp.com\/blogi.eoppimispalvelut.fi\/arjenituja\/files\/2016\/12\/animal-1850186_1920.jpg?w=1575&amp;ssl=1 1575w\" sizes=\"auto, (max-width: 525px) 100vw, 525px\" \/><\/a><\/p>\n<p>Apua! Perhosia vatsassa, suu kuivaa, huimaa, heikottaa, k\u00e4det hikoavat, syd\u00e4n tykytt\u00e4\u00e4! Kun j\u00e4nnitt\u00e4\u00e4, on vaikea keskitty\u00e4 muuhun kuin kropan tuntemuksiin. Ajatukset ruokkivat j\u00e4nnityst\u00e4: \u201dapua, en osaa\u201d, \u201dapua, mokaan ja kaikki nauraa\u201d. Silloin tekee mieli paeta ja olla menem\u00e4tt\u00e4 koko tilanteeseen, keksi\u00e4 ehk\u00e4 jokin tekosyy tilanteen v\u00e4ltt\u00e4miseksi. Tuttuja tuntemuksia suurimmalle osalle ihmisist\u00e4.<\/p>\n<h3>Lupa j\u00e4nnitt\u00e4\u00e4<\/h3>\n<p>Kun j\u00e4nnitt\u00e4\u00e4, elimist\u00f6n reaktiot voimistuvat. Usein n\u00e4m\u00e4 reaktiot, kuten syd\u00e4men tykyttely, k\u00e4sien t\u00e4rin\u00e4 ja punastelu tulkitaan huonoiksi asioiksi, joita muut eiv\u00e4t saisi miss\u00e4\u00e4n nimess\u00e4 huomata.\u00a0J\u00e4nnitt\u00e4minen kasvaa entisest\u00e4\u00e4n, kun on pakko yritt\u00e4\u00e4 esitt\u00e4\u00e4, ett\u00e4 yht\u00e4\u00e4n ei j\u00e4nnit\u00e4. Oikeastaan pit\u00e4isi toimia ihan toisin ja antaa itselleen lupa j\u00e4nnitt\u00e4miseen.<\/p>\n<h3>Mik\u00e4 meit\u00e4 oikein j\u00e4nnitt\u00e4\u00e4?<\/h3>\n<p>Esiintyminen, kanssak\u00e4yminen toisten kanssa, mokaaminen. Jokainen meist\u00e4 j\u00e4nnitt\u00e4\u00e4 joskus. J\u00e4nnitt\u00e4minen on luonnollista. Usein luulemme, ett\u00e4 kukaan muu ei j\u00e4nnit\u00e4. Oletamme, ett\u00e4 muut ovat rentoja ja itsevarmoja. J\u00e4nnitt\u00e4viss\u00e4 tilanteissa kuvittelemme usein my\u00f6s, ett\u00e4 kaikki huomaavat j\u00e4nnitt\u00e4misemme. Tosiasia on kuitenkin se, ett\u00e4 yleens\u00e4 toiset eiv\u00e4t kiinnit\u00e4 paljoakaan huomiota siihen, j\u00e4nnitt\u00e4\u00e4k\u00f6 joku. Faktaa on my\u00f6s se, ett\u00e4 j\u00e4nnitys h\u00e4iritsee sinua itse\u00e4si enemm\u00e4n kuin muita. J\u00e4nnitt\u00e4misen kanssa on helpompaa tulla toimeen, kun sen hyv\u00e4ksyy osaksi itse\u00e4\u00e4n.<\/p>\n<h3>J\u00e4nnitt\u00e4minen voimavaraksi \u2013 uskalla innostua!<\/h3>\n<p>J\u00e4nnityksest\u00e4 kertominen muille vie silt\u00e4 useimmiten pahimman ter\u00e4n. J\u00e4nnitt\u00e4mist\u00e4 voi helpottaa itsetunnon vahvistuminen ja itsens\u00e4 hyv\u00e4ksyminen herkk\u00e4n\u00e4\u00a0tai ujona. J\u00e4nnitt\u00e4vi\u00e4 tilanteita ei my\u00f6sk\u00e4\u00e4n kannata v\u00e4ltell\u00e4, koska silloin j\u00e4nnitys vain lis\u00e4\u00e4ntyy ja kynnys l\u00e4hte\u00e4 uusiin tilanteisiin kasvaa. Kun altistaa itse\u00e4\u00e4n sopivasti j\u00e4nnitt\u00e4viin tilanteisiin, j\u00e4nnitt\u00e4minen v\u00e4hentyy ajan kanssa.<\/p>\n<p>J\u00e4nnitt\u00e4viin tilanteisiin kannattaa valmistautua jonkin verran etuk\u00e4teen. Voit harjoitella tulevia j\u00e4nnitt\u00e4vi\u00e4\u00a0tilanteita\u00a0ennakkoon, vaikkapa peilin edess\u00e4 tai jonkun l\u00e4heisesi kanssa. Esitett\u00e4v\u00e4n asian tunteminen my\u00f6s auttaa esiintymisess\u00e4. Tied\u00e4t mist\u00e4 puhut. Kohtuus kuitenkin siin\u00e4kin. Liika miettiminen ja valmistautuminen eiv\u00e4t aina ole hyv\u00e4ksi. Voi alkaa j\u00e4nnitt\u00e4\u00e4 sit\u00e4, muistatko sanoa kaiken niin kuin harjoittelit.<\/p>\n<p>Voisitko antaa itsellesi luvan olla \u00e4nkytt\u00e4v\u00e4 ja punastelevakin? Kenenk\u00e4\u00e4n ei tarvitse olla t\u00e4ydellinen. Ota huumori mukaan. Koeta p\u00e4\u00e4st\u00e4\u00e4 irti ajatuksesta, ett\u00e4 sinun pit\u00e4isi esiinty\u00e4 niin, ettet yht\u00e4\u00e4n mokaa. On mukavaa kokeilla sallivuutta ja lempeytt\u00e4 itse\u00e4 ja muita kohtaan! Anna itsellesi tilaa innostua ja osallistua aina, kun se tuntuu mahdolliselta. Pienin askelin eteenp\u00e4in.<\/p>\n<h3>Keinoja j\u00e4nnitt\u00e4misen lievitt\u00e4miseksi<\/h3>\n<ul>\n<li style=\"list-style-type: none\">\n<ul>\n<li>Keskustele esimerkiksi terveydenhoitajan tai kuraattorin kanssa.<\/li>\n<li><a href=\"https:\/\/headsted.fi\/ohjelmat\/janna-juttu\/\" target=\"_blank\" rel=\"noopener noreferrer\">Tutustu Headsted J\u00e4nn\u00e4 juttu<\/a> ohjelma. Joiden\u00a0 seitsem\u00e4n osion kautta voi k\u00e4sittell\u00e4 j\u00e4nnityst\u00e4 monesta n\u00e4k\u00f6kulmasta ja opia rentoutus- ja mielikuvaharjoituksia.<\/li>\n<li><a href=\"https:\/\/www.ulapland.fi\/FI\/Yksikot\/Kielikeskus\/Opinnot\/Puheviestinta\" target=\"_blank\" rel=\"noopener noreferrer\">Osallistu Puheviestinn\u00e4n, vuorovaikutuksen ja esiintymistaidon kurssille <\/a>Lapin yliopiston kielikeskuksessa.<\/li>\n<\/ul>\n<\/li>\n<\/ul>","protected":false},"excerpt":{"rendered":"<p>Apua! Perhosia vatsassa, suu kuivaa, huimaa, heikottaa, k\u00e4det hikoavat, syd\u00e4n tykytt\u00e4\u00e4! Kun j\u00e4nnitt\u00e4\u00e4, on vaikea keskitty\u00e4 muuhun kuin kropan tuntemuksiin. Ajatukset ruokkivat j\u00e4nnityst\u00e4: \u201dapua, en osaa\u201d, \u201dapua, mokaan ja kaikki &hellip; <\/p>\n<p class=\"link-more\"><a href=\"https:\/\/blogi.eoppimispalvelut.fi\/arjenituja\/jannittaako\/\" class=\"more-link\">Jatka lukemista<span class=\"screen-reader-text\"> &#8220;J\u00c4NNITT\u00c4\u00c4K\u00d6?&#8221;<\/span><\/a><\/p>\n","protected":false},"author":4413,"featured_media":0,"parent":0,"menu_order":0,"comment_status":"closed","ping_status":"closed","template":"","meta":{"jetpack_post_was_ever_published":false,"footnotes":""},"class_list":["post-869","page","type-page","status-publish","hentry"],"jetpack_sharing_enabled":true,"jetpack_shortlink":"https:\/\/wp.me\/P6W2Dk-e1","jetpack-related-posts":[{"id":952,"url":"https:\/\/blogi.eoppimispalvelut.fi\/arjenituja\/materiaalipankki\/","url_meta":{"origin":869,"position":0},"title":"MATERIAALIPANKKI","author":"Maija T\u00f6rm\u00e4nen","date":"18.8.2020","format":false,"excerpt":"Opiskelu on luovuutta ja ajattelua vaativaa puuhaa. Oppiminen taas edellytt\u00e4\u00e4 oikeanlaista vireystilaa sek\u00e4 my\u00f6s tahtoa oppia. Jos arki on kovin hektist\u00e4 tai ep\u00e4tasapainossa, ei opiskelukaan suju ja motivaatio voi k\u00e4rsi\u00e4. Moni opiskelijamme my\u00f6s ty\u00f6skentelee opintojen ohella, jolloin on t\u00e4rke\u00e4\u00e4 kiinnitt\u00e4\u00e4 huomiota my\u00f6s lepoon ja vapaa-aikaan. Opiskelijoiden uupuminen on tosiasia eik\u00e4\u2026","rel":"","context":"Similar post","block_context":{"text":"Similar post","link":""},"img":{"alt_text":"","src":"https:\/\/i0.wp.com\/blogi.eoppimispalvelut.fi\/arjenituja\/files\/2015\/09\/heart-1394204_1920-600x450.jpg?resize=350%2C200&ssl=1","width":350,"height":200,"srcset":"https:\/\/i0.wp.com\/blogi.eoppimispalvelut.fi\/arjenituja\/files\/2015\/09\/heart-1394204_1920-600x450.jpg?resize=350%2C200&ssl=1 1x, https:\/\/i0.wp.com\/blogi.eoppimispalvelut.fi\/arjenituja\/files\/2015\/09\/heart-1394204_1920-600x450.jpg?resize=525%2C300&ssl=1 1.5x"},"classes":[]},{"id":800,"url":"https:\/\/blogi.eoppimispalvelut.fi\/arjenituja\/potkua-opiskeluun\/","url_meta":{"origin":869,"position":1},"title":"POTKUA OPISKELUUN","author":"Maria Sipil\u00e4","date":"12.6.2020","format":false,"excerpt":"Oletko miettinyt, milloin olet tehokkaimmillasi? Heti aamutuimaan vai k\u00e4ynnistytk\u00f6 vasta iltap\u00e4iv\u00e4n puolella? Valitettavasti emme voi useinkaan valita ty\u00f6skentelyaikaa, mutta paljon keskittymist\u00e4 vaativat ty\u00f6t kannattaa sijoittaa p\u00e4iv\u00e4n virkeimp\u00e4\u00e4n hetkeen. Kannattaa my\u00f6s mietti\u00e4, onko kotisohva todellakin se paras paikka ty\u00f6skennell\u00e4. Nimitt\u00e4in kotona villakoirat huutavat tarttumaan imuriin, juuri nyt on t\u00e4rke\u00e4\u00e4 tiskata tiskit\u2026","rel":"","context":"Similar post","block_context":{"text":"Similar post","link":""},"img":{"alt_text":"","src":"https:\/\/i0.wp.com\/blogi.eoppimispalvelut.fi\/arjenituja\/files\/2016\/12\/adult-1852907_1920.jpg?resize=350%2C200&ssl=1","width":350,"height":200,"srcset":"https:\/\/i0.wp.com\/blogi.eoppimispalvelut.fi\/arjenituja\/files\/2016\/12\/adult-1852907_1920.jpg?resize=350%2C200&ssl=1 1x, https:\/\/i0.wp.com\/blogi.eoppimispalvelut.fi\/arjenituja\/files\/2016\/12\/adult-1852907_1920.jpg?resize=525%2C300&ssl=1 1.5x, https:\/\/i0.wp.com\/blogi.eoppimispalvelut.fi\/arjenituja\/files\/2016\/12\/adult-1852907_1920.jpg?resize=700%2C400&ssl=1 2x, https:\/\/i0.wp.com\/blogi.eoppimispalvelut.fi\/arjenituja\/files\/2016\/12\/adult-1852907_1920.jpg?resize=1050%2C600&ssl=1 3x, https:\/\/i0.wp.com\/blogi.eoppimispalvelut.fi\/arjenituja\/files\/2016\/12\/adult-1852907_1920.jpg?resize=1400%2C800&ssl=1 4x"},"classes":[]},{"id":863,"url":"https:\/\/blogi.eoppimispalvelut.fi\/arjenituja\/stressaako\/","url_meta":{"origin":869,"position":2},"title":"STRESSAAKO?","author":"Maija T\u00f6rm\u00e4nen","date":"23.6.2020","format":false,"excerpt":"Kun mik\u00e4\u00e4n ei kiinnosta, opiskeluinto on lopahtanut ja el\u00e4m\u00e4st\u00e4 puuttuu ilo. Turhauttaa, v\u00e4sytt\u00e4\u00e4, ahdistaa ja tuntuu yksin\u00e4iselt\u00e4. Uni ei tule ja nukkuminen on katkonaista. Ajatuksissa py\u00f6rii ep\u00e4ily omasta p\u00e4rj\u00e4\u00e4misest\u00e4. N\u00e4m\u00e4 ja monet muutkin tuntemukset ja oireet voivat viitata siihen, ett\u00e4 on aika pys\u00e4hty\u00e4 tarkastelemaan omaa tilannetta. Mik\u00e4 meit\u00e4 stressaa? Opiskeluun\u2026","rel":"","context":"Similar post","block_context":{"text":"Similar post","link":""},"img":{"alt_text":"","src":"https:\/\/i0.wp.com\/blogi.eoppimispalvelut.fi\/arjenituja\/files\/2017\/01\/animal-1349031_1920-600x376.jpg?resize=350%2C200&ssl=1","width":350,"height":200,"srcset":"https:\/\/i0.wp.com\/blogi.eoppimispalvelut.fi\/arjenituja\/files\/2017\/01\/animal-1349031_1920-600x376.jpg?resize=350%2C200&ssl=1 1x, https:\/\/i0.wp.com\/blogi.eoppimispalvelut.fi\/arjenituja\/files\/2017\/01\/animal-1349031_1920-600x376.jpg?resize=525%2C300&ssl=1 1.5x"},"classes":[]},{"id":858,"url":"https:\/\/blogi.eoppimispalvelut.fi\/arjenituja\/voimavarojen-tankkaus\/","url_meta":{"origin":869,"position":3},"title":"VOIMAVAROJEN TANKKAUS","author":"Maija T\u00f6rm\u00e4nen","date":"23.6.2020","format":false,"excerpt":"Vanha sanonta \u201dty\u00f6 ei tekem\u00e4ll\u00e4\u00a0 lopu\u201d, on itse asiassa ihan totta t\u00e4n\u00e4kin p\u00e4iv\u00e4n\u00e4. Mielest\u00e4mme ty\u00f6skentelyyn, niin kuin opiskeluunkin, tulisi ottaa mukaan kest\u00e4v\u00e4n kehityksen ajatusta. Ajatus pohjautuu siihen, ett\u00e4 tulevaisuudessa ty\u00f6urat ovat pitki\u00e4 ja joudumme todenn\u00e4k\u00f6isesti ty\u00f6skentelem\u00e4\u00e4n monen eri asian \u00e4\u00e4rell\u00e4 yht\u00e4aikaisesti. T\u00e4ll\u00f6in tarvitaan kyky\u00e4 palautua ty\u00f6st\u00e4. Suosittelemmekin pikajuoksun sijaan \u201dkest\u00e4vyysurheilua\u201d.\u2026","rel":"","context":"Similar post","block_context":{"text":"Similar post","link":""},"img":{"alt_text":"","src":"https:\/\/i0.wp.com\/blogi.eoppimispalvelut.fi\/arjenituja\/files\/2017\/01\/background-316552_1280-600x397.jpg?resize=350%2C200&ssl=1","width":350,"height":200,"srcset":"https:\/\/i0.wp.com\/blogi.eoppimispalvelut.fi\/arjenituja\/files\/2017\/01\/background-316552_1280-600x397.jpg?resize=350%2C200&ssl=1 1x, https:\/\/i0.wp.com\/blogi.eoppimispalvelut.fi\/arjenituja\/files\/2017\/01\/background-316552_1280-600x397.jpg?resize=525%2C300&ssl=1 1.5x"},"classes":[]},{"id":817,"url":"https:\/\/blogi.eoppimispalvelut.fi\/arjenituja\/riittaako-aika-muistanko-kaiken\/","url_meta":{"origin":869,"position":4},"title":"RIITT\u00c4\u00c4K\u00d6 AIKA, MUISTANKO KAIKEN?","author":"Maria Sipil\u00e4","date":"12.6.2020","format":false,"excerpt":"Kokemustemme mukaan iso osa opiskelijoista pohtii n\u00e4it\u00e4 kysymyksi\u00e4, satunnaisesti tai koko ajan. Meid\u00e4n ratkaisumme tilanteeseen on aktiivinen suunnittelu. Mit\u00e4 se tarkoittaa? K\u00e4yt\u00e4nn\u00f6ss\u00e4 ajatuksena on hallinnan tunteen lis\u00e4\u00e4mist\u00e4 omiin opintoihin n\u00e4hden. Kun tied\u00e4t mit\u00e4 teet ja milloin teet, pystyt rauhallisin mielin keskittym\u00e4\u00e4n juuri t\u00e4ll\u00e4 hetkell\u00e4 teht\u00e4viin t\u00f6ihin. Mit\u00e4 ja mihin menness\u00e4?\u2026","rel":"","context":"Similar post","block_context":{"text":"Similar post","link":""},"img":{"alt_text":"","src":"https:\/\/i0.wp.com\/blogi.eoppimispalvelut.fi\/arjenituja\/files\/2020\/06\/clock-650753_1920-600x400.jpg?resize=350%2C200&ssl=1","width":350,"height":200,"srcset":"https:\/\/i0.wp.com\/blogi.eoppimispalvelut.fi\/arjenituja\/files\/2020\/06\/clock-650753_1920-600x400.jpg?resize=350%2C200&ssl=1 1x, https:\/\/i0.wp.com\/blogi.eoppimispalvelut.fi\/arjenituja\/files\/2020\/06\/clock-650753_1920-600x400.jpg?resize=525%2C300&ssl=1 1.5x"},"classes":[]},{"id":1017,"url":"https:\/\/blogi.eoppimispalvelut.fi\/arjenituja\/tauko-kannattaa-aina\/","url_meta":{"origin":869,"position":5},"title":"TAUKO KANNATTAA AINA","author":"Maria Sipil\u00e4","date":"26.10.2020","format":false,"excerpt":"Tauko opiskelun lomassa vireyttt\u00e4\u00e4 ja auttaa keskittym\u00e4\u00e4n. Hoksauta itse\u00e4si asettamalla puhelimeesi h\u00e4lytys tauon merkiksi. Kannattaa kuitenkin siirt\u00e4\u00e4 puhelin lentokonetilaan, ettei muu puhelimen toiminta keskeyt\u00e4 ty\u00f6skentely\u00e4si. N\u00e4pp\u00e4r\u00e4 apukeino opiskelun tauottamiseen on my\u00f6s ty\u00f6terveyslaitoksen fokuskello. Kuraattoripalveluden opiskeluretriitti tarjoaa mahdollisuuden ottaa t\u00e4m\u00e4 menetelm\u00e4 haltuun. Tauon aikana kannattaa haukata vaikkapa v\u00e4lipalaa tai juoda kupponen\u2026","rel":"","context":"Similar post","block_context":{"text":"Similar post","link":""},"img":{"alt_text":"","src":"","width":0,"height":0},"classes":[]}],"_links":{"self":[{"href":"https:\/\/blogi.eoppimispalvelut.fi\/arjenituja\/wp-json\/wp\/v2\/pages\/869","targetHints":{"allow":["GET"]}}],"collection":[{"href":"https:\/\/blogi.eoppimispalvelut.fi\/arjenituja\/wp-json\/wp\/v2\/pages"}],"about":[{"href":"https:\/\/blogi.eoppimispalvelut.fi\/arjenituja\/wp-json\/wp\/v2\/types\/page"}],"author":[{"embeddable":true,"href":"https:\/\/blogi.eoppimispalvelut.fi\/arjenituja\/wp-json\/wp\/v2\/users\/4413"}],"replies":[{"embeddable":true,"href":"https:\/\/blogi.eoppimispalvelut.fi\/arjenituja\/wp-json\/wp\/v2\/comments?post=869"}],"version-history":[{"count":7,"href":"https:\/\/blogi.eoppimispalvelut.fi\/arjenituja\/wp-json\/wp\/v2\/pages\/869\/revisions"}],"predecessor-version":[{"id":2605,"href":"https:\/\/blogi.eoppimispalvelut.fi\/arjenituja\/wp-json\/wp\/v2\/pages\/869\/revisions\/2605"}],"wp:attachment":[{"href":"https:\/\/blogi.eoppimispalvelut.fi\/arjenituja\/wp-json\/wp\/v2\/media?parent=869"}],"curies":[{"name":"wp","href":"https:\/\/api.w.org\/{rel}","templated":true}]}}