{"id":128,"date":"2019-12-11T10:15:47","date_gmt":"2019-12-11T08:15:47","guid":{"rendered":"https:\/\/blogi.eoppimispalvelut.fi\/arkiapu\/?page_id=128"},"modified":"2019-12-13T09:43:05","modified_gmt":"2019-12-13T07:43:05","slug":"tietosuojaseloste","status":"publish","type":"page","link":"https:\/\/blogi.eoppimispalvelut.fi\/arkiapu\/my-account\/tietosuojaseloste\/","title":{"rendered":"Tietosuojaseloste"},"content":{"rendered":"<div class=\"multiple-rows type-6 section\">\n<div class=\"article-text article-free-html\">\n<h2>Apurit tietosuojaseloste<\/h2>\n<div class=\"teaser-text\">T\u00e4m\u00e4 seloste henkil\u00f6tietojen suojasta koskee henkil\u00f6tietojen ker\u00e4\u00e4mist\u00e4 ja k\u00e4ytt\u00f6\u00e4 https:\/\/blogi.eoppimispalvelut.fi\/arkiapu\/ -sivustolla (\u201dverkkosivusto\u201d) ostoksien tai muiden asioiden yhteydess\u00e4. T\u00e4ss\u00e4 saat muun muassa tietoa, mit\u00e4 henkil\u00f6tietoja ker\u00e4t\u00e4\u00e4n, mihin niit\u00e4 k\u00e4ytet\u00e4\u00e4n, ja mit\u00e4 oikeuksia sinulla on.<\/div>\n<div><\/div>\n<\/div>\n<\/div>\n<div class=\"multiple-rows type-6 section\">\n<div class=\"article-text article-free-html\">\n<h3>1. Miksi ker\u00e4\u00e4mme henkil\u00f6tietoja ja millaisia tietoja ker\u00e4\u00e4mme?<\/h3>\n<p>Alla esit\u00e4mme yleisluontoisesti, millaisia henkil\u00f6tietoja ker\u00e4\u00e4mme sinusta ja mihin niit\u00e4 k\u00e4yt\u00e4mme. Ilmoitamme my\u00f6s perusteen k\u00e4sittelylle eri tapauksissa:<\/p>\n<ul>\n<li><b>Sopimuksen solminen ja t\u00e4ytt\u00e4minen:<\/b> Ostaessasi jonkin tuotteemme rekister\u00f6imme nimen, puhelinnumeron, maksutiedot, mink\u00e4laisen tuotteen tai palvelun ostit ja milloin sen ostit sek\u00e4 mahdolliset toimitustiedot. Jos tuote l\u00e4hetet\u00e4\u00e4n sinulle, rekister\u00f6imme my\u00f6s toimitusosoitteen. Lis\u00e4ksi voimme my\u00f6s k\u00e4sitell\u00e4 palautuksia koskevia tietoja.<br \/>\n<b>Valitukset ja korjaukset:<\/b>\u00a0Jos teet tuotetta koskevan valituksen tai pyyd\u00e4t korjausta, tarvitsemme yhteystietosi voidaksemme rekister\u00f6id\u00e4 valituksen, suorittaa korjauksen ja tarjota tietoa huollon etenemisest\u00e4, huoltohistoriasta, mahdollisista tuotep\u00e4ivityksist\u00e4, sek\u00e4 pit\u00e4\u00e4ksemme sinut ajan tasalla asian k\u00e4sittelyn suhteen.<br \/>\nK\u00e4sittely on v\u00e4ltt\u00e4m\u00e4t\u00f6nt\u00e4 voidaksemme t\u00e4ytt\u00e4\u00e4 sopimuksen mukaisesti velvollisuutemme sinua kohtaan. Jotkin tavarantoimittajat my\u00f6s edellytt\u00e4v\u00e4t sinun tunnistamistasi voidakseen hyv\u00e4ksy\u00e4 korjauksen tai suorittaa sen itse. T\u00e4ss\u00e4 tapauksessa luovutamme tarvittavat henkil\u00f6tiedot tavarantoimittajan k\u00e4ytt\u00f6\u00f6n.<br \/>\nTietojen rekister\u00f6innin tarkoitus on t\u00e4ytt\u00e4\u00e4 ja hallinnoida kanssasi tehty sopimus sek\u00e4 seurata myynti\u00e4 organisaatiomme sis\u00e4ll\u00e4. Perusteena henkil\u00f6tietojen k\u00e4sittelylle on kanssasi tehdyn sopimuksen t\u00e4ytt\u00e4minen. Kun k\u00e4sittelemme n\u00e4it\u00e4 henkil\u00f6tietoja tarkoituksenamme luoda sinulle asiakasprofiili, tarjota sinulle kohdistettua markkinointia ja voidaksemme t\u00e4ytt\u00e4\u00e4 tarpeemme myynnin hallinnoimiseksi soveliaalla tavalla, harkitsemme k\u00e4sittelyn yhteydess\u00e4 etun\u00e4k\u00f6kohtia ja olemme p\u00e4\u00e4tyneet siihen, ett\u00e4 n\u00e4iden intressien painoarvo on merkitt\u00e4v\u00e4mpi kuin henkil\u00f6tietojesi suoja.<br \/>\n<b>Asiakaspalvelu:<\/b> Riippuen siit\u00e4, mist\u00e4 asiasta on kyse ja mit\u00e4 yhteydenottotapaa k\u00e4yt\u00e4t (puhelin ja chatti), on meid\u00e4n tiedett\u00e4v\u00e4, kuka olet, mink\u00e4 tuotteen olet ostanut, osoitteesi ja\/tai puhelinnumerosi. K\u00e4sittelemme ainoastaan niit\u00e4 henkil\u00f6tietoja, joita tarvitsemme auttaaksemme sinua, ja n\u00e4it\u00e4 ovat esim. nimi, ostohistoria ja yhteystiedot (s\u00e4hk\u00f6posti, puhelinnumero). Olemme harkinneet, ett\u00e4 meill\u00e4 on oikeutettu peruste k\u00e4sitell\u00e4 henkil\u00f6tietojasi vastataksemme kysymyksiisi mahdollisimman asiaankuuluvasti ja tarkasti, ja ett\u00e4 intressimme k\u00e4sittelyn osalta on merkitt\u00e4v\u00e4mpi kuin henkil\u00f6tietojesi suoja ottaessasi yhteytt\u00e4 meihin ja pyyt\u00e4ess\u00e4si palvelua.<\/li>\n<\/ul>\n<ul>\n<li style=\"list-style-type: none\"><\/li>\n<\/ul>\n<h3>2. Keiden kanssa jaamme henkil\u00f6tietojasi?<\/h3>\n<p>Tietyiss\u00e4 tapauksissa muilla yhteis\u00f6ill\u00e4 on p\u00e4\u00e4sy henkil\u00f6tietoihisi.<\/p>\n<ul>\n<li><b>Yhteisty\u00f6kumppanit:\u00a0<\/b>Olemme sopineet yhteisty\u00f6st\u00e4 valikoitujen yritysten (\u201dyhteisty\u00f6kumppanit\u201d) kanssa, ja n\u00e4m\u00e4 yritykset saavat myyd\u00e4 omia tuotteitaan verkkosivustollamme. Yksitt\u00e4istapauksissa me my\u00f6s v\u00e4lit\u00e4mme yhteisty\u00f6kumppaneiden tuotteita ja palveluja (esim. vakuutuksia tai rahoituspalveluja). Ostaessasi jonkin yhteisty\u00f6kumppanimme tuotteen on t\u00e4m\u00e4 yhteisty\u00f6kumppani rekisterinpit\u00e4j\u00e4 niiden henkil\u00f6tietojesi osalta, joita yhteisty\u00f6kumppani k\u00e4sittelee kauppasopimuksen t\u00e4ytt\u00e4miseksi. Kysymykset yhteisty\u00f6kumppanien suorittamasta henkil\u00f6tietojen k\u00e4sittelyst\u00e4 voi aina esitt\u00e4\u00e4 kyseiselle yhteisty\u00f6kumppanille.<\/li>\n<li><b>Ulkopuoliset toimittajat:<\/b>Jos tilaat ulkopuolisia palveluita, voidaan sinusta rekister\u00f6idyt yhteys- ja muut asiaankuuluvat tiedot luovuttaa toimittajalle.\n<ul>\n<li>Palvelujen toimittajat<\/li>\n<li>Huolto- ja palveluyritykset<\/li>\n<li>Markkinointiverkosto<\/li>\n<li>Viestint\u00e4toimistot<\/li>\n<li>Kuljetusliikkeet<\/li>\n<\/ul>\n<\/li>\n<li><b>Viranomaiset ym.:\u00a0<\/b>Henkil\u00f6tietosi voidaan poikkeustapauksessa luovuttaa asianomaiselle viranomaiselle tai muulle julkiselle taholle, jos vaatimus perustuu lakiin. T\u00e4llainen luovutus tehd\u00e4\u00e4n vain, jos olemme velvollisia voimassa olevien lakien ja m\u00e4\u00e4r\u00e4ysten perusteella n\u00e4in toimimaan.<\/li>\n<\/ul>\n<h3>3. Luovuttaminen EU:n\/ETA-alueen ulkopuolisiin maihin<\/h3>\n<ul>\n<li>Jos Arkiapu k\u00e4ytt\u00e4\u00e4 alihankkijoita, jotka sijaitsevat EU:n\/ETA-alueen ulkopuolella, varmistamme, ett\u00e4 henkil\u00f6tietojen k\u00e4sittely tapahtuu EU:n\/ETA-alueella voimassa olevaa henkil\u00f6tietojen suojaa noudattaen esimerkiksi k\u00e4ytt\u00e4m\u00e4ll\u00e4 EU:n vakiosopimusta, Privacy Shield -j\u00e4rjestely\u00e4 Yhdysvalloissa tai muuta vastaavaa j\u00e4rjestely\u00e4.<\/li>\n<\/ul>\n<h3>4. Ev\u00e4steiden k\u00e4ytt\u00f6 jne.<\/h3>\n<ul>\n<li>K\u00e4yt\u00e4mme ev\u00e4steit\u00e4 (cookies) parantaaksemme k\u00e4ytt\u00e4j\u00e4kokemusta verkkosivustollamme. Ev\u00e4ste on tekstitiedosto, joka sivustolla vieraillessasi tai toimiessasi tallentuu verkkoselaimesi muistiin.<br \/>\nVoit halutessasi est\u00e4\u00e4 t\u00e4llaisten ev\u00e4steiden tallentumisen verkkoselaimeesi. Useimpien nykyaikaisten verkkoselaimien (Google Chrome, Firefox, Internet Explorer, Safari, Opera jne.) hyv\u00e4ksyv\u00e4t ev\u00e4steet automaattisesti, mutta voit halutessasi itse muuttaa asetuksia niin, ett\u00e4 ev\u00e4steit\u00e4 ei hyv\u00e4ksyt\u00e4. Haittana ev\u00e4steiden poistamisessa on, ett\u00e4 verkkosivusto ei toimi parhaalla mahdollisella tavalla. Syyn\u00e4 t\u00e4h\u00e4n on se, ett\u00e4 useimpien k\u00e4ytt\u00e4miemme ev\u00e4steiden tarkoituksena on varmistaa juuri verkkosivuston toiminnallisuus kuten esimerkiksi se, ett\u00e4 verkkosivusto pystyy muistamaan, mit\u00e4 olet lis\u00e4nnyt ostoskoriisi.<br \/>\nEv\u00e4steiden lis\u00e4ksi k\u00e4yt\u00e4mme my\u00f6s muita ty\u00f6kaluja kuten esim. Google Analytics, Google AdWords hakeaksemme tietoa IP-osoitteestasi, millaista verkkoselainta k\u00e4yt\u00e4t, k\u00e4ytt\u00f6j\u00e4rjestelm\u00e4st\u00e4si, verkkosivustolla vierailusi ajankohdasta sek\u00e4 erin\u00e4ist\u00e4 tietoa siit\u00e4 kuinka navigoit sivustolla.<br \/>\nK\u00e4yt\u00e4mme t\u00e4t\u00e4 informaatiota analysoidaksemme k\u00e4ytt\u00e4jien toimintaa voidaksemme tehd\u00e4 verkkosivustomme k\u00e4ytt\u00e4j\u00e4yst\u00e4v\u00e4llisemm\u00e4ksi.<\/li>\n<\/ul>\n<h3>5. S\u00e4ilytysaika<\/h3>\n<ul>\n<li>Ostokseesi liitetyt henkil\u00f6tietosi poistetaan normaalisti, kun niiden s\u00e4ilytt\u00e4miselle ei en\u00e4\u00e4 ole tarvetta kysymyksiisi vastaamiseksi, ja kun tuotteen oletettu kestoik\u00e4 on kulunut umpeen, jollemme tarvitse henkil\u00f6tietoja pidemm\u00e4ksi aikaa muihin laillisiin tarkoituksiin tai lakis\u00e4\u00e4teisten velvollisuuksien t\u00e4ytt\u00e4miseksi, esimerkiksi kirjanpitolain edellytt\u00e4miin tarkoituksiin.<br \/>\nSuostumuksesi perusteella k\u00e4sittelem\u00e4mme henkil\u00f6tiedot poistetaan, jos peruutat suostumuksesi.<br \/>\nSen sijaan, ett\u00e4 henkil\u00f6tiedot poistettaisiin, voi tietyiss\u00e4 tapauksissa tulla kyseeseen tietojen anonymisointi. N\u00e4in tietoja voidaan k\u00e4ytt\u00e4\u00e4 historia-, analyysi- ja muihin laillisiin kaupallisiin tarkoituksiin. Anonymisointi tarkoittaa, ett\u00e4 kaikki tunnistetiedot, joilla henkil\u00f6 voidaan tai voitaisiin tunnistaa, poistetaan siten, ett\u00e4 tietoja ei en\u00e4\u00e4 pidet\u00e4 henkil\u00f6tietoina<\/li>\n<\/ul>\n<ul>\n<li style=\"list-style-type: none\"><\/li>\n<\/ul>\n<h3>6. Muutokset<\/h3>\n<ul>\n<li>Saatamme tehd\u00e4 muutoksia t\u00e4h\u00e4n henkil\u00f6tietojen k\u00e4sittely\u00e4 koskevaan ilmoitukseemme, esimerkiksi verkkosivuston rakenteeseen tai toiminnallisuuteen tehtyjen muutostenvuoksi. Jos teht\u00e4v\u00e4t muutokset ovat olennaisia, ilmoitamme siit\u00e4 verkkosivustolla ja\/tai olemalla sinuun yhteydess\u00e4 muulla tarkoituksenmukaisella tavalla.<\/li>\n<\/ul>\n<\/div>\n<\/div>\n","protected":false},"excerpt":{"rendered":"<p>Apurit tietosuojaseloste T\u00e4m\u00e4 seloste henkil\u00f6tietojen suojasta koskee henkil\u00f6tietojen ker\u00e4\u00e4mist\u00e4 ja k\u00e4ytt\u00f6\u00e4 https:\/\/blogi.eoppimispalvelut.fi\/arkiapu\/ -sivustolla (\u201dverkkosivusto\u201d) ostoksien tai muiden asioiden yhteydess\u00e4. T\u00e4ss\u00e4 saat muun muassa tietoa, mit\u00e4 henkil\u00f6tietoja ker\u00e4t\u00e4\u00e4n, mihin niit\u00e4 k\u00e4ytet\u00e4\u00e4n, ja mit\u00e4 oikeuksia sinulla on. 1. Miksi ker\u00e4\u00e4mme henkil\u00f6tietoja ja millaisia tietoja ker\u00e4\u00e4mme? Alla esit\u00e4mme yleisluontoisesti, millaisia henkil\u00f6tietoja ker\u00e4\u00e4mme sinusta ja mihin niit\u00e4 k\u00e4yt\u00e4mme. Ilmoitamme [&hellip;]<\/p>\n","protected":false},"author":3502,"featured_media":0,"parent":8,"menu_order":0,"comment_status":"closed","ping_status":"closed","template":"","meta":{"content-type":"","_monsterinsights_skip_tracking":false,"_monsterinsights_sitenote_active":false,"_monsterinsights_sitenote_note":"","_monsterinsights_sitenote_category":0,"footnotes":""},"class_list":["post-128","page","type-page","status-publish","hentry"],"yoast_head":"<!-- This site is optimized with the Yoast SEO plugin v27.1.1 - https:\/\/yoast.com\/product\/yoast-seo-wordpress\/ -->\n<title>Tietosuojaseloste -<\/title>\n<meta name=\"robots\" content=\"noindex, follow\" \/>\n<meta property=\"og:locale\" content=\"fi_FI\" \/>\n<meta property=\"og:type\" content=\"article\" \/>\n<meta property=\"og:title\" content=\"Tietosuojaseloste -\" \/>\n<meta property=\"og:description\" content=\"Apurit tietosuojaseloste T\u00e4m\u00e4 seloste henkil\u00f6tietojen suojasta koskee henkil\u00f6tietojen ker\u00e4\u00e4mist\u00e4 ja k\u00e4ytt\u00f6\u00e4 https:\/\/blogi.eoppimispalvelut.fi\/arkiapu\/ -sivustolla (\u201dverkkosivusto\u201d) ostoksien tai muiden asioiden yhteydess\u00e4. T\u00e4ss\u00e4 saat muun muassa tietoa, mit\u00e4 henkil\u00f6tietoja ker\u00e4t\u00e4\u00e4n, mihin niit\u00e4 k\u00e4ytet\u00e4\u00e4n, ja mit\u00e4 oikeuksia sinulla on. 1. Miksi ker\u00e4\u00e4mme henkil\u00f6tietoja ja millaisia tietoja ker\u00e4\u00e4mme? Alla esit\u00e4mme yleisluontoisesti, millaisia henkil\u00f6tietoja ker\u00e4\u00e4mme sinusta ja mihin niit\u00e4 k\u00e4yt\u00e4mme. Ilmoitamme [&hellip;]\" \/>\n<meta property=\"og:url\" content=\"https:\/\/blogi.eoppimispalvelut.fi\/arkiapu\/my-account\/tietosuojaseloste\/\" \/>\n<meta property=\"article:modified_time\" content=\"2019-12-13T07:43:05+00:00\" \/>\n<meta name=\"twitter:card\" content=\"summary_large_image\" \/>\n<meta name=\"twitter:label1\" content=\"Est. reading time\" \/>\n\t<meta name=\"twitter:data1\" content=\"5 minutes\" \/>\n<script type=\"application\/ld+json\" class=\"yoast-schema-graph\">{\"@context\":\"https:\/\/schema.org\",\"@graph\":[{\"@type\":\"WebPage\",\"@id\":\"https:\/\/blogi.eoppimispalvelut.fi\/arkiapu\/my-account\/tietosuojaseloste\/\",\"url\":\"https:\/\/blogi.eoppimispalvelut.fi\/arkiapu\/my-account\/tietosuojaseloste\/\",\"name\":\"Tietosuojaseloste -\",\"isPartOf\":{\"@id\":\"https:\/\/blogi.eoppimispalvelut.fi\/arkiapu\/#website\"},\"datePublished\":\"2019-12-11T08:15:47+00:00\",\"dateModified\":\"2019-12-13T07:43:05+00:00\",\"breadcrumb\":{\"@id\":\"https:\/\/blogi.eoppimispalvelut.fi\/arkiapu\/my-account\/tietosuojaseloste\/#breadcrumb\"},\"inLanguage\":\"fi\",\"potentialAction\":[{\"@type\":\"ReadAction\",\"target\":[\"https:\/\/blogi.eoppimispalvelut.fi\/arkiapu\/my-account\/tietosuojaseloste\/\"]}]},{\"@type\":\"BreadcrumbList\",\"@id\":\"https:\/\/blogi.eoppimispalvelut.fi\/arkiapu\/my-account\/tietosuojaseloste\/#breadcrumb\",\"itemListElement\":[{\"@type\":\"ListItem\",\"position\":1,\"name\":\"Home\",\"item\":\"https:\/\/blogi.eoppimispalvelut.fi\/arkiapu\/\"},{\"@type\":\"ListItem\",\"position\":2,\"name\":\"Minun tili\",\"item\":\"https:\/\/blogi.eoppimispalvelut.fi\/arkiapu\/my-account\/\"},{\"@type\":\"ListItem\",\"position\":3,\"name\":\"Tietosuojaseloste\"}]},{\"@type\":\"WebSite\",\"@id\":\"https:\/\/blogi.eoppimispalvelut.fi\/arkiapu\/#website\",\"url\":\"https:\/\/blogi.eoppimispalvelut.fi\/arkiapu\/\",\"name\":\"\",\"description\":\"\",\"potentialAction\":[{\"@type\":\"SearchAction\",\"target\":{\"@type\":\"EntryPoint\",\"urlTemplate\":\"https:\/\/blogi.eoppimispalvelut.fi\/arkiapu\/?s={search_term_string}\"},\"query-input\":{\"@type\":\"PropertyValueSpecification\",\"valueRequired\":true,\"valueName\":\"search_term_string\"}}],\"inLanguage\":\"fi\"}]}<\/script>\n<!-- \/ Yoast SEO plugin. -->","yoast_head_json":{"title":"Tietosuojaseloste -","robots":{"index":"noindex","follow":"follow"},"og_locale":"fi_FI","og_type":"article","og_title":"Tietosuojaseloste -","og_description":"Apurit tietosuojaseloste T\u00e4m\u00e4 seloste henkil\u00f6tietojen suojasta koskee henkil\u00f6tietojen ker\u00e4\u00e4mist\u00e4 ja k\u00e4ytt\u00f6\u00e4 https:\/\/blogi.eoppimispalvelut.fi\/arkiapu\/ -sivustolla (\u201dverkkosivusto\u201d) ostoksien tai muiden asioiden yhteydess\u00e4. T\u00e4ss\u00e4 saat muun muassa tietoa, mit\u00e4 henkil\u00f6tietoja ker\u00e4t\u00e4\u00e4n, mihin niit\u00e4 k\u00e4ytet\u00e4\u00e4n, ja mit\u00e4 oikeuksia sinulla on. 1. Miksi ker\u00e4\u00e4mme henkil\u00f6tietoja ja millaisia tietoja ker\u00e4\u00e4mme? Alla esit\u00e4mme yleisluontoisesti, millaisia henkil\u00f6tietoja ker\u00e4\u00e4mme sinusta ja mihin niit\u00e4 k\u00e4yt\u00e4mme. Ilmoitamme [&hellip;]","og_url":"https:\/\/blogi.eoppimispalvelut.fi\/arkiapu\/my-account\/tietosuojaseloste\/","article_modified_time":"2019-12-13T07:43:05+00:00","twitter_card":"summary_large_image","twitter_misc":{"Est. reading time":"5 minutes"},"schema":{"@context":"https:\/\/schema.org","@graph":[{"@type":"WebPage","@id":"https:\/\/blogi.eoppimispalvelut.fi\/arkiapu\/my-account\/tietosuojaseloste\/","url":"https:\/\/blogi.eoppimispalvelut.fi\/arkiapu\/my-account\/tietosuojaseloste\/","name":"Tietosuojaseloste -","isPartOf":{"@id":"https:\/\/blogi.eoppimispalvelut.fi\/arkiapu\/#website"},"datePublished":"2019-12-11T08:15:47+00:00","dateModified":"2019-12-13T07:43:05+00:00","breadcrumb":{"@id":"https:\/\/blogi.eoppimispalvelut.fi\/arkiapu\/my-account\/tietosuojaseloste\/#breadcrumb"},"inLanguage":"fi","potentialAction":[{"@type":"ReadAction","target":["https:\/\/blogi.eoppimispalvelut.fi\/arkiapu\/my-account\/tietosuojaseloste\/"]}]},{"@type":"BreadcrumbList","@id":"https:\/\/blogi.eoppimispalvelut.fi\/arkiapu\/my-account\/tietosuojaseloste\/#breadcrumb","itemListElement":[{"@type":"ListItem","position":1,"name":"Home","item":"https:\/\/blogi.eoppimispalvelut.fi\/arkiapu\/"},{"@type":"ListItem","position":2,"name":"Minun tili","item":"https:\/\/blogi.eoppimispalvelut.fi\/arkiapu\/my-account\/"},{"@type":"ListItem","position":3,"name":"Tietosuojaseloste"}]},{"@type":"WebSite","@id":"https:\/\/blogi.eoppimispalvelut.fi\/arkiapu\/#website","url":"https:\/\/blogi.eoppimispalvelut.fi\/arkiapu\/","name":"","description":"","potentialAction":[{"@type":"SearchAction","target":{"@type":"EntryPoint","urlTemplate":"https:\/\/blogi.eoppimispalvelut.fi\/arkiapu\/?s={search_term_string}"},"query-input":{"@type":"PropertyValueSpecification","valueRequired":true,"valueName":"search_term_string"}}],"inLanguage":"fi"}]}},"_links":{"self":[{"href":"https:\/\/blogi.eoppimispalvelut.fi\/arkiapu\/wp-json\/wp\/v2\/pages\/128","targetHints":{"allow":["GET"]}}],"collection":[{"href":"https:\/\/blogi.eoppimispalvelut.fi\/arkiapu\/wp-json\/wp\/v2\/pages"}],"about":[{"href":"https:\/\/blogi.eoppimispalvelut.fi\/arkiapu\/wp-json\/wp\/v2\/types\/page"}],"author":[{"embeddable":true,"href":"https:\/\/blogi.eoppimispalvelut.fi\/arkiapu\/wp-json\/wp\/v2\/users\/3502"}],"replies":[{"embeddable":true,"href":"https:\/\/blogi.eoppimispalvelut.fi\/arkiapu\/wp-json\/wp\/v2\/comments?post=128"}],"version-history":[{"count":3,"href":"https:\/\/blogi.eoppimispalvelut.fi\/arkiapu\/wp-json\/wp\/v2\/pages\/128\/revisions"}],"predecessor-version":[{"id":147,"href":"https:\/\/blogi.eoppimispalvelut.fi\/arkiapu\/wp-json\/wp\/v2\/pages\/128\/revisions\/147"}],"up":[{"embeddable":true,"href":"https:\/\/blogi.eoppimispalvelut.fi\/arkiapu\/wp-json\/wp\/v2\/pages\/8"}],"wp:attachment":[{"href":"https:\/\/blogi.eoppimispalvelut.fi\/arkiapu\/wp-json\/wp\/v2\/media?parent=128"}],"curies":[{"name":"wp","href":"https:\/\/api.w.org\/{rel}","templated":true}]}}