{"id":2,"date":"2019-11-22T09:49:50","date_gmt":"2019-11-22T07:49:50","guid":{"rendered":"https:\/\/blogi.eoppimispalvelut.fi\/arkiapu\/?page_id=2"},"modified":"2019-11-26T14:19:12","modified_gmt":"2019-11-26T12:19:12","slug":"esimerkkisivu","status":"publish","type":"page","link":"https:\/\/blogi.eoppimispalvelut.fi\/arkiapu\/esimerkkisivu\/","title":{"rendered":"Kokemuksia"},"content":{"rendered":"<p>Itsell\u00e4ni oli selk\u00e4 kipe\u00e4n\u00e4 ja en p\u00e4\u00e4ssyt k\u00e4ytt\u00e4m\u00e4\u00e4n koiraani ulkona. Onneksi l\u00f6ysin t\u00e4m\u00e4n sivuston! Annan kyll\u00e4 palvelulle viisi t\u00e4hte\u00e4.<\/p>\n<p>-Anneli T.<\/p>\n<p>&nbsp;<\/p>\n","protected":false},"excerpt":{"rendered":"<p>Itsell\u00e4ni oli selk\u00e4 kipe\u00e4n\u00e4 ja en p\u00e4\u00e4ssyt k\u00e4ytt\u00e4m\u00e4\u00e4n koiraani ulkona. Onneksi l\u00f6ysin t\u00e4m\u00e4n sivuston! Annan kyll\u00e4 palvelulle viisi t\u00e4hte\u00e4. -Anneli T. &nbsp;<\/p>\n","protected":false},"author":3514,"featured_media":0,"parent":0,"menu_order":0,"comment_status":"closed","ping_status":"closed","template":"","meta":{"content-type":"","_monsterinsights_skip_tracking":false,"_monsterinsights_sitenote_active":false,"_monsterinsights_sitenote_note":"","_monsterinsights_sitenote_category":0,"footnotes":""},"class_list":["post-2","page","type-page","status-publish","hentry"],"yoast_head":"<!-- This site is optimized with the Yoast SEO plugin v27.5 - https:\/\/yoast.com\/product\/yoast-seo-wordpress\/ -->\n<title>Kokemuksia -<\/title>\n<meta name=\"robots\" content=\"index, follow, max-snippet:-1, max-image-preview:large, max-video-preview:-1\" \/>\n<link rel=\"canonical\" href=\"https:\/\/blogi.eoppimispalvelut.fi\/arkiapu\/esimerkkisivu\/\" \/>\n<meta property=\"og:locale\" content=\"fi_FI\" \/>\n<meta property=\"og:type\" content=\"article\" \/>\n<meta property=\"og:title\" content=\"Kokemuksia -\" \/>\n<meta property=\"og:description\" content=\"Itsell\u00e4ni oli selk\u00e4 kipe\u00e4n\u00e4 ja en p\u00e4\u00e4ssyt k\u00e4ytt\u00e4m\u00e4\u00e4n koiraani ulkona. Onneksi l\u00f6ysin t\u00e4m\u00e4n sivuston! Annan kyll\u00e4 palvelulle viisi t\u00e4hte\u00e4. -Anneli T. &nbsp;\" \/>\n<meta property=\"og:url\" content=\"https:\/\/blogi.eoppimispalvelut.fi\/arkiapu\/esimerkkisivu\/\" \/>\n<meta property=\"article:modified_time\" content=\"2019-11-26T12:19:12+00:00\" \/>\n<meta name=\"twitter:card\" content=\"summary_large_image\" \/>\n<script type=\"application\/ld+json\" class=\"yoast-schema-graph\">{\"@context\":\"https:\\\/\\\/schema.org\",\"@graph\":[{\"@type\":\"WebPage\",\"@id\":\"https:\\\/\\\/blogi.eoppimispalvelut.fi\\\/arkiapu\\\/esimerkkisivu\\\/\",\"url\":\"https:\\\/\\\/blogi.eoppimispalvelut.fi\\\/arkiapu\\\/esimerkkisivu\\\/\",\"name\":\"Kokemuksia -\",\"isPartOf\":{\"@id\":\"https:\\\/\\\/blogi.eoppimispalvelut.fi\\\/arkiapu\\\/#website\"},\"datePublished\":\"2019-11-22T07:49:50+00:00\",\"dateModified\":\"2019-11-26T12:19:12+00:00\",\"breadcrumb\":{\"@id\":\"https:\\\/\\\/blogi.eoppimispalvelut.fi\\\/arkiapu\\\/esimerkkisivu\\\/#breadcrumb\"},\"inLanguage\":\"fi\",\"potentialAction\":[{\"@type\":\"ReadAction\",\"target\":[\"https:\\\/\\\/blogi.eoppimispalvelut.fi\\\/arkiapu\\\/esimerkkisivu\\\/\"]}]},{\"@type\":\"BreadcrumbList\",\"@id\":\"https:\\\/\\\/blogi.eoppimispalvelut.fi\\\/arkiapu\\\/esimerkkisivu\\\/#breadcrumb\",\"itemListElement\":[{\"@type\":\"ListItem\",\"position\":1,\"name\":\"Home\",\"item\":\"https:\\\/\\\/blogi.eoppimispalvelut.fi\\\/arkiapu\\\/\"},{\"@type\":\"ListItem\",\"position\":2,\"name\":\"Kokemuksia\"}]},{\"@type\":\"WebSite\",\"@id\":\"https:\\\/\\\/blogi.eoppimispalvelut.fi\\\/arkiapu\\\/#website\",\"url\":\"https:\\\/\\\/blogi.eoppimispalvelut.fi\\\/arkiapu\\\/\",\"name\":\"\",\"description\":\"\",\"potentialAction\":[{\"@type\":\"SearchAction\",\"target\":{\"@type\":\"EntryPoint\",\"urlTemplate\":\"https:\\\/\\\/blogi.eoppimispalvelut.fi\\\/arkiapu\\\/?s={search_term_string}\"},\"query-input\":{\"@type\":\"PropertyValueSpecification\",\"valueRequired\":true,\"valueName\":\"search_term_string\"}}],\"inLanguage\":\"fi\"}]}<\/script>\n<!-- \/ Yoast SEO plugin. -->","yoast_head_json":{"title":"Kokemuksia -","robots":{"index":"index","follow":"follow","max-snippet":"max-snippet:-1","max-image-preview":"max-image-preview:large","max-video-preview":"max-video-preview:-1"},"canonical":"https:\/\/blogi.eoppimispalvelut.fi\/arkiapu\/esimerkkisivu\/","og_locale":"fi_FI","og_type":"article","og_title":"Kokemuksia -","og_description":"Itsell\u00e4ni oli selk\u00e4 kipe\u00e4n\u00e4 ja en p\u00e4\u00e4ssyt k\u00e4ytt\u00e4m\u00e4\u00e4n koiraani ulkona. Onneksi l\u00f6ysin t\u00e4m\u00e4n sivuston! Annan kyll\u00e4 palvelulle viisi t\u00e4hte\u00e4. -Anneli T. &nbsp;","og_url":"https:\/\/blogi.eoppimispalvelut.fi\/arkiapu\/esimerkkisivu\/","article_modified_time":"2019-11-26T12:19:12+00:00","twitter_card":"summary_large_image","schema":{"@context":"https:\/\/schema.org","@graph":[{"@type":"WebPage","@id":"https:\/\/blogi.eoppimispalvelut.fi\/arkiapu\/esimerkkisivu\/","url":"https:\/\/blogi.eoppimispalvelut.fi\/arkiapu\/esimerkkisivu\/","name":"Kokemuksia -","isPartOf":{"@id":"https:\/\/blogi.eoppimispalvelut.fi\/arkiapu\/#website"},"datePublished":"2019-11-22T07:49:50+00:00","dateModified":"2019-11-26T12:19:12+00:00","breadcrumb":{"@id":"https:\/\/blogi.eoppimispalvelut.fi\/arkiapu\/esimerkkisivu\/#breadcrumb"},"inLanguage":"fi","potentialAction":[{"@type":"ReadAction","target":["https:\/\/blogi.eoppimispalvelut.fi\/arkiapu\/esimerkkisivu\/"]}]},{"@type":"BreadcrumbList","@id":"https:\/\/blogi.eoppimispalvelut.fi\/arkiapu\/esimerkkisivu\/#breadcrumb","itemListElement":[{"@type":"ListItem","position":1,"name":"Home","item":"https:\/\/blogi.eoppimispalvelut.fi\/arkiapu\/"},{"@type":"ListItem","position":2,"name":"Kokemuksia"}]},{"@type":"WebSite","@id":"https:\/\/blogi.eoppimispalvelut.fi\/arkiapu\/#website","url":"https:\/\/blogi.eoppimispalvelut.fi\/arkiapu\/","name":"","description":"","potentialAction":[{"@type":"SearchAction","target":{"@type":"EntryPoint","urlTemplate":"https:\/\/blogi.eoppimispalvelut.fi\/arkiapu\/?s={search_term_string}"},"query-input":{"@type":"PropertyValueSpecification","valueRequired":true,"valueName":"search_term_string"}}],"inLanguage":"fi"}]}},"_links":{"self":[{"href":"https:\/\/blogi.eoppimispalvelut.fi\/arkiapu\/wp-json\/wp\/v2\/pages\/2","targetHints":{"allow":["GET"]}}],"collection":[{"href":"https:\/\/blogi.eoppimispalvelut.fi\/arkiapu\/wp-json\/wp\/v2\/pages"}],"about":[{"href":"https:\/\/blogi.eoppimispalvelut.fi\/arkiapu\/wp-json\/wp\/v2\/types\/page"}],"author":[{"embeddable":true,"href":"https:\/\/blogi.eoppimispalvelut.fi\/arkiapu\/wp-json\/wp\/v2\/users\/3514"}],"replies":[{"embeddable":true,"href":"https:\/\/blogi.eoppimispalvelut.fi\/arkiapu\/wp-json\/wp\/v2\/comments?post=2"}],"version-history":[{"count":7,"href":"https:\/\/blogi.eoppimispalvelut.fi\/arkiapu\/wp-json\/wp\/v2\/pages\/2\/revisions"}],"predecessor-version":[{"id":82,"href":"https:\/\/blogi.eoppimispalvelut.fi\/arkiapu\/wp-json\/wp\/v2\/pages\/2\/revisions\/82"}],"wp:attachment":[{"href":"https:\/\/blogi.eoppimispalvelut.fi\/arkiapu\/wp-json\/wp\/v2\/media?parent=2"}],"curies":[{"name":"wp","href":"https:\/\/api.w.org\/{rel}","templated":true}]}}