
{"id":103,"date":"2020-04-16T09:40:52","date_gmt":"2020-04-16T06:40:52","guid":{"rendered":"https:\/\/blogi.eoppimispalvelut.fi\/arknokk\/?page_id=103"},"modified":"2024-01-10T16:39:48","modified_gmt":"2024-01-10T14:39:48","slug":"etusivu","status":"publish","type":"page","link":"https:\/\/blogi.eoppimispalvelut.fi\/arknokk\/","title":{"rendered":"Etusivu | Front Page"},"content":{"rendered":"<table>\n<tbody>\n<tr>\n<td width=\"601\">Arktinen nokkonen (ARKNOKK) -hankkeessa kehitet\u00e4\u00e4n perinteist\u00e4 ja luonnonmukaista viljely\u00e4 jo olemassa olevien nokkostuotteiden raaka-aineeksi ja uusien tuotteiden kehitt\u00e4mist\u00e4 varten. Lis\u00e4ksi k\u00e4ynnistet\u00e4\u00e4n yhteisty\u00f6 ja luodaan arvoverkosto nokkosen tuotantoon ja jalostukseen lopputuotteeksi. Hankkeessa my\u00f6s testataan ainutlaatuisesti nokkosen hy\u00f6dynt\u00e4mist\u00e4 porojen talviruokinnassa.<\/td>\n<\/tr>\n<tr>\n<td width=\"601\">Tavallisen poltinkarvaisen isonokkosen <em>(Urtica dioica)<\/em> lis\u00e4ksi ARKNOKK-hankkeessa kartoitetaan harvinaisemman, poltinkarvattoman alalajin, pohjannokkosen <em>(Urtica dioica ssp. sondenii) <\/em>hy\u00f6dynt\u00e4mismahdollisuuksia. Hanke vahvistaa ja monipuolistaa lappilaista luonnontuotealaa<\/td>\n<\/tr>\n<tr>\n<td width=\"601\">Hanke toteutetaan 01.03.2020 \u2013 30.09.2023 v\u00e4lisen\u00e4 aikana. Hankeen p\u00e4\u00e4toteuttajana toimii Luonnonvarakeskus ja osatoteuttajana Lapin ammattikorkeakoulu. Lis\u00e4ksi hankkeen toteutuksessa on mukana erikoiskasvituotannon, maa- ja porotalouden, luonnontuotealan, viestinn\u00e4n, tutkimuksen ja biotalouden toimijoita.<\/td>\n<\/tr>\n<tr>\n<td width=\"601\"><\/td>\n<\/tr>\n<tr>\n<td width=\"601\">The Arctic Nettle project (ARKNOKK) will develop traditional organic cultivation methods for growing nettle to be used as the raw material for already existing products and new products to be developed. In addition, cooperation will be started and a value chain for the production and refining of nettle into end products will be created. The project will also test unique utilisation of nettle in the winter feeding of reindeer.<\/td>\n<\/tr>\n<tr>\n<td width=\"601\">In addition to the common stinging nettle (<em>Urtica dioica<\/em>), the project will survey the opportunities to utilise a rarer northern subspecies that does not have stinging hairs (<em>Urtica dioica ssp. sondenii<\/em>). The project will promote Lapland\u2019s organic product industry and make it more versatile.<\/td>\n<\/tr>\n<tr>\n<td width=\"601\">The project period is from 1 March 2020 to 30 September 2023. Natural Resources Institute Finland (Luke) is in charge of the project in cooperation with the Lapland University of Applied Sciences. Other parties involved in the project are from the fields of specialised crop production, agriculture, reindeer husbandry, natural products, communication, research and the bioeconomy.<\/td>\n<\/tr>\n<\/tbody>\n<\/table>\n","protected":false},"excerpt":{"rendered":"<p>Arktinen nokkonen (ARKNOKK) -hankkeessa kehitet\u00e4\u00e4n perinteist\u00e4 ja luonnonmukaista viljely\u00e4 jo olemassa olevien nokkostuotteiden raaka-aineeksi ja uusien tuotteiden kehitt\u00e4mist\u00e4 varten. Lis\u00e4ksi<\/p>\n<div class=\"read-button read_more_btn_text\"><a class=\"read_more\" href=\"https:\/\/blogi.eoppimispalvelut.fi\/arknokk\/\">Lue lis\u00e4\u00e4<span class=\"arrow_readm\"> &#x25BA;<\/span><\/a><\/div>\n","protected":false},"author":31,"featured_media":0,"parent":0,"menu_order":0,"comment_status":"closed","ping_status":"closed","template":"","meta":{"footnotes":""},"class_list":["post-103","page","type-page","status-publish","hentry"],"_links":{"self":[{"href":"https:\/\/blogi.eoppimispalvelut.fi\/arknokk\/wp-json\/wp\/v2\/pages\/103","targetHints":{"allow":["GET"]}}],"collection":[{"href":"https:\/\/blogi.eoppimispalvelut.fi\/arknokk\/wp-json\/wp\/v2\/pages"}],"about":[{"href":"https:\/\/blogi.eoppimispalvelut.fi\/arknokk\/wp-json\/wp\/v2\/types\/page"}],"author":[{"embeddable":true,"href":"https:\/\/blogi.eoppimispalvelut.fi\/arknokk\/wp-json\/wp\/v2\/users\/31"}],"replies":[{"embeddable":true,"href":"https:\/\/blogi.eoppimispalvelut.fi\/arknokk\/wp-json\/wp\/v2\/comments?post=103"}],"version-history":[{"count":10,"href":"https:\/\/blogi.eoppimispalvelut.fi\/arknokk\/wp-json\/wp\/v2\/pages\/103\/revisions"}],"predecessor-version":[{"id":429,"href":"https:\/\/blogi.eoppimispalvelut.fi\/arknokk\/wp-json\/wp\/v2\/pages\/103\/revisions\/429"}],"wp:attachment":[{"href":"https:\/\/blogi.eoppimispalvelut.fi\/arknokk\/wp-json\/wp\/v2\/media?parent=103"}],"curies":[{"name":"wp","href":"https:\/\/api.w.org\/{rel}","templated":true}]}}