
{"id":274,"date":"2022-11-07T08:45:35","date_gmt":"2022-11-07T06:45:35","guid":{"rendered":"https:\/\/blogi.eoppimispalvelut.fi\/arknokk\/?page_id=274"},"modified":"2026-01-28T20:57:05","modified_gmt":"2026-01-28T18:57:05","slug":"julkaisut","status":"publish","type":"page","link":"https:\/\/blogi.eoppimispalvelut.fi\/arknokk\/julkaisut\/","title":{"rendered":"Julkaisut | Publications"},"content":{"rendered":"\n<p><\/p>\n\n\n\n<p><mark class=\"has-inline-color has-black-color\"><strong>Tieteelliset julkaisut | Scientific publications<\/strong><\/mark><\/p>\n\n\n\n<p><\/p>\n\n\n\n<p><\/p>\n\n\n\n<p><mark style=\"background-color:#7bdcb5\" class=\"has-inline-color\">SEEDINET<\/mark>: \u201c<strong>Priming of nettle (<em>Urtica dioica<\/em>) seeds: effect on germination and possibilities for field establishment<\/strong>&#8221; Martz F. and Manninen O. Maataloustieteen p\u00e4iv\u00e4t 7-8.1.2026, Helsinki. Poster 4.16.   <em> <a href=\"https:\/\/doi.org\/10.13140\/RG.2.2.27153.49762\" data-type=\"link\" data-id=\"https:\/\/blogi.eoppimispalvelut.fi\/arknokk\/files\/2025\/02\/Manninen-ja-Martz-2024-Boostia-luomunokkosen-tuotantoon_PuutarhaKauppa.pdf\"><strong>Lataa<\/strong><\/a><\/em><\/p>\n\n\n\n<p><mark style=\"background-color:#7bdcb5\" class=\"has-inline-color\">SEEDINET<\/mark>: \u201c<strong>Monik\u00e4ytt\u00f6inen nokkonen \u2013 vuoden yrtti 2025<\/strong>\u201d, Manninen O., Martz F. ja Uusitalo M.<em>Arktiset Aromit &#8211; Luonnosta Sinulle 2025, s.90-97 <a href=\"https:\/\/blogi.eoppimispalvelut.fi\/arknokk\/files\/2026\/01\/Manninen-et-al-2025-Luonnosta-sinulle.pdf\" data-type=\"link\" data-id=\"https:\/\/blogi.eoppimispalvelut.fi\/arknokk\/files\/2025\/02\/Manninen-ja-Martz-2024-Boostia-luomunokkosen-tuotantoon_PuutarhaKauppa.pdf\"><strong>Lataa<\/strong><\/a><\/em><\/p>\n\n\n\n<p><mark style=\"background-color:#7bdcb5\" class=\"has-inline-color\">SEEDINET<\/mark>: \u201c<strong>Boostia luomunokkosen tuotantoon<\/strong>\u201d, Manninen O. ja Martz F. <em>Puutarha&amp;Kauppa nro 20\/2024 <a href=\"https:\/\/blogi.eoppimispalvelut.fi\/arknokk\/files\/2025\/02\/Manninen-ja-Martz-2024-Boostia-luomunokkosen-tuotantoon_PuutarhaKauppa.pdf\" data-type=\"link\" data-id=\"https:\/\/blogi.eoppimispalvelut.fi\/arknokk\/files\/2025\/02\/Manninen-ja-Martz-2024-Boostia-luomunokkosen-tuotantoon_PuutarhaKauppa.pdf\"><strong>Lataa<\/strong><\/a><\/em><\/p>\n\n\n\n<p><mark style=\"background-color:#7bdcb5\" class=\"has-inline-color\">SEEDINET<\/mark>:  &#8220;<strong>SEEDINET \u2013 nokkosen suorakylv\u00f6n kehitt\u00e4minen<\/strong>&#8221; Manninen ja Martz. <em><a href=\"https:\/\/www.luomuliitto.fi\/luomupaivat\" data-type=\"link\" data-id=\"https:\/\/www.luomuliitto.fi\/luomupaivat\">Valtakunnalliset Luomup\u00e4iv\u00e4t<\/a>, Sein\u00e4joki 5.\u20136.11.2024<\/em> Posteri <a href=\"https:\/\/blogi.eoppimispalvelut.fi\/arknokk\/files\/2025\/02\/ManninenMartz-Poster_Luomu2024.pdf\" data-type=\"link\" data-id=\"https:\/\/blogi.eoppimispalvelut.fi\/arknokk\/files\/2025\/02\/ManninenMartz-Poster_Luomu2024.pdf\"><em><strong>Lataa<\/strong> <\/em><\/a><\/p>\n\n\n\n<p><mark style=\"background-color:#fefc89\" class=\"has-inline-color has-black-color\">Review<\/mark>: <mark style=\"background-color:#fdfdfd\" class=\"has-inline-color\"><strong>Stinging Nettle (<em>Urtica dioica<\/em>) Roots: The Power Underground\u2014A Review <\/strong>,<\/mark> Martz\u00a0and Kankaanp\u00e4\u00e4<sup>\u00a0<\/sup><em>Plants<\/em>\u00a0<strong>2025<\/strong>,\u00a0<em>14<\/em>(2),279 <a href=\"https:\/\/doi.org\/10.3390\/plants14020279\" data-type=\"link\" data-id=\"https:\/\/doi.org\/10.3390\/plants14020279\"><strong><em>Lataa<\/em><\/strong><\/a><\/p>\n\n\n\n<p><strong><mark class=\"has-inline-color has-vivid-green-cyan-color\">OPASKIRJA<\/mark><\/strong>: <a href=\"https:\/\/pohjoisentekijat.fi\/2024\/04\/11\/nokkosen-viljely-pohjois-suomessa\/\" data-type=\"link\" data-id=\"https:\/\/pohjoisentekijat.fi\/2024\/04\/11\/nokkosen-viljely-pohjois-suomessa\/\">Nokkosen viljely Pohjois-Suomessa<\/a> &#8211; E-kirja, <em>Pohjoisen tekij\u00e4t<\/em> 4\/2024 <strong><em><a href=\"https:\/\/blogi.eoppimispalvelut.fi\/arknokk\/files\/2024\/04\/Nokkosen-viljely-Pohjois-Suomessa_opaskirjaARKNOKK_2024.pdf\" data-type=\"link\" data-id=\"https:\/\/blogi.eoppimispalvelut.fi\/arknokk\/files\/2024\/04\/Nokkosen-viljely-Pohjois-Suomessa_opaskirjaARKNOKK_2024.pdf\">Lataa<\/a><\/em><\/strong><\/p>\n\n\n\n<p><strong><mark class=\"has-inline-color has-vivid-green-cyan-color\">PROJECT FINAL REPORT<\/mark><\/strong>, <a href=\"https:\/\/jukuri.luke.fi\/handle\/10024\/554522\" data-type=\"link\" data-id=\"https:\/\/jukuri.luke.fi\/handle\/10024\/554522\">Arctic nettle, from weed to money<\/a> &#8211; Martz et al. <em>Natural resources and bioeconomy studies <\/em>3\/2024 <strong><em><a href=\"https:\/\/blogi.eoppimispalvelut.fi\/arknokk\/files\/2024\/01\/ARKNOKK_final-report_Luke-luobio_3_2024.pdf\">Lataa<\/a><\/em><\/strong><\/p>\n\n\n\n<p><mark class=\"has-inline-color has-vivid-green-cyan-color\"><strong><a href=\"https:\/\/www.mdpi.com\/journal\/plants\/special_issues\/U4XX2PP11V\" data-type=\"link\" data-id=\"https:\/\/www.mdpi.com\/journal\/plants\/special_issues\/U4XX2PP11V\" target=\"_blank\" rel=\"noreferrer noopener\">&#8220;Nettle: From Weed to Green Enterprise&#8221;.<\/a> <\/strong><\/mark>A special issue has been launched in <strong><em>Plants<\/em><\/strong>. Check the published articles! (including the genome sequencing of nettle!)<\/p>\n\n\n\n<p><\/p>\n\n\n\n<p>ARKNOKK  Tietokortti <strong><em><a href=\"https:\/\/blogi.eoppimispalvelut.fi\/arknokk\/files\/2023\/11\/ARKNOKK-tietokortti-2023.pdf\">Lataa<\/a><\/em><\/strong>  |  Factsheet <strong><em><a href=\"https:\/\/blogi.eoppimispalvelut.fi\/arknokk\/files\/2023\/11\/ARKNOKK_Factsheet_2023.pdf\">Upload <\/a><\/em><\/strong><\/p>\n\n\n\n<div class=\"wp-block-columns is-layout-flex wp-container-core-columns-is-layout-9d6595d7 wp-block-columns-is-layout-flex\">\n<div class=\"wp-block-column is-layout-flow wp-block-column-is-layout-flow\">\n<p>Maijala et al. <a href=\"https:\/\/pohjoisentekijat.fi\/2023\/11\/16\/poron-ruokintakoe-nokkosta-sisaltavalla-taysrehulla\/\" data-type=\"link\" data-id=\"https:\/\/pohjoisentekijat.fi\/2023\/11\/16\/poron-ruokintakoe-nokkosta-sisaltavalla-taysrehulla\/\">Poron ruokintakoe nokkosta sis\u00e4lt\u00e4v\u00e4ll\u00e4 t\u00e4ysrehulla<\/a> &#8211; E-kirja , <em>Pohjoisen tekij\u00e4t<\/em>  34\/2023 <a href=\"https:\/\/blogi.eoppimispalvelut.fi\/arknokk\/files\/2023\/11\/Pohjoisen-tekijat-34-2023-Maijala-et-al.pdf\" data-type=\"link\" data-id=\"https:\/\/blogi.eoppimispalvelut.fi\/arknokk\/files\/2023\/11\/Pohjoisen-tekijat-34-2023-Maijala-et-al.pdf\"><strong><em>Lataa<\/em><\/strong><\/a><\/p>\n\n\n\n<p>Maijala et al.  Nokkosen k\u00e4ytt\u00f6 porojen lis\u00e4ruokinnassa. <em>Poromies lehti <\/em>2023\/3 <strong><em><a href=\"https:\/\/blogi.eoppimispalvelut.fi\/arknokk\/files\/2023\/11\/Poromies_3_2023_Nokkonen.pdf\" data-type=\"link\" data-id=\"https:\/\/blogi.eoppimispalvelut.fi\/arknokk\/files\/2023\/11\/Poromies_3_2023_Nokkonen.pdf\">Lataa<\/a><\/em><\/strong><\/p>\n\n\n\n<p>Kinnunen et al. Slowing down with stinging nettle. In: <em><a href=\"https:\/\/link.springer.com\/chapter\/10.1007\/978-3-031-39500-0_9\" data-type=\"link\" data-id=\"https:\/\/link.springer.com\/chapter\/10.1007\/978-3-031-39500-0_9\">Researching with Proximity<\/a><\/em> by Rantala et al. 2023 <strong><em><a href=\"https:\/\/blogi.eoppimispalvelut.fi\/arknokk\/files\/2023\/11\/Kinnunen-et-al-2024-Slowing-down-with-stinging-nettle.pdf\" data-type=\"link\" data-id=\"https:\/\/blogi.eoppimispalvelut.fi\/arknokk\/files\/2023\/11\/Kinnunen-et-al-2024-Slowing-down-with-stinging-nettle.pdf\">Lataa<\/a><\/em><\/strong><\/p>\n\n\n\n<p>Martz. Optimization of nettle (<em>Urtica dioica<\/em>) seedling production. 6.2023  <strong><em><a href=\"https:\/\/blogi.eoppimispalvelut.fi\/arknokk\/files\/2023\/09\/2023-9-24-Nettle-seedling-production.pdf\" data-type=\"link\" data-id=\"https:\/\/blogi.eoppimispalvelut.fi\/arknokk\/files\/2023\/09\/2023-9-24-Nettle-seedling-production.pdf\">Upload<\/a><\/em><\/strong><\/p>\n\n\n\n<p>Martz and Uimonen. Effect of the drying method on the composition of nettle leaf extract. <em>Luonnontuotep\u00e4iv\u00e4t Mikkeliss\u00e4<\/em>. Poster 8.11.2022 <strong><em><a href=\"https:\/\/blogi.eoppimispalvelut.fi\/arknokk\/files\/2023\/01\/Martz_poster-drying-nettle_8.11.2022.pdf\" data-type=\"link\" data-id=\"https:\/\/blogi.eoppimispalvelut.fi\/arknokk\/files\/2023\/01\/Martz_poster-drying-nettle_8.11.2022.pdf\">Uplaod<\/a><\/em><\/strong><\/p>\n\n\n\n<p>Maijala et al. Nokkosen k\u00e4ytt\u00f6 porojen lis\u00e4ruokinnassa. <em>Luonnontuotep\u00e4iv\u00e4t Mikkeliss\u00e4<\/em>. Juliste 8.11.2022 <strong><em><a href=\"https:\/\/blogi.eoppimispalvelut.fi\/arknokk\/files\/2023\/01\/Maijala_poster-reindeer-feeding_8.11.2022.pdf\">Lataa<\/a><\/em><\/strong><\/p>\n\n\n\n<p>Martz ja P\u00f6yr\u00e4l\u00e4. Nokkosen tuotanto ja k\u00e4ytt\u00f6 kehittyv\u00e4t. <em>Luonnontuotep\u00e4iv\u00e4t Lapissa ja \u00c4k\u00e4slompolossa<\/em> 3.11.2021 <strong><em><a href=\"https:\/\/blogi.eoppimispalvelut.fi\/arknokk\/files\/2023\/11\/2021-11-4-ARKNOKK_Luonnontuotepaivat2021_Akaslompolo.pdf\" data-type=\"link\" data-id=\"https:\/\/blogi.eoppimispalvelut.fi\/arknokk\/files\/2023\/11\/2021-11-4-ARKNOKK_Luonnontuotepaivat2021_Akaslompolo.pdf\">Lataa<\/a><\/em><\/strong><\/p>\n<\/div>\n<\/div>\n\n\n\n<p><\/p>\n\n\n\n<div class=\"wp-block-columns is-layout-flex wp-container-core-columns-is-layout-9d6595d7 wp-block-columns-is-layout-flex\">\n<div class=\"wp-block-column is-layout-flow wp-block-column-is-layout-flow\">\n<p><mark class=\"has-inline-color has-black-color\"><strong>Muut julkaisut | Others<\/strong><\/mark><\/p>\n\n\n\n<p><\/p>\n\n\n\n<p><\/p>\n\n\n\n<p><a href=\"https:\/\/www.lapinamk.fi\/blogs\/Nokkosen-viljely-ja-monipuoliset-kayttotavat-Euroopassa\/0q5cunco\/a133e91e-6636-4a9e-aaf6-fad3c46fbed9\">Nokkosen viljely ja monipuoliset k\u00e4ytt\u00f6tavat Euroopassa (lapinamk.fi)<\/a><\/p>\n\n\n\n<p><a href=\"https:\/\/www.kaleva.fi\/maalaispihojen-vihulainen-onkin-nerokas-selviytyja\/2714566\">Maa\u00adlais\u00adpi\u00adho\u00adjen vi\u00adhu\u00adlai\u00adnen onkin nerokas sel\u00adviy\u00adty\u00adj\u00e4\u00adkas\u00advi, jota voi kas\u00advat\u00adtaa ruo\u00adka\u00adp\u00f6y\u00adtiem\u00adme su\u00adper\u00adruuak\u00adsi pen\u00adkeis\u00ads\u00e4 man\u00adsi\u00adkan tavoin \u2013 Ter\u00advo\u00adlas\u00adsa tes\u00adta\u00adtaan nok\u00adko\u00adsen vil\u00adje\u00adly\u00e4<\/a><\/p>\n\n\n\n<p><a href=\"https:\/\/yle.triplet.io\/uutiset\/lapissa-tutkitaan-nokkosen-soveltuvuutta-poron-ruoaksi\">Lapissa tutkitaan nokkosen soveltuvuutta poron ruoaksi<\/a><\/p>\n\n\n\n<p><a href=\"https:\/\/yle.fi\/a\/3-12071404\">Nokkonen on villiyrttien kuningas, nyt sit\u00e4 kasvatetaan poronrehuksi Lapissa \u2013 talvella testataan, miten se sopii poron ruokalistalle<\/a><\/p>\n\n\n\n<p><strong><mark class=\"has-inline-color has-black-color\">Avoimien ovien p\u00e4iv\u00e4n 13.6.2023 esitykset | Open Day presentations 13.6.2023<\/mark><\/strong><\/p>\n\n\n\n<div class=\"wp-block-file\"><a id=\"wp-block-file--media-1d45d246-8095-4a3b-a54b-bf4191027c58\" href=\"https:\/\/blogi.eoppimispalvelut.fi\/arknokk\/files\/2023\/08\/2023-6-13-ARKNOKK_OpenDay_FrancoiseMartz.pdf\">Francoise Martz: ARKNOKK project Open Day<\/a><a href=\"https:\/\/blogi.eoppimispalvelut.fi\/arknokk\/files\/2023\/08\/2023-6-13-ARKNOKK_OpenDay_FrancoiseMartz.pdf\" class=\"wp-block-file__button wp-element-button\" download aria-describedby=\"wp-block-file--media-1d45d246-8095-4a3b-a54b-bf4191027c58\">Lataa<\/a><\/div>\n\n\n\n<div class=\"wp-block-file\"><a id=\"wp-block-file--media-e77f6cd0-82ed-46e6-ab7d-528b479b4422\" href=\"https:\/\/blogi.eoppimispalvelut.fi\/arknokk\/files\/2023\/08\/ARKNOKK-Ranta-13.6.2023.pdf\">Aki Ranta: nettle as reindeer supplementary feed_ARKNOKK 13.6.2023<\/a><a href=\"https:\/\/blogi.eoppimispalvelut.fi\/arknokk\/files\/2023\/08\/ARKNOKK-Ranta-13.6.2023.pdf\" class=\"wp-block-file__button wp-element-button\" download aria-describedby=\"wp-block-file--media-e77f6cd0-82ed-46e6-ab7d-528b479b4422\">Lataa<\/a><\/div>\n\n\n\n<div class=\"wp-block-file\"><a id=\"wp-block-file--media-e781673e-f16d-44d2-a913-2335a18fc44e\" href=\"https:\/\/blogi.eoppimispalvelut.fi\/arknokk\/files\/2023\/08\/Arktinen-nokkonen-13.6.2023-Lappia.pdf\">Jarmo Saariniemi: Lappia presentation<\/a><a href=\"https:\/\/blogi.eoppimispalvelut.fi\/arknokk\/files\/2023\/08\/Arktinen-nokkonen-13.6.2023-Lappia.pdf\" class=\"wp-block-file__button wp-element-button\" download aria-describedby=\"wp-block-file--media-e781673e-f16d-44d2-a913-2335a18fc44e\">Lataa<\/a><\/div>\n\n\n\n<div class=\"wp-block-file\"><a id=\"wp-block-file--media-003070be-24f7-475e-9f27-8ed3d724e75c\" href=\"https:\/\/blogi.eoppimispalvelut.fi\/arknokk\/files\/2023\/08\/Esitys-Nordic-Herbs-Petri.pdf\">Petri Koivisto (Nordic Herbs Oy)<\/a><a href=\"https:\/\/blogi.eoppimispalvelut.fi\/arknokk\/files\/2023\/08\/Esitys-Nordic-Herbs-Petri.pdf\" class=\"wp-block-file__button wp-element-button\" download aria-describedby=\"wp-block-file--media-003070be-24f7-475e-9f27-8ed3d724e75c\">Lataa<\/a><\/div>\n\n\n\n<div class=\"wp-block-file\"><a id=\"wp-block-file--media-7e367eb1-14ac-469d-814f-dd8cf931e6bc\" href=\"https:\/\/blogi.eoppimispalvelut.fi\/arknokk\/files\/2023\/08\/Intervention-Arknokk.pdf\">Alexandre Laflotte: Centre R&amp;D La Bouzule ENSAIA, France<\/a><a href=\"https:\/\/blogi.eoppimispalvelut.fi\/arknokk\/files\/2023\/08\/Intervention-Arknokk.pdf\" class=\"wp-block-file__button wp-element-button\" download aria-describedby=\"wp-block-file--media-7e367eb1-14ac-469d-814f-dd8cf931e6bc\">Lataa<\/a><\/div>\n\n\n\n<div class=\"wp-block-file\"><a id=\"wp-block-file--media-d2881b43-a3da-4cd9-985f-64b34762aac0\" href=\"https:\/\/blogi.eoppimispalvelut.fi\/arknokk\/files\/2023\/08\/Nettle-vertical-farming.pdf\">Juho Haveri-Heikkil\u00e4: Nettle vertical farming in LapinAMK<\/a><a href=\"https:\/\/blogi.eoppimispalvelut.fi\/arknokk\/files\/2023\/08\/Nettle-vertical-farming.pdf\" class=\"wp-block-file__button wp-element-button\" download aria-describedby=\"wp-block-file--media-d2881b43-a3da-4cd9-985f-64b34762aac0\">Lataa<\/a><\/div>\n\n\n\n<div class=\"wp-block-file\"><a id=\"wp-block-file--media-7eddc03c-734e-4cbb-9eb2-838ca7b8e71c\" href=\"https:\/\/blogi.eoppimispalvelut.fi\/arknokk\/files\/2023\/08\/Nettle-cultivation-13.6.2023.pdf\">Katja Misikangas (Arctic Warriors Oy): Nettle cultivation<\/a><a href=\"https:\/\/blogi.eoppimispalvelut.fi\/arknokk\/files\/2023\/08\/Nettle-cultivation-13.6.2023.pdf\" class=\"wp-block-file__button wp-element-button\" download aria-describedby=\"wp-block-file--media-7eddc03c-734e-4cbb-9eb2-838ca7b8e71c\">Lataa<\/a><\/div>\n<\/div>\n\n\n\n<div class=\"wp-block-column is-layout-flow wp-block-column-is-layout-flow\">\n<p><strong><mark class=\"has-inline-color has-black-color\">Lapin AMKin mets\u00e4talousinsin\u00f6\u00f6riopiskelijoiden tuottamat viestint\u00e4materiaalit:<\/mark><\/strong><em><br><\/em>Blogi: <a href=\"https:\/\/blogi.eoppimispalvelut.fi\/arknokk\/nokkonen-superlatiivien-kasvi\/\">Nokkonen, superlatiivien kasvi<\/a><br>Nokkospodcast, vieraana Katja Misikangas:<\/p>\n\n\n\n<div class=\"wp-block-file\"><a id=\"wp-block-file--media-8da5b0ae-ebd3-43b6-8854-7c316a6178fd\" href=\"https:\/\/blogi.eoppimispalvelut.fi\/arknokk\/files\/2022\/11\/Nokkospodcast-3.11.2022-1.mp4\">Nokkospodcast-3.11.2022-1<\/a><a href=\"https:\/\/blogi.eoppimispalvelut.fi\/arknokk\/files\/2022\/11\/Nokkospodcast-3.11.2022-1.mp4\" class=\"wp-block-file__button wp-element-button\" download aria-describedby=\"wp-block-file--media-8da5b0ae-ebd3-43b6-8854-7c316a6178fd\">Lataa<\/a><\/div>\n\n\n\n<p>Arktinen nokkonen -webinaari 20.10.:<\/p>\n\n\n\n<p><a href=\"https:\/\/blogi.eoppimispalvelut.fi\/arknokk\/files\/2023\/02\/arknokk-webinaari-ohjelma.png\">Webinaarin ohjelma<\/a><\/p>\n\n\n\n<p><a rel=\"noreferrer noopener\" href=\"https:\/\/lucit-my.sharepoint.com\/:v:\/g\/personal\/ansuomal_lapinamk_fi\/EQW-9yqtQshPi3u_YtXXIm8BoY47hi2eYVvYDpJzjvLYmA?e=P1bwFt\" target=\"_blank\">Webinaarin tallenne<\/a><\/p>\n<\/div>\n<\/div>\n","protected":false},"excerpt":{"rendered":"<p>Tieteelliset julkaisut | Scientific publications SEEDINET: \u201cPriming of nettle (Urtica dioica) seeds: effect on germination and possibilities for field establishment&#8221;<\/p>\n<div class=\"read-button read_more_btn_text\"><a class=\"read_more\" href=\"https:\/\/blogi.eoppimispalvelut.fi\/arknokk\/julkaisut\/\">Lue lis\u00e4\u00e4<span class=\"arrow_readm\"> &#x25BA;<\/span><\/a><\/div>\n","protected":false},"author":17248,"featured_media":0,"parent":0,"menu_order":0,"comment_status":"closed","ping_status":"closed","template":"","meta":{"footnotes":""},"class_list":["post-274","page","type-page","status-publish","hentry"],"_links":{"self":[{"href":"https:\/\/blogi.eoppimispalvelut.fi\/arknokk\/wp-json\/wp\/v2\/pages\/274","targetHints":{"allow":["GET"]}}],"collection":[{"href":"https:\/\/blogi.eoppimispalvelut.fi\/arknokk\/wp-json\/wp\/v2\/pages"}],"about":[{"href":"https:\/\/blogi.eoppimispalvelut.fi\/arknokk\/wp-json\/wp\/v2\/types\/page"}],"author":[{"embeddable":true,"href":"https:\/\/blogi.eoppimispalvelut.fi\/arknokk\/wp-json\/wp\/v2\/users\/17248"}],"replies":[{"embeddable":true,"href":"https:\/\/blogi.eoppimispalvelut.fi\/arknokk\/wp-json\/wp\/v2\/comments?post=274"}],"version-history":[{"count":75,"href":"https:\/\/blogi.eoppimispalvelut.fi\/arknokk\/wp-json\/wp\/v2\/pages\/274\/revisions"}],"predecessor-version":[{"id":491,"href":"https:\/\/blogi.eoppimispalvelut.fi\/arknokk\/wp-json\/wp\/v2\/pages\/274\/revisions\/491"}],"wp:attachment":[{"href":"https:\/\/blogi.eoppimispalvelut.fi\/arknokk\/wp-json\/wp\/v2\/media?parent=274"}],"curies":[{"name":"wp","href":"https:\/\/api.w.org\/{rel}","templated":true}]}}