
{"id":35,"date":"2020-03-31T11:23:11","date_gmt":"2020-03-31T08:23:11","guid":{"rendered":"https:\/\/blogi.eoppimispalvelut.fi\/arknokk\/?page_id=35"},"modified":"2020-10-08T14:55:45","modified_gmt":"2020-10-08T11:55:45","slug":"hanke","status":"publish","type":"page","link":"https:\/\/blogi.eoppimispalvelut.fi\/arknokk\/hanke\/","title":{"rendered":"Hanke | Project"},"content":{"rendered":"<table>\n<tbody>\n<tr>\n<td width=\"601\">Nokkonen on yksi monipuolisimmista luonnonkasveistamme, jonka kaupallista potentiaalia ei ole juurikaan hy\u00f6dynnetty. Lapissa tuotetun nokkosen ravintorikkaus ja pohjoisten kasvuymp\u00e4rist\u00f6jen puhtaus voivat olla kilpailu- ja lis\u00e4arvotekij\u00f6it\u00e4, jotka tukevat lappilaisten nokkostuotteiden kysynt\u00e4\u00e4 ja markkinoita.<\/td>\n<\/tr>\n<tr>\n<td width=\"601\">Nokkosen monipuolisten k\u00e4ytt\u00f6mahdollisuuksien vuoksi kiinnostus lajiin lis\u00e4\u00e4ntyy nopeasti. Vaikka nokkosen kysynt\u00e4 on ollut tasaisessa kasvussa, nokkosraaka-aineen saatavuus on hankaloittanut useiden yritysten tuotekehityst\u00e4 ja p\u00e4\u00e4sy\u00e4 markkinoille. Nokkosen viljelyll\u00e4 voidaan kuitenkin vaikuttaa raaka-aineen laatuominaisuuksiin ja varmistaa sen saatavuus.<\/td>\n<\/tr>\n<tr>\n<td width=\"601\">Arktinen nokkonen (ARKNOKK) -hankkeessa kehitet\u00e4\u00e4n perinteist\u00e4 ja luonnonmukaista viljely\u00e4 jo olemassa olevien nokkostuotteiden raaka-aineeksi ja uusien tuotteiden kehitt\u00e4mist\u00e4 varten. Lis\u00e4ksi k\u00e4ynnistet\u00e4\u00e4n yhteisty\u00f6 ja luodaan arvoverkosto nokkosen tuotantoon ja jalostukseen lopputuotteeksi. Hankkeessa my\u00f6s testataan ainutlaatuisesti nokkosen hy\u00f6dynt\u00e4mist\u00e4 porojen talviruokinnassa.<\/td>\n<\/tr>\n<tr>\n<td width=\"601\">Hankkeessa tuotetaan tietoa kansallisten ja kansainv\u00e4listen nokkosmarkkinoiden tilanteesta ja toimintatavoista, maantieteellisen alkuper\u00e4n vaikutuksista laatuun ja satoon, menetelmist\u00e4 taloudellisesti kannattavaan viljelyyn sek\u00e4 hyvinvointivaikutuksista porojen ruokinnassa.<\/td>\n<\/tr>\n<tr>\n<td width=\"601\">Tavallisen poltinkarvaisen isonokkosen <em>(Urtica dioica)<\/em> lis\u00e4ksi ARKNOKK-hankkeessa kartoitetaan harvinaisemman, poltinkarvattoman alalajin, pohjannokkosen <em>(Urtica dioica ssp. sondenii) <\/em>hy\u00f6dynt\u00e4mismahdollisuuksia. Hanke vahvistaa ja monipuolistaa lappilaista luonnontuotealaa.<\/td>\n<\/tr>\n<tr>\n<td width=\"601\">Pohjois-Pohjanmaan elinkeino-, liikenne- ja ymp\u00e4rist\u00f6keskus on my\u00f6nt\u00e4nyt hankkeelle rahoitukset Euroopan aluekehitysrahastosta (EAKR). Hanke toteutetaan 01.03.2020\u201328.02.2023 v\u00e4lisen\u00e4 aikana.<\/td>\n<\/tr>\n<tr>\n<td width=\"601\">Hankeen p\u00e4\u00e4toteuttaja on Luonnonvarakeskus ja osatoteuttaja Lapin ammattikorkeakoulu.<\/td>\n<\/tr>\n<tr>\n<td width=\"601\">&nbsp;<\/td>\n<\/tr>\n<tr>\n<td width=\"601\">Nettle is one of Finland\u2019s most versatile wild plants, but its commercial potential is still largely untapped. The nutrients in nettle cultivated in Lapland and the cleanliness of Northern habitats may become competitive factors and providers of added value for Lapland to support the demand and market for Lapland\u2019s nettle products.<\/td>\n<\/tr>\n<tr>\n<td width=\"601\">Interest in nettle is quickly growing due to its wide range of uses. Although the demand for nettle has steadily increased, poor availability of the raw material has hampered product development and access to the market in the case of many businesses. Cultivation of nettle can improve the quality of the raw material and ensure its availability.<\/td>\n<\/tr>\n<tr>\n<td width=\"601\">The Arctic Nettle project (ARKNOKK) will develop traditional organic cultivation methods for growing nettle to be used as the raw material for already existing products and new products to be developed. In addition, cooperation will be started and a value chain for the production and refining of nettle into end products will be created. The project will also test unique utilisation of nettle in the winter feeding of reindeer.<\/td>\n<\/tr>\n<tr>\n<td width=\"601\">The project will generate information on the current status and operating methods of the national and international nettle markets, the impact of geographical origins on the quality and yield of nettle, methods to be used in financially profitable cultivation and the impact of nettle feed on the wellbeing of reindeer.<\/td>\n<\/tr>\n<tr>\n<td width=\"601\">In addition to the common stinging nettle (<em>Urtica dioica<\/em>), the project will survey the opportunities to utilise a rarer northern subspecies that does not have stinging hairs (<em>Urtica dioica ssp. sondenii<\/em>). The project will promote Lapland\u2019s organic product industry and make it more versatile.<\/td>\n<\/tr>\n<tr>\n<td width=\"601\">The North Ostrobothnia Centre for Economic Development, Transport and the Environment has granted the project funding from the European Regional Development Fund (ERDF). The project period is from 1 March 2020 to 28 February 2023.<\/td>\n<\/tr>\n<tr>\n<td width=\"601\">Natural Resources Institute Finland (Luke) is in charge of the project in cooperation with the Lapland University of Applied Sciences.<\/td>\n<\/tr>\n<\/tbody>\n<\/table>\n<div id=\"attachment_135\" style=\"width: 610px\" class=\"wp-caption aligncenter\"><img loading=\"lazy\" decoding=\"async\" aria-describedby=\"caption-attachment-135\" class=\"wp-image-135 size-medium\" src=\"https:\/\/blogi.eoppimispalvelut.fi\/arknokk\/files\/2020\/04\/Monik\u00e4ytt\u00f6inen-nokkonen-600x377.png\" alt=\"\" width=\"600\" height=\"377\" srcset=\"https:\/\/blogi.eoppimispalvelut.fi\/arknokk\/files\/2020\/04\/Monik\u00e4ytt\u00f6inen-nokkonen-600x377.png 600w, https:\/\/blogi.eoppimispalvelut.fi\/arknokk\/files\/2020\/04\/Monik\u00e4ytt\u00f6inen-nokkonen-768x482.png 768w, https:\/\/blogi.eoppimispalvelut.fi\/arknokk\/files\/2020\/04\/Monik\u00e4ytt\u00f6inen-nokkonen-258x162.png 258w, https:\/\/blogi.eoppimispalvelut.fi\/arknokk\/files\/2020\/04\/Monik\u00e4ytt\u00f6inen-nokkonen.png 1072w\" sizes=\"auto, (max-width: 600px) 100vw, 600px\" \/><p id=\"caption-attachment-135\" class=\"wp-caption-text\">Monik\u00e4ytt\u00f6inen nokkonen<\/p><\/div>\n<p><img loading=\"lazy\" decoding=\"async\" class=\"size-medium wp-image-117 aligncenter\" src=\"https:\/\/blogi.eoppimispalvelut.fi\/arknokk\/files\/2020\/04\/logosetti-600x102.png\" alt=\"\" width=\"600\" height=\"102\" srcset=\"https:\/\/blogi.eoppimispalvelut.fi\/arknokk\/files\/2020\/04\/logosetti-600x102.png 600w, https:\/\/blogi.eoppimispalvelut.fi\/arknokk\/files\/2020\/04\/logosetti-768x131.png 768w, https:\/\/blogi.eoppimispalvelut.fi\/arknokk\/files\/2020\/04\/logosetti-262x45.png 262w, https:\/\/blogi.eoppimispalvelut.fi\/arknokk\/files\/2020\/04\/logosetti.png 1144w\" sizes=\"auto, (max-width: 600px) 100vw, 600px\" \/><\/p>\n","protected":false},"excerpt":{"rendered":"<p>Nokkonen on yksi monipuolisimmista luonnonkasveistamme, jonka kaupallista potentiaalia ei ole juurikaan hy\u00f6dynnetty. Lapissa tuotetun nokkosen ravintorikkaus ja pohjoisten kasvuymp\u00e4rist\u00f6jen puhtaus<\/p>\n<div class=\"read-button read_more_btn_text\"><a class=\"read_more\" href=\"https:\/\/blogi.eoppimispalvelut.fi\/arknokk\/hanke\/\">Lue lis\u00e4\u00e4<span class=\"arrow_readm\"> &#x25BA;<\/span><\/a><\/div>\n","protected":false},"author":4371,"featured_media":0,"parent":0,"menu_order":0,"comment_status":"closed","ping_status":"closed","template":"","meta":{"footnotes":""},"class_list":["post-35","page","type-page","status-publish","hentry"],"_links":{"self":[{"href":"https:\/\/blogi.eoppimispalvelut.fi\/arknokk\/wp-json\/wp\/v2\/pages\/35","targetHints":{"allow":["GET"]}}],"collection":[{"href":"https:\/\/blogi.eoppimispalvelut.fi\/arknokk\/wp-json\/wp\/v2\/pages"}],"about":[{"href":"https:\/\/blogi.eoppimispalvelut.fi\/arknokk\/wp-json\/wp\/v2\/types\/page"}],"author":[{"embeddable":true,"href":"https:\/\/blogi.eoppimispalvelut.fi\/arknokk\/wp-json\/wp\/v2\/users\/4371"}],"replies":[{"embeddable":true,"href":"https:\/\/blogi.eoppimispalvelut.fi\/arknokk\/wp-json\/wp\/v2\/comments?post=35"}],"version-history":[{"count":4,"href":"https:\/\/blogi.eoppimispalvelut.fi\/arknokk\/wp-json\/wp\/v2\/pages\/35\/revisions"}],"predecessor-version":[{"id":202,"href":"https:\/\/blogi.eoppimispalvelut.fi\/arknokk\/wp-json\/wp\/v2\/pages\/35\/revisions\/202"}],"wp:attachment":[{"href":"https:\/\/blogi.eoppimispalvelut.fi\/arknokk\/wp-json\/wp\/v2\/media?parent=35"}],"curies":[{"name":"wp","href":"https:\/\/api.w.org\/{rel}","templated":true}]}}