
{"id":37,"date":"2020-03-31T11:24:59","date_gmt":"2020-03-31T08:24:59","guid":{"rendered":"https:\/\/blogi.eoppimispalvelut.fi\/arknokk\/?page_id=37"},"modified":"2026-01-28T20:59:55","modified_gmt":"2026-01-28T18:59:55","slug":"yhteystiedot","status":"publish","type":"page","link":"https:\/\/blogi.eoppimispalvelut.fi\/arknokk\/yhteystiedot\/","title":{"rendered":"Yhteystiedot | Contacts"},"content":{"rendered":"\n<figure class=\"wp-block-image size-full\"><img loading=\"lazy\" decoding=\"async\" width=\"598\" height=\"421\" src=\"https:\/\/blogi.eoppimispalvelut.fi\/arknokk\/files\/2026\/01\/contact-card_web-1.png\" alt=\"\" class=\"wp-image-486\" srcset=\"https:\/\/blogi.eoppimispalvelut.fi\/arknokk\/files\/2026\/01\/contact-card_web-1.png 598w, https:\/\/blogi.eoppimispalvelut.fi\/arknokk\/files\/2026\/01\/contact-card_web-1-230x162.png 230w\" sizes=\"auto, (max-width: 598px) 100vw, 598px\" \/><\/figure>\n\n\n\n<p><a href=\"https:\/\/www.luke.fi\/fi\/asiantuntijat\/francoise-martz\" data-type=\"link\" data-id=\"https:\/\/www.luke.fi\/fi\/asiantuntijat\/francoise-martz\">https:\/\/www.luke.fi\/fi\/asiantuntijat\/francoise-martz<\/a><\/p>\n\n\n\n<p><a href=\"https:\/\/www.luke.fi\/fi\/asiantuntijat\/outi-manninen\" data-type=\"link\" data-id=\"https:\/\/www.luke.fi\/fi\/asiantuntijat\/outi-manninen\">https:\/\/www.luke.fi\/fi\/asiantuntijat\/outi-manninen<\/a><\/p>\n\n\n\n<p>Former contacts: Tapio Py\u00f6r\u00e4l\u00e4 and Aki Ranta, LapinAMK<\/p>\n","protected":false},"excerpt":{"rendered":"<p>https:\/\/www.luke.fi\/fi\/asiantuntijat\/francoise-martz https:\/\/www.luke.fi\/fi\/asiantuntijat\/outi-manninen Former contacts: Tapio Py\u00f6r\u00e4l\u00e4 and Aki Ranta, LapinAMK<\/p>\n","protected":false},"author":4371,"featured_media":0,"parent":0,"menu_order":0,"comment_status":"closed","ping_status":"closed","template":"","meta":{"footnotes":""},"class_list":["post-37","page","type-page","status-publish","hentry"],"_links":{"self":[{"href":"https:\/\/blogi.eoppimispalvelut.fi\/arknokk\/wp-json\/wp\/v2\/pages\/37","targetHints":{"allow":["GET"]}}],"collection":[{"href":"https:\/\/blogi.eoppimispalvelut.fi\/arknokk\/wp-json\/wp\/v2\/pages"}],"about":[{"href":"https:\/\/blogi.eoppimispalvelut.fi\/arknokk\/wp-json\/wp\/v2\/types\/page"}],"author":[{"embeddable":true,"href":"https:\/\/blogi.eoppimispalvelut.fi\/arknokk\/wp-json\/wp\/v2\/users\/4371"}],"replies":[{"embeddable":true,"href":"https:\/\/blogi.eoppimispalvelut.fi\/arknokk\/wp-json\/wp\/v2\/comments?post=37"}],"version-history":[{"count":19,"href":"https:\/\/blogi.eoppimispalvelut.fi\/arknokk\/wp-json\/wp\/v2\/pages\/37\/revisions"}],"predecessor-version":[{"id":495,"href":"https:\/\/blogi.eoppimispalvelut.fi\/arknokk\/wp-json\/wp\/v2\/pages\/37\/revisions\/495"}],"wp:attachment":[{"href":"https:\/\/blogi.eoppimispalvelut.fi\/arknokk\/wp-json\/wp\/v2\/media?parent=37"}],"curies":[{"name":"wp","href":"https:\/\/api.w.org\/{rel}","templated":true}]}}