{"id":11,"date":"2019-10-30T09:47:33","date_gmt":"2019-10-30T07:47:33","guid":{"rendered":"https:\/\/blogi.eoppimispalvelut.fi\/arktinenlumi\/?page_id=11"},"modified":"2022-01-27T13:34:17","modified_gmt":"2022-01-27T11:34:17","slug":"tulokset","status":"publish","type":"page","link":"https:\/\/blogi.eoppimispalvelut.fi\/arktinenlumi\/tulokset\/","title":{"rendered":"Tulokset"},"content":{"rendered":"<p><strong>Hankkeen tulokset ty\u00f6pakettien perusteella:<\/strong><\/p>\n<p><span style=\"font-size: medium\">1. Tiedonkeruu-toimenpiteet ja jalkautuminen yrityksiin. N\u00e4k\u00f6kulma, energiatehokas ja taloudellisesti tehokas arktinen lumi, Tulos: Muodostetaan ekologisen lumen verkosto yhteisty\u00f6alueiden ja alan yritysten kanssa (ELV) sek\u00e4 ker\u00e4t\u00e4\u00e4n tietoa asiaan liittyen.<\/span><\/p>\n<p><span style=\"font-size: medium\">2. Kest\u00e4v\u00e4n ja taloudellisen arktisen lumiosaamisen tekniset innovaatiot ja palvelujen konseptointi; Pilottitoimenpiteet, Tulos: Toteutetaan pilotit ja luodaan niihin uusia teemaan liittyvi\u00e4 palvelukonsepteja<\/span><\/p>\n<p><span style=\"font-size: medium\">3. Ekologisen lumen verkoston rakentaminen (ELV)<\/span><\/p>\n<p><span style=\"font-size: medium\">4. Tiedotus ja viestint\u00e4toimet, Tulos: viestint\u00e4toimenpiteet<\/span><\/p>\n<p><span style=\"font-size: medium\">5. Hankehallinnointi<\/span><\/p>\n<p>&nbsp;<\/p>\n<p><strong>Tuotoksia:<\/strong><\/p>\n<p><strong>Lumistrategiaty\u00f6paja<\/strong><\/p>\n<p>2. syyskuuta 2021 pidetyn strategiaty\u00f6pajan koonti on nyt saatavilla. Energiatehokas Arktinen Lumi -hankkeen strategiaty\u00f6paja pidettiin Lapin AMKin TEQU:lla. Ty\u00f6pajan tavoitteena oli auttaa lumiteeman toimijoita hahmottamaan, miten kilpailu kyseisell\u00e4 toimialalla muodostuu ja mink\u00e4laisia strategisen erottautumisen keinoja Rovaniemen alueen toimijoiden kannattaisi tehd\u00e4, jotta tuotetaan uutta ja kest\u00e4v\u00e4\u00e4 kilpailuetua pitk\u00e4ll\u00e4 aikaj\u00e4nteell\u00e4. P\u00e4\u00e4set katsomaan lumistrategiaraporttia alla olevaa banneria klikkaamalla:<\/p>\n<p><a href=\"https:\/\/blogi.eoppimispalvelut.fi\/arktinenlumi\/files\/2021\/10\/Lumistrategiatyopajaraportti_5.10.2021-Pakattu-1.pdf\"><img loading=\"lazy\" decoding=\"async\" class=\"alignnone wp-image-107\" src=\"https:\/\/blogi.eoppimispalvelut.fi\/arktinenlumi\/files\/2022\/01\/Lumityopaja-banneri-300x66.png\" alt=\"Linkki strategiaty\u00f6pajan raporttiin\" width=\"641\" height=\"141\" srcset=\"https:\/\/blogi.eoppimispalvelut.fi\/arktinenlumi\/files\/2022\/01\/Lumityopaja-banneri-300x66.png 300w, https:\/\/blogi.eoppimispalvelut.fi\/arktinenlumi\/files\/2022\/01\/Lumityopaja-banneri-1024x225.png 1024w, https:\/\/blogi.eoppimispalvelut.fi\/arktinenlumi\/files\/2022\/01\/Lumityopaja-banneri-768x168.png 768w, https:\/\/blogi.eoppimispalvelut.fi\/arktinenlumi\/files\/2022\/01\/Lumityopaja-banneri.png 1372w\" sizes=\"auto, (max-width: 641px) 100vw, 641px\" \/><\/a><\/p>\n<p>&nbsp;<\/p>\n<p><strong>Lumen tuotannon ohjej\u00e4rjestelm\u00e4<\/strong><\/p>\n<p>Ohjej\u00e4rjestelm\u00e4n tavoitteena on tarjota matalan kynnyksen arviointity\u00f6kalu kaikensuuruisille lumens\u00e4il\u00f6nt\u00e4projekteille ja yksinkertaistaa lumen tuotantoon ja s\u00e4il\u00f6nt\u00e4\u00e4n liittyvien m\u00e4\u00e4rien laskenta. J\u00e4rjestelm\u00e4 tarjoaa mahdollisuuden laskea eri lumirakenteiden tilavuuksia, ja arvioida kuinka paljon lunta t\u00e4ytyy tuottaa s\u00e4il\u00f6tt\u00e4v\u00e4ksi, jotta lunta on viel\u00e4 s\u00e4il\u00f6nt\u00e4kaudenkin j\u00e4lkeen riitt\u00e4v\u00e4sti k\u00e4ytt\u00e4j\u00e4n m\u00e4\u00e4rittelemien rakenteiden valmistamiseksi.My\u00f6s lumen tuotantoon, s\u00e4il\u00f6nt\u00e4\u00e4n ja logistiikkaan liittyvien kustannusten arviointi on mahdollista samassa k\u00e4ytt\u00f6liittym\u00e4ss\u00e4. Ensimm\u00e4isen version l\u00f6yd\u00e4t <strong><a href=\"https:\/\/lucit-my.sharepoint.com\/:x:\/g\/personal\/niko_pernu_lapinamk_fi\/EQm05y2ZXNtNhhDzTYn6wPAB3gHyjBmq0kdWZ-Ng_myR7g?e=b9Yr4H\">t\u00e4st\u00e4 linkist\u00e4! <\/a><\/strong>Osa selaimista ei tue kaikkia toimintoja, jonka vuoksi suosittelemme lataamaan tiedoston tietokoneelle.<\/p>\n","protected":false},"excerpt":{"rendered":"<p>Hankkeen tulokset ty\u00f6pakettien perusteella: 1. Tiedonkeruu-toimenpiteet ja jalkautuminen yrityksiin. N\u00e4k\u00f6kulma, energiatehokas ja taloudellisesti tehokas arktinen lumi, Tulos: Muodostetaan ekologisen lumen verkosto yhteisty\u00f6alueiden ja alan yritysten kanssa (ELV) sek\u00e4 ker\u00e4t\u00e4\u00e4n tietoa asiaan liittyen. 2. Kest\u00e4v\u00e4n ja taloudellisen arktisen lumiosaamisen tekniset innovaatiot ja palvelujen konseptointi; Pilottitoimenpiteet, Tulos: Toteutetaan pilotit ja luodaan niihin uusia teemaan liittyvi\u00e4 palvelukonsepteja 3. [&hellip;]<\/p>\n","protected":false},"author":31,"featured_media":0,"parent":0,"menu_order":0,"comment_status":"closed","ping_status":"closed","template":"","meta":{"footnotes":""},"class_list":["post-11","page","type-page","status-publish","hentry"],"_links":{"self":[{"href":"https:\/\/blogi.eoppimispalvelut.fi\/arktinenlumi\/wp-json\/wp\/v2\/pages\/11","targetHints":{"allow":["GET"]}}],"collection":[{"href":"https:\/\/blogi.eoppimispalvelut.fi\/arktinenlumi\/wp-json\/wp\/v2\/pages"}],"about":[{"href":"https:\/\/blogi.eoppimispalvelut.fi\/arktinenlumi\/wp-json\/wp\/v2\/types\/page"}],"author":[{"embeddable":true,"href":"https:\/\/blogi.eoppimispalvelut.fi\/arktinenlumi\/wp-json\/wp\/v2\/users\/31"}],"replies":[{"embeddable":true,"href":"https:\/\/blogi.eoppimispalvelut.fi\/arktinenlumi\/wp-json\/wp\/v2\/comments?post=11"}],"version-history":[{"count":6,"href":"https:\/\/blogi.eoppimispalvelut.fi\/arktinenlumi\/wp-json\/wp\/v2\/pages\/11\/revisions"}],"predecessor-version":[{"id":108,"href":"https:\/\/blogi.eoppimispalvelut.fi\/arktinenlumi\/wp-json\/wp\/v2\/pages\/11\/revisions\/108"}],"wp:attachment":[{"href":"https:\/\/blogi.eoppimispalvelut.fi\/arktinenlumi\/wp-json\/wp\/v2\/media?parent=11"}],"curies":[{"name":"wp","href":"https:\/\/api.w.org\/{rel}","templated":true}]}}