{"id":5,"date":"2019-10-30T09:46:17","date_gmt":"2019-10-30T07:46:17","guid":{"rendered":"https:\/\/blogi.eoppimispalvelut.fi\/arktinenlumi\/?page_id=5"},"modified":"2020-03-18T14:11:41","modified_gmt":"2020-03-18T12:11:41","slug":"projekti","status":"publish","type":"page","link":"https:\/\/blogi.eoppimispalvelut.fi\/arktinenlumi\/","title":{"rendered":"Energiatehokas Arktinen Lumi"},"content":{"rendered":"<p><img loading=\"lazy\" decoding=\"async\" class=\"alignnone size-full wp-image-22\" src=\"https:\/\/blogi.eoppimispalvelut.fi\/arktinenlumi\/files\/2019\/10\/2_denys-nevozhai-duo-xV0TU7s-unsplash.jpg\" alt=\"\" width=\"1200\" height=\"800\" srcset=\"https:\/\/blogi.eoppimispalvelut.fi\/arktinenlumi\/files\/2019\/10\/2_denys-nevozhai-duo-xV0TU7s-unsplash.jpg 1200w, https:\/\/blogi.eoppimispalvelut.fi\/arktinenlumi\/files\/2019\/10\/2_denys-nevozhai-duo-xV0TU7s-unsplash-300x200.jpg 300w, https:\/\/blogi.eoppimispalvelut.fi\/arktinenlumi\/files\/2019\/10\/2_denys-nevozhai-duo-xV0TU7s-unsplash-768x512.jpg 768w, https:\/\/blogi.eoppimispalvelut.fi\/arktinenlumi\/files\/2019\/10\/2_denys-nevozhai-duo-xV0TU7s-unsplash-1024x683.jpg 1024w\" sizes=\"auto, (max-width: 1200px) 100vw, 1200px\" \/><\/p>\n<p>Energiatehokas Arktinen Lumi -hankkeessa <span style=\"font-size: medium\">Energiatehokas arktinen lumi \u2013hankkeessa ker\u00e4t\u00e4\u00e4n tietoa Ounasvaaran alueen mahdollisuuksista ja ennakoidaan tulevaa mm. talvilajien ja lumen ja j\u00e4\u00e4n osaamisen lis\u00e4\u00e4miseksi. Hankkeessa vastataan ennakoivasti<br \/>\nlumettomiin syksyihin. <\/span><\/p>\n<p><span style=\"font-size: medium\">Hankkeessa selvitet\u00e4\u00e4n yhteisty\u00f6ss\u00e4 alan yritysten kanssa Ounasvaaran mahdollisuuksia talvilajien, lumi- ja j\u00e4\u00e4rakentamisen sek\u00e4 urheilun ja liikunnan n\u00e4k\u00f6kulmasta. Teeman kansainv\u00e4linen potentiaali on suuri, ja hanke t\u00e4ht\u00e4\u00e4 liikunta-alan vahvistamiseen my\u00f6s kansainv\u00e4lisiss\u00e4 kumppanuuksissa. Hanke tuottaa parempaa arktista olosuhdeosaamista ja verkostoi alan yrityksi\u00e4.<\/span><\/p>\n<p>Hankkeen kustannusarvio on 434 100 euroa, josta Euroopan aluekehitysrahaston osuus on 80 % eli 347 280 euroa.<\/p>\n<p>Seuraa meit\u00e4 Facebookissa: <a href=\"http:\/\/www.facebook.com\/arktinenlumi\">www.facebook.com\/arktinenlumi<\/a><\/p>\n<p>Lis\u00e4tietoja, Niko Niemisalo, projektip\u00e4\u00e4llikk\u00f6, niko.niemisalo(a)lapinamk.fi<\/p>\n","protected":false},"excerpt":{"rendered":"<p>Energiatehokas Arktinen Lumi -hankkeessa Energiatehokas arktinen lumi \u2013hankkeessa ker\u00e4t\u00e4\u00e4n tietoa Ounasvaaran alueen mahdollisuuksista ja ennakoidaan tulevaa mm. talvilajien ja lumen ja j\u00e4\u00e4n osaamisen lis\u00e4\u00e4miseksi. Hankkeessa vastataan ennakoivasti lumettomiin syksyihin. Hankkeessa selvitet\u00e4\u00e4n yhteisty\u00f6ss\u00e4 alan yritysten kanssa Ounasvaaran mahdollisuuksia talvilajien, lumi- ja j\u00e4\u00e4rakentamisen sek\u00e4 urheilun ja liikunnan n\u00e4k\u00f6kulmasta. Teeman kansainv\u00e4linen potentiaali on suuri, ja hanke t\u00e4ht\u00e4\u00e4 liikunta-alan [&hellip;]<\/p>\n","protected":false},"author":31,"featured_media":0,"parent":0,"menu_order":0,"comment_status":"closed","ping_status":"closed","template":"","meta":{"footnotes":""},"class_list":["post-5","page","type-page","status-publish","hentry"],"_links":{"self":[{"href":"https:\/\/blogi.eoppimispalvelut.fi\/arktinenlumi\/wp-json\/wp\/v2\/pages\/5","targetHints":{"allow":["GET"]}}],"collection":[{"href":"https:\/\/blogi.eoppimispalvelut.fi\/arktinenlumi\/wp-json\/wp\/v2\/pages"}],"about":[{"href":"https:\/\/blogi.eoppimispalvelut.fi\/arktinenlumi\/wp-json\/wp\/v2\/types\/page"}],"author":[{"embeddable":true,"href":"https:\/\/blogi.eoppimispalvelut.fi\/arktinenlumi\/wp-json\/wp\/v2\/users\/31"}],"replies":[{"embeddable":true,"href":"https:\/\/blogi.eoppimispalvelut.fi\/arktinenlumi\/wp-json\/wp\/v2\/comments?post=5"}],"version-history":[{"count":13,"href":"https:\/\/blogi.eoppimispalvelut.fi\/arktinenlumi\/wp-json\/wp\/v2\/pages\/5\/revisions"}],"predecessor-version":[{"id":35,"href":"https:\/\/blogi.eoppimispalvelut.fi\/arktinenlumi\/wp-json\/wp\/v2\/pages\/5\/revisions\/35"}],"wp:attachment":[{"href":"https:\/\/blogi.eoppimispalvelut.fi\/arktinenlumi\/wp-json\/wp\/v2\/media?parent=5"}],"curies":[{"name":"wp","href":"https:\/\/api.w.org\/{rel}","templated":true}]}}