{"id":75,"date":"2021-03-22T13:37:29","date_gmt":"2021-03-22T11:37:29","guid":{"rendered":"https:\/\/blogi.eoppimispalvelut.fi\/arktinenlumi\/?page_id=75"},"modified":"2022-09-21T14:05:13","modified_gmt":"2022-09-21T11:05:13","slug":"videot-ja-striimaukset","status":"publish","type":"page","link":"https:\/\/blogi.eoppimispalvelut.fi\/arktinenlumi\/videot-ja-striimaukset\/","title":{"rendered":"Videot ja striimaukset"},"content":{"rendered":"<p>Hankkeen aktiviteetteihin liittyen kotisivuillemme ja YouTube-kanavallemme striimataan Snowemberin, eli ensilumen teemakuukauden tapahtumia ja talvilajeihin liittyvi\u00e4 koulutuksia! Lis\u00e4ksi kanavaltamme l\u00f6ytyy tietoa muun muassa Ounasvaaran talviharrastusmahdollisuuksista.<\/p>\n<p><a href=\"https:\/\/www.youtube.com\/channel\/UCMNgcUajmm4gwNu_b4n3QXg\">Klikkaa itsesi YouTube-kanavalle t\u00e4st\u00e4!<\/a><\/p>\n<p><a href=\"https:\/\/kepit.tv\/#\/c\/kepit\/e\/SYN6MOHAJA\">Konttisen Kisat 20.3.2022<\/a><\/p>\n<p><a href=\"https:\/\/kepit.tv\/#\/c\/Arktinen%20Lumi\/e\/N6ROJATYK5\">Pirjon Sprintti 27.3.2022<\/a><\/p>\n","protected":false},"excerpt":{"rendered":"<p>Hankkeen aktiviteetteihin liittyen kotisivuillemme ja YouTube-kanavallemme striimataan Snowemberin, eli ensilumen teemakuukauden tapahtumia ja talvilajeihin liittyvi\u00e4 koulutuksia! Lis\u00e4ksi kanavaltamme l\u00f6ytyy tietoa muun muassa Ounasvaaran talviharrastusmahdollisuuksista. Klikkaa itsesi YouTube-kanavalle t\u00e4st\u00e4! Konttisen Kisat 20.3.2022 Pirjon Sprintti 27.3.2022<\/p>\n","protected":false},"author":1610,"featured_media":0,"parent":0,"menu_order":0,"comment_status":"closed","ping_status":"closed","template":"","meta":{"footnotes":""},"class_list":["post-75","page","type-page","status-publish","hentry"],"_links":{"self":[{"href":"https:\/\/blogi.eoppimispalvelut.fi\/arktinenlumi\/wp-json\/wp\/v2\/pages\/75","targetHints":{"allow":["GET"]}}],"collection":[{"href":"https:\/\/blogi.eoppimispalvelut.fi\/arktinenlumi\/wp-json\/wp\/v2\/pages"}],"about":[{"href":"https:\/\/blogi.eoppimispalvelut.fi\/arktinenlumi\/wp-json\/wp\/v2\/types\/page"}],"author":[{"embeddable":true,"href":"https:\/\/blogi.eoppimispalvelut.fi\/arktinenlumi\/wp-json\/wp\/v2\/users\/1610"}],"replies":[{"embeddable":true,"href":"https:\/\/blogi.eoppimispalvelut.fi\/arktinenlumi\/wp-json\/wp\/v2\/comments?post=75"}],"version-history":[{"count":5,"href":"https:\/\/blogi.eoppimispalvelut.fi\/arktinenlumi\/wp-json\/wp\/v2\/pages\/75\/revisions"}],"predecessor-version":[{"id":115,"href":"https:\/\/blogi.eoppimispalvelut.fi\/arktinenlumi\/wp-json\/wp\/v2\/pages\/75\/revisions\/115"}],"wp:attachment":[{"href":"https:\/\/blogi.eoppimispalvelut.fi\/arktinenlumi\/wp-json\/wp\/v2\/media?parent=75"}],"curies":[{"name":"wp","href":"https:\/\/api.w.org\/{rel}","templated":true}]}}