{"id":9,"date":"2019-10-30T09:47:19","date_gmt":"2019-10-30T07:47:19","guid":{"rendered":"https:\/\/blogi.eoppimispalvelut.fi\/arktinenlumi\/?page_id=9"},"modified":"2021-12-01T12:48:17","modified_gmt":"2021-12-01T10:48:17","slug":"aktiviteetit","status":"publish","type":"page","link":"https:\/\/blogi.eoppimispalvelut.fi\/arktinenlumi\/aktiviteetit\/","title":{"rendered":"Aktiviteetit"},"content":{"rendered":"<p><strong>Hankkeen toimenpiteet ovat:<\/strong><\/p>\n<p><span style=\"font-size: medium\">1. Tiedonkeruu-toimenpiteet ja jalkautuminen yrityksiin. N\u00e4k\u00f6kulma, energiatehokas ja taloudellisesti tehokas arktinen lumi, Tulos: Muodostetaan ekologisen lumen verkosto yhteisty\u00f6alueiden ja alan yritysten kanssa (ELV) sek\u00e4 ker\u00e4t\u00e4\u00e4n tietoa asiaan liittyen.<\/span><\/p>\n<p><span style=\"font-size: medium\">2. Kest\u00e4v\u00e4n ja taloudellisen arktisen lumiosaamisen tekniset innovaatiot ja palvelujen konseptointi; Pilottitoimenpiteet (3 konkreettista pilottia Ounasvaaran ja kest\u00e4v\u00e4n Arktisen lumiosaamisen kehitt\u00e4miseksi, suunnittelu ja toteutus yhteisty\u00f6ss\u00e4 alueen yritysten kanssa), Tulos: Toteutetaan pilotit ja luodaan niihin uusia teemaan liittyvi\u00e4<br \/>\npalvelukonsepteja<\/span><\/p>\n<p><span style=\"font-size: medium\">3. Ekologisen lumen verkoston rakentaminen (ELV)<\/span><\/p>\n<p><span style=\"font-size: medium\">4. Tiedotus ja viestint\u00e4toimet<\/span><\/p>\n<p><span style=\"font-size: medium\">5. Hankehallinnointi<\/span><\/p>\n","protected":false},"excerpt":{"rendered":"<p>Hankkeen toimenpiteet ovat: 1. Tiedonkeruu-toimenpiteet ja jalkautuminen yrityksiin. N\u00e4k\u00f6kulma, energiatehokas ja taloudellisesti tehokas arktinen lumi, Tulos: Muodostetaan ekologisen lumen verkosto yhteisty\u00f6alueiden ja alan yritysten kanssa (ELV) sek\u00e4 ker\u00e4t\u00e4\u00e4n tietoa asiaan liittyen. 2. Kest\u00e4v\u00e4n ja taloudellisen arktisen lumiosaamisen tekniset innovaatiot ja palvelujen konseptointi; Pilottitoimenpiteet (3 konkreettista pilottia Ounasvaaran ja kest\u00e4v\u00e4n Arktisen lumiosaamisen kehitt\u00e4miseksi, suunnittelu ja toteutus [&hellip;]<\/p>\n","protected":false},"author":31,"featured_media":0,"parent":0,"menu_order":0,"comment_status":"closed","ping_status":"closed","template":"","meta":{"footnotes":""},"class_list":["post-9","page","type-page","status-publish","hentry"],"_links":{"self":[{"href":"https:\/\/blogi.eoppimispalvelut.fi\/arktinenlumi\/wp-json\/wp\/v2\/pages\/9","targetHints":{"allow":["GET"]}}],"collection":[{"href":"https:\/\/blogi.eoppimispalvelut.fi\/arktinenlumi\/wp-json\/wp\/v2\/pages"}],"about":[{"href":"https:\/\/blogi.eoppimispalvelut.fi\/arktinenlumi\/wp-json\/wp\/v2\/types\/page"}],"author":[{"embeddable":true,"href":"https:\/\/blogi.eoppimispalvelut.fi\/arktinenlumi\/wp-json\/wp\/v2\/users\/31"}],"replies":[{"embeddable":true,"href":"https:\/\/blogi.eoppimispalvelut.fi\/arktinenlumi\/wp-json\/wp\/v2\/comments?post=9"}],"version-history":[{"count":9,"href":"https:\/\/blogi.eoppimispalvelut.fi\/arktinenlumi\/wp-json\/wp\/v2\/pages\/9\/revisions"}],"predecessor-version":[{"id":103,"href":"https:\/\/blogi.eoppimispalvelut.fi\/arktinenlumi\/wp-json\/wp\/v2\/pages\/9\/revisions\/103"}],"wp:attachment":[{"href":"https:\/\/blogi.eoppimispalvelut.fi\/arktinenlumi\/wp-json\/wp\/v2\/media?parent=9"}],"curies":[{"name":"wp","href":"https:\/\/api.w.org\/{rel}","templated":true}]}}