{"id":6,"date":"2024-01-31T11:45:40","date_gmt":"2024-01-31T11:45:40","guid":{"rendered":"https:\/\/blogi.eoppimispalvelut.fi\/arwosolutions\/?page_id=6"},"modified":"2024-02-28T13:47:43","modified_gmt":"2024-02-28T13:47:43","slug":"tuotteet","status":"publish","type":"page","link":"https:\/\/blogi.eoppimispalvelut.fi\/arwosolutions\/tuotteet\/","title":{"rendered":"Palvelut"},"content":{"rendered":"\n<div class=\"wp-block-media-text is-stacked-on-mobile\" style=\"grid-template-columns:32% auto\"><figure class=\"wp-block-media-text__media\"><img loading=\"lazy\" decoding=\"async\" width=\"640\" height=\"360\" src=\"https:\/\/blogi.eoppimispalvelut.fi\/arwosolutions\/files\/2024\/02\/back-pain-6949392_640.jpg\" alt=\"\" class=\"wp-image-112 size-full\" \/><\/figure><div class=\"wp-block-media-text__content\">\n<p><strong>Ty\u00f6ergonomia kartoitus<\/strong><\/p>\n\n\n\n<p><strong>Hinta 1349\u20ac<\/strong> sis.alvin<\/p>\n\n\n\n<p>Ty\u00f6ergonomia kartoituksessa kartoitetaan koko ty\u00f6ymp\u00e4rist\u00f6, ty\u00f6piste, ty\u00f6skentely asennot sek\u00e4 laitteiden ja kalusteiden sijoittelu. Kartoituksen perusteella laaditaan ergonomiaindeksi, jonka avulla ty\u00f6nantaja tai tiiminvet\u00e4j\u00e4 saa k\u00e4sityksen koko ty\u00f6yhteis\u00f6n ty\u00f6ergonomiasta.<\/p>\n<\/div><\/div>\n\n\n\n<p><\/p>\n\n\n\n<p><\/p>\n\n\n\n<div class=\"wp-block-media-text is-stacked-on-mobile\" style=\"grid-template-columns:32% auto\"><figure class=\"wp-block-media-text__media\"><img loading=\"lazy\" decoding=\"async\" width=\"640\" height=\"480\" src=\"https:\/\/blogi.eoppimispalvelut.fi\/arwosolutions\/files\/2024\/02\/forest-110900_640.jpg\" alt=\"\" class=\"wp-image-113 size-full\" \/><\/figure><div class=\"wp-block-media-text__content\">\n<p><strong>Voimaa arjen keskelle<\/strong> <\/p>\n\n\n\n<p><strong>Hinta 2500\u20ac\/kk<\/strong> sis.alvin<\/p>\n\n\n\n<p>Palveluun kuuluu vertaistuki henkil\u00f6st\u00f6lle, ty\u00f6uupumuksen ennalta ehk\u00e4iseminen ja ty\u00f6ss\u00e4jaksaminen. Meill\u00e4 on tarjota teille ammatillista ja kokemuspohjaista tukea ty\u00f6uupumukseen ja ty\u00f6ss\u00e4 jaksamiseen. T\u00e4m\u00e4 on tarkoitettu kaikille ty\u00f6ntekij\u00f6ille, jotka kokevat uupumusta ty\u00f6ss\u00e4\u00e4n tai on palaamassa t\u00f6ihin uupumuksen j\u00e4lkeen. Tavoitteena on l\u00f6yt\u00e4\u00e4 voimavaroja toipua ja selvit\u00e4 haastavasta tilanteesta.<\/p>\n<\/div><\/div>\n\n\n\n<div class=\"wp-block-media-text is-stacked-on-mobile\" style=\"grid-template-columns:32% auto\"><figure class=\"wp-block-media-text__media\"><img loading=\"lazy\" decoding=\"async\" width=\"612\" height=\"408\" src=\"https:\/\/blogi.eoppimispalvelut.fi\/arwosolutions\/files\/2024\/02\/tyopaiva-2.jpg\" alt=\"\" class=\"wp-image-155 size-full\" \/><\/figure><div class=\"wp-block-media-text__content\">\n<p><strong>Rento ja tehokas ty\u00f6p\u00e4iv\u00e4 &#8211; et\u00e4hyvinvointikurssi<\/strong><\/p>\n\n\n\n<p><strong> Kurssin hinta 1990e\/kk<\/strong>\/ <strong>3kk sopimus<\/strong> sis.alvin<\/p>\n\n\n\n<p>RAKENNE: &nbsp;4 et\u00e4tapaamista kuukaudessa, 1h\/kerta, viikon v\u00e4lein. Paketti on&nbsp;kolmen kuukauden mittainen, johon kuuluu 3 kokonaisuutta. &nbsp;Kouluttajamme k\u00e4y l\u00e4pi tapaamisten aikana ty\u00f6ss\u00e4 jaksamiseen ja jokaisen omaan hyvinvointiin liittyvi\u00e4 teemoja. Ty\u00f6ntekij\u00e4t p\u00e4\u00e4sev\u00e4t osallistumaan&nbsp;zoom-yhteydell\u00e4 omasta kodistaan. N\u00e4m\u00e4 my\u00f6s nauhoitetaan, jotta kaikki voivat omalla ajalla p\u00e4\u00e4st\u00e4 ne katsomaan. &nbsp;<\/p>\n\n\n\n<p>TEEMOJA: &nbsp;rentoutuminen ja kehonhuolto, henkinen hyvinvointi, palautuminen ja vireystila, liikkuminen, kehollinen hyvinvointi, henkinen ja sosiaalinen hyvinvointi ja sen edist\u00e4minen.&nbsp;<\/p>\n<\/div><\/div>\n\n\n\n<p><\/p>\n\n\n\n<div class=\"wp-block-media-text is-stacked-on-mobile\" style=\"grid-template-columns:32% auto\"><figure class=\"wp-block-media-text__media\"><img loading=\"lazy\" decoding=\"async\" width=\"275\" height=\"183\" src=\"https:\/\/blogi.eoppimispalvelut.fi\/arwosolutions\/files\/2024\/02\/thumbnail_kahvi.jpg\" alt=\"\" class=\"wp-image-152 size-full\" \/><\/figure><div class=\"wp-block-media-text__content\">\n<p><strong>Terveellinen ja virkist\u00e4v\u00e4 kahvihuonepaketti<\/strong> sis.alvin<\/p>\n\n\n\n<p>Hinta: <br>40\u20ac\/viikko Mitoitettu 5 hengelle<br>70\u20ac\/viikko Mitoitettu 10 hengelle<\/p>\n<\/div><\/div>\n\n\n\n<div class=\"wp-block-media-text is-stacked-on-mobile\" style=\"grid-template-columns:32% auto\"><figure class=\"wp-block-media-text__media\"><img loading=\"lazy\" decoding=\"async\" width=\"612\" height=\"408\" src=\"https:\/\/blogi.eoppimispalvelut.fi\/arwosolutions\/files\/2024\/02\/johtaja-1.jpg\" alt=\"\" class=\"wp-image-157 size-full\" \/><\/figure><div class=\"wp-block-media-text__content\">\n<p><strong>Esihenkil\u00f6ty\u00f6n kehitt\u00e4minen<\/strong> <\/p>\n\n\n\n<p><strong>Hinta 1990\u20ac\/kurssi\/hl\u00f6 sis. henkil\u00f6kohtaista valmennusta<\/strong> sis. alvin<\/p>\n\n\n\n<p>Esihenkil\u00f6ksi kasvetaan!<\/p>\n\n\n\n<p>Itsens\u00e4 johtaminen on avain laadukkaaseen esihenkil\u00f6ty\u00f6h\u00f6n. Uudet sukupolvet ja uudet osaamiset edellytt\u00e4v\u00e4t monipuolisia johtamistaitoja. Itsens\u00e4 tuntemus ja yhteisty\u00f6taidot erilaisten sidosryhmien kanssa ovat korostuneet kansainv\u00e4listyneess\u00e4 maailmassa. Esihenkil\u00f6ty\u00f6n kehitt\u00e4minen on keskeist\u00e4. T\u00e4m\u00e4 valmennus antaa avaimet menestyv\u00e4lle yritykselle. Kurssi on kuukauden mittainen. <\/p>\n<\/div><\/div>\n","protected":false},"excerpt":{"rendered":"<p>Ty\u00f6ergonomia kartoitus Hinta 1349\u20ac sis.alvin Ty\u00f6ergonomia kartoituksessa kartoitetaan koko ty\u00f6ymp\u00e4rist\u00f6, ty\u00f6piste, ty\u00f6skentely asennot sek\u00e4 laitteiden ja kalusteiden sijoittelu. Kartoituksen perusteella [&hellip;]<\/p>\n","protected":false},"author":42956,"featured_media":0,"parent":0,"menu_order":0,"comment_status":"closed","ping_status":"closed","template":"","meta":{"site-sidebar-layout":"default","site-content-layout":"","ast-site-content-layout":"default","site-content-style":"default","site-sidebar-style":"default","ast-global-header-display":"","ast-banner-title-visibility":"","ast-main-header-display":"","ast-hfb-above-header-display":"","ast-hfb-below-header-display":"","ast-hfb-mobile-header-display":"","site-post-title":"","ast-breadcrumbs-content":"","ast-featured-img":"","footer-sml-layout":"","ast-disable-related-posts":"","theme-transparent-header-meta":"","adv-header-id-meta":"","stick-header-meta":"","header-above-stick-meta":"","header-main-stick-meta":"","header-below-stick-meta":"","astra-migrate-meta-layouts":"default","ast-page-background-enabled":"default","ast-page-background-meta":{"desktop":{"background-color":"var(--ast-global-color-4)","background-image":"","background-repeat":"repeat","background-position":"center center","background-size":"auto","background-attachment":"scroll","background-type":"","background-media":"","overlay-type":"","overlay-color":"","overlay-opacity":"","overlay-gradient":""},"tablet":{"background-color":"","background-image":"","background-repeat":"repeat","background-position":"center center","background-size":"auto","background-attachment":"scroll","background-type":"","background-media":"","overlay-type":"","overlay-color":"","overlay-opacity":"","overlay-gradient":""},"mobile":{"background-color":"","background-image":"","background-repeat":"repeat","background-position":"center center","background-size":"auto","background-attachment":"scroll","background-type":"","background-media":"","overlay-type":"","overlay-color":"","overlay-opacity":"","overlay-gradient":""}},"ast-content-background-meta":{"desktop":{"background-color":"var(--ast-global-color-5)","background-image":"","background-repeat":"repeat","background-position":"center center","background-size":"auto","background-attachment":"scroll","background-type":"","background-media":"","overlay-type":"","overlay-color":"","overlay-opacity":"","overlay-gradient":""},"tablet":{"background-color":"var(--ast-global-color-5)","background-image":"","background-repeat":"repeat","background-position":"center center","background-size":"auto","background-attachment":"scroll","background-type":"","background-media":"","overlay-type":"","overlay-color":"","overlay-opacity":"","overlay-gradient":""},"mobile":{"background-color":"var(--ast-global-color-5)","background-image":"","background-repeat":"repeat","background-position":"center center","background-size":"auto","background-attachment":"scroll","background-type":"","background-media":"","overlay-type":"","overlay-color":"","overlay-opacity":"","overlay-gradient":""}},"footnotes":""},"class_list":["post-6","page","type-page","status-publish","hentry"],"_links":{"self":[{"href":"https:\/\/blogi.eoppimispalvelut.fi\/arwosolutions\/wp-json\/wp\/v2\/pages\/6","targetHints":{"allow":["GET"]}}],"collection":[{"href":"https:\/\/blogi.eoppimispalvelut.fi\/arwosolutions\/wp-json\/wp\/v2\/pages"}],"about":[{"href":"https:\/\/blogi.eoppimispalvelut.fi\/arwosolutions\/wp-json\/wp\/v2\/types\/page"}],"author":[{"embeddable":true,"href":"https:\/\/blogi.eoppimispalvelut.fi\/arwosolutions\/wp-json\/wp\/v2\/users\/42956"}],"replies":[{"embeddable":true,"href":"https:\/\/blogi.eoppimispalvelut.fi\/arwosolutions\/wp-json\/wp\/v2\/comments?post=6"}],"version-history":[{"count":10,"href":"https:\/\/blogi.eoppimispalvelut.fi\/arwosolutions\/wp-json\/wp\/v2\/pages\/6\/revisions"}],"predecessor-version":[{"id":168,"href":"https:\/\/blogi.eoppimispalvelut.fi\/arwosolutions\/wp-json\/wp\/v2\/pages\/6\/revisions\/168"}],"wp:attachment":[{"href":"https:\/\/blogi.eoppimispalvelut.fi\/arwosolutions\/wp-json\/wp\/v2\/media?parent=6"}],"curies":[{"name":"wp","href":"https:\/\/api.w.org\/{rel}","templated":true}]}}