{"id":75,"date":"2024-02-07T08:50:16","date_gmt":"2024-02-07T08:50:16","guid":{"rendered":"https:\/\/blogi.eoppimispalvelut.fi\/arwosolutions\/?page_id=75"},"modified":"2024-02-07T15:01:24","modified_gmt":"2024-02-07T15:01:24","slug":"kotisivut","status":"publish","type":"page","link":"https:\/\/blogi.eoppimispalvelut.fi\/arwosolutions\/","title":{"rendered":"Etusivu"},"content":{"rendered":"\n<p class=\"has-text-align-left\"><strong>&#8221;Vahva ty\u00f6hyvinvointi, menestyv\u00e4 yritys&#8221;<\/strong><\/p>\n\n\n\n<div class=\"wp-block-media-text is-stacked-on-mobile\"><figure class=\"wp-block-media-text__media\"><img loading=\"lazy\" decoding=\"async\" width=\"640\" height=\"427\" src=\"https:\/\/blogi.eoppimispalvelut.fi\/arwosolutions\/files\/2024\/02\/mental-health-2019924_640-1.jpg\" alt=\"\" class=\"wp-image-102 size-full\" \/><\/figure><div class=\"wp-block-media-text__content\">\n<p>Me Arwo Solutionilla olemme sitoutuneet edist\u00e4m\u00e4\u00e4n ty\u00f6hyvinvointia yrityksiss\u00e4 tarjoamalla monipuolisia ratkaisuja kuten, ergonomiapalveluita, henkil\u00f6st\u00f6koulutuksia, ty\u00f6uupumuksen tehokasta hoitoa ja ennaltaehk\u00e4isy\u00e4 sek\u00e4  muita konsultointi palveluita. Meilt\u00e4 l\u00f6yd\u00e4t my\u00f6s hyvinvointia tukevat tuotteet sek\u00e4 terveelliset, energisoivat ja maistuvat v\u00e4lipalat suoraan ty\u00f6paikallenne toimitettuna.<\/p>\n\n\n\n<p>Tavoitteenamme on luoda ty\u00f6ymp\u00e4rist\u00f6, jossa jokainen ty\u00f6ntekij\u00e4 voi kukoistaa ja saavuttaa parhaan mahdollisen suorituskyvyn. Ota yhteytt\u00e4 niin r\u00e4\u00e4t\u00e4l\u00f6imme teid\u00e4n tarpeisiin sopivan kokonaisuuden!<\/p>\n<\/div><\/div>\n","protected":false},"excerpt":{"rendered":"<p>&#8221;Vahva ty\u00f6hyvinvointi, menestyv\u00e4 yritys&#8221; Me Arwo Solutionilla olemme sitoutuneet edist\u00e4m\u00e4\u00e4n ty\u00f6hyvinvointia yrityksiss\u00e4 tarjoamalla monipuolisia ratkaisuja kuten, ergonomiapalveluita, henkil\u00f6st\u00f6koulutuksia, ty\u00f6uupumuksen tehokasta [&hellip;]<\/p>\n","protected":false},"author":42940,"featured_media":0,"parent":0,"menu_order":0,"comment_status":"closed","ping_status":"closed","template":"","meta":{"site-sidebar-layout":"default","site-content-layout":"","ast-site-content-layout":"default","site-content-style":"default","site-sidebar-style":"default","ast-global-header-display":"","ast-banner-title-visibility":"","ast-main-header-display":"","ast-hfb-above-header-display":"","ast-hfb-below-header-display":"","ast-hfb-mobile-header-display":"","site-post-title":"","ast-breadcrumbs-content":"","ast-featured-img":"","footer-sml-layout":"","ast-disable-related-posts":"","theme-transparent-header-meta":"","adv-header-id-meta":"","stick-header-meta":"","header-above-stick-meta":"","header-main-stick-meta":"","header-below-stick-meta":"","astra-migrate-meta-layouts":"default","ast-page-background-enabled":"default","ast-page-background-meta":{"desktop":{"background-color":"var(--ast-global-color-4)","background-image":"","background-repeat":"repeat","background-position":"center center","background-size":"auto","background-attachment":"scroll","background-type":"","background-media":"","overlay-type":"","overlay-color":"","overlay-opacity":"","overlay-gradient":""},"tablet":{"background-color":"","background-image":"","background-repeat":"repeat","background-position":"center center","background-size":"auto","background-attachment":"scroll","background-type":"","background-media":"","overlay-type":"","overlay-color":"","overlay-opacity":"","overlay-gradient":""},"mobile":{"background-color":"","background-image":"","background-repeat":"repeat","background-position":"center center","background-size":"auto","background-attachment":"scroll","background-type":"","background-media":"","overlay-type":"","overlay-color":"","overlay-opacity":"","overlay-gradient":""}},"ast-content-background-meta":{"desktop":{"background-color":"var(--ast-global-color-5)","background-image":"","background-repeat":"repeat","background-position":"center center","background-size":"auto","background-attachment":"scroll","background-type":"","background-media":"","overlay-type":"","overlay-color":"","overlay-opacity":"","overlay-gradient":""},"tablet":{"background-color":"var(--ast-global-color-5)","background-image":"","background-repeat":"repeat","background-position":"center center","background-size":"auto","background-attachment":"scroll","background-type":"","background-media":"","overlay-type":"","overlay-color":"","overlay-opacity":"","overlay-gradient":""},"mobile":{"background-color":"var(--ast-global-color-5)","background-image":"","background-repeat":"repeat","background-position":"center center","background-size":"auto","background-attachment":"scroll","background-type":"","background-media":"","overlay-type":"","overlay-color":"","overlay-opacity":"","overlay-gradient":""}},"footnotes":""},"class_list":["post-75","page","type-page","status-publish","hentry"],"_links":{"self":[{"href":"https:\/\/blogi.eoppimispalvelut.fi\/arwosolutions\/wp-json\/wp\/v2\/pages\/75","targetHints":{"allow":["GET"]}}],"collection":[{"href":"https:\/\/blogi.eoppimispalvelut.fi\/arwosolutions\/wp-json\/wp\/v2\/pages"}],"about":[{"href":"https:\/\/blogi.eoppimispalvelut.fi\/arwosolutions\/wp-json\/wp\/v2\/types\/page"}],"author":[{"embeddable":true,"href":"https:\/\/blogi.eoppimispalvelut.fi\/arwosolutions\/wp-json\/wp\/v2\/users\/42940"}],"replies":[{"embeddable":true,"href":"https:\/\/blogi.eoppimispalvelut.fi\/arwosolutions\/wp-json\/wp\/v2\/comments?post=75"}],"version-history":[{"count":6,"href":"https:\/\/blogi.eoppimispalvelut.fi\/arwosolutions\/wp-json\/wp\/v2\/pages\/75\/revisions"}],"predecessor-version":[{"id":110,"href":"https:\/\/blogi.eoppimispalvelut.fi\/arwosolutions\/wp-json\/wp\/v2\/pages\/75\/revisions\/110"}],"wp:attachment":[{"href":"https:\/\/blogi.eoppimispalvelut.fi\/arwosolutions\/wp-json\/wp\/v2\/media?parent=75"}],"curies":[{"name":"wp","href":"https:\/\/api.w.org\/{rel}","templated":true}]}}