{"id":8,"date":"2024-01-31T11:45:40","date_gmt":"2024-01-31T11:45:40","guid":{"rendered":"https:\/\/blogi.eoppimispalvelut.fi\/arwosolutions\/?page_id=8"},"modified":"2024-02-28T11:51:18","modified_gmt":"2024-02-28T11:51:18","slug":"palvelut","status":"publish","type":"page","link":"https:\/\/blogi.eoppimispalvelut.fi\/arwosolutions\/palvelut\/","title":{"rendered":"Tuotteet"},"content":{"rendered":"\n<h2 class=\"wp-block-heading\">Silver S\u00e4hk\u00f6py\u00f6r\u00e4<br>3600\u20ac<\/h2>\n\n\n\n<div class=\"wp-block-media-text is-stacked-on-mobile\" style=\"grid-template-columns:26% auto\"><figure class=\"wp-block-media-text__media\"><img loading=\"lazy\" decoding=\"async\" width=\"1024\" height=\"1024\" src=\"https:\/\/blogi.eoppimispalvelut.fi\/arwosolutions\/files\/2024\/02\/pyora-silver.png\" alt=\"\" class=\"wp-image-129 size-full\" srcset=\"https:\/\/blogi.eoppimispalvelut.fi\/arwosolutions\/files\/2024\/02\/pyora-silver.png 1024w, https:\/\/blogi.eoppimispalvelut.fi\/arwosolutions\/files\/2024\/02\/pyora-silver-900x900.png 900w, https:\/\/blogi.eoppimispalvelut.fi\/arwosolutions\/files\/2024\/02\/pyora-silver-120x120.png 120w, https:\/\/blogi.eoppimispalvelut.fi\/arwosolutions\/files\/2024\/02\/pyora-silver-768x768.png 768w\" sizes=\"auto, (max-width: 1024px) 100vw, 1024px\" \/><\/figure><div class=\"wp-block-media-text__content\">\n<p>Silver s\u00e4hk\u00f6py\u00f6r\u00e4 on hintalaatusuhteeltaan markkinoiden paras.<\/p>\n\n\n\n<p>Py\u00f6r\u00e4ss\u00e4 on 200 kilometrin kantamas\u00e4de ja 28&#8243; renkaat. N\u00e4iden ansiosta py\u00f6r\u00e4 sopii todella hyvin mm. ty\u00f6matka ajoon.<\/p>\n\n\n\n<p>Akun latausaika 8h<\/p>\n\n\n\n<p>Pakkaus sis\u00e4lt\u00e4\u00e4:<br>-Kyp\u00e4r\u00e4<br>-Etu- ja Takavalo<br>-Akun laturi<\/p>\n\n\n\n<p>(Hinta sis\u00e4lt\u00e4\u00e4 -alv)<\/p>\n<\/div><\/div>\n\n\n\n<p><\/p>\n\n\n\n<h2 class=\"wp-block-heading\">Platinum S\u00e4hk\u00f6py\u00f6r\u00e4<br>4990\u20ac<\/h2>\n\n\n\n<div class=\"wp-block-media-text is-stacked-on-mobile\" style=\"grid-template-columns:28% auto\"><figure class=\"wp-block-media-text__media\"><img loading=\"lazy\" decoding=\"async\" width=\"318\" height=\"159\" src=\"https:\/\/blogi.eoppimispalvelut.fi\/arwosolutions\/files\/2024\/02\/thumbnail_pyora-kallis.jpg\" alt=\"\" class=\"wp-image-132 size-full\" \/><\/figure><div class=\"wp-block-media-text__content\">\n<p>Platinum on markkinoiden johtava s\u00e4hk\u00f6py\u00f6r\u00e4<\/p>\n\n\n\n<p>Py\u00f6r\u00e4ss\u00e4 on 270 kilometrin kantamas\u00e4de ja 28&#8243; renkaat. N\u00e4iden ansiosta py\u00f6r\u00e4 sopii todella hyvin toiminnalliseen k\u00e4ytt\u00f6\u00f6n tai ty\u00f6matka ajoon<\/p>\n\n\n\n<p>Akun latausaika 6h<\/p>\n\n\n\n<p>Pakkaus sis\u00e4lt\u00e4\u00e4:<br>-Kyp\u00e4r\u00e4<br>-Etu- ja Takavalo<br>-Akun laturi<\/p>\n\n\n\n<p>(Hinta sis\u00e4lt\u00e4\u00e4 -alv)<\/p>\n<\/div><\/div>\n\n\n\n<h2 class=\"wp-block-heading\">Aktiivisuusranneke: PRO<br>480\u20ac<\/h2>\n\n\n\n<div class=\"wp-block-media-text is-stacked-on-mobile\" style=\"grid-template-columns:19% auto\"><figure class=\"wp-block-media-text__media\"><img loading=\"lazy\" decoding=\"async\" width=\"926\" height=\"1306\" src=\"https:\/\/blogi.eoppimispalvelut.fi\/arwosolutions\/files\/2024\/02\/thumbnail_Pro-aktiivisuusrannekke-ruusunkulta.jpg\" alt=\"\" class=\"wp-image-138 size-full\" srcset=\"https:\/\/blogi.eoppimispalvelut.fi\/arwosolutions\/files\/2024\/02\/thumbnail_Pro-aktiivisuusrannekke-ruusunkulta.jpg 926w, https:\/\/blogi.eoppimispalvelut.fi\/arwosolutions\/files\/2024\/02\/thumbnail_Pro-aktiivisuusrannekke-ruusunkulta-900x1269.jpg 900w, https:\/\/blogi.eoppimispalvelut.fi\/arwosolutions\/files\/2024\/02\/thumbnail_Pro-aktiivisuusrannekke-ruusunkulta-768x1083.jpg 768w\" sizes=\"auto, (max-width: 926px) 100vw, 926px\" \/><\/figure><div class=\"wp-block-media-text__content\">\n<p>PRO aktiivisuusranneke muuttaa tapasi ajatella terveydest\u00e4 ja hyvinvoinnista! T\u00e4m\u00e4 \u00e4lyk\u00e4s kumppani on suunniteltu auttamaan sinua saavuttamaan p\u00e4ivitt\u00e4iset liikunnalliset tavoitteesi ja parantamaan yleist\u00e4 terveytt\u00e4si.<\/p>\n\n\n\n<p>Ominaisuudet:<br>&#8211; Aktiivisuudenseuranta<br>&#8211; Sykkeen mittaus<br>&#8211; GPS-seuranta<br>&#8211; Jopa 5pv akunkesto<br>-\u00c4lykk\u00e4\u00e4t ilmoituksen<br>-Bluetooth<\/p>\n\n\n\n<p>Large (16 &#8211; 19,8 cm)<br>Medium (14 &#8211; 16 cm)<br>Small (12- 14 cm)<\/p>\n\n\n\n<p>(Hinta sis\u00e4lt\u00e4\u00e4 -alv)<\/p>\n<\/div><\/div>\n\n\n\n<h2 class=\"wp-block-heading\">Rannetuki<br>70\u20ac<\/h2>\n\n\n\n<div class=\"wp-block-media-text is-stacked-on-mobile\" style=\"grid-template-columns:25% auto\"><figure class=\"wp-block-media-text__media\"><img loading=\"lazy\" decoding=\"async\" width=\"324\" height=\"324\" src=\"https:\/\/blogi.eoppimispalvelut.fi\/arwosolutions\/files\/2024\/02\/thumbnail_rannetuki.png\" alt=\"\" class=\"wp-image-146 size-full\" srcset=\"https:\/\/blogi.eoppimispalvelut.fi\/arwosolutions\/files\/2024\/02\/thumbnail_rannetuki.png 324w, https:\/\/blogi.eoppimispalvelut.fi\/arwosolutions\/files\/2024\/02\/thumbnail_rannetuki-120x120.png 120w\" sizes=\"auto, (max-width: 324px) 100vw, 324px\" \/><\/figure><div class=\"wp-block-media-text__content\">\n<p>N\u00e4pp\u00e4imist\u00f6n rannetuki tarjoaa pehmustetun alustan, joka tukee ranteitasi, kun kirjoittaa pitki\u00e4 tekstej\u00e4. T\u00e4m\u00e4 v\u00e4hent\u00e4\u00e4 painetta ranteissanne ja auttaa v\u00e4ltt\u00e4m\u00e4\u00e4n rasitusvammoja.<\/p>\n\n\n\n<p>(hinta sis\u00e4lt\u00e4\u00e4 -alv)<\/p>\n<\/div><\/div>\n\n\n\n<h2 class=\"wp-block-heading\">Istuinpallo<br>70\u20ac<\/h2>\n\n\n\n<div class=\"wp-block-media-text is-stacked-on-mobile\" style=\"grid-template-columns:25% auto\"><figure class=\"wp-block-media-text__media\"><img loading=\"lazy\" decoding=\"async\" width=\"324\" height=\"324\" src=\"https:\/\/blogi.eoppimispalvelut.fi\/arwosolutions\/files\/2024\/02\/thumbnail_pallo.png\" alt=\"\" class=\"wp-image-149 size-full\" srcset=\"https:\/\/blogi.eoppimispalvelut.fi\/arwosolutions\/files\/2024\/02\/thumbnail_pallo.png 324w, https:\/\/blogi.eoppimispalvelut.fi\/arwosolutions\/files\/2024\/02\/thumbnail_pallo-120x120.png 120w\" sizes=\"auto, (max-width: 324px) 100vw, 324px\" \/><\/figure><div class=\"wp-block-media-text__content\">\n<p>Istuinpallo ei ole pelkk\u00e4 tuoli, se on aktiivinen istumisen vaihtoehto, joka voi auttaa sinua saavuttamaan paremman ryhdin, vahvemman keskivartalon ja jopa lis\u00e4\u00e4m\u00e4\u00e4n tuottavuutta.<\/p>\n\n\n\n<p>Miten istuinpallo toimii? Sen ep\u00e4vakaa pinta haastaa tasapainoasi, mik\u00e4 aktivoi keskivartalon lihaksia ja parantaa ryhti\u00e4si. Samalla istuminen istuinpallossa voi auttaa v\u00e4hent\u00e4m\u00e4\u00e4n selk\u00e4kipuja ja stimuloimaan verenkiertoa.<\/p>\n\n\n\n<p>(Hinta sis\u00e4lt\u00e4\u00e4 -alv)<\/p>\n<\/div><\/div>\n","protected":false},"excerpt":{"rendered":"<p>Silver S\u00e4hk\u00f6py\u00f6r\u00e43600\u20ac Silver s\u00e4hk\u00f6py\u00f6r\u00e4 on hintalaatusuhteeltaan markkinoiden paras. Py\u00f6r\u00e4ss\u00e4 on 200 kilometrin kantamas\u00e4de ja 28&#8243; renkaat. N\u00e4iden ansiosta py\u00f6r\u00e4 sopii [&hellip;]<\/p>\n","protected":false},"author":42956,"featured_media":0,"parent":0,"menu_order":0,"comment_status":"closed","ping_status":"closed","template":"","meta":{"site-sidebar-layout":"default","site-content-layout":"","ast-site-content-layout":"default","site-content-style":"default","site-sidebar-style":"default","ast-global-header-display":"","ast-banner-title-visibility":"","ast-main-header-display":"","ast-hfb-above-header-display":"","ast-hfb-below-header-display":"","ast-hfb-mobile-header-display":"","site-post-title":"","ast-breadcrumbs-content":"","ast-featured-img":"","footer-sml-layout":"","ast-disable-related-posts":"","theme-transparent-header-meta":"","adv-header-id-meta":"","stick-header-meta":"","header-above-stick-meta":"","header-main-stick-meta":"","header-below-stick-meta":"","astra-migrate-meta-layouts":"default","ast-page-background-enabled":"default","ast-page-background-meta":{"desktop":{"background-color":"var(--ast-global-color-4)","background-image":"","background-repeat":"repeat","background-position":"center center","background-size":"auto","background-attachment":"scroll","background-type":"","background-media":"","overlay-type":"","overlay-color":"","overlay-opacity":"","overlay-gradient":""},"tablet":{"background-color":"","background-image":"","background-repeat":"repeat","background-position":"center center","background-size":"auto","background-attachment":"scroll","background-type":"","background-media":"","overlay-type":"","overlay-color":"","overlay-opacity":"","overlay-gradient":""},"mobile":{"background-color":"","background-image":"","background-repeat":"repeat","background-position":"center center","background-size":"auto","background-attachment":"scroll","background-type":"","background-media":"","overlay-type":"","overlay-color":"","overlay-opacity":"","overlay-gradient":""}},"ast-content-background-meta":{"desktop":{"background-color":"var(--ast-global-color-5)","background-image":"","background-repeat":"repeat","background-position":"center center","background-size":"auto","background-attachment":"scroll","background-type":"","background-media":"","overlay-type":"","overlay-color":"","overlay-opacity":"","overlay-gradient":""},"tablet":{"background-color":"var(--ast-global-color-5)","background-image":"","background-repeat":"repeat","background-position":"center center","background-size":"auto","background-attachment":"scroll","background-type":"","background-media":"","overlay-type":"","overlay-color":"","overlay-opacity":"","overlay-gradient":""},"mobile":{"background-color":"var(--ast-global-color-5)","background-image":"","background-repeat":"repeat","background-position":"center center","background-size":"auto","background-attachment":"scroll","background-type":"","background-media":"","overlay-type":"","overlay-color":"","overlay-opacity":"","overlay-gradient":""}},"footnotes":""},"class_list":["post-8","page","type-page","status-publish","hentry"],"_links":{"self":[{"href":"https:\/\/blogi.eoppimispalvelut.fi\/arwosolutions\/wp-json\/wp\/v2\/pages\/8","targetHints":{"allow":["GET"]}}],"collection":[{"href":"https:\/\/blogi.eoppimispalvelut.fi\/arwosolutions\/wp-json\/wp\/v2\/pages"}],"about":[{"href":"https:\/\/blogi.eoppimispalvelut.fi\/arwosolutions\/wp-json\/wp\/v2\/types\/page"}],"author":[{"embeddable":true,"href":"https:\/\/blogi.eoppimispalvelut.fi\/arwosolutions\/wp-json\/wp\/v2\/users\/42956"}],"replies":[{"embeddable":true,"href":"https:\/\/blogi.eoppimispalvelut.fi\/arwosolutions\/wp-json\/wp\/v2\/comments?post=8"}],"version-history":[{"count":7,"href":"https:\/\/blogi.eoppimispalvelut.fi\/arwosolutions\/wp-json\/wp\/v2\/pages\/8\/revisions"}],"predecessor-version":[{"id":150,"href":"https:\/\/blogi.eoppimispalvelut.fi\/arwosolutions\/wp-json\/wp\/v2\/pages\/8\/revisions\/150"}],"wp:attachment":[{"href":"https:\/\/blogi.eoppimispalvelut.fi\/arwosolutions\/wp-json\/wp\/v2\/media?parent=8"}],"curies":[{"name":"wp","href":"https:\/\/api.w.org\/{rel}","templated":true}]}}