{"id":139,"date":"2021-01-15T14:11:00","date_gmt":"2021-01-15T12:11:00","guid":{"rendered":"https:\/\/blogi.eoppimispalvelut.fi\/bbvmicrohelpservices\/?page_id=139"},"modified":"2021-01-15T14:11:00","modified_gmt":"2021-01-15T12:11:00","slug":"tiimimme","status":"publish","type":"page","link":"https:\/\/blogi.eoppimispalvelut.fi\/bbvmicrohelpservices\/tiimimme\/","title":{"rendered":"Tiimimme"},"content":{"rendered":"<p>Moi, t\u00e4\u00e4ll\u00e4 esittelemme tiimimme l\u00e4pikotaisin, jotta voisit olla osana meid\u00e4n vallankumouksellista elektroniikkaperhett\u00e4.<\/p>\r\n<h2>Henri Pusa<\/h2>\r\n<!-- \/wp:post-content -->\r\n\r\n<!-- wp:paragraph {\"align\":\"left\",\"style\":{\"typography\":{\"fontSize\":16}}} -->\r\n<p class=\"has-text-align-left\">Toimitusjohtaja<\/p>\r\n<!-- \/wp:paragraph -->\r\n\r\n<!-- wp:paragraph {\"align\":\"left\",\"style\":{\"typography\":{\"fontSize\":16}}} -->\r\n<p class=\"has-text-align-left\">Asiallinen, l\u00e4hes kaikenosaava juurtaja Toijalasta. Taloustiimi.<\/p>\r\n<!-- \/wp:paragraph -->\r\n\r\n<!-- wp:paragraph {\"align\":\"left\",\"style\":{\"typography\":{\"fontSize\":16}}} -->\r\n<p class=\"has-text-align-left\">Sposti: <a href=\"mailto:henri.pusa.bbv@gmail.com\">henri.pusa.bbv@gmail.com<\/a><\/p>\r\n<p><img loading=\"lazy\" decoding=\"async\" class=\"alignnone size-medium wp-image-32\" src=\"https:\/\/blogi.eoppimispalvelut.fi\/bbvmicrohelpservices\/files\/2020\/12\/rachel-pfuetzner-0fn7fxv1ewa-unsplash-300x300.jpg\" alt=\"\" width=\"300\" height=\"300\" srcset=\"https:\/\/blogi.eoppimispalvelut.fi\/bbvmicrohelpservices\/files\/2020\/12\/rachel-pfuetzner-0fn7fxv1ewa-unsplash-300x300.jpg 300w, https:\/\/blogi.eoppimispalvelut.fi\/bbvmicrohelpservices\/files\/2020\/12\/rachel-pfuetzner-0fn7fxv1ewa-unsplash-1024x1024.jpg 1024w, https:\/\/blogi.eoppimispalvelut.fi\/bbvmicrohelpservices\/files\/2020\/12\/rachel-pfuetzner-0fn7fxv1ewa-unsplash-150x150.jpg 150w, https:\/\/blogi.eoppimispalvelut.fi\/bbvmicrohelpservices\/files\/2020\/12\/rachel-pfuetzner-0fn7fxv1ewa-unsplash-768x768.jpg 768w, https:\/\/blogi.eoppimispalvelut.fi\/bbvmicrohelpservices\/files\/2020\/12\/rachel-pfuetzner-0fn7fxv1ewa-unsplash-1536x1536.jpg 1536w, https:\/\/blogi.eoppimispalvelut.fi\/bbvmicrohelpservices\/files\/2020\/12\/rachel-pfuetzner-0fn7fxv1ewa-unsplash-1200x1200.jpg 1200w, https:\/\/blogi.eoppimispalvelut.fi\/bbvmicrohelpservices\/files\/2020\/12\/rachel-pfuetzner-0fn7fxv1ewa-unsplash.jpg 1560w\" sizes=\"auto, (max-width: 300px) 100vw, 300px\" \/><\/p>\r\n<h2>Tommi Kajava<\/h2>\r\n<!-- \/wp:paragraph -->\r\n\r\n<!-- wp:paragraph {\"align\":\"left\",\"style\":{\"typography\":{\"fontSize\":16}}} -->\r\n<p class=\"has-text-align-left\">Varatoimitusjohtaja<\/p>\r\n<!-- \/wp:paragraph -->\r\n\r\n<!-- wp:paragraph {\"align\":\"left\",\"style\":{\"typography\":{\"fontSize\":16}}} -->\r\n<p class=\"has-text-align-left\">Itse positiivisuuden perikuva, innostava persoona Kuusamosta.<\/p>\r\n<!-- \/wp:paragraph -->\r\n\r\n<!-- wp:paragraph {\"align\":\"left\",\"style\":{\"typography\":{\"fontSize\":16}}} -->\r\n<p class=\"has-text-align-left\">Myynti ja markkinointi tiimi.<\/p>\r\n<!-- \/wp:paragraph -->\r\n\r\n<!-- wp:paragraph {\"align\":\"left\",\"style\":{\"typography\":{\"fontSize\":16}}} -->\r\n<p class=\"has-text-align-left\">Sposti: <a href=\"mailto:tommi.kajava.bbv@gmail.com\">tommi.kajava.bbv@gmail.com<\/a><\/p>\r\n<p><img loading=\"lazy\" decoding=\"async\" class=\"alignnone size-medium wp-image-91\" src=\"https:\/\/blogi.eoppimispalvelut.fi\/bbvmicrohelpservices\/files\/2020\/12\/screenshot_20201211-100859__01-300x287.jpg\" alt=\"\" width=\"300\" height=\"287\" srcset=\"https:\/\/blogi.eoppimispalvelut.fi\/bbvmicrohelpservices\/files\/2020\/12\/screenshot_20201211-100859__01-300x287.jpg 300w, https:\/\/blogi.eoppimispalvelut.fi\/bbvmicrohelpservices\/files\/2020\/12\/screenshot_20201211-100859__01-1024x978.jpg 1024w, https:\/\/blogi.eoppimispalvelut.fi\/bbvmicrohelpservices\/files\/2020\/12\/screenshot_20201211-100859__01-768x734.jpg 768w, https:\/\/blogi.eoppimispalvelut.fi\/bbvmicrohelpservices\/files\/2020\/12\/screenshot_20201211-100859__01.jpg 1080w\" sizes=\"auto, (max-width: 300px) 100vw, 300px\" \/><\/p>\r\n<h2>Kiira Keskipoikela<\/h2>\r\n<p class=\"has-text-align-left\"><!-- \/wp:paragraph -->\r\n\r\n<!-- wp:paragraph {\"align\":\"left\",\"style\":{\"typography\":{\"fontSize\":16}}} -->Hallituksen PJ<\/p>\r\n<p class=\"has-text-align-left\"><!-- \/wp:paragraph -->\r\n\r\n<!-- wp:paragraph {\"align\":\"left\",\"style\":{\"typography\":{\"fontSize\":16}}} -->Ahertava ty\u00f6myyr\u00e4, saa hommat hoidettua. Aina. Taloustiimi.<\/p>\r\n<p class=\"has-text-align-left\"><!-- \/wp:paragraph -->\r\n\r\n<!-- wp:paragraph {\"align\":\"left\",\"style\":{\"typography\":{\"fontSize\":16}}} -->Sposti: kiira.keskipoikela.bbv@gmail.com<\/p>\r\n<!-- \/wp:paragraph -->\r\n\r\n<!-- wp:spacer {\"height\":32,\"className\":\"desktop-only\"} \/-->\r\n<p><img loading=\"lazy\" decoding=\"async\" class=\"alignnone size-medium wp-image-92\" src=\"https:\/\/blogi.eoppimispalvelut.fi\/bbvmicrohelpservices\/files\/2020\/12\/screenshot_20201211-101218__01-216x300.jpg\" alt=\"\" width=\"216\" height=\"300\" srcset=\"https:\/\/blogi.eoppimispalvelut.fi\/bbvmicrohelpservices\/files\/2020\/12\/screenshot_20201211-101218__01-216x300.jpg 216w, https:\/\/blogi.eoppimispalvelut.fi\/bbvmicrohelpservices\/files\/2020\/12\/screenshot_20201211-101218__01-738x1024.jpg 738w, https:\/\/blogi.eoppimispalvelut.fi\/bbvmicrohelpservices\/files\/2020\/12\/screenshot_20201211-101218__01-768x1066.jpg 768w, https:\/\/blogi.eoppimispalvelut.fi\/bbvmicrohelpservices\/files\/2020\/12\/screenshot_20201211-101218__01.jpg 776w\" sizes=\"auto, (max-width: 216px) 100vw, 216px\" \/><\/p>","protected":false},"excerpt":{"rendered":"<p>Moi, t\u00e4\u00e4ll\u00e4 esittelemme tiimimme l\u00e4pikotaisin, jotta voisit olla osana meid\u00e4n vallankumouksellista elektroniikkaperhett\u00e4. Henri Pusa Toimitusjohtaja Asiallinen, l\u00e4hes kaikenosaava juurtaja Toijalasta. Taloustiimi. Sposti: henri.pusa.bbv@gmail.com Tommi Kajava Varatoimitusjohtaja Itse positiivisuuden perikuva, innostava persoona Kuusamosta. Myynti ja markkinointi tiimi. Sposti: tommi.kajava.bbv@gmail.com Kiira Keskipoikela Hallituksen PJ Ahertava ty\u00f6myyr\u00e4, saa hommat hoidettua. Aina. Taloustiimi. Sposti: kiira.keskipoikela.bbv@gmail.com<\/p>\n","protected":false},"author":4697,"featured_media":0,"parent":0,"menu_order":0,"comment_status":"closed","ping_status":"closed","template":"","meta":{"footnotes":""},"class_list":["post-139","page","type-page","status-publish","hentry"],"_links":{"self":[{"href":"https:\/\/blogi.eoppimispalvelut.fi\/bbvmicrohelpservices\/wp-json\/wp\/v2\/pages\/139","targetHints":{"allow":["GET"]}}],"collection":[{"href":"https:\/\/blogi.eoppimispalvelut.fi\/bbvmicrohelpservices\/wp-json\/wp\/v2\/pages"}],"about":[{"href":"https:\/\/blogi.eoppimispalvelut.fi\/bbvmicrohelpservices\/wp-json\/wp\/v2\/types\/page"}],"author":[{"embeddable":true,"href":"https:\/\/blogi.eoppimispalvelut.fi\/bbvmicrohelpservices\/wp-json\/wp\/v2\/users\/4697"}],"replies":[{"embeddable":true,"href":"https:\/\/blogi.eoppimispalvelut.fi\/bbvmicrohelpservices\/wp-json\/wp\/v2\/comments?post=139"}],"version-history":[{"count":2,"href":"https:\/\/blogi.eoppimispalvelut.fi\/bbvmicrohelpservices\/wp-json\/wp\/v2\/pages\/139\/revisions"}],"predecessor-version":[{"id":153,"href":"https:\/\/blogi.eoppimispalvelut.fi\/bbvmicrohelpservices\/wp-json\/wp\/v2\/pages\/139\/revisions\/153"}],"wp:attachment":[{"href":"https:\/\/blogi.eoppimispalvelut.fi\/bbvmicrohelpservices\/wp-json\/wp\/v2\/media?parent=139"}],"curies":[{"name":"wp","href":"https:\/\/api.w.org\/{rel}","templated":true}]}}