{"id":160,"date":"2021-01-25T11:06:51","date_gmt":"2021-01-25T09:06:51","guid":{"rendered":"https:\/\/blogi.eoppimispalvelut.fi\/bbvmicrohelpservices\/?page_id=160"},"modified":"2021-02-23T12:00:33","modified_gmt":"2021-02-23T10:00:33","slug":"yrityksille","status":"publish","type":"page","link":"https:\/\/blogi.eoppimispalvelut.fi\/bbvmicrohelpservices\/yrityksille\/","title":{"rendered":"Tuotepaketit"},"content":{"rendered":"<h4><strong>Palvelut ja paketit:<\/strong><\/h4>\n<p><strong>Normaali asennuspaketti<\/strong><\/p>\n<p>100\u20ac\/h, ( + 24% alv)<\/p>\n<p>-Sis\u00e4lt\u00e4\u00e4 kaikkien sovittujen tuotteiden t\u00e4ydellisen k\u00e4ytt\u00f6\u00f6noton sek\u00e4 asennuksen.<\/p>\n<p>-Kaikki ohjelmistoasennukset, sek\u00e4 ohjelmistop\u00e4ivitykset.<\/p>\n<p><strong>Turva-asennus<\/strong><\/p>\n<p>130\u20ac\/h, 53,2\u20ac\/vuosi ( + 24% alv)<\/p>\n<p>-Sis\u00e4lt\u00e4\u00e4 kaikkien sovittujen tuotteiden t\u00e4ydellisen k\u00e4ytt\u00f6\u00f6noton sek\u00e4 asennuksen.<\/p>\n<p>-Kattava laitesuojaus sek\u00e4 virustorjunta, VPN-yhteys, salasanojen hallinta ja paljon muuta.<\/p>\n<p>-Virustorjunnan asennus.<\/p>\n<p><strong>Kuukausittainen huoltopalvelu<\/strong><\/p>\n<p>250\u20ac\/kk ( + 24% alv)<\/p>\n<p>-Sis\u00e4lt\u00e4\u00e4 t\u00e4ydellisen huoltopalvelun, 24h tavoitettavuus.<\/p>\n<p>-Sis\u00e4lt\u00e4\u00e4 kaikkien sovittujen tuotteiden t\u00e4ydellisen k\u00e4ytt\u00f6\u00f6noton sek\u00e4 asennuksen.<\/p>\n<p>-Sis\u00e4lt\u00e4\u00e4 0-12h tuntity\u00f6t\u00e4 kuukaudessa. Lis\u00e4tunnit hinnoitellaan erikseen.<\/p>\n<p>&nbsp;<\/p>\n<p>&nbsp;<\/p>\n<p>&nbsp;<\/p>\n<p>&nbsp;<\/p>\n<p>&nbsp;<\/p>\n<p><img loading=\"lazy\" decoding=\"async\" class=\"alignnone size-full wp-image-161\" src=\"https:\/\/blogi.eoppimispalvelut.fi\/bbvmicrohelpservices\/files\/2021\/01\/hp-logo-photoshop-psds.jpg\" alt=\"\" width=\"700\" height=\"490\" \/><\/p>\n<p><img loading=\"lazy\" decoding=\"async\" class=\"alignnone size-full wp-image-162\" src=\"https:\/\/blogi.eoppimispalvelut.fi\/bbvmicrohelpservices\/files\/2021\/01\/lataus-5.png\" alt=\"\" width=\"225\" height=\"225\" srcset=\"https:\/\/blogi.eoppimispalvelut.fi\/bbvmicrohelpservices\/files\/2021\/01\/lataus-5.png 225w, https:\/\/blogi.eoppimispalvelut.fi\/bbvmicrohelpservices\/files\/2021\/01\/lataus-5-120x120.png 120w, https:\/\/blogi.eoppimispalvelut.fi\/bbvmicrohelpservices\/files\/2021\/01\/lataus-5-100x100.png 100w\" sizes=\"auto, (max-width: 225px) 100vw, 225px\" \/><\/p>\n<p><img loading=\"lazy\" decoding=\"async\" class=\"alignnone size-medium wp-image-163\" src=\"https:\/\/blogi.eoppimispalvelut.fi\/bbvmicrohelpservices\/files\/2021\/01\/lataus-4.png\" alt=\"\" width=\"390\" height=\"129\" \/> <img loading=\"lazy\" decoding=\"async\" class=\"alignnone size-medium wp-image-164\" src=\"https:\/\/blogi.eoppimispalvelut.fi\/bbvmicrohelpservices\/files\/2021\/01\/lataus-3.png\" alt=\"\" width=\"276\" height=\"182\" \/><\/p>\n<p><img loading=\"lazy\" decoding=\"async\" class=\"alignnone size-medium wp-image-165\" src=\"https:\/\/blogi.eoppimispalvelut.fi\/bbvmicrohelpservices\/files\/2021\/01\/lataus-2.png\" alt=\"\" width=\"225\" height=\"225\" srcset=\"https:\/\/blogi.eoppimispalvelut.fi\/bbvmicrohelpservices\/files\/2021\/01\/lataus-2.png 225w, https:\/\/blogi.eoppimispalvelut.fi\/bbvmicrohelpservices\/files\/2021\/01\/lataus-2-120x120.png 120w, https:\/\/blogi.eoppimispalvelut.fi\/bbvmicrohelpservices\/files\/2021\/01\/lataus-2-100x100.png 100w\" sizes=\"auto, (max-width: 225px) 100vw, 225px\" \/><\/p>\n<p><img loading=\"lazy\" decoding=\"async\" class=\"alignnone size-medium wp-image-166\" src=\"https:\/\/blogi.eoppimispalvelut.fi\/bbvmicrohelpservices\/files\/2021\/01\/lataus-1.png\" alt=\"\" width=\"206\" height=\"245\" \/><\/p>\n","protected":false},"excerpt":{"rendered":"<p>Palvelut ja paketit: Normaali asennuspaketti 100\u20ac\/h, ( + 24% alv) -Sis\u00e4lt\u00e4\u00e4 kaikkien sovittujen tuotteiden t\u00e4ydellisen k\u00e4ytt\u00f6\u00f6noton sek\u00e4 asennuksen. -Kaikki ohjelmistoasennukset, sek\u00e4 ohjelmistop\u00e4ivitykset. Turva-asennus 130\u20ac\/h, 53,2\u20ac\/vuosi ( + 24% alv) -Sis\u00e4lt\u00e4\u00e4 kaikkien sovittujen tuotteiden t\u00e4ydellisen k\u00e4ytt\u00f6\u00f6noton sek\u00e4 asennuksen. -Kattava laitesuojaus sek\u00e4 virustorjunta, VPN-yhteys, salasanojen hallinta ja paljon muuta. -Virustorjunnan asennus. Kuukausittainen huoltopalvelu 250\u20ac\/kk ( + 24% &hellip; <\/p>\n<p class=\"link-more\"><a href=\"https:\/\/blogi.eoppimispalvelut.fi\/bbvmicrohelpservices\/yrityksille\/\" class=\"more-link\">Jatka lukemista<span class=\"screen-reader-text\"> &#8220;Tuotepaketit&#8221;<\/span><\/a><\/p>\n","protected":false},"author":4697,"featured_media":0,"parent":0,"menu_order":0,"comment_status":"closed","ping_status":"closed","template":"","meta":{"footnotes":""},"class_list":["post-160","page","type-page","status-publish","hentry"],"_links":{"self":[{"href":"https:\/\/blogi.eoppimispalvelut.fi\/bbvmicrohelpservices\/wp-json\/wp\/v2\/pages\/160","targetHints":{"allow":["GET"]}}],"collection":[{"href":"https:\/\/blogi.eoppimispalvelut.fi\/bbvmicrohelpservices\/wp-json\/wp\/v2\/pages"}],"about":[{"href":"https:\/\/blogi.eoppimispalvelut.fi\/bbvmicrohelpservices\/wp-json\/wp\/v2\/types\/page"}],"author":[{"embeddable":true,"href":"https:\/\/blogi.eoppimispalvelut.fi\/bbvmicrohelpservices\/wp-json\/wp\/v2\/users\/4697"}],"replies":[{"embeddable":true,"href":"https:\/\/blogi.eoppimispalvelut.fi\/bbvmicrohelpservices\/wp-json\/wp\/v2\/comments?post=160"}],"version-history":[{"count":5,"href":"https:\/\/blogi.eoppimispalvelut.fi\/bbvmicrohelpservices\/wp-json\/wp\/v2\/pages\/160\/revisions"}],"predecessor-version":[{"id":208,"href":"https:\/\/blogi.eoppimispalvelut.fi\/bbvmicrohelpservices\/wp-json\/wp\/v2\/pages\/160\/revisions\/208"}],"wp:attachment":[{"href":"https:\/\/blogi.eoppimispalvelut.fi\/bbvmicrohelpservices\/wp-json\/wp\/v2\/media?parent=160"}],"curies":[{"name":"wp","href":"https:\/\/api.w.org\/{rel}","templated":true}]}}