{"id":183,"date":"2021-02-12T11:31:00","date_gmt":"2021-02-12T09:31:00","guid":{"rendered":"https:\/\/blogi.eoppimispalvelut.fi\/bbvmicrohelpservices\/?page_id=183"},"modified":"2021-02-16T11:36:02","modified_gmt":"2021-02-16T09:36:02","slug":"tuotelistaus","status":"publish","type":"page","link":"https:\/\/blogi.eoppimispalvelut.fi\/bbvmicrohelpservices\/tuotelistaus\/","title":{"rendered":"L\u00e4pp\u00e4rit"},"content":{"rendered":"<p>Huippul\u00e4pp\u00e4rit !<\/p>\n<p>-Razer Blade Pro 17 pelikannettava. Markkinoiden ylivoimaisesti paras pelikannettava ! <em><strong>2499\u20ac<\/strong><\/em><\/p>\n<p><em><strong><img loading=\"lazy\" decoding=\"async\" class=\"alignleft wp-image-196\" src=\"https:\/\/blogi.eoppimispalvelut.fi\/bbvmicrohelpservices\/files\/2021\/02\/323476-b890601_300x300.jpg\" alt=\"\" width=\"179\" height=\"179\" srcset=\"https:\/\/blogi.eoppimispalvelut.fi\/bbvmicrohelpservices\/files\/2021\/02\/323476-b890601_300x300.jpg 300w, https:\/\/blogi.eoppimispalvelut.fi\/bbvmicrohelpservices\/files\/2021\/02\/323476-b890601_300x300-120x120.jpg 120w, https:\/\/blogi.eoppimispalvelut.fi\/bbvmicrohelpservices\/files\/2021\/02\/323476-b890601_300x300-100x100.jpg 100w\" sizes=\"auto, (max-width: 179px) 100vw, 179px\" \/><\/strong><\/em><\/p>\n<p>&nbsp;<\/p>\n<p>&nbsp;<\/p>\n<p><em>WOOOP WOOP ! JA PELIT PY\u00d6RII !!<\/em><\/p>\n<p>&nbsp;<\/p>\n<p>&nbsp;<\/p>\n<p>&nbsp;<\/p>\n<p>-Dell-Kannettava tietokone (15,6\u2033) Sormenj\u00e4lkitunnistus.\u00a0 Hyv\u00e4 perusl\u00e4pp\u00e4ri\u00a0 \u00a0yritysk\u00e4ytt\u00f6\u00f6n.\u00a0 <em><strong>899\u20ac<\/strong><\/em><\/p>\n<p>&nbsp;<\/p>\n<p><img loading=\"lazy\" decoding=\"async\" class=\"alignnone wp-image-198\" src=\"https:\/\/blogi.eoppimispalvelut.fi\/bbvmicrohelpservices\/files\/2021\/02\/35842616_6229911869.jpg\" alt=\"\" width=\"256\" height=\"178\" \/><\/p>\n<p>JOKA TOIMISTON VASARA JA NAULA <strong>MUST BE TUOTE<\/strong><\/p>\n<p>&nbsp;<\/p>\n<p>&nbsp;<\/p>\n<p>-Dell Latitude -kannettava tietokone. High-end kannettava niin reissuun kuin\u00a0 toimistoonkin.\u00a0 <em><strong>1599\u20ac<\/strong><\/em><\/p>\n<p><img loading=\"lazy\" decoding=\"async\" class=\"alignnone wp-image-199\" src=\"https:\/\/blogi.eoppimispalvelut.fi\/bbvmicrohelpservices\/files\/2021\/02\/dell-latitude-7300-core-i7-16gigabyte-512gigabyte-ssd-133in.jpg\" alt=\"\" width=\"247\" height=\"197\" \/><\/p>\n<p>ISOLLE HERRALLE V\u00c4H\u00c4N PAREMPAA L\u00c4PP\u00c4RI\u00c4\u00a0 !<\/p>\n<p>&nbsp;<\/p>\n<p>ELEKTRONIIKKA TUOTTEITA PILVIN PIMEIN, KYSY TARJOUS !<\/p>\n<p>&nbsp;<\/p>\n<p>&nbsp;<\/p>\n","protected":false},"excerpt":{"rendered":"<p>Huippul\u00e4pp\u00e4rit ! -Razer Blade Pro 17 pelikannettava. Markkinoiden ylivoimaisesti paras pelikannettava ! 2499\u20ac &nbsp; &nbsp; WOOOP WOOP ! JA PELIT PY\u00d6RII !! &nbsp; &nbsp; &nbsp; -Dell-Kannettava tietokone (15,6\u2033) Sormenj\u00e4lkitunnistus.\u00a0 Hyv\u00e4 perusl\u00e4pp\u00e4ri\u00a0 \u00a0yritysk\u00e4ytt\u00f6\u00f6n.\u00a0 899\u20ac &nbsp; JOKA TOIMISTON VASARA JA NAULA MUST BE TUOTE &nbsp; &nbsp; -Dell Latitude -kannettava tietokone. High-end kannettava niin reissuun kuin\u00a0 toimistoonkin.\u00a0 1599\u20ac &hellip; <\/p>\n<p class=\"link-more\"><a href=\"https:\/\/blogi.eoppimispalvelut.fi\/bbvmicrohelpservices\/tuotelistaus\/\" class=\"more-link\">Jatka lukemista<span class=\"screen-reader-text\"> &#8220;L\u00e4pp\u00e4rit&#8221;<\/span><\/a><\/p>\n","protected":false},"author":4697,"featured_media":0,"parent":0,"menu_order":0,"comment_status":"closed","ping_status":"closed","template":"","meta":{"footnotes":""},"class_list":["post-183","page","type-page","status-publish","hentry"],"_links":{"self":[{"href":"https:\/\/blogi.eoppimispalvelut.fi\/bbvmicrohelpservices\/wp-json\/wp\/v2\/pages\/183","targetHints":{"allow":["GET"]}}],"collection":[{"href":"https:\/\/blogi.eoppimispalvelut.fi\/bbvmicrohelpservices\/wp-json\/wp\/v2\/pages"}],"about":[{"href":"https:\/\/blogi.eoppimispalvelut.fi\/bbvmicrohelpservices\/wp-json\/wp\/v2\/types\/page"}],"author":[{"embeddable":true,"href":"https:\/\/blogi.eoppimispalvelut.fi\/bbvmicrohelpservices\/wp-json\/wp\/v2\/users\/4697"}],"replies":[{"embeddable":true,"href":"https:\/\/blogi.eoppimispalvelut.fi\/bbvmicrohelpservices\/wp-json\/wp\/v2\/comments?post=183"}],"version-history":[{"count":6,"href":"https:\/\/blogi.eoppimispalvelut.fi\/bbvmicrohelpservices\/wp-json\/wp\/v2\/pages\/183\/revisions"}],"predecessor-version":[{"id":202,"href":"https:\/\/blogi.eoppimispalvelut.fi\/bbvmicrohelpservices\/wp-json\/wp\/v2\/pages\/183\/revisions\/202"}],"wp:attachment":[{"href":"https:\/\/blogi.eoppimispalvelut.fi\/bbvmicrohelpservices\/wp-json\/wp\/v2\/media?parent=183"}],"curies":[{"name":"wp","href":"https:\/\/api.w.org\/{rel}","templated":true}]}}