{"id":209,"date":"2019-01-17T11:24:54","date_gmt":"2019-01-17T09:24:54","guid":{"rendered":"https:\/\/blogi.eoppimispalvelut.fi\/bkmuunto\/?page_id=209"},"modified":"2019-01-17T11:24:54","modified_gmt":"2019-01-17T09:24:54","slug":"209-2","status":"publish","type":"page","link":"https:\/\/blogi.eoppimispalvelut.fi\/bkmuunto\/","title":{"rendered":""},"content":{"rendered":"<p>Tervetuloa opiskelemaan bio- ja kiertotalouden muuntokoulutukseen. Koulutustus toteutetaan yhdess\u00e4 Centria ammattikorkeakoulun, Kajaanin ammattikorkeakoulun, Karelia ammattikorkeakoulun, Lapin ammattikorkeakoulun ja Savonia ammattikorkeakoulun kesken.<\/p>\n<p>T\u00e4m\u00e4n sivuston tarkoituksena on tarjota tieto niist\u00e4 opintojaksoista, mit\u00e4 eri ammattikorkeakoulut tarjoavat sinulle joko et\u00e4- tai monimuoto-opintoina. Monimuoto-opinnoissa osa opinnoista suoritetaan koulutuksen j\u00e4rjest\u00e4v\u00e4n oppilaitoksen tiloissa l\u00e4hiopiskeluna. Et\u00e4opinnoissa voit suorittaa opintosi paikasta riippumatta.<\/p>\n<p>Voit rajata tarjottavia opintojaksoja toteuttajan, toteutusajankohdan tai toteutustavan mukaan.<\/p>\n<p><strong>Toteutustavoissa huomioitavaa<\/strong><\/p>\n<p><strong>Monimuoto-opinnot<\/strong> voivat olla l\u00e4hiopetusta tai l\u00e4hi- ja et\u00e4opiskelun sekoitusta, jossa kuitenkin on aina osa opiskelusta suoritettava paikan p\u00e4\u00e4ll\u00e4.<\/p>\n<p><strong>Verkko-opinnot<\/strong> j\u00e4rjestet\u00e4\u00e4n siten, ett\u00e4 opinnot voi suorittaa et\u00e4opintoina. Mahdolliset tenttimiset ja laboratorioty\u00f6t voidaan pit\u00e4\u00e4 oppilaitoksen tiloissa.<\/p>\n<p><strong>Itseopiskelu<\/strong> tarkoittaa t\u00e4ysin omatoimista opiskelua, yleens\u00e4 omaan tahtiin, ilman ryhm\u00e4\u00e4 tai s\u00e4\u00e4nn\u00f6llist\u00e4 opettajan ohjausta. Opintoihin kuuluvien tenttien tai muiden osaamista osoittavien asioiden suorittamisesta kannattaa keskustella aina vastuuopettajan kanssa.<\/p>\n<p>&nbsp;<\/p>\n<p><em>&#8211; T\u00e4h\u00e4n hankkeeseen olemme saaneet tukea opetus- ja kulttuuriministeri\u00f6lt\u00e4 &#8211;<\/em><\/p>\n","protected":false},"excerpt":{"rendered":"<p>Tervetuloa opiskelemaan bio- ja kiertotalouden muuntokoulutukseen. Koulutustus toteutetaan yhdess\u00e4 Centria ammattikorkeakoulun, Kajaanin ammattikorkeakoulun, Karelia ammattikorkeakoulun, Lapin ammattikorkeakoulun ja Savonia ammattikorkeakoulun kesken. T\u00e4m\u00e4n sivuston tarkoituksena on tarjota tieto niist\u00e4 opintojaksoista, mit\u00e4 eri ammattikorkeakoulut tarjoavat sinulle joko et\u00e4- tai monimuoto-opintoina. Monimuoto-opinnoissa osa opinnoista suoritetaan koulutuksen j\u00e4rjest\u00e4v\u00e4n oppilaitoksen tiloissa l\u00e4hiopiskeluna. Et\u00e4opinnoissa voit suorittaa opintosi paikasta riippumatta. Voit rajata [&hellip;]<\/p>\n","protected":false},"author":31,"featured_media":0,"parent":0,"menu_order":0,"comment_status":"closed","ping_status":"closed","template":"","meta":{"footnotes":""},"class_list":["post-209","page","type-page","status-publish","hentry"],"_links":{"self":[{"href":"https:\/\/blogi.eoppimispalvelut.fi\/bkmuunto\/wp-json\/wp\/v2\/pages\/209","targetHints":{"allow":["GET"]}}],"collection":[{"href":"https:\/\/blogi.eoppimispalvelut.fi\/bkmuunto\/wp-json\/wp\/v2\/pages"}],"about":[{"href":"https:\/\/blogi.eoppimispalvelut.fi\/bkmuunto\/wp-json\/wp\/v2\/types\/page"}],"author":[{"embeddable":true,"href":"https:\/\/blogi.eoppimispalvelut.fi\/bkmuunto\/wp-json\/wp\/v2\/users\/31"}],"replies":[{"embeddable":true,"href":"https:\/\/blogi.eoppimispalvelut.fi\/bkmuunto\/wp-json\/wp\/v2\/comments?post=209"}],"version-history":[{"count":1,"href":"https:\/\/blogi.eoppimispalvelut.fi\/bkmuunto\/wp-json\/wp\/v2\/pages\/209\/revisions"}],"predecessor-version":[{"id":210,"href":"https:\/\/blogi.eoppimispalvelut.fi\/bkmuunto\/wp-json\/wp\/v2\/pages\/209\/revisions\/210"}],"wp:attachment":[{"href":"https:\/\/blogi.eoppimispalvelut.fi\/bkmuunto\/wp-json\/wp\/v2\/media?parent=209"}],"curies":[{"name":"wp","href":"https:\/\/api.w.org\/{rel}","templated":true}]}}