{"id":57,"date":"2017-12-08T17:33:10","date_gmt":"2017-12-08T15:33:10","guid":{"rendered":"https:\/\/blogi.eoppimispalvelut.fi\/blogik72t17s11\/?page_id=57"},"modified":"2017-12-10T14:07:12","modified_gmt":"2017-12-10T12:07:12","slug":"pohdinta","status":"publish","type":"page","link":"https:\/\/blogi.eoppimispalvelut.fi\/blogik72t17s11\/pohdinta\/","title":{"rendered":"5. Pohdinta"},"content":{"rendered":"<p>Olemme oppineet, ett\u00e4 hyve, seuraus- ja velvollisuusetiikka ovat keskeisimpi\u00e4 etiikan teorioita. N\u00e4m\u00e4 teoriat ovat kesken\u00e4\u00e4n hieman erilaisia, mutta kaikissa on sama l\u00e4ht\u00f6kohta, pyrit\u00e4\u00e4n hyv\u00e4n tekemiseen ja pahan v\u00e4ltt\u00e4miseen. Tulevina hoitoalanammattilaisina tulemme t\u00f6rm\u00e4\u00e4m\u00e4\u00e4n useisiin eettisiin ongelmiin, joiden ratkaisemisessa voimme hy\u00f6dynt\u00e4\u00e4 sairaanhoitajan eettisi\u00e4 ohjeita. Sairaanhoitajan eettisten ohjeiden punaisena lankana toimii itsem\u00e4\u00e4r\u00e4\u00e4misoikeuden kunnioittaminen, ihmisel\u00e4m\u00e4n suojelu ja terveyden edist\u00e4minen. Kultainen s\u00e4\u00e4nt\u00f6 eli kohtele toisia niin kuin haluaisit itse\u00e4si kohdeltavan toimii hyv\u00e4n\u00e4 ohjenuorana my\u00f6s hoitoalalla.<\/p>\n<p>Teht\u00e4v\u00e4n tarkoituksena meid\u00e4n oli oppia ammatillista ja hoidollista vuorovaikutusta tulevaa terveydenhoitajan uraa ajatellen.\u00a0 Opimme, ett\u00e4 aito kohtaaminen hoitajan ja hoidettavan v\u00e4lill\u00e4 mahdollistaa hyv\u00e4n vuorovaikutuksen syntymisen. Hoidettava tulee kohdata avoimesti ja aistit auki. Hyv\u00e4 hoitaja osaa samaistua hoidettavan asemaan ja osaa n\u00e4in ollen tukea asiakasta mahdollisessa el\u00e4m\u00e4n muutoksessa. Hoitoty\u00f6ss\u00e4 ollaan onnistuttu, kun molemmat osapuolet ovat tyytyv\u00e4isi\u00e4, hoidettava saamaansa hoitoon ja hoitaja antamaansa hoitoon.\u00a0 Tulevana terveydenhoitajana tulemme tarvitsemaan hyvi\u00e4 vuorovaikutustaitoja tulevassa ty\u00f6ss\u00e4mme, ja on hyv\u00e4 harjoitella vuorovaikutustaitoja jo t\u00e4ss\u00e4 vaiheessa opintoja.<\/p>\n<p>Hyv\u00e4t viestint\u00e4taidot auttavat meit\u00e4 toimimaan paremmin ty\u00f6yhteis\u00f6ss\u00e4.\u00a0 Toimivassa ty\u00f6yhteis\u00f6ss\u00e4 kunnioitetaan toinen toisiamme ja jaetaan tietoa toistemme kanssa. Ty\u00f6kavereita puhutellaan asiallisesti, ei huudeta eik\u00e4 syytell\u00e4. Toimivassa ty\u00f6yhteis\u00f6ss\u00f6 on mukava ty\u00f6skennell\u00e4 ja hyv\u00e4 ty\u00f6ilmapiiri heijastuu my\u00f6s asiakkaisiin.<\/p>\n<p>Maahanmuuttajien m\u00e4\u00e4r\u00e4 kasvaa jatkuvasti, joten on hyv\u00e4 oppia kulttuurista tietoisuutta sek\u00e4 vahvistaa omaa kulttuurista osaamista ja ymm\u00e4rryst\u00e4.\u00a0 Ennakkoluuloton suhtautuminen eri kulttuureihin ja erilaisista kulttuureista oppiminen auttaa ymm\u00e4rt\u00e4m\u00e4\u00e4n toisen kulttuurisia tapoja paremmin ja on helpompi hyv\u00e4ksy\u00e4 toisen kulttuurin tavat. T\u00e4m\u00e4 teht\u00e4v\u00e4 on opettanut meille kuinka t\u00e4rke\u00e4\u00e4 kulttuuritaustan tunteminen on asiakkaan kohtaamisessa ja vuorovaikutuksessa.<\/p>\n<p>Olemme k\u00e4sitelleet etiikka, monikulttuurisuutta ja vuorovaikutustaitoja opintojen alusta asti. Olemme kirjoittaneet aiheista, raportteja, esseit\u00e4 ja nyt blogia. Olemme perehtyneet aiheisiin yksil\u00f6in\u00e4 sek\u00e4 nyt blogia tehdess\u00e4 ryhm\u00e4n\u00e4. Ymm\u00e4rr\u00e4mme, kuinka t\u00e4rkeit\u00e4 vuorovaikutustaidot, etiikka ja monikulttuurisuus ovat tulevassa ammatissamme. N\u00e4iden isojen asiakokonaisuuksien ymm\u00e4rt\u00e4minen ei k\u00e4y yhdess\u00e4 y\u00f6ss\u00e4, mutta opiskelemme n\u00e4it\u00e4 asioita l\u00e4pi opintojemme ja valmistuttamme n\u00e4m\u00e4 asiat nousevat j\u00e4lleen esille k\u00e4yt\u00e4nn\u00f6n ty\u00f6ss\u00e4.<\/p>\n<p>Ryhm\u00e4 ty\u00f6skentelymme sujui hyvin ja jokainen oli tietoinen, siit\u00e4 mit\u00e4 piti tehd\u00e4. Meid\u00e4n yhteinen tavoite oli saada teht\u00e4v\u00e4 tehty\u00e4 m\u00e4\u00e4r\u00e4aikaan menness\u00e4, ja tavoitteeseen p\u00e4\u00e4simme. Olemme ryhm\u00e4n\u00e4 tyytyv\u00e4isi\u00e4 blogimme sis\u00e4lt\u00f6\u00f6n ja ulkoasuun. Blogissa esiintyvien esimerkkien tarkoitus on avata lukijalle k\u00e4sitelt\u00e4v\u00e4\u00e4 asiaa hoitoty\u00f6n k\u00e4yt\u00e4nn\u00f6n n\u00e4k\u00f6kulmasta.\u00a0 Useasti esimerkit j\u00e4\u00e4 hyvin mieleen ja niist\u00e4 oppii paremmin. Toivotamme ett\u00e4 piditte lukemastanne.<\/p>\n","protected":false},"excerpt":{"rendered":"<p>Olemme oppineet, ett\u00e4 hyve, seuraus- ja velvollisuusetiikka ovat keskeisimpi\u00e4 etiikan teorioita. N\u00e4m\u00e4 teoriat ovat kesken\u00e4\u00e4n hieman erilaisia, mutta kaikissa on sama l\u00e4ht\u00f6kohta, pyrit\u00e4\u00e4n hyv\u00e4n tekemiseen ja pahan v\u00e4ltt\u00e4miseen. Tulevina hoitoalanammattilaisina tulemme t\u00f6rm\u00e4\u00e4m\u00e4\u00e4n useisiin eettisiin ongelmiin, joiden ratkaisemisessa voimme hy\u00f6dynt\u00e4\u00e4 sairaanhoitajan eettisi\u00e4 ohjeita. Sairaanhoitajan eettisten ohjeiden punaisena lankana toimii itsem\u00e4\u00e4r\u00e4\u00e4misoikeuden kunnioittaminen, ihmisel\u00e4m\u00e4n suojelu ja terveyden edist\u00e4minen. &hellip; <a href=\"https:\/\/blogi.eoppimispalvelut.fi\/blogik72t17s11\/pohdinta\/\" class=\"more-link\">Continue reading <span class=\"screen-reader-text\">5. Pohdinta<\/span> <span class=\"meta-nav\">&rarr;<\/span><\/a><\/p>\n","protected":false},"author":2426,"featured_media":0,"parent":0,"menu_order":0,"comment_status":"closed","ping_status":"closed","template":"","meta":{"footnotes":""},"class_list":["post-57","page","type-page","status-publish","hentry"],"_links":{"self":[{"href":"https:\/\/blogi.eoppimispalvelut.fi\/blogik72t17s11\/wp-json\/wp\/v2\/pages\/57","targetHints":{"allow":["GET"]}}],"collection":[{"href":"https:\/\/blogi.eoppimispalvelut.fi\/blogik72t17s11\/wp-json\/wp\/v2\/pages"}],"about":[{"href":"https:\/\/blogi.eoppimispalvelut.fi\/blogik72t17s11\/wp-json\/wp\/v2\/types\/page"}],"author":[{"embeddable":true,"href":"https:\/\/blogi.eoppimispalvelut.fi\/blogik72t17s11\/wp-json\/wp\/v2\/users\/2426"}],"replies":[{"embeddable":true,"href":"https:\/\/blogi.eoppimispalvelut.fi\/blogik72t17s11\/wp-json\/wp\/v2\/comments?post=57"}],"version-history":[{"count":9,"href":"https:\/\/blogi.eoppimispalvelut.fi\/blogik72t17s11\/wp-json\/wp\/v2\/pages\/57\/revisions"}],"predecessor-version":[{"id":125,"href":"https:\/\/blogi.eoppimispalvelut.fi\/blogik72t17s11\/wp-json\/wp\/v2\/pages\/57\/revisions\/125"}],"wp:attachment":[{"href":"https:\/\/blogi.eoppimispalvelut.fi\/blogik72t17s11\/wp-json\/wp\/v2\/media?parent=57"}],"curies":[{"name":"wp","href":"https:\/\/api.w.org\/{rel}","templated":true}]}}