{"id":65,"date":"2017-12-08T17:36:31","date_gmt":"2017-12-08T15:36:31","guid":{"rendered":"https:\/\/blogi.eoppimispalvelut.fi\/blogik72t17s11\/?page_id=65"},"modified":"2017-12-10T14:29:06","modified_gmt":"2017-12-10T12:29:06","slug":"1-johdanto","status":"publish","type":"page","link":"https:\/\/blogi.eoppimispalvelut.fi\/blogik72t17s11\/1-johdanto\/","title":{"rendered":"1. Johdanto"},"content":{"rendered":"<p>T\u00e4ss\u00e4 blogipostauksessa p\u00e4\u00e4set tutustumaan ensimm\u00e4isen vuoden terveydenhoitajaopiskelijoiden Lauran, Karoliinan &amp; Annin kokoamia tietoja sek\u00e4 omia pohdintoja hoitoalalla tarvittavista t\u00e4rkeist\u00e4 aiheista &#8211; eettisyydest\u00e4, vuorovaikutuksesta sek\u00e4 monikulttuurisuudesta. Olemme opiskelleet syksyn aikana aiheista paljon ja ker\u00e4nneetkin nyt t\u00e4rkeimm\u00e4t kohdat t\u00e4nne blogin puolelle.<\/p>\n<p>Ensiksi kerromme etiikasta sen p\u00e4\u00e4piirteit\u00e4, kuten etiikan teorioista, ammattietiikasta, l\u00e4himm\u00e4isenrakkaudesta ja salassapitovelvollisuudesta. Eettiset ongelmat voivat olla varsinkin hoitoalalla v\u00e4lill\u00e4 haastavia, sill\u00e4 etiikassa ei ole olemassa valmiita vastauksia, jotka olisivat yksiselitteisesti oikein tai v\u00e4\u00e4rin.\u00a0Etiikan opiskelu antaa kuitenkin hoitajalle valmiudet tunnistaa eettisesti haastavat tilanteet ja toimia mahdollisimman ammattimaisesti.<\/p>\n<p>Toisena k\u00e4sittelemme hoitoalalla t\u00e4rkeimm\u00e4ksi koettua asiaa &#8211; vuorovaikutusta. T\u00e4ss\u00e4 osioissa kerromme vuorovaikutustaidoista sek\u00e4 erilaisia vuorovaikutustilanteita, joita hoitaja ty\u00f6ss\u00e4\u00e4n kohtaa. Lis\u00e4ksi keskeiseksi asiaksi vuorovaikutukssa nousee my\u00f6s taito kuunnella, josta my\u00f6s kerromme postauksessa.<\/p>\n<p>Kolmantena kerromme monikulttuurisuudesta, joka on alati kasvava osa alallamme sek\u00e4 maassamme. Monikulttuurisuusosiossa kerromme hieman, miten kohdata eri kulttuurista tulleita sek\u00e4 avaamme kahta monikulttuurisuuden teoriaa &#8211; transkulttuurisen hoity\u00f6n teoria sek\u00e4 kulttuurisen kompetenssin malli. N\u00e4iden lis\u00e4ksi kerromme omia kokemuksiamme monikulttuurisuusp\u00e4iv\u00e4st\u00e4mme Rovaniemell\u00e4.<\/p>\n<p>Viimeisen\u00e4 jaamme viel\u00e4 omia pohdintojamme k\u00e4sitelt\u00e4vist\u00e4 aiheista sek\u00e4 itse teht\u00e4v\u00e4st\u00e4. Toivomme postauksemme her\u00e4tt\u00e4v\u00e4n lukijassa ajatuksia ja ehk\u00e4 oppimiskokemuksia. T\u00e4m\u00e4n johdattelun siivitt\u00e4m\u00e4n\u00e4, antoisaa lukuhetke\u00e4!<\/p>\n","protected":false},"excerpt":{"rendered":"<p>T\u00e4ss\u00e4 blogipostauksessa p\u00e4\u00e4set tutustumaan ensimm\u00e4isen vuoden terveydenhoitajaopiskelijoiden Lauran, Karoliinan &amp; Annin kokoamia tietoja sek\u00e4 omia pohdintoja hoitoalalla tarvittavista t\u00e4rkeist\u00e4 aiheista &#8211; eettisyydest\u00e4, vuorovaikutuksesta sek\u00e4 monikulttuurisuudesta. Olemme opiskelleet syksyn aikana aiheista paljon ja ker\u00e4nneetkin nyt t\u00e4rkeimm\u00e4t kohdat t\u00e4nne blogin puolelle. Ensiksi kerromme etiikasta sen p\u00e4\u00e4piirteit\u00e4, kuten etiikan teorioista, ammattietiikasta, l\u00e4himm\u00e4isenrakkaudesta ja salassapitovelvollisuudesta. Eettiset ongelmat voivat olla &hellip; <a href=\"https:\/\/blogi.eoppimispalvelut.fi\/blogik72t17s11\/1-johdanto\/\" class=\"more-link\">Continue reading <span class=\"screen-reader-text\">1. Johdanto<\/span> <span class=\"meta-nav\">&rarr;<\/span><\/a><\/p>\n","protected":false},"author":2426,"featured_media":0,"parent":0,"menu_order":0,"comment_status":"closed","ping_status":"closed","template":"","meta":{"footnotes":""},"class_list":["post-65","page","type-page","status-publish","hentry"],"_links":{"self":[{"href":"https:\/\/blogi.eoppimispalvelut.fi\/blogik72t17s11\/wp-json\/wp\/v2\/pages\/65","targetHints":{"allow":["GET"]}}],"collection":[{"href":"https:\/\/blogi.eoppimispalvelut.fi\/blogik72t17s11\/wp-json\/wp\/v2\/pages"}],"about":[{"href":"https:\/\/blogi.eoppimispalvelut.fi\/blogik72t17s11\/wp-json\/wp\/v2\/types\/page"}],"author":[{"embeddable":true,"href":"https:\/\/blogi.eoppimispalvelut.fi\/blogik72t17s11\/wp-json\/wp\/v2\/users\/2426"}],"replies":[{"embeddable":true,"href":"https:\/\/blogi.eoppimispalvelut.fi\/blogik72t17s11\/wp-json\/wp\/v2\/comments?post=65"}],"version-history":[{"count":4,"href":"https:\/\/blogi.eoppimispalvelut.fi\/blogik72t17s11\/wp-json\/wp\/v2\/pages\/65\/revisions"}],"predecessor-version":[{"id":126,"href":"https:\/\/blogi.eoppimispalvelut.fi\/blogik72t17s11\/wp-json\/wp\/v2\/pages\/65\/revisions\/126"}],"wp:attachment":[{"href":"https:\/\/blogi.eoppimispalvelut.fi\/blogik72t17s11\/wp-json\/wp\/v2\/media?parent=65"}],"curies":[{"name":"wp","href":"https:\/\/api.w.org\/{rel}","templated":true}]}}