{"id":7,"date":"2021-02-24T10:05:58","date_gmt":"2021-02-24T08:05:58","guid":{"rendered":"https:\/\/blogi.eoppimispalvelut.fi\/blogikaroliinasaari\/?page_id=7"},"modified":"2021-03-03T10:50:22","modified_gmt":"2021-03-03T08:50:22","slug":"etusivu","status":"publish","type":"page","link":"https:\/\/blogi.eoppimispalvelut.fi\/blogikaroliinasaari\/","title":{"rendered":"Tervetuloa Blogiini"},"content":{"rendered":"<h2 style=\"text-align: center\"><span style=\"color: #000000\"><strong>Kuka olen?<\/strong><\/span><\/h2>\n<p style=\"text-align: center\"><span style=\"color: #000000\"><strong>Olen Karoliina Saari, toisen vuoden liiketalouden opiskelija lapin ammattikorkeakoulussa Tornion kampuksella, suuntautumisenani on digitaalinen markkinointi.\u00a0 \u00a0 \u00a0\u00a0<\/strong><\/span><\/p>\n<h4 style=\"text-align: center\">pid\u00e4n blogia opinnoistani, mielenkiintoisista projekteista ja uusista oivalluksistani. Toivottavasti l\u00f6yd\u00e4t inspist\u00e4 sis\u00e4lt\u00f6ni avulla, mukavia luku hetki\u00e4!<\/h4>\n<h4 style=\"text-align: center\"><img loading=\"lazy\" decoding=\"async\" class=\"wp-image-108 aligncenter\" src=\"https:\/\/blogi.eoppimispalvelut.fi\/blogikaroliinasaari\/files\/2021\/03\/desk-3076954_1280-300x200.jpg\" alt=\"\" width=\"444\" height=\"296\" \/><\/h4>\n","protected":false},"excerpt":{"rendered":"<p>Kuka olen? Olen Karoliina Saari, toisen vuoden liiketalouden opiskelija lapin ammattikorkeakoulussa Tornion kampuksella, suuntautumisenani on digitaalinen markkinointi.\u00a0 \u00a0 \u00a0\u00a0 pid\u00e4n blogia opinnoistani, mielenkiintoisista projekteista ja uusista oivalluksistani. Toivottavasti l\u00f6yd\u00e4t inspist\u00e4 sis\u00e4lt\u00f6ni avulla, mukavia luku hetki\u00e4!<\/p>\n","protected":false},"author":3967,"featured_media":67,"parent":0,"menu_order":0,"comment_status":"closed","ping_status":"closed","template":"","meta":{"_monsterinsights_skip_tracking":false,"_monsterinsights_sitenote_active":false,"_monsterinsights_sitenote_note":"","_monsterinsights_sitenote_category":0,"footnotes":""},"class_list":["post-7","page","type-page","status-publish","has-post-thumbnail","hentry"],"yoast_head":"<!-- This site is optimized with the Yoast SEO plugin v27.1.1 - https:\/\/yoast.com\/product\/yoast-seo-wordpress\/ -->\n<title>Tervetuloa Blogiini - Opiskelija Blogi - Karoliina Saari<\/title>\n<meta name=\"robots\" content=\"index, follow, max-snippet:-1, max-image-preview:large, max-video-preview:-1\" \/>\n<link rel=\"canonical\" href=\"https:\/\/blogi.eoppimispalvelut.fi\/blogikaroliinasaari\/\" \/>\n<meta property=\"og:locale\" content=\"fi_FI\" \/>\n<meta property=\"og:type\" content=\"article\" \/>\n<meta property=\"og:title\" content=\"Tervetuloa Blogiini - Opiskelija Blogi - Karoliina Saari\" \/>\n<meta property=\"og:description\" content=\"Kuka olen? Olen Karoliina Saari, toisen vuoden liiketalouden opiskelija lapin ammattikorkeakoulussa Tornion kampuksella, suuntautumisenani on digitaalinen markkinointi.\u00a0 \u00a0 \u00a0\u00a0 pid\u00e4n blogia opinnoistani, mielenkiintoisista projekteista ja uusista oivalluksistani. Toivottavasti l\u00f6yd\u00e4t inspist\u00e4 sis\u00e4lt\u00f6ni avulla, mukavia luku hetki\u00e4!\" \/>\n<meta property=\"og:url\" content=\"https:\/\/blogi.eoppimispalvelut.fi\/blogikaroliinasaari\/\" \/>\n<meta property=\"og:site_name\" content=\"Opiskelija Blogi - Karoliina Saari\" \/>\n<meta property=\"article:modified_time\" content=\"2021-03-03T08:50:22+00:00\" \/>\n<meta property=\"og:image\" content=\"https:\/\/blogi.eoppimispalvelut.fi\/blogikaroliinasaari\/files\/2021\/02\/cropped-work-3938876_1280.jpg\" \/>\n\t<meta property=\"og:image:width\" content=\"940\" \/>\n\t<meta property=\"og:image:height\" content=\"198\" \/>\n\t<meta property=\"og:image:type\" content=\"image\/jpeg\" \/>\n<meta name=\"twitter:card\" content=\"summary_large_image\" \/>\n<meta name=\"twitter:label1\" content=\"Est. reading time\" \/>\n\t<meta name=\"twitter:data1\" content=\"1 minute\" \/>\n<script type=\"application\/ld+json\" class=\"yoast-schema-graph\">{\"@context\":\"https:\/\/schema.org\",\"@graph\":[{\"@type\":\"WebPage\",\"@id\":\"https:\/\/blogi.eoppimispalvelut.fi\/blogikaroliinasaari\/\",\"url\":\"https:\/\/blogi.eoppimispalvelut.fi\/blogikaroliinasaari\/\",\"name\":\"Tervetuloa Blogiini - Opiskelija Blogi - Karoliina Saari\",\"isPartOf\":{\"@id\":\"https:\/\/blogi.eoppimispalvelut.fi\/blogikaroliinasaari\/#website\"},\"primaryImageOfPage\":{\"@id\":\"https:\/\/blogi.eoppimispalvelut.fi\/blogikaroliinasaari\/#primaryimage\"},\"image\":{\"@id\":\"https:\/\/blogi.eoppimispalvelut.fi\/blogikaroliinasaari\/#primaryimage\"},\"thumbnailUrl\":\"https:\/\/blogi.eoppimispalvelut.fi\/blogikaroliinasaari\/files\/2021\/02\/cropped-work-3938876_1280.jpg\",\"datePublished\":\"2021-02-24T08:05:58+00:00\",\"dateModified\":\"2021-03-03T08:50:22+00:00\",\"breadcrumb\":{\"@id\":\"https:\/\/blogi.eoppimispalvelut.fi\/blogikaroliinasaari\/#breadcrumb\"},\"inLanguage\":\"fi\",\"potentialAction\":[{\"@type\":\"ReadAction\",\"target\":[\"https:\/\/blogi.eoppimispalvelut.fi\/blogikaroliinasaari\/\"]}]},{\"@type\":\"ImageObject\",\"inLanguage\":\"fi\",\"@id\":\"https:\/\/blogi.eoppimispalvelut.fi\/blogikaroliinasaari\/#primaryimage\",\"url\":\"https:\/\/blogi.eoppimispalvelut.fi\/blogikaroliinasaari\/files\/2021\/02\/cropped-work-3938876_1280.jpg\",\"contentUrl\":\"https:\/\/blogi.eoppimispalvelut.fi\/blogikaroliinasaari\/files\/2021\/02\/cropped-work-3938876_1280.jpg\",\"width\":940,\"height\":198},{\"@type\":\"BreadcrumbList\",\"@id\":\"https:\/\/blogi.eoppimispalvelut.fi\/blogikaroliinasaari\/#breadcrumb\",\"itemListElement\":[{\"@type\":\"ListItem\",\"position\":1,\"name\":\"Home\",\"item\":\"https:\/\/blogi.eoppimispalvelut.fi\/blogikaroliinasaari\/\"},{\"@type\":\"ListItem\",\"position\":2,\"name\":\"Tervetuloa Blogiini\"}]},{\"@type\":\"WebSite\",\"@id\":\"https:\/\/blogi.eoppimispalvelut.fi\/blogikaroliinasaari\/#website\",\"url\":\"https:\/\/blogi.eoppimispalvelut.fi\/blogikaroliinasaari\/\",\"name\":\"Opiskelija Blogi - Karoliina Saari\",\"description\":\"Uusi eOppimispalvelut.fi Blogs -sivusto\",\"potentialAction\":[{\"@type\":\"SearchAction\",\"target\":{\"@type\":\"EntryPoint\",\"urlTemplate\":\"https:\/\/blogi.eoppimispalvelut.fi\/blogikaroliinasaari\/?s={search_term_string}\"},\"query-input\":{\"@type\":\"PropertyValueSpecification\",\"valueRequired\":true,\"valueName\":\"search_term_string\"}}],\"inLanguage\":\"fi\"}]}<\/script>\n<!-- \/ Yoast SEO plugin. -->","yoast_head_json":{"title":"Tervetuloa Blogiini - Opiskelija Blogi - Karoliina Saari","robots":{"index":"index","follow":"follow","max-snippet":"max-snippet:-1","max-image-preview":"max-image-preview:large","max-video-preview":"max-video-preview:-1"},"canonical":"https:\/\/blogi.eoppimispalvelut.fi\/blogikaroliinasaari\/","og_locale":"fi_FI","og_type":"article","og_title":"Tervetuloa Blogiini - Opiskelija Blogi - Karoliina Saari","og_description":"Kuka olen? Olen Karoliina Saari, toisen vuoden liiketalouden opiskelija lapin ammattikorkeakoulussa Tornion kampuksella, suuntautumisenani on digitaalinen markkinointi.\u00a0 \u00a0 \u00a0\u00a0 pid\u00e4n blogia opinnoistani, mielenkiintoisista projekteista ja uusista oivalluksistani. Toivottavasti l\u00f6yd\u00e4t inspist\u00e4 sis\u00e4lt\u00f6ni avulla, mukavia luku hetki\u00e4!","og_url":"https:\/\/blogi.eoppimispalvelut.fi\/blogikaroliinasaari\/","og_site_name":"Opiskelija Blogi - Karoliina Saari","article_modified_time":"2021-03-03T08:50:22+00:00","og_image":[{"width":940,"height":198,"url":"https:\/\/blogi.eoppimispalvelut.fi\/blogikaroliinasaari\/files\/2021\/02\/cropped-work-3938876_1280.jpg","type":"image\/jpeg"}],"twitter_card":"summary_large_image","twitter_misc":{"Est. reading time":"1 minute"},"schema":{"@context":"https:\/\/schema.org","@graph":[{"@type":"WebPage","@id":"https:\/\/blogi.eoppimispalvelut.fi\/blogikaroliinasaari\/","url":"https:\/\/blogi.eoppimispalvelut.fi\/blogikaroliinasaari\/","name":"Tervetuloa Blogiini - Opiskelija Blogi - Karoliina Saari","isPartOf":{"@id":"https:\/\/blogi.eoppimispalvelut.fi\/blogikaroliinasaari\/#website"},"primaryImageOfPage":{"@id":"https:\/\/blogi.eoppimispalvelut.fi\/blogikaroliinasaari\/#primaryimage"},"image":{"@id":"https:\/\/blogi.eoppimispalvelut.fi\/blogikaroliinasaari\/#primaryimage"},"thumbnailUrl":"https:\/\/blogi.eoppimispalvelut.fi\/blogikaroliinasaari\/files\/2021\/02\/cropped-work-3938876_1280.jpg","datePublished":"2021-02-24T08:05:58+00:00","dateModified":"2021-03-03T08:50:22+00:00","breadcrumb":{"@id":"https:\/\/blogi.eoppimispalvelut.fi\/blogikaroliinasaari\/#breadcrumb"},"inLanguage":"fi","potentialAction":[{"@type":"ReadAction","target":["https:\/\/blogi.eoppimispalvelut.fi\/blogikaroliinasaari\/"]}]},{"@type":"ImageObject","inLanguage":"fi","@id":"https:\/\/blogi.eoppimispalvelut.fi\/blogikaroliinasaari\/#primaryimage","url":"https:\/\/blogi.eoppimispalvelut.fi\/blogikaroliinasaari\/files\/2021\/02\/cropped-work-3938876_1280.jpg","contentUrl":"https:\/\/blogi.eoppimispalvelut.fi\/blogikaroliinasaari\/files\/2021\/02\/cropped-work-3938876_1280.jpg","width":940,"height":198},{"@type":"BreadcrumbList","@id":"https:\/\/blogi.eoppimispalvelut.fi\/blogikaroliinasaari\/#breadcrumb","itemListElement":[{"@type":"ListItem","position":1,"name":"Home","item":"https:\/\/blogi.eoppimispalvelut.fi\/blogikaroliinasaari\/"},{"@type":"ListItem","position":2,"name":"Tervetuloa Blogiini"}]},{"@type":"WebSite","@id":"https:\/\/blogi.eoppimispalvelut.fi\/blogikaroliinasaari\/#website","url":"https:\/\/blogi.eoppimispalvelut.fi\/blogikaroliinasaari\/","name":"Opiskelija Blogi - Karoliina Saari","description":"Uusi eOppimispalvelut.fi Blogs -sivusto","potentialAction":[{"@type":"SearchAction","target":{"@type":"EntryPoint","urlTemplate":"https:\/\/blogi.eoppimispalvelut.fi\/blogikaroliinasaari\/?s={search_term_string}"},"query-input":{"@type":"PropertyValueSpecification","valueRequired":true,"valueName":"search_term_string"}}],"inLanguage":"fi"}]}},"_links":{"self":[{"href":"https:\/\/blogi.eoppimispalvelut.fi\/blogikaroliinasaari\/wp-json\/wp\/v2\/pages\/7","targetHints":{"allow":["GET"]}}],"collection":[{"href":"https:\/\/blogi.eoppimispalvelut.fi\/blogikaroliinasaari\/wp-json\/wp\/v2\/pages"}],"about":[{"href":"https:\/\/blogi.eoppimispalvelut.fi\/blogikaroliinasaari\/wp-json\/wp\/v2\/types\/page"}],"author":[{"embeddable":true,"href":"https:\/\/blogi.eoppimispalvelut.fi\/blogikaroliinasaari\/wp-json\/wp\/v2\/users\/3967"}],"replies":[{"embeddable":true,"href":"https:\/\/blogi.eoppimispalvelut.fi\/blogikaroliinasaari\/wp-json\/wp\/v2\/comments?post=7"}],"version-history":[{"count":12,"href":"https:\/\/blogi.eoppimispalvelut.fi\/blogikaroliinasaari\/wp-json\/wp\/v2\/pages\/7\/revisions"}],"predecessor-version":[{"id":111,"href":"https:\/\/blogi.eoppimispalvelut.fi\/blogikaroliinasaari\/wp-json\/wp\/v2\/pages\/7\/revisions\/111"}],"wp:featuredmedia":[{"embeddable":true,"href":"https:\/\/blogi.eoppimispalvelut.fi\/blogikaroliinasaari\/wp-json\/wp\/v2\/media\/67"}],"wp:attachment":[{"href":"https:\/\/blogi.eoppimispalvelut.fi\/blogikaroliinasaari\/wp-json\/wp\/v2\/media?parent=7"}],"curies":[{"name":"wp","href":"https:\/\/api.w.org\/{rel}","templated":true}]}}